{"id":61101,"date":"2021-08-18T17:45:24","date_gmt":"2021-08-18T15:45:24","guid":{"rendered":"https:\/\/global-exam.com\/blog\/?page_id=61101"},"modified":"2022-08-18T16:15:42","modified_gmt":"2022-08-18T14:15:42","slug":"categorie-grammaire-espagnole","status":"publish","type":"page","link":"https:\/\/global-exam.com\/blog\/fr\/apprentissage-des-langues\/general-spanish-apprenez-lespagnol-en-ligne\/categorie-grammaire-espagnole\/","title":{"rendered":"Grammaire espagnole"},"content":{"rendered":"<p>Ma\u00eetriser la grammaire espagnole<\/p>\n<p style=\"text-align: left;\"><span style=\"font-weight: 400;\">Dans cette cat\u00e9gorie, vous pourrez retrouver <\/span><b>toutes nos fiches de grammaire espagnole pour r\u00e9viser et progresser.<\/b><\/p>\n<p style=\"text-align: left;\"><span style=\"font-weight: 400;\">Vous devrez conna\u00eetre les bases de la grammaire espagnole pour vous d\u00e9brouiller dans les situations courantes. Dans nos fiches de grammaire, vous pourrez <\/span><b>apprendre les connecteurs logiques et les mots de liaisons en espagnol mais \u00e9galement savoir comment am\u00e9liorer votre prononciation en espagnol.<\/b><\/p>\n<p style=\"text-align: left;\"><span style=\"font-weight: 400;\">Ces fiches vous permettront de vous approprier les bons termes pour <\/span><b>vous exprimer \u00e0 l\u2019\u00e9crit ou \u00e0 l\u2019oral en utilisant les formules appropri\u00e9es et correctes sur le plan syntaxique<\/b><span style=\"font-weight: 400;\">. Conna\u00eetre la grammaire espagnole vous permettra de faire moins d\u2019erreurs et vous aidera \u00e0 prendre confiance en vous pour vous exprimer \u00e0 l\u2019oral.<\/span><\/p>\n<p>Acc\u00e9dez \u00e0 <strong>nos fiches de grammaire espagnole gratuites<\/strong>.<\/p>\n","protected":false},"excerpt":{"rendered":"<p>Ma\u00eetriser la grammaire espagnole Dans cette cat\u00e9gorie, vous pourrez retrouver toutes nos fiches de grammaire espagnole pour r\u00e9viser et progresser. Vous devrez [&hellip;]<\/p>\n","protected":false},"author":24,"featured_media":77093,"parent":54179,"menu_order":0,"comment_status":"closed","ping_status":"closed","template":"","meta":[],"acf":[],"yoast_head":"<!-- This site is optimized with the Yoast SEO plugin v17.2.1 - https:\/\/yoast.com\/wordpress\/plugins\/seo\/ -->\n<title>Grammaire espagnole<\/title>\n<meta name=\"description\" content=\"Progressez en grammaire espagnole gr\u00e2ce \u00e0 nos fiches de r\u00e9vision gratuites. Apprenez l&#039;espagnol gr\u00e2ce aux conseils de GlobalExam.\" \/>\n<meta name=\"robots\" content=\"index, follow, max-snippet:-1, max-image-preview:large, max-video-preview:-1\" \/>\n<link rel=\"canonical\" href=\"https:\/\/global-exam.com\/blog\/fr\/apprentissage-des-langues\/general-spanish-apprenez-lespagnol-en-ligne\/categorie-grammaire-espagnole\/\" \/>\n<meta property=\"og:locale\" content=\"fr_FR\" \/>\n<meta property=\"og:type\" content=\"article\" \/>\n<meta property=\"og:title\" content=\"Grammaire espagnole\" \/>\n<meta property=\"og:description\" content=\"Progressez en grammaire espagnole gr\u00e2ce \u00e0 nos fiches de r\u00e9vision gratuites. Apprenez l&#039;espagnol gr\u00e2ce aux conseils de GlobalExam.\" \/>\n<meta property=\"og:url\" content=\"https:\/\/global-exam.com\/blog\/fr\/apprentissage-des-langues\/general-spanish-apprenez-lespagnol-en-ligne\/categorie-grammaire-espagnole\/\" \/>\n<meta property=\"og:site_name\" content=\"GlobalExam Blog\" \/>\n<meta property=\"article:publisher\" content=\"https:\/\/www.facebook.com\/Global.Exam\" \/>\n<meta property=\"article:modified_time\" content=\"2022-08-18T14:15:42+00:00\" \/>\n<meta property=\"og:image\" content=\"https:\/\/global-exam.com\/blog\/wp-content\/uploads\/2022\/06\/apprendre-langues-e1656516516331.jpg\" \/>\n\t<meta property=\"og:image:width\" content=\"650\" \/>\n\t<meta property=\"og:image:height\" content=\"650\" \/>\n<meta name=\"twitter:card\" content=\"summary_large_image\" \/>\n<meta name=\"twitter:site\" content=\"@Global_Exam\" \/>\n<meta name=\"twitter:label1\" content=\"Dur\u00e9e de lecture estim\u00e9e\" \/>\n\t<meta name=\"twitter:data1\" content=\"3 minutes\" \/>\n<script type=\"application\/ld+json\" class=\"yoast-schema-graph\">{\"@context\":\"https:\/\/schema.org\",\"@graph\":[{\"@type\":\"WebSite\",\"@id\":\"https:\/\/global-exam.com\/blog\/#website\",\"url\":\"https:\/\/global-exam.com\/blog\/\",\"name\":\"GlobalExam Blog\",\"description\":\"Le blog du sp\\u00e9cialiste de la certification linguistique\",\"potentialAction\":[{\"@type\":\"SearchAction\",\"target\":{\"@type\":\"EntryPoint\",\"urlTemplate\":\"https:\/\/global-exam.com\/blog\/?s={search_term_string}\"},\"query-input\":\"required name=search_term_string\"}],\"inLanguage\":\"fr-FR\"},{\"@type\":\"ImageObject\",\"@id\":\"https:\/\/global-exam.com\/blog\/fr\/apprentissage-des-langues\/general-spanish-apprenez-lespagnol-en-ligne\/categorie-grammaire-espagnole\/#primaryimage\",\"inLanguage\":\"fr-FR\",\"url\":\"https:\/\/global-exam.com\/blog\/wp-content\/uploads\/2022\/06\/apprendre-langues-e1656516516331.jpg\",\"contentUrl\":\"https:\/\/global-exam.com\/blog\/wp-content\/uploads\/2022\/06\/apprendre-langues-e1656516516331.jpg\",\"width\":650,\"height\":650,\"caption\":\"Apprendre les langues en ligne\"},{\"@type\":\"WebPage\",\"@id\":\"https:\/\/global-exam.com\/blog\/fr\/apprentissage-des-langues\/general-spanish-apprenez-lespagnol-en-ligne\/categorie-grammaire-espagnole\/#webpage\",\"url\":\"https:\/\/global-exam.com\/blog\/fr\/apprentissage-des-langues\/general-spanish-apprenez-lespagnol-en-ligne\/categorie-grammaire-espagnole\/\",\"name\":\"Grammaire espagnole\",\"isPartOf\":{\"@id\":\"https:\/\/global-exam.com\/blog\/#website\"},\"primaryImageOfPage\":{\"@id\":\"https:\/\/global-exam.com\/blog\/fr\/apprentissage-des-langues\/general-spanish-apprenez-lespagnol-en-ligne\/categorie-grammaire-espagnole\/#primaryimage\"},\"datePublished\":\"2021-08-18T15:45:24+00:00\",\"dateModified\":\"2022-08-18T14:15:42+00:00\",\"description\":\"Progressez en grammaire espagnole gr\\u00e2ce \\u00e0 nos fiches de r\\u00e9vision gratuites. Apprenez l'espagnol gr\\u00e2ce aux conseils de GlobalExam.\",\"breadcrumb\":{\"@id\":\"https:\/\/global-exam.com\/blog\/fr\/apprentissage-des-langues\/general-spanish-apprenez-lespagnol-en-ligne\/categorie-grammaire-espagnole\/#breadcrumb\"},\"inLanguage\":\"fr-FR\",\"potentialAction\":[{\"@type\":\"ReadAction\",\"target\":[\"https:\/\/global-exam.com\/blog\/fr\/apprentissage-des-langues\/general-spanish-apprenez-lespagnol-en-ligne\/categorie-grammaire-espagnole\/\"]}]},{\"@type\":\"BreadcrumbList\",\"@id\":\"https:\/\/global-exam.com\/blog\/fr\/apprentissage-des-langues\/general-spanish-apprenez-lespagnol-en-ligne\/categorie-grammaire-espagnole\/#breadcrumb\",\"itemListElement\":[{\"@type\":\"ListItem\",\"position\":1,\"name\":\"Apprentissage des langues\",\"item\":\"https:\/\/global-exam.com\/blog\/fr\/apprentissage-des-langues\/\"},{\"@type\":\"ListItem\",\"position\":2,\"name\":\"Apprenez l&rsquo;espagnol en ligne : General Espa\\u00f1ol\",\"item\":\"https:\/\/global-exam.com\/blog\/fr\/apprentissage-des-langues\/general-spanish-apprenez-lespagnol-en-ligne\/\"},{\"@type\":\"ListItem\",\"position\":3,\"name\":\"Grammaire espagnole\"}]}]}<\/script>\n<!-- \/ Yoast SEO plugin. -->","yoast_head_json":{"title":"Grammaire espagnole","description":"Progressez en grammaire espagnole gr\u00e2ce \u00e0 nos fiches de r\u00e9vision gratuites. Apprenez l'espagnol gr\u00e2ce aux conseils de GlobalExam.","robots":{"index":"index","follow":"follow","max-snippet":"max-snippet:-1","max-image-preview":"max-image-preview:large","max-video-preview":"max-video-preview:-1"},"canonical":"https:\/\/global-exam.com\/blog\/fr\/apprentissage-des-langues\/general-spanish-apprenez-lespagnol-en-ligne\/categorie-grammaire-espagnole\/","og_locale":"fr_FR","og_type":"article","og_title":"Grammaire espagnole","og_description":"Progressez en grammaire espagnole gr\u00e2ce \u00e0 nos fiches de r\u00e9vision gratuites. Apprenez l'espagnol gr\u00e2ce aux conseils de GlobalExam.","og_url":"https:\/\/global-exam.com\/blog\/fr\/apprentissage-des-langues\/general-spanish-apprenez-lespagnol-en-ligne\/categorie-grammaire-espagnole\/","og_site_name":"GlobalExam Blog","article_publisher":"https:\/\/www.facebook.com\/Global.Exam","article_modified_time":"2022-08-18T14:15:42+00:00","og_image":[{"width":650,"height":650,"url":"https:\/\/global-exam.com\/blog\/wp-content\/uploads\/2022\/06\/apprendre-langues-e1656516516331.jpg","path":"\/home\/forge\/prod-20220704.global-exam.com\/wp-content\/uploads\/2022\/06\/apprendre-langues-e1656516516331.jpg","size":"full","id":77093,"alt":"Apprendre les langues en ligne","pixels":422500,"type":"image\/jpeg"}],"twitter_card":"summary_large_image","twitter_site":"@Global_Exam","twitter_misc":{"Dur\u00e9e de lecture estim\u00e9e":"3 minutes"},"schema":{"@context":"https:\/\/schema.org","@graph":[{"@type":"WebSite","@id":"https:\/\/global-exam.com\/blog\/#website","url":"https:\/\/global-exam.com\/blog\/","name":"GlobalExam Blog","description":"Le blog du sp\u00e9cialiste de la certification linguistique","potentialAction":[{"@type":"SearchAction","target":{"@type":"EntryPoint","urlTemplate":"https:\/\/global-exam.com\/blog\/?s={search_term_string}"},"query-input":"required name=search_term_string"}],"inLanguage":"fr-FR"},{"@type":"ImageObject","@id":"https:\/\/global-exam.com\/blog\/fr\/apprentissage-des-langues\/general-spanish-apprenez-lespagnol-en-ligne\/categorie-grammaire-espagnole\/#primaryimage","inLanguage":"fr-FR","url":"https:\/\/global-exam.com\/blog\/wp-content\/uploads\/2022\/06\/apprendre-langues-e1656516516331.jpg","contentUrl":"https:\/\/global-exam.com\/blog\/wp-content\/uploads\/2022\/06\/apprendre-langues-e1656516516331.jpg","width":650,"height":650,"caption":"Apprendre les langues en ligne"},{"@type":"WebPage","@id":"https:\/\/global-exam.com\/blog\/fr\/apprentissage-des-langues\/general-spanish-apprenez-lespagnol-en-ligne\/categorie-grammaire-espagnole\/#webpage","url":"https:\/\/global-exam.com\/blog\/fr\/apprentissage-des-langues\/general-spanish-apprenez-lespagnol-en-ligne\/categorie-grammaire-espagnole\/","name":"Grammaire espagnole","isPartOf":{"@id":"https:\/\/global-exam.com\/blog\/#website"},"primaryImageOfPage":{"@id":"https:\/\/global-exam.com\/blog\/fr\/apprentissage-des-langues\/general-spanish-apprenez-lespagnol-en-ligne\/categorie-grammaire-espagnole\/#primaryimage"},"datePublished":"2021-08-18T15:45:24+00:00","dateModified":"2022-08-18T14:15:42+00:00","description":"Progressez en grammaire espagnole gr\u00e2ce \u00e0 nos fiches de r\u00e9vision gratuites. Apprenez l'espagnol gr\u00e2ce aux conseils de GlobalExam.","breadcrumb":{"@id":"https:\/\/global-exam.com\/blog\/fr\/apprentissage-des-langues\/general-spanish-apprenez-lespagnol-en-ligne\/categorie-grammaire-espagnole\/#breadcrumb"},"inLanguage":"fr-FR","potentialAction":[{"@type":"ReadAction","target":["https:\/\/global-exam.com\/blog\/fr\/apprentissage-des-langues\/general-spanish-apprenez-lespagnol-en-ligne\/categorie-grammaire-espagnole\/"]}]},{"@type":"BreadcrumbList","@id":"https:\/\/global-exam.com\/blog\/fr\/apprentissage-des-langues\/general-spanish-apprenez-lespagnol-en-ligne\/categorie-grammaire-espagnole\/#breadcrumb","itemListElement":[{"@type":"ListItem","position":1,"name":"Apprentissage des langues","item":"https:\/\/global-exam.com\/blog\/fr\/apprentissage-des-langues\/"},{"@type":"ListItem","position":2,"name":"Apprenez l&rsquo;espagnol en ligne : General Espa\u00f1ol","item":"https:\/\/global-exam.com\/blog\/fr\/apprentissage-des-langues\/general-spanish-apprenez-lespagnol-en-ligne\/"},{"@type":"ListItem","position":3,"name":"Grammaire espagnole"}]}]}},"lang":"fr","translations":{"fr":61101},"pll_sync_post":[],"_links":{"self":[{"href":"https:\/\/global-exam.com\/blog\/wp-json\/wp\/v2\/pages\/61101"}],"collection":[{"href":"https:\/\/global-exam.com\/blog\/wp-json\/wp\/v2\/pages"}],"about":[{"href":"https:\/\/global-exam.com\/blog\/wp-json\/wp\/v2\/types\/page"}],"author":[{"embeddable":true,"href":"https:\/\/global-exam.com\/blog\/wp-json\/wp\/v2\/users\/24"}],"replies":[{"embeddable":true,"href":"https:\/\/global-exam.com\/blog\/wp-json\/wp\/v2\/comments?post=61101"}],"version-history":[{"count":8,"href":"https:\/\/global-exam.com\/blog\/wp-json\/wp\/v2\/pages\/61101\/revisions"}],"predecessor-version":[{"id":78246,"href":"https:\/\/global-exam.com\/blog\/wp-json\/wp\/v2\/pages\/61101\/revisions\/78246"}],"up":[{"embeddable":true,"href":"https:\/\/global-exam.com\/blog\/wp-json\/wp\/v2\/pages\/54179"}],"wp:featuredmedia":[{"embeddable":true,"href":"https:\/\/global-exam.com\/blog\/wp-json\/wp\/v2\/media\/77093"}],"wp:attachment":[{"href":"https:\/\/global-exam.com\/blog\/wp-json\/wp\/v2\/media?parent=61101"}],"curies":[{"name":"wp","href":"https:\/\/api.w.org\/{rel}","templated":true}]}}