{"id":61108,"date":"2021-08-18T17:50:08","date_gmt":"2021-08-18T15:50:08","guid":{"rendered":"https:\/\/global-exam.com\/blog\/?page_id=61108"},"modified":"2022-08-18T16:18:01","modified_gmt":"2022-08-18T14:18:01","slug":"categorie-vocabulaire-espagnol","status":"publish","type":"page","link":"https:\/\/global-exam.com\/blog\/fr\/apprentissage-des-langues\/general-spanish-apprenez-lespagnol-en-ligne\/categorie-vocabulaire-espagnol\/","title":{"rendered":"Vocabulaire espagnol"},"content":{"rendered":"<p>Am\u00e9liorer votre vocabulaire en espagnol<\/p>\n<p style=\"text-align: left;\"><span style=\"font-weight: 400;\">Dans cette cat\u00e9gorie, retrouvez <\/span><b>toutes nos fiches de vocabulaire espagnol pour r\u00e9viser.<\/b><\/p>\n<p style=\"text-align: left;\"><span style=\"font-weight: 400;\"><strong>Ma\u00eetriser le vocabulaire de base en espagnol<\/strong> vous permettra de communiquer et d&rsquo;\u00e9changer en espagnol dans toutes les situations du quotidien. Pour vos \u00e9tudes, pour le travail ou encore si vous souhaitez voyager, le vocabulaire est un essentiel pour se faire comprendre.<\/span><\/p>\n<p>Acc\u00e9dez \u00e0 <strong>nos fiches de vocabulaire gratuites en espagnol<\/strong>.<\/p>\n<p style=\"text-align: left;\"><span style=\"font-weight: 400;\">Ces fiches vous permettront de vous approprier les bons termes pour <\/span><b>vous exprimer \u00e0 l\u2019\u00e9crit ou \u00e0 l\u2019oral en utilisant les formules appropri\u00e9es et correctes<\/b><span style=\"font-weight: 400;\">.<\/span><\/p>\n<p style=\"text-align: left;\"><span style=\"font-weight: 400;\">Sur notre blog vous aurez acc\u00e8s \u00e0 <\/span><b>nos conseils et nos indications pour apprendre l\u2019espagnol.<\/b><span style=\"font-weight: 400;\"> Si vous pr\u00e9parez un examen linguistique \u00e9valuant votre <\/span><b>ma\u00eetrise de la langue espagnole<\/b><span style=\"font-weight: 400;\">, comme le DELE et le Bright Espagnol, il sera \u00e9galement essentiel de vous exercer en passant \u00e0 la pratique.<\/span><\/p>\n","protected":false},"excerpt":{"rendered":"<p>Am\u00e9liorer votre vocabulaire en espagnol Dans cette cat\u00e9gorie, retrouvez toutes nos fiches de vocabulaire espagnol pour r\u00e9viser. Ma\u00eetriser le vocabulaire de base [&hellip;]<\/p>\n","protected":false},"author":24,"featured_media":77093,"parent":54179,"menu_order":0,"comment_status":"closed","ping_status":"closed","template":"","meta":[],"acf":[],"yoast_head":"<!-- This site is optimized with the Yoast SEO plugin v17.2.1 - https:\/\/yoast.com\/wordpress\/plugins\/seo\/ -->\n<title>Vocabulaire espagnol<\/title>\n<meta name=\"description\" content=\"D\u00e9veloppez votre vocabulaire en espagnol en d\u00e9couvrant nos fiches de vocabulaire gratuites. Apprenez l&#039;espagnol avec GlobalExam.\" \/>\n<meta name=\"robots\" content=\"index, follow, max-snippet:-1, max-image-preview:large, max-video-preview:-1\" \/>\n<link rel=\"canonical\" href=\"https:\/\/global-exam.com\/blog\/fr\/apprentissage-des-langues\/general-spanish-apprenez-lespagnol-en-ligne\/categorie-vocabulaire-espagnol\/\" \/>\n<meta property=\"og:locale\" content=\"fr_FR\" \/>\n<meta property=\"og:type\" content=\"article\" \/>\n<meta property=\"og:title\" content=\"Vocabulaire espagnol\" \/>\n<meta property=\"og:description\" content=\"D\u00e9veloppez votre vocabulaire en espagnol en d\u00e9couvrant nos fiches de vocabulaire gratuites. Apprenez l&#039;espagnol avec GlobalExam.\" \/>\n<meta property=\"og:url\" content=\"https:\/\/global-exam.com\/blog\/fr\/apprentissage-des-langues\/general-spanish-apprenez-lespagnol-en-ligne\/categorie-vocabulaire-espagnol\/\" \/>\n<meta property=\"og:site_name\" content=\"GlobalExam Blog\" \/>\n<meta property=\"article:publisher\" content=\"https:\/\/www.facebook.com\/Global.Exam\" \/>\n<meta property=\"article:modified_time\" content=\"2022-08-18T14:18:01+00:00\" \/>\n<meta property=\"og:image\" content=\"https:\/\/global-exam.com\/blog\/wp-content\/uploads\/2022\/06\/apprendre-langues-e1656516516331.jpg\" \/>\n\t<meta property=\"og:image:width\" content=\"650\" \/>\n\t<meta property=\"og:image:height\" content=\"650\" \/>\n<meta name=\"twitter:card\" content=\"summary_large_image\" \/>\n<meta name=\"twitter:site\" content=\"@Global_Exam\" \/>\n<meta name=\"twitter:label1\" content=\"Dur\u00e9e de lecture estim\u00e9e\" \/>\n\t<meta name=\"twitter:data1\" content=\"3 minutes\" \/>\n<script type=\"application\/ld+json\" class=\"yoast-schema-graph\">{\"@context\":\"https:\/\/schema.org\",\"@graph\":[{\"@type\":\"WebSite\",\"@id\":\"https:\/\/global-exam.com\/blog\/#website\",\"url\":\"https:\/\/global-exam.com\/blog\/\",\"name\":\"GlobalExam Blog\",\"description\":\"Le blog du sp\\u00e9cialiste de la certification linguistique\",\"potentialAction\":[{\"@type\":\"SearchAction\",\"target\":{\"@type\":\"EntryPoint\",\"urlTemplate\":\"https:\/\/global-exam.com\/blog\/?s={search_term_string}\"},\"query-input\":\"required name=search_term_string\"}],\"inLanguage\":\"fr-FR\"},{\"@type\":\"ImageObject\",\"@id\":\"https:\/\/global-exam.com\/blog\/fr\/apprentissage-des-langues\/general-spanish-apprenez-lespagnol-en-ligne\/categorie-vocabulaire-espagnol\/#primaryimage\",\"inLanguage\":\"fr-FR\",\"url\":\"https:\/\/global-exam.com\/blog\/wp-content\/uploads\/2022\/06\/apprendre-langues-e1656516516331.jpg\",\"contentUrl\":\"https:\/\/global-exam.com\/blog\/wp-content\/uploads\/2022\/06\/apprendre-langues-e1656516516331.jpg\",\"width\":650,\"height\":650,\"caption\":\"Apprendre les langues en ligne\"},{\"@type\":\"WebPage\",\"@id\":\"https:\/\/global-exam.com\/blog\/fr\/apprentissage-des-langues\/general-spanish-apprenez-lespagnol-en-ligne\/categorie-vocabulaire-espagnol\/#webpage\",\"url\":\"https:\/\/global-exam.com\/blog\/fr\/apprentissage-des-langues\/general-spanish-apprenez-lespagnol-en-ligne\/categorie-vocabulaire-espagnol\/\",\"name\":\"Vocabulaire espagnol\",\"isPartOf\":{\"@id\":\"https:\/\/global-exam.com\/blog\/#website\"},\"primaryImageOfPage\":{\"@id\":\"https:\/\/global-exam.com\/blog\/fr\/apprentissage-des-langues\/general-spanish-apprenez-lespagnol-en-ligne\/categorie-vocabulaire-espagnol\/#primaryimage\"},\"datePublished\":\"2021-08-18T15:50:08+00:00\",\"dateModified\":\"2022-08-18T14:18:01+00:00\",\"description\":\"D\\u00e9veloppez votre vocabulaire en espagnol en d\\u00e9couvrant nos fiches de vocabulaire gratuites. Apprenez l'espagnol avec GlobalExam.\",\"breadcrumb\":{\"@id\":\"https:\/\/global-exam.com\/blog\/fr\/apprentissage-des-langues\/general-spanish-apprenez-lespagnol-en-ligne\/categorie-vocabulaire-espagnol\/#breadcrumb\"},\"inLanguage\":\"fr-FR\",\"potentialAction\":[{\"@type\":\"ReadAction\",\"target\":[\"https:\/\/global-exam.com\/blog\/fr\/apprentissage-des-langues\/general-spanish-apprenez-lespagnol-en-ligne\/categorie-vocabulaire-espagnol\/\"]}]},{\"@type\":\"BreadcrumbList\",\"@id\":\"https:\/\/global-exam.com\/blog\/fr\/apprentissage-des-langues\/general-spanish-apprenez-lespagnol-en-ligne\/categorie-vocabulaire-espagnol\/#breadcrumb\",\"itemListElement\":[{\"@type\":\"ListItem\",\"position\":1,\"name\":\"Apprentissage des langues\",\"item\":\"https:\/\/global-exam.com\/blog\/fr\/apprentissage-des-langues\/\"},{\"@type\":\"ListItem\",\"position\":2,\"name\":\"Apprenez l&rsquo;espagnol en ligne : General Espa\\u00f1ol\",\"item\":\"https:\/\/global-exam.com\/blog\/fr\/apprentissage-des-langues\/general-spanish-apprenez-lespagnol-en-ligne\/\"},{\"@type\":\"ListItem\",\"position\":3,\"name\":\"Vocabulaire espagnol\"}]}]}<\/script>\n<!-- \/ Yoast SEO plugin. -->","yoast_head_json":{"title":"Vocabulaire espagnol","description":"D\u00e9veloppez votre vocabulaire en espagnol en d\u00e9couvrant nos fiches de vocabulaire gratuites. Apprenez l'espagnol avec GlobalExam.","robots":{"index":"index","follow":"follow","max-snippet":"max-snippet:-1","max-image-preview":"max-image-preview:large","max-video-preview":"max-video-preview:-1"},"canonical":"https:\/\/global-exam.com\/blog\/fr\/apprentissage-des-langues\/general-spanish-apprenez-lespagnol-en-ligne\/categorie-vocabulaire-espagnol\/","og_locale":"fr_FR","og_type":"article","og_title":"Vocabulaire espagnol","og_description":"D\u00e9veloppez votre vocabulaire en espagnol en d\u00e9couvrant nos fiches de vocabulaire gratuites. Apprenez l'espagnol avec GlobalExam.","og_url":"https:\/\/global-exam.com\/blog\/fr\/apprentissage-des-langues\/general-spanish-apprenez-lespagnol-en-ligne\/categorie-vocabulaire-espagnol\/","og_site_name":"GlobalExam Blog","article_publisher":"https:\/\/www.facebook.com\/Global.Exam","article_modified_time":"2022-08-18T14:18:01+00:00","og_image":[{"width":650,"height":650,"url":"https:\/\/global-exam.com\/blog\/wp-content\/uploads\/2022\/06\/apprendre-langues-e1656516516331.jpg","path":"\/home\/forge\/prod-20220704.global-exam.com\/wp-content\/uploads\/2022\/06\/apprendre-langues-e1656516516331.jpg","size":"full","id":77093,"alt":"Apprendre les langues en ligne","pixels":422500,"type":"image\/jpeg"}],"twitter_card":"summary_large_image","twitter_site":"@Global_Exam","twitter_misc":{"Dur\u00e9e de lecture estim\u00e9e":"3 minutes"},"schema":{"@context":"https:\/\/schema.org","@graph":[{"@type":"WebSite","@id":"https:\/\/global-exam.com\/blog\/#website","url":"https:\/\/global-exam.com\/blog\/","name":"GlobalExam Blog","description":"Le blog du sp\u00e9cialiste de la certification linguistique","potentialAction":[{"@type":"SearchAction","target":{"@type":"EntryPoint","urlTemplate":"https:\/\/global-exam.com\/blog\/?s={search_term_string}"},"query-input":"required name=search_term_string"}],"inLanguage":"fr-FR"},{"@type":"ImageObject","@id":"https:\/\/global-exam.com\/blog\/fr\/apprentissage-des-langues\/general-spanish-apprenez-lespagnol-en-ligne\/categorie-vocabulaire-espagnol\/#primaryimage","inLanguage":"fr-FR","url":"https:\/\/global-exam.com\/blog\/wp-content\/uploads\/2022\/06\/apprendre-langues-e1656516516331.jpg","contentUrl":"https:\/\/global-exam.com\/blog\/wp-content\/uploads\/2022\/06\/apprendre-langues-e1656516516331.jpg","width":650,"height":650,"caption":"Apprendre les langues en ligne"},{"@type":"WebPage","@id":"https:\/\/global-exam.com\/blog\/fr\/apprentissage-des-langues\/general-spanish-apprenez-lespagnol-en-ligne\/categorie-vocabulaire-espagnol\/#webpage","url":"https:\/\/global-exam.com\/blog\/fr\/apprentissage-des-langues\/general-spanish-apprenez-lespagnol-en-ligne\/categorie-vocabulaire-espagnol\/","name":"Vocabulaire espagnol","isPartOf":{"@id":"https:\/\/global-exam.com\/blog\/#website"},"primaryImageOfPage":{"@id":"https:\/\/global-exam.com\/blog\/fr\/apprentissage-des-langues\/general-spanish-apprenez-lespagnol-en-ligne\/categorie-vocabulaire-espagnol\/#primaryimage"},"datePublished":"2021-08-18T15:50:08+00:00","dateModified":"2022-08-18T14:18:01+00:00","description":"D\u00e9veloppez votre vocabulaire en espagnol en d\u00e9couvrant nos fiches de vocabulaire gratuites. Apprenez l'espagnol avec GlobalExam.","breadcrumb":{"@id":"https:\/\/global-exam.com\/blog\/fr\/apprentissage-des-langues\/general-spanish-apprenez-lespagnol-en-ligne\/categorie-vocabulaire-espagnol\/#breadcrumb"},"inLanguage":"fr-FR","potentialAction":[{"@type":"ReadAction","target":["https:\/\/global-exam.com\/blog\/fr\/apprentissage-des-langues\/general-spanish-apprenez-lespagnol-en-ligne\/categorie-vocabulaire-espagnol\/"]}]},{"@type":"BreadcrumbList","@id":"https:\/\/global-exam.com\/blog\/fr\/apprentissage-des-langues\/general-spanish-apprenez-lespagnol-en-ligne\/categorie-vocabulaire-espagnol\/#breadcrumb","itemListElement":[{"@type":"ListItem","position":1,"name":"Apprentissage des langues","item":"https:\/\/global-exam.com\/blog\/fr\/apprentissage-des-langues\/"},{"@type":"ListItem","position":2,"name":"Apprenez l&rsquo;espagnol en ligne : General Espa\u00f1ol","item":"https:\/\/global-exam.com\/blog\/fr\/apprentissage-des-langues\/general-spanish-apprenez-lespagnol-en-ligne\/"},{"@type":"ListItem","position":3,"name":"Vocabulaire espagnol"}]}]}},"lang":"fr","translations":{"fr":61108},"pll_sync_post":[],"_links":{"self":[{"href":"https:\/\/global-exam.com\/blog\/wp-json\/wp\/v2\/pages\/61108"}],"collection":[{"href":"https:\/\/global-exam.com\/blog\/wp-json\/wp\/v2\/pages"}],"about":[{"href":"https:\/\/global-exam.com\/blog\/wp-json\/wp\/v2\/types\/page"}],"author":[{"embeddable":true,"href":"https:\/\/global-exam.com\/blog\/wp-json\/wp\/v2\/users\/24"}],"replies":[{"embeddable":true,"href":"https:\/\/global-exam.com\/blog\/wp-json\/wp\/v2\/comments?post=61108"}],"version-history":[{"count":7,"href":"https:\/\/global-exam.com\/blog\/wp-json\/wp\/v2\/pages\/61108\/revisions"}],"predecessor-version":[{"id":78249,"href":"https:\/\/global-exam.com\/blog\/wp-json\/wp\/v2\/pages\/61108\/revisions\/78249"}],"up":[{"embeddable":true,"href":"https:\/\/global-exam.com\/blog\/wp-json\/wp\/v2\/pages\/54179"}],"wp:featuredmedia":[{"embeddable":true,"href":"https:\/\/global-exam.com\/blog\/wp-json\/wp\/v2\/media\/77093"}],"wp:attachment":[{"href":"https:\/\/global-exam.com\/blog\/wp-json\/wp\/v2\/media?parent=61108"}],"curies":[{"name":"wp","href":"https:\/\/api.w.org\/{rel}","templated":true}]}}