{"id":62848,"date":"2021-09-09T16:32:01","date_gmt":"2021-09-09T14:32:01","guid":{"rendered":"https:\/\/global-exam.com\/blog\/?page_id=62848"},"modified":"2022-06-27T16:45:50","modified_gmt":"2022-06-27T14:45:50","slug":"categoria-introduccion-cambridge-fce","status":"publish","type":"page","link":"https:\/\/global-exam.com\/blog\/es\/examenes\/cambridge-fce\/categoria-introduccion-cambridge-fce\/","title":{"rendered":"Introducci\u00f3n Cambridge FCE"},"content":{"rendered":"<p>El\u00a0 First Certificate in English (FCEo tambi\u00e9n B2 First) es el\u00a0<strong>examen intermedio de Cambridge<\/strong>\u00a0que acredita el nivel B2 del Marco Com\u00fan de Referencia. Cuenta con un gran reconocimiento internacional, con m\u00e1s de 5 millones de candidatos inscritos anualmente.<\/p>\n<p>Con la titulaci\u00f3n B2 First, demuestras ante el mundo que posees las destrezas ling\u00fc\u00edsticas necesarias para\u00a0<strong>vivir y trabajar de manera independiente en un pa\u00eds angloparlante<\/strong>, as\u00ed como, para estudiar cursos impartidos en ingl\u00e9s, y ser aceptado en empresas o instituciones acad\u00e9micas.<\/p>\n<p>En tu trayectoria de aprendizaje, este examen es el\u00a0<strong>paso intermedio entre B1 Preliminary y C1 Advanced.<\/strong><\/p>\n<p>La titulaci\u00f3n B2 First demuestra que puedes tener una\u00a0<strong>comunicaci\u00f3n clara y efectiva en ingl\u00e9s<\/strong>,\u00a0<strong>ser capaz de entender la informaci\u00f3n de actualidad<\/strong>, expresar tus opiniones y puntos de vista en un ingl\u00e9s claro y preciso, y dominar la escritura de diferentes tipos de textos.<\/p>\n<p>EL FCE eval\u00faa cuatro destrezas:\u00a0<strong>comprensi\u00f3n lectora, comprensi\u00f3n auditiva, expresi\u00f3n escrita y expresi\u00f3n oral<\/strong>.<\/p>\n<p>Averigua con nosotros qu\u00e9 pasos debes seguir para inscribirte y tambi\u00e9n para prepararte con garant\u00edas de \u00e9xito.<\/p>\n<p>Gracias a material pr\u00e1ctico de examen, modelos reales, un seguimiento individualizado y un\u00a0<strong>amplio conocimiento de la estructura<\/strong>\u00a0de cada una de las pruebas, nuestros profesoress expertos te ayudar\u00e1n a definir tu plan de preparaci\u00f3n, a gestionar tu tiempo y a utilizar herramientas y estrategias para lograr tus objetivos.<\/p>\n<p>Todo basado en condiciones reales de examen.<\/p>\n<p>\u00a1Ya puedes empezar!<\/p>\n","protected":false},"excerpt":{"rendered":"<p>El\u00a0 First Certificate in English (FCEo tambi\u00e9n B2 First) es el\u00a0examen intermedio de Cambridge\u00a0que acredita el nivel B2 del Marco Com\u00fan de [&hellip;]<\/p>\n","protected":false},"author":24,"featured_media":0,"parent":16902,"menu_order":0,"comment_status":"closed","ping_status":"closed","template":"","meta":[],"acf":[],"yoast_head":"<!-- This site is optimized with the Yoast SEO plugin v17.2.1 - https:\/\/yoast.com\/wordpress\/plugins\/seo\/ -->\n<title>Introducci\u00f3n Cambridge FCE<\/title>\n<meta name=\"robots\" content=\"index, follow, max-snippet:-1, max-image-preview:large, max-video-preview:-1\" \/>\n<link rel=\"canonical\" href=\"https:\/\/global-exam.com\/blog\/es\/examenes\/cambridge-fce\/categoria-introduccion-cambridge-fce\/\" \/>\n<meta property=\"og:locale\" content=\"fr_FR\" \/>\n<meta property=\"og:type\" content=\"article\" \/>\n<meta property=\"og:title\" content=\"Introducci\u00f3n Cambridge FCE\" \/>\n<meta property=\"og:description\" content=\"El\u00a0 First Certificate in English (FCEo tambi\u00e9n B2 First) es el\u00a0examen intermedio de Cambridge\u00a0que acredita el nivel B2 del Marco Com\u00fan de [&hellip;]\" \/>\n<meta property=\"og:url\" content=\"https:\/\/global-exam.com\/blog\/es\/examenes\/cambridge-fce\/categoria-introduccion-cambridge-fce\/\" \/>\n<meta property=\"og:site_name\" content=\"GlobalExam Blog\" \/>\n<meta property=\"article:publisher\" content=\"https:\/\/www.facebook.com\/Global.Exam\" \/>\n<meta property=\"article:modified_time\" content=\"2022-06-27T14:45:50+00:00\" \/>\n<meta name=\"twitter:card\" content=\"summary_large_image\" \/>\n<meta name=\"twitter:site\" content=\"@Global_Exam\" \/>\n<meta name=\"twitter:label1\" content=\"Dur\u00e9e de lecture estim\u00e9e\" \/>\n\t<meta name=\"twitter:data1\" content=\"3 minutes\" \/>\n<script type=\"application\/ld+json\" class=\"yoast-schema-graph\">{\"@context\":\"https:\/\/schema.org\",\"@graph\":[{\"@type\":\"WebSite\",\"@id\":\"https:\/\/global-exam.com\/blog\/#website\",\"url\":\"https:\/\/global-exam.com\/blog\/\",\"name\":\"GlobalExam Blog\",\"description\":\"Le blog du sp\\u00e9cialiste de la certification linguistique\",\"potentialAction\":[{\"@type\":\"SearchAction\",\"target\":{\"@type\":\"EntryPoint\",\"urlTemplate\":\"https:\/\/global-exam.com\/blog\/?s={search_term_string}\"},\"query-input\":\"required name=search_term_string\"}],\"inLanguage\":\"fr-FR\"},{\"@type\":\"WebPage\",\"@id\":\"https:\/\/global-exam.com\/blog\/es\/examenes\/cambridge-fce\/categoria-introduccion-cambridge-fce\/#webpage\",\"url\":\"https:\/\/global-exam.com\/blog\/es\/examenes\/cambridge-fce\/categoria-introduccion-cambridge-fce\/\",\"name\":\"Introducci\\u00f3n Cambridge FCE\",\"isPartOf\":{\"@id\":\"https:\/\/global-exam.com\/blog\/#website\"},\"datePublished\":\"2021-09-09T14:32:01+00:00\",\"dateModified\":\"2022-06-27T14:45:50+00:00\",\"breadcrumb\":{\"@id\":\"https:\/\/global-exam.com\/blog\/es\/examenes\/cambridge-fce\/categoria-introduccion-cambridge-fce\/#breadcrumb\"},\"inLanguage\":\"fr-FR\",\"potentialAction\":[{\"@type\":\"ReadAction\",\"target\":[\"https:\/\/global-exam.com\/blog\/es\/examenes\/cambridge-fce\/categoria-introduccion-cambridge-fce\/\"]}]},{\"@type\":\"BreadcrumbList\",\"@id\":\"https:\/\/global-exam.com\/blog\/es\/examenes\/cambridge-fce\/categoria-introduccion-cambridge-fce\/#breadcrumb\",\"itemListElement\":[{\"@type\":\"ListItem\",\"position\":1,\"name\":\"Ex\\u00e1menes de idioma\",\"item\":\"https:\/\/global-exam.com\/blog\/es\/examenes\/\"},{\"@type\":\"ListItem\",\"position\":2,\"name\":\"Cambridge FCE\",\"item\":\"https:\/\/global-exam.com\/blog\/es\/examenes\/cambridge-fce\/\"},{\"@type\":\"ListItem\",\"position\":3,\"name\":\"Introducci\\u00f3n Cambridge FCE\"}]}]}<\/script>\n<!-- \/ Yoast SEO plugin. -->","yoast_head_json":{"title":"Introducci\u00f3n Cambridge FCE","robots":{"index":"index","follow":"follow","max-snippet":"max-snippet:-1","max-image-preview":"max-image-preview:large","max-video-preview":"max-video-preview:-1"},"canonical":"https:\/\/global-exam.com\/blog\/es\/examenes\/cambridge-fce\/categoria-introduccion-cambridge-fce\/","og_locale":"fr_FR","og_type":"article","og_title":"Introducci\u00f3n Cambridge FCE","og_description":"El\u00a0 First Certificate in English (FCEo tambi\u00e9n B2 First) es el\u00a0examen intermedio de Cambridge\u00a0que acredita el nivel B2 del Marco Com\u00fan de [&hellip;]","og_url":"https:\/\/global-exam.com\/blog\/es\/examenes\/cambridge-fce\/categoria-introduccion-cambridge-fce\/","og_site_name":"GlobalExam Blog","article_publisher":"https:\/\/www.facebook.com\/Global.Exam","article_modified_time":"2022-06-27T14:45:50+00:00","twitter_card":"summary_large_image","twitter_site":"@Global_Exam","twitter_misc":{"Dur\u00e9e de lecture estim\u00e9e":"3 minutes"},"schema":{"@context":"https:\/\/schema.org","@graph":[{"@type":"WebSite","@id":"https:\/\/global-exam.com\/blog\/#website","url":"https:\/\/global-exam.com\/blog\/","name":"GlobalExam Blog","description":"Le blog du sp\u00e9cialiste de la certification linguistique","potentialAction":[{"@type":"SearchAction","target":{"@type":"EntryPoint","urlTemplate":"https:\/\/global-exam.com\/blog\/?s={search_term_string}"},"query-input":"required name=search_term_string"}],"inLanguage":"fr-FR"},{"@type":"WebPage","@id":"https:\/\/global-exam.com\/blog\/es\/examenes\/cambridge-fce\/categoria-introduccion-cambridge-fce\/#webpage","url":"https:\/\/global-exam.com\/blog\/es\/examenes\/cambridge-fce\/categoria-introduccion-cambridge-fce\/","name":"Introducci\u00f3n Cambridge FCE","isPartOf":{"@id":"https:\/\/global-exam.com\/blog\/#website"},"datePublished":"2021-09-09T14:32:01+00:00","dateModified":"2022-06-27T14:45:50+00:00","breadcrumb":{"@id":"https:\/\/global-exam.com\/blog\/es\/examenes\/cambridge-fce\/categoria-introduccion-cambridge-fce\/#breadcrumb"},"inLanguage":"fr-FR","potentialAction":[{"@type":"ReadAction","target":["https:\/\/global-exam.com\/blog\/es\/examenes\/cambridge-fce\/categoria-introduccion-cambridge-fce\/"]}]},{"@type":"BreadcrumbList","@id":"https:\/\/global-exam.com\/blog\/es\/examenes\/cambridge-fce\/categoria-introduccion-cambridge-fce\/#breadcrumb","itemListElement":[{"@type":"ListItem","position":1,"name":"Ex\u00e1menes de idioma","item":"https:\/\/global-exam.com\/blog\/es\/examenes\/"},{"@type":"ListItem","position":2,"name":"Cambridge FCE","item":"https:\/\/global-exam.com\/blog\/es\/examenes\/cambridge-fce\/"},{"@type":"ListItem","position":3,"name":"Introducci\u00f3n Cambridge FCE"}]}]}},"lang":"es","translations":{"es":62848},"pll_sync_post":[],"_links":{"self":[{"href":"https:\/\/global-exam.com\/blog\/wp-json\/wp\/v2\/pages\/62848"}],"collection":[{"href":"https:\/\/global-exam.com\/blog\/wp-json\/wp\/v2\/pages"}],"about":[{"href":"https:\/\/global-exam.com\/blog\/wp-json\/wp\/v2\/types\/page"}],"author":[{"embeddable":true,"href":"https:\/\/global-exam.com\/blog\/wp-json\/wp\/v2\/users\/24"}],"replies":[{"embeddable":true,"href":"https:\/\/global-exam.com\/blog\/wp-json\/wp\/v2\/comments?post=62848"}],"version-history":[{"count":3,"href":"https:\/\/global-exam.com\/blog\/wp-json\/wp\/v2\/pages\/62848\/revisions"}],"predecessor-version":[{"id":76696,"href":"https:\/\/global-exam.com\/blog\/wp-json\/wp\/v2\/pages\/62848\/revisions\/76696"}],"up":[{"embeddable":true,"href":"https:\/\/global-exam.com\/blog\/wp-json\/wp\/v2\/pages\/16902"}],"wp:attachment":[{"href":"https:\/\/global-exam.com\/blog\/wp-json\/wp\/v2\/media?parent=62848"}],"curies":[{"name":"wp","href":"https:\/\/api.w.org\/{rel}","templated":true}]}}