{"id":62860,"date":"2021-09-09T16:56:59","date_gmt":"2021-09-09T14:56:59","guid":{"rendered":"https:\/\/global-exam.com\/blog\/?page_id=62860"},"modified":"2022-06-27T16:45:49","modified_gmt":"2022-06-27T14:45:49","slug":"categoria-fce-practice-tests","status":"publish","type":"page","link":"https:\/\/global-exam.com\/blog\/es\/examenes\/cambridge-fce\/categoria-fce-practice-tests\/","title":{"rendered":"FCE practice tests"},"content":{"rendered":"<p><span style=\"font-weight: 400;\">El <\/span><b>Cambridge English First Exam<\/b><span style=\"font-weight: 400;\"> es tambi\u00e9n conocido como el FCE o el Cambridge First Certificate. Se trata de un examen destinado a estudiantes que poseen un nivel intermedio alto de ingl\u00e9s. Es uno de los ex\u00e1menes m\u00e1s populares de Cambridge, dado que suele ser el nivel m\u00ednimo requerido para aquellos estudiantes que deseen incorporarse a programas universitarios en pa\u00edses de habla inglesa. Si eres \u201capto\u201d, tu certificado FCE no caduca, lo cual es un motivo para prepararte con antelaci\u00f3n y superar esta prueba.<\/span><\/p>\n<p><span style=\"font-weight: 400;\">En esta secci\u00f3n te ofrecemos las <\/span><b>herramientas<\/b><span style=\"font-weight: 400;\"> que necesitas para una preparaci\u00f3n exitosa. En ella encontrar\u00e1s material para <\/span><b>preparar las diferentes partes de cada una de las secciones del examen<\/b><span style=\"font-weight: 400;\">. Incluimos ejercicios y valiosos consejos para preparar la prueba de Expresi\u00f3n oral (Speaking), de Comprensi\u00f3n auditiva (Listening), de Expresi\u00f3n escrita (Writing) y de Comprensi\u00f3n escrita y Uso de la Lengua (Reading and use of English). Esta secci\u00f3n incluye asimismo tips y ejercicios para aquellos candidatos que opten por la versi\u00f3n FCE for Schools.<\/span><\/p>\n<p><span style=\"font-weight: 400;\">GlobalExam pone asimismo a tu disposici\u00f3n <\/span><b>material de examen<\/b><span style=\"font-weight: 400;\"> para que puedas entrenarte en condiciones reales e ir bien preparado el d\u00eda de la prueba. Descubre concretamente las preguntas t\u00edpicas que pueden hacerte en la prueba oral, y sigue nuestros consejos y t\u00e9cnicas para ser capaz de hacer frente a los diferentes tipos de documentos escritos:\u00a0 ensayos, informes, rese\u00f1as, correos electr\u00f3nicos \u2026<\/span><\/p>\n<p><b>GlobalExam<\/b><span style=\"font-weight: 400;\"> es una de las principales plataformas e-learning de referencia para la preparaci\u00f3n de certificaciones oficiales. Te ofrecemos una amplia variedad de recursos, consejos y t\u00e9cnicas de profesores especializados en certificaciones. Podr\u00e1s trabajar a tu ritmo y optimizar tu tiempo, para maximizar tus posibilidades de \u00e9xito. Se trata de una plataforma amigable, con la que te familiarizar\u00e1s pronto: solo pincha y entra.\u00a0<\/span><\/p>\n","protected":false},"excerpt":{"rendered":"<p>El Cambridge English First Exam es tambi\u00e9n conocido como el FCE o el Cambridge First Certificate. Se trata de un examen destinado [&hellip;]<\/p>\n","protected":false},"author":24,"featured_media":0,"parent":16902,"menu_order":0,"comment_status":"closed","ping_status":"closed","template":"","meta":[],"acf":[],"yoast_head":"<!-- This site is optimized with the Yoast SEO plugin v17.2.1 - https:\/\/yoast.com\/wordpress\/plugins\/seo\/ -->\n<title>FCE practice tests<\/title>\n<meta name=\"robots\" content=\"index, follow, max-snippet:-1, max-image-preview:large, max-video-preview:-1\" \/>\n<link rel=\"canonical\" href=\"https:\/\/global-exam.com\/blog\/es\/examenes\/cambridge-fce\/categoria-fce-practice-tests\/\" \/>\n<meta property=\"og:locale\" content=\"fr_FR\" \/>\n<meta property=\"og:type\" content=\"article\" \/>\n<meta property=\"og:title\" content=\"FCE practice tests\" \/>\n<meta property=\"og:description\" content=\"El Cambridge English First Exam es tambi\u00e9n conocido como el FCE o el Cambridge First Certificate. Se trata de un examen destinado [&hellip;]\" \/>\n<meta property=\"og:url\" content=\"https:\/\/global-exam.com\/blog\/es\/examenes\/cambridge-fce\/categoria-fce-practice-tests\/\" \/>\n<meta property=\"og:site_name\" content=\"GlobalExam Blog\" \/>\n<meta property=\"article:publisher\" content=\"https:\/\/www.facebook.com\/Global.Exam\" \/>\n<meta property=\"article:modified_time\" content=\"2022-06-27T14:45:49+00:00\" \/>\n<meta name=\"twitter:card\" content=\"summary_large_image\" \/>\n<meta name=\"twitter:site\" content=\"@Global_Exam\" \/>\n<meta name=\"twitter:label1\" content=\"Dur\u00e9e de lecture estim\u00e9e\" \/>\n\t<meta name=\"twitter:data1\" content=\"1 minute\" \/>\n<script type=\"application\/ld+json\" class=\"yoast-schema-graph\">{\"@context\":\"https:\/\/schema.org\",\"@graph\":[{\"@type\":\"WebSite\",\"@id\":\"https:\/\/global-exam.com\/blog\/#website\",\"url\":\"https:\/\/global-exam.com\/blog\/\",\"name\":\"GlobalExam Blog\",\"description\":\"Le blog du sp\\u00e9cialiste de la certification linguistique\",\"potentialAction\":[{\"@type\":\"SearchAction\",\"target\":{\"@type\":\"EntryPoint\",\"urlTemplate\":\"https:\/\/global-exam.com\/blog\/?s={search_term_string}\"},\"query-input\":\"required name=search_term_string\"}],\"inLanguage\":\"fr-FR\"},{\"@type\":\"WebPage\",\"@id\":\"https:\/\/global-exam.com\/blog\/es\/examenes\/cambridge-fce\/categoria-fce-practice-tests\/#webpage\",\"url\":\"https:\/\/global-exam.com\/blog\/es\/examenes\/cambridge-fce\/categoria-fce-practice-tests\/\",\"name\":\"FCE practice tests\",\"isPartOf\":{\"@id\":\"https:\/\/global-exam.com\/blog\/#website\"},\"datePublished\":\"2021-09-09T14:56:59+00:00\",\"dateModified\":\"2022-06-27T14:45:49+00:00\",\"breadcrumb\":{\"@id\":\"https:\/\/global-exam.com\/blog\/es\/examenes\/cambridge-fce\/categoria-fce-practice-tests\/#breadcrumb\"},\"inLanguage\":\"fr-FR\",\"potentialAction\":[{\"@type\":\"ReadAction\",\"target\":[\"https:\/\/global-exam.com\/blog\/es\/examenes\/cambridge-fce\/categoria-fce-practice-tests\/\"]}]},{\"@type\":\"BreadcrumbList\",\"@id\":\"https:\/\/global-exam.com\/blog\/es\/examenes\/cambridge-fce\/categoria-fce-practice-tests\/#breadcrumb\",\"itemListElement\":[{\"@type\":\"ListItem\",\"position\":1,\"name\":\"Ex\\u00e1menes de idioma\",\"item\":\"https:\/\/global-exam.com\/blog\/es\/examenes\/\"},{\"@type\":\"ListItem\",\"position\":2,\"name\":\"Cambridge FCE\",\"item\":\"https:\/\/global-exam.com\/blog\/es\/examenes\/cambridge-fce\/\"},{\"@type\":\"ListItem\",\"position\":3,\"name\":\"FCE practice tests\"}]}]}<\/script>\n<!-- \/ Yoast SEO plugin. -->","yoast_head_json":{"title":"FCE practice tests","robots":{"index":"index","follow":"follow","max-snippet":"max-snippet:-1","max-image-preview":"max-image-preview:large","max-video-preview":"max-video-preview:-1"},"canonical":"https:\/\/global-exam.com\/blog\/es\/examenes\/cambridge-fce\/categoria-fce-practice-tests\/","og_locale":"fr_FR","og_type":"article","og_title":"FCE practice tests","og_description":"El Cambridge English First Exam es tambi\u00e9n conocido como el FCE o el Cambridge First Certificate. Se trata de un examen destinado [&hellip;]","og_url":"https:\/\/global-exam.com\/blog\/es\/examenes\/cambridge-fce\/categoria-fce-practice-tests\/","og_site_name":"GlobalExam Blog","article_publisher":"https:\/\/www.facebook.com\/Global.Exam","article_modified_time":"2022-06-27T14:45:49+00:00","twitter_card":"summary_large_image","twitter_site":"@Global_Exam","twitter_misc":{"Dur\u00e9e de lecture estim\u00e9e":"1 minute"},"schema":{"@context":"https:\/\/schema.org","@graph":[{"@type":"WebSite","@id":"https:\/\/global-exam.com\/blog\/#website","url":"https:\/\/global-exam.com\/blog\/","name":"GlobalExam Blog","description":"Le blog du sp\u00e9cialiste de la certification linguistique","potentialAction":[{"@type":"SearchAction","target":{"@type":"EntryPoint","urlTemplate":"https:\/\/global-exam.com\/blog\/?s={search_term_string}"},"query-input":"required name=search_term_string"}],"inLanguage":"fr-FR"},{"@type":"WebPage","@id":"https:\/\/global-exam.com\/blog\/es\/examenes\/cambridge-fce\/categoria-fce-practice-tests\/#webpage","url":"https:\/\/global-exam.com\/blog\/es\/examenes\/cambridge-fce\/categoria-fce-practice-tests\/","name":"FCE practice tests","isPartOf":{"@id":"https:\/\/global-exam.com\/blog\/#website"},"datePublished":"2021-09-09T14:56:59+00:00","dateModified":"2022-06-27T14:45:49+00:00","breadcrumb":{"@id":"https:\/\/global-exam.com\/blog\/es\/examenes\/cambridge-fce\/categoria-fce-practice-tests\/#breadcrumb"},"inLanguage":"fr-FR","potentialAction":[{"@type":"ReadAction","target":["https:\/\/global-exam.com\/blog\/es\/examenes\/cambridge-fce\/categoria-fce-practice-tests\/"]}]},{"@type":"BreadcrumbList","@id":"https:\/\/global-exam.com\/blog\/es\/examenes\/cambridge-fce\/categoria-fce-practice-tests\/#breadcrumb","itemListElement":[{"@type":"ListItem","position":1,"name":"Ex\u00e1menes de idioma","item":"https:\/\/global-exam.com\/blog\/es\/examenes\/"},{"@type":"ListItem","position":2,"name":"Cambridge FCE","item":"https:\/\/global-exam.com\/blog\/es\/examenes\/cambridge-fce\/"},{"@type":"ListItem","position":3,"name":"FCE practice tests"}]}]}},"lang":"es","translations":{"es":62860},"pll_sync_post":[],"_links":{"self":[{"href":"https:\/\/global-exam.com\/blog\/wp-json\/wp\/v2\/pages\/62860"}],"collection":[{"href":"https:\/\/global-exam.com\/blog\/wp-json\/wp\/v2\/pages"}],"about":[{"href":"https:\/\/global-exam.com\/blog\/wp-json\/wp\/v2\/types\/page"}],"author":[{"embeddable":true,"href":"https:\/\/global-exam.com\/blog\/wp-json\/wp\/v2\/users\/24"}],"replies":[{"embeddable":true,"href":"https:\/\/global-exam.com\/blog\/wp-json\/wp\/v2\/comments?post=62860"}],"version-history":[{"count":5,"href":"https:\/\/global-exam.com\/blog\/wp-json\/wp\/v2\/pages\/62860\/revisions"}],"predecessor-version":[{"id":76695,"href":"https:\/\/global-exam.com\/blog\/wp-json\/wp\/v2\/pages\/62860\/revisions\/76695"}],"up":[{"embeddable":true,"href":"https:\/\/global-exam.com\/blog\/wp-json\/wp\/v2\/pages\/16902"}],"wp:attachment":[{"href":"https:\/\/global-exam.com\/blog\/wp-json\/wp\/v2\/media?parent=62860"}],"curies":[{"name":"wp","href":"https:\/\/api.w.org\/{rel}","templated":true}]}}