{"id":62870,"date":"2021-09-09T17:12:01","date_gmt":"2021-09-09T15:12:01","guid":{"rendered":"https:\/\/global-exam.com\/blog\/?page_id=62870"},"modified":"2022-06-27T16:45:48","modified_gmt":"2022-06-27T14:45:48","slug":"categoria-material-de-practica-cambridge-fce","status":"publish","type":"page","link":"https:\/\/global-exam.com\/blog\/es\/examenes\/cambridge-fce\/categoria-material-de-practica-cambridge-fce\/","title":{"rendered":"Material de pr\u00e1ctica Cambridge FCE"},"content":{"rendered":"<p style=\"text-align: left;\">Con la titulaci\u00f3n FCE o First Certificate in English de Cambridge (o B2 First), un candidato demuestra que tiene un\u00a0<strong>nivel de lengua intermedio alto<\/strong>, es decir, un B2, de acuerdo con los niveles del Marco Com\u00fan Europeo de Referencia para las Lenguas.<\/p>\n<p style=\"text-align: left;\">Existen diversas alternativas para\u00a0<strong>preparar este examen<\/strong>: libros, sitios internet, preparaci\u00f3n con ayuda de un tutor\u2026 \u00bfCu\u00e1l escoger? Debes seleccionar aquella que corresponda a tu estilo de aprendizaje, tu nivel, tus necesidades y tu disponibilidad.<\/p>\n<p style=\"text-align: left;\">En esta secci\u00f3n de orientamos a la hora de estudiar cada una de estas opciones, que no son alternativas, sino, como ver\u00e1s, complementarias.<\/p>\n<p style=\"text-align: left;\">Descubre los\u00a0<strong>libros y materiales especializados<\/strong>\u00a0que se encuentran disponibles en el mercado. Hemos hecho una selecci\u00f3n para ti, con lo esencial de cada uno, para que puedas decidir.<\/p>\n<p>Tambi\u00e9n hemos preparado una<strong>\u00a0selecci\u00f3n de sitios internet<\/strong>\u00a0para que puedas prepararte en l\u00ednea. Los sitios web, como habr\u00e1s tenido ocasi\u00f3n de comprobar, son un buen complemento del material impreso, y atraen a los candidatos porque son l\u00fadicos e interactivos.<\/p>\n<p>Te damos pistas finalmente para una\u00a0<strong>preparaci\u00f3n eficaz al examen.<\/strong>\u00a0Nuestra plataforma es: l\u00fadica, intuitiva, interactiva y \u00a1retroactiva! Te damos las herramientas, pero tambi\u00e9n te acompa\u00f1amos.<\/p>\n<p>Prep\u00e1rate en dos etapas. Primero a trav\u00e9s de una amplia base de datos para f<strong>amiliarizarte con cada una de las pruebas<\/strong>\u00a0(formato, instrucciones, tipo de actividades, tiempo de preparaci\u00f3n) y\u00a0<strong>beneficiar de correcciones personalizadas<\/strong>. Y despu\u00e9s, gracias a estrategias para prepararte de la manera m\u00e1s efectiva y adaptada a tu perfil, con un acompa\u00f1amiento individualizado.<\/p>\n<p>\u00bfSab\u00edas que tenemos tambi\u00e9n nuestro propio propio e-book FCE descargable en versi\u00f3n PDF, con todos nuestros consejos para todas las secciones del examen?<\/p>\n<p>Progresa a tu ritmo, y avanza eficazmente.<\/p>\n<p>\u00a1Ya lo tienes todo!<\/p>\n","protected":false},"excerpt":{"rendered":"<p>Con la titulaci\u00f3n FCE o First Certificate in English de Cambridge (o B2 First), un candidato demuestra que tiene un\u00a0nivel de lengua [&hellip;]<\/p>\n","protected":false},"author":24,"featured_media":0,"parent":16902,"menu_order":0,"comment_status":"closed","ping_status":"closed","template":"","meta":[],"acf":[],"yoast_head":"<!-- This site is optimized with the Yoast SEO plugin v17.2.1 - https:\/\/yoast.com\/wordpress\/plugins\/seo\/ -->\n<title>Material de pr\u00e1ctica Cambridge FCE<\/title>\n<meta name=\"robots\" content=\"index, follow, max-snippet:-1, max-image-preview:large, max-video-preview:-1\" \/>\n<link rel=\"canonical\" href=\"https:\/\/global-exam.com\/blog\/es\/examenes\/cambridge-fce\/categoria-material-de-practica-cambridge-fce\/\" \/>\n<meta property=\"og:locale\" content=\"fr_FR\" \/>\n<meta property=\"og:type\" content=\"article\" \/>\n<meta property=\"og:title\" content=\"Material de pr\u00e1ctica Cambridge FCE\" \/>\n<meta property=\"og:description\" content=\"Con la titulaci\u00f3n FCE o First Certificate in English de Cambridge (o B2 First), un candidato demuestra que tiene un\u00a0nivel de lengua [&hellip;]\" \/>\n<meta property=\"og:url\" content=\"https:\/\/global-exam.com\/blog\/es\/examenes\/cambridge-fce\/categoria-material-de-practica-cambridge-fce\/\" \/>\n<meta property=\"og:site_name\" content=\"GlobalExam Blog\" \/>\n<meta property=\"article:publisher\" content=\"https:\/\/www.facebook.com\/Global.Exam\" \/>\n<meta property=\"article:modified_time\" content=\"2022-06-27T14:45:48+00:00\" \/>\n<meta name=\"twitter:card\" content=\"summary_large_image\" \/>\n<meta name=\"twitter:site\" content=\"@Global_Exam\" \/>\n<meta name=\"twitter:label1\" content=\"Dur\u00e9e de lecture estim\u00e9e\" \/>\n\t<meta name=\"twitter:data1\" content=\"2 minutes\" \/>\n<script type=\"application\/ld+json\" class=\"yoast-schema-graph\">{\"@context\":\"https:\/\/schema.org\",\"@graph\":[{\"@type\":\"WebSite\",\"@id\":\"https:\/\/global-exam.com\/blog\/#website\",\"url\":\"https:\/\/global-exam.com\/blog\/\",\"name\":\"GlobalExam Blog\",\"description\":\"Le blog du sp\\u00e9cialiste de la certification linguistique\",\"potentialAction\":[{\"@type\":\"SearchAction\",\"target\":{\"@type\":\"EntryPoint\",\"urlTemplate\":\"https:\/\/global-exam.com\/blog\/?s={search_term_string}\"},\"query-input\":\"required name=search_term_string\"}],\"inLanguage\":\"fr-FR\"},{\"@type\":\"WebPage\",\"@id\":\"https:\/\/global-exam.com\/blog\/es\/examenes\/cambridge-fce\/categoria-material-de-practica-cambridge-fce\/#webpage\",\"url\":\"https:\/\/global-exam.com\/blog\/es\/examenes\/cambridge-fce\/categoria-material-de-practica-cambridge-fce\/\",\"name\":\"Material de pr\\u00e1ctica Cambridge FCE\",\"isPartOf\":{\"@id\":\"https:\/\/global-exam.com\/blog\/#website\"},\"datePublished\":\"2021-09-09T15:12:01+00:00\",\"dateModified\":\"2022-06-27T14:45:48+00:00\",\"breadcrumb\":{\"@id\":\"https:\/\/global-exam.com\/blog\/es\/examenes\/cambridge-fce\/categoria-material-de-practica-cambridge-fce\/#breadcrumb\"},\"inLanguage\":\"fr-FR\",\"potentialAction\":[{\"@type\":\"ReadAction\",\"target\":[\"https:\/\/global-exam.com\/blog\/es\/examenes\/cambridge-fce\/categoria-material-de-practica-cambridge-fce\/\"]}]},{\"@type\":\"BreadcrumbList\",\"@id\":\"https:\/\/global-exam.com\/blog\/es\/examenes\/cambridge-fce\/categoria-material-de-practica-cambridge-fce\/#breadcrumb\",\"itemListElement\":[{\"@type\":\"ListItem\",\"position\":1,\"name\":\"Ex\\u00e1menes de idioma\",\"item\":\"https:\/\/global-exam.com\/blog\/es\/examenes\/\"},{\"@type\":\"ListItem\",\"position\":2,\"name\":\"Cambridge FCE\",\"item\":\"https:\/\/global-exam.com\/blog\/es\/examenes\/cambridge-fce\/\"},{\"@type\":\"ListItem\",\"position\":3,\"name\":\"Material de pr\\u00e1ctica Cambridge FCE\"}]}]}<\/script>\n<!-- \/ Yoast SEO plugin. -->","yoast_head_json":{"title":"Material de pr\u00e1ctica Cambridge FCE","robots":{"index":"index","follow":"follow","max-snippet":"max-snippet:-1","max-image-preview":"max-image-preview:large","max-video-preview":"max-video-preview:-1"},"canonical":"https:\/\/global-exam.com\/blog\/es\/examenes\/cambridge-fce\/categoria-material-de-practica-cambridge-fce\/","og_locale":"fr_FR","og_type":"article","og_title":"Material de pr\u00e1ctica Cambridge FCE","og_description":"Con la titulaci\u00f3n FCE o First Certificate in English de Cambridge (o B2 First), un candidato demuestra que tiene un\u00a0nivel de lengua [&hellip;]","og_url":"https:\/\/global-exam.com\/blog\/es\/examenes\/cambridge-fce\/categoria-material-de-practica-cambridge-fce\/","og_site_name":"GlobalExam Blog","article_publisher":"https:\/\/www.facebook.com\/Global.Exam","article_modified_time":"2022-06-27T14:45:48+00:00","twitter_card":"summary_large_image","twitter_site":"@Global_Exam","twitter_misc":{"Dur\u00e9e de lecture estim\u00e9e":"2 minutes"},"schema":{"@context":"https:\/\/schema.org","@graph":[{"@type":"WebSite","@id":"https:\/\/global-exam.com\/blog\/#website","url":"https:\/\/global-exam.com\/blog\/","name":"GlobalExam Blog","description":"Le blog du sp\u00e9cialiste de la certification linguistique","potentialAction":[{"@type":"SearchAction","target":{"@type":"EntryPoint","urlTemplate":"https:\/\/global-exam.com\/blog\/?s={search_term_string}"},"query-input":"required name=search_term_string"}],"inLanguage":"fr-FR"},{"@type":"WebPage","@id":"https:\/\/global-exam.com\/blog\/es\/examenes\/cambridge-fce\/categoria-material-de-practica-cambridge-fce\/#webpage","url":"https:\/\/global-exam.com\/blog\/es\/examenes\/cambridge-fce\/categoria-material-de-practica-cambridge-fce\/","name":"Material de pr\u00e1ctica Cambridge FCE","isPartOf":{"@id":"https:\/\/global-exam.com\/blog\/#website"},"datePublished":"2021-09-09T15:12:01+00:00","dateModified":"2022-06-27T14:45:48+00:00","breadcrumb":{"@id":"https:\/\/global-exam.com\/blog\/es\/examenes\/cambridge-fce\/categoria-material-de-practica-cambridge-fce\/#breadcrumb"},"inLanguage":"fr-FR","potentialAction":[{"@type":"ReadAction","target":["https:\/\/global-exam.com\/blog\/es\/examenes\/cambridge-fce\/categoria-material-de-practica-cambridge-fce\/"]}]},{"@type":"BreadcrumbList","@id":"https:\/\/global-exam.com\/blog\/es\/examenes\/cambridge-fce\/categoria-material-de-practica-cambridge-fce\/#breadcrumb","itemListElement":[{"@type":"ListItem","position":1,"name":"Ex\u00e1menes de idioma","item":"https:\/\/global-exam.com\/blog\/es\/examenes\/"},{"@type":"ListItem","position":2,"name":"Cambridge FCE","item":"https:\/\/global-exam.com\/blog\/es\/examenes\/cambridge-fce\/"},{"@type":"ListItem","position":3,"name":"Material de pr\u00e1ctica Cambridge FCE"}]}]}},"lang":"es","translations":{"es":62870},"pll_sync_post":[],"_links":{"self":[{"href":"https:\/\/global-exam.com\/blog\/wp-json\/wp\/v2\/pages\/62870"}],"collection":[{"href":"https:\/\/global-exam.com\/blog\/wp-json\/wp\/v2\/pages"}],"about":[{"href":"https:\/\/global-exam.com\/blog\/wp-json\/wp\/v2\/types\/page"}],"author":[{"embeddable":true,"href":"https:\/\/global-exam.com\/blog\/wp-json\/wp\/v2\/users\/24"}],"replies":[{"embeddable":true,"href":"https:\/\/global-exam.com\/blog\/wp-json\/wp\/v2\/comments?post=62870"}],"version-history":[{"count":4,"href":"https:\/\/global-exam.com\/blog\/wp-json\/wp\/v2\/pages\/62870\/revisions"}],"predecessor-version":[{"id":76693,"href":"https:\/\/global-exam.com\/blog\/wp-json\/wp\/v2\/pages\/62870\/revisions\/76693"}],"up":[{"embeddable":true,"href":"https:\/\/global-exam.com\/blog\/wp-json\/wp\/v2\/pages\/16902"}],"wp:attachment":[{"href":"https:\/\/global-exam.com\/blog\/wp-json\/wp\/v2\/media?parent=62870"}],"curies":[{"name":"wp","href":"https:\/\/api.w.org\/{rel}","templated":true}]}}