{"id":62877,"date":"2021-09-09T17:18:51","date_gmt":"2021-09-09T15:18:51","guid":{"rendered":"https:\/\/global-exam.com\/blog\/?page_id=62877"},"modified":"2022-06-27T16:45:47","modified_gmt":"2022-06-27T14:45:47","slug":"categoria-vocabulario-cambridge-fce","status":"publish","type":"page","link":"https:\/\/global-exam.com\/blog\/es\/examenes\/cambridge-fce\/categoria-vocabulario-cambridge-fce\/","title":{"rendered":"Vocabulario Cambridge FCE"},"content":{"rendered":"<p>El FCE, o First Certificate in English, es un examen\u00a0 dise\u00f1ado para gente que necesita\u00a0<strong>demostrar que puede usar el ingl\u00e9s escrito y hablado del d\u00eda a d\u00eda a un nivel intermedio-avanzado<\/strong>, ya sea por motivos profesionales o acad\u00e9micos, en diferentes contextos y registros ling\u00fc\u00edsticos.<\/p>\n<p>Este certificado oficial de ingl\u00e9s,\u00a0 acredita un nivel B2 de lengua del Marco Com\u00fan de Referencia Europeo y constituye una referencia mundial en lo que a t\u00edtulos de ingl\u00e9s se refiere.<\/p>\n<p>El examen FCE est\u00e1\u00a0<strong>dividido en 4 partes<\/strong>: Reading and Use of English, Listening, Writing y Speaking. La parte de Reading and Use of English tiene un peso del 40% sobre la calificaci\u00f3n final, mientras que las otras tres pesan el 20% cada una.<\/p>\n<p>Esto explica la importancia de<strong>\u00a0poseer un repertorio ling\u00fc\u00edstico adecuado<\/strong>, para resolver de forma eficaz y segura los diferentes tipos de ejercicios, de gram\u00e1tica y vocabulario, pero tambi\u00e9n de comprensi\u00f3n, que figuran en esta parte del examen: ejercicios de respuesta m\u00faltiple, ejercicios para rellenar huecos, ejercicios de transformaci\u00f3n de palabras, reescritura de frases o ejercicios de relaci\u00f3n de palabras (uni\u00f3n m\u00faltiple).<\/p>\n<p>A trav\u00e9s de nuestra plataforma, te proporcionamos una gran cantidad de\u00a0<strong>vocabulario espec\u00edfico, mediante fichas de estudio<\/strong>, divididas en 14 temas, gracias a las cuales podr\u00e1s aprender t\u00e9rminos, comprobar su definici\u00f3n y uso gracias al material de estudio,\u00a0 y saber emplearlos en contexto mediante la realizaci\u00f3n de ejercicios diversos.<\/p>\n<p>Lo que pretendemos es que adquieras un vocabulario contextualizado, gracias a las explicaciones y la ejemplificaci\u00f3n.\u00a0Te ofrecemos tambi\u00e9n\u00a0<strong>material de estudio dedicado a la gram\u00e1tica inglesa<\/strong>.\u00a0Es tu turno, \u00a1an\u00edmate a descubrir nuestra plataforma!<\/p>\n","protected":false},"excerpt":{"rendered":"<p>El FCE, o First Certificate in English, es un examen\u00a0 dise\u00f1ado para gente que necesita\u00a0demostrar que puede usar el ingl\u00e9s escrito y [&hellip;]<\/p>\n","protected":false},"author":24,"featured_media":0,"parent":16902,"menu_order":0,"comment_status":"closed","ping_status":"closed","template":"","meta":[],"acf":[],"yoast_head":"<!-- This site is optimized with the Yoast SEO plugin v17.2.1 - https:\/\/yoast.com\/wordpress\/plugins\/seo\/ -->\n<title>Vocabulario Cambridge FCE<\/title>\n<meta name=\"robots\" content=\"index, follow, max-snippet:-1, max-image-preview:large, max-video-preview:-1\" \/>\n<link rel=\"canonical\" href=\"https:\/\/global-exam.com\/blog\/es\/examenes\/cambridge-fce\/categoria-vocabulario-cambridge-fce\/\" \/>\n<meta property=\"og:locale\" content=\"fr_FR\" \/>\n<meta property=\"og:type\" content=\"article\" \/>\n<meta property=\"og:title\" content=\"Vocabulario Cambridge FCE\" \/>\n<meta property=\"og:description\" content=\"El FCE, o First Certificate in English, es un examen\u00a0 dise\u00f1ado para gente que necesita\u00a0demostrar que puede usar el ingl\u00e9s escrito y [&hellip;]\" \/>\n<meta property=\"og:url\" content=\"https:\/\/global-exam.com\/blog\/es\/examenes\/cambridge-fce\/categoria-vocabulario-cambridge-fce\/\" \/>\n<meta property=\"og:site_name\" content=\"GlobalExam Blog\" \/>\n<meta property=\"article:publisher\" content=\"https:\/\/www.facebook.com\/Global.Exam\" \/>\n<meta property=\"article:modified_time\" content=\"2022-06-27T14:45:47+00:00\" \/>\n<meta name=\"twitter:card\" content=\"summary_large_image\" \/>\n<meta name=\"twitter:site\" content=\"@Global_Exam\" \/>\n<meta name=\"twitter:label1\" content=\"Dur\u00e9e de lecture estim\u00e9e\" \/>\n\t<meta name=\"twitter:data1\" content=\"1 minute\" \/>\n<script type=\"application\/ld+json\" class=\"yoast-schema-graph\">{\"@context\":\"https:\/\/schema.org\",\"@graph\":[{\"@type\":\"WebSite\",\"@id\":\"https:\/\/global-exam.com\/blog\/#website\",\"url\":\"https:\/\/global-exam.com\/blog\/\",\"name\":\"GlobalExam Blog\",\"description\":\"Le blog du sp\\u00e9cialiste de la certification linguistique\",\"potentialAction\":[{\"@type\":\"SearchAction\",\"target\":{\"@type\":\"EntryPoint\",\"urlTemplate\":\"https:\/\/global-exam.com\/blog\/?s={search_term_string}\"},\"query-input\":\"required name=search_term_string\"}],\"inLanguage\":\"fr-FR\"},{\"@type\":\"WebPage\",\"@id\":\"https:\/\/global-exam.com\/blog\/es\/examenes\/cambridge-fce\/categoria-vocabulario-cambridge-fce\/#webpage\",\"url\":\"https:\/\/global-exam.com\/blog\/es\/examenes\/cambridge-fce\/categoria-vocabulario-cambridge-fce\/\",\"name\":\"Vocabulario Cambridge FCE\",\"isPartOf\":{\"@id\":\"https:\/\/global-exam.com\/blog\/#website\"},\"datePublished\":\"2021-09-09T15:18:51+00:00\",\"dateModified\":\"2022-06-27T14:45:47+00:00\",\"breadcrumb\":{\"@id\":\"https:\/\/global-exam.com\/blog\/es\/examenes\/cambridge-fce\/categoria-vocabulario-cambridge-fce\/#breadcrumb\"},\"inLanguage\":\"fr-FR\",\"potentialAction\":[{\"@type\":\"ReadAction\",\"target\":[\"https:\/\/global-exam.com\/blog\/es\/examenes\/cambridge-fce\/categoria-vocabulario-cambridge-fce\/\"]}]},{\"@type\":\"BreadcrumbList\",\"@id\":\"https:\/\/global-exam.com\/blog\/es\/examenes\/cambridge-fce\/categoria-vocabulario-cambridge-fce\/#breadcrumb\",\"itemListElement\":[{\"@type\":\"ListItem\",\"position\":1,\"name\":\"Ex\\u00e1menes de idioma\",\"item\":\"https:\/\/global-exam.com\/blog\/es\/examenes\/\"},{\"@type\":\"ListItem\",\"position\":2,\"name\":\"Cambridge FCE\",\"item\":\"https:\/\/global-exam.com\/blog\/es\/examenes\/cambridge-fce\/\"},{\"@type\":\"ListItem\",\"position\":3,\"name\":\"Vocabulario Cambridge FCE\"}]}]}<\/script>\n<!-- \/ Yoast SEO plugin. -->","yoast_head_json":{"title":"Vocabulario Cambridge FCE","robots":{"index":"index","follow":"follow","max-snippet":"max-snippet:-1","max-image-preview":"max-image-preview:large","max-video-preview":"max-video-preview:-1"},"canonical":"https:\/\/global-exam.com\/blog\/es\/examenes\/cambridge-fce\/categoria-vocabulario-cambridge-fce\/","og_locale":"fr_FR","og_type":"article","og_title":"Vocabulario Cambridge FCE","og_description":"El FCE, o First Certificate in English, es un examen\u00a0 dise\u00f1ado para gente que necesita\u00a0demostrar que puede usar el ingl\u00e9s escrito y [&hellip;]","og_url":"https:\/\/global-exam.com\/blog\/es\/examenes\/cambridge-fce\/categoria-vocabulario-cambridge-fce\/","og_site_name":"GlobalExam Blog","article_publisher":"https:\/\/www.facebook.com\/Global.Exam","article_modified_time":"2022-06-27T14:45:47+00:00","twitter_card":"summary_large_image","twitter_site":"@Global_Exam","twitter_misc":{"Dur\u00e9e de lecture estim\u00e9e":"1 minute"},"schema":{"@context":"https:\/\/schema.org","@graph":[{"@type":"WebSite","@id":"https:\/\/global-exam.com\/blog\/#website","url":"https:\/\/global-exam.com\/blog\/","name":"GlobalExam Blog","description":"Le blog du sp\u00e9cialiste de la certification linguistique","potentialAction":[{"@type":"SearchAction","target":{"@type":"EntryPoint","urlTemplate":"https:\/\/global-exam.com\/blog\/?s={search_term_string}"},"query-input":"required name=search_term_string"}],"inLanguage":"fr-FR"},{"@type":"WebPage","@id":"https:\/\/global-exam.com\/blog\/es\/examenes\/cambridge-fce\/categoria-vocabulario-cambridge-fce\/#webpage","url":"https:\/\/global-exam.com\/blog\/es\/examenes\/cambridge-fce\/categoria-vocabulario-cambridge-fce\/","name":"Vocabulario Cambridge FCE","isPartOf":{"@id":"https:\/\/global-exam.com\/blog\/#website"},"datePublished":"2021-09-09T15:18:51+00:00","dateModified":"2022-06-27T14:45:47+00:00","breadcrumb":{"@id":"https:\/\/global-exam.com\/blog\/es\/examenes\/cambridge-fce\/categoria-vocabulario-cambridge-fce\/#breadcrumb"},"inLanguage":"fr-FR","potentialAction":[{"@type":"ReadAction","target":["https:\/\/global-exam.com\/blog\/es\/examenes\/cambridge-fce\/categoria-vocabulario-cambridge-fce\/"]}]},{"@type":"BreadcrumbList","@id":"https:\/\/global-exam.com\/blog\/es\/examenes\/cambridge-fce\/categoria-vocabulario-cambridge-fce\/#breadcrumb","itemListElement":[{"@type":"ListItem","position":1,"name":"Ex\u00e1menes de idioma","item":"https:\/\/global-exam.com\/blog\/es\/examenes\/"},{"@type":"ListItem","position":2,"name":"Cambridge FCE","item":"https:\/\/global-exam.com\/blog\/es\/examenes\/cambridge-fce\/"},{"@type":"ListItem","position":3,"name":"Vocabulario Cambridge FCE"}]}]}},"lang":"es","translations":{"es":62877},"pll_sync_post":[],"_links":{"self":[{"href":"https:\/\/global-exam.com\/blog\/wp-json\/wp\/v2\/pages\/62877"}],"collection":[{"href":"https:\/\/global-exam.com\/blog\/wp-json\/wp\/v2\/pages"}],"about":[{"href":"https:\/\/global-exam.com\/blog\/wp-json\/wp\/v2\/types\/page"}],"author":[{"embeddable":true,"href":"https:\/\/global-exam.com\/blog\/wp-json\/wp\/v2\/users\/24"}],"replies":[{"embeddable":true,"href":"https:\/\/global-exam.com\/blog\/wp-json\/wp\/v2\/comments?post=62877"}],"version-history":[{"count":3,"href":"https:\/\/global-exam.com\/blog\/wp-json\/wp\/v2\/pages\/62877\/revisions"}],"predecessor-version":[{"id":76691,"href":"https:\/\/global-exam.com\/blog\/wp-json\/wp\/v2\/pages\/62877\/revisions\/76691"}],"up":[{"embeddable":true,"href":"https:\/\/global-exam.com\/blog\/wp-json\/wp\/v2\/pages\/16902"}],"wp:attachment":[{"href":"https:\/\/global-exam.com\/blog\/wp-json\/wp\/v2\/media?parent=62877"}],"curies":[{"name":"wp","href":"https:\/\/api.w.org\/{rel}","templated":true}]}}