{"id":62882,"date":"2021-09-09T17:21:04","date_gmt":"2021-09-09T15:21:04","guid":{"rendered":"https:\/\/global-exam.com\/blog\/?page_id=62882"},"modified":"2022-06-27T16:45:46","modified_gmt":"2022-06-27T14:45:46","slug":"categoria-gramatica-fce","status":"publish","type":"page","link":"https:\/\/global-exam.com\/blog\/es\/examenes\/cambridge-fce\/categoria-gramatica-fce\/","title":{"rendered":"Gram\u00e1tica FCE"},"content":{"rendered":"<p>El\u00a0<strong>FCE de Cambridge o B2 First<\/strong>\u00a0es una prueba de ingl\u00e9s que tiene una estructura determinada, por lo que si te entrenas en este aspecto, no ser\u00e1 una sorpresa el d\u00eda del examen. Este examen est\u00e1 dirigido a las personas que tienen un\u00a0<strong>nivel intermedio-avanzado en ingl\u00e9s<\/strong>. Adem\u00e1s es una de las titulaciones m\u00e1s populares de los ex\u00e1menes Cambridge.<\/p>\n<p>Lo mejor de esta certificaci\u00f3n es que una vez lo pasas, puedes estar tranquilo durante muchos a\u00f1os, porque\u00a0<strong>no tiene fecha de vencimiento.<\/strong>\u00a0\u00bfNo es genial?<\/p>\n<p>Pero no todo es color de rosa, es una prueba bastante exigente y como lo hemos dicho debes practicar y conocer todos los detalles de la prueba. Es decir, su estructura, las competencias evaluadas, los tipos de documento que debes redactar para la parte de expresi\u00f3n escrita, los tipos de ejercicio, etc. Adem\u00e1s de eso, debes tener muy\u00a0<strong>buenas bases en gram\u00e1tica<\/strong>\u00a0para que seas\u00a0<strong>m\u00e1s eficaz en la parte escrita y oral.<\/strong><\/p>\n<p>Con esta categor\u00eda de GlobalExam podr\u00e1s revisar temas b\u00e1sicos de la\u00a0<strong>gram\u00e1tica inglesa<\/strong>, que por mucho que los hayas estudiado durante toda tu vida, a\u00fan hay cosas que se te escapan. En primer lugar, te<strong>\u00a0explicamos el tema, luego te presentamos una serie de ejemplos<\/strong>\u00a0para que todo sea m\u00e1s claro y por \u00faltimo te ponemos a prueba con una serie de ejercicios.<\/p>\n<p>Vas a encontrar temas como el presente simple, el presente continuo, el presente perfecto, el futuro, los condicionales, los adverbios de frecuencia, los adjetivos posesivos, los pronombres relativos y muchos m\u00e1s temas gramaticales.<\/p>\n<p>Sin embargo no desatiendas el resto del examen y prep\u00e1rate con\u00a0<strong>GlobalExam<\/strong>. Somos una plataforma que se dedica totalmente a la preparaci\u00f3n de ex\u00e1menes internacionales, como el B1 Preliminary. Puedes confiar en nosotros y empezar a\u00a0<strong>practicar en l\u00ednea con los ejercicios de pr\u00e1ctica<\/strong>\u00a0creados exclusivamente para este examen Cambridge.<\/p>\n","protected":false},"excerpt":{"rendered":"<p>El\u00a0FCE de Cambridge o B2 First\u00a0es una prueba de ingl\u00e9s que tiene una estructura determinada, por lo que si te entrenas en [&hellip;]<\/p>\n","protected":false},"author":24,"featured_media":0,"parent":16902,"menu_order":0,"comment_status":"closed","ping_status":"closed","template":"","meta":[],"acf":[],"yoast_head":"<!-- This site is optimized with the Yoast SEO plugin v17.2.1 - https:\/\/yoast.com\/wordpress\/plugins\/seo\/ -->\n<title>Gram\u00e1tica FCE<\/title>\n<meta name=\"robots\" content=\"index, follow, max-snippet:-1, max-image-preview:large, max-video-preview:-1\" \/>\n<link rel=\"canonical\" href=\"https:\/\/global-exam.com\/blog\/es\/examenes\/cambridge-fce\/categoria-gramatica-fce\/\" \/>\n<meta property=\"og:locale\" content=\"fr_FR\" \/>\n<meta property=\"og:type\" content=\"article\" \/>\n<meta property=\"og:title\" content=\"Gram\u00e1tica FCE\" \/>\n<meta property=\"og:description\" content=\"El\u00a0FCE de Cambridge o B2 First\u00a0es una prueba de ingl\u00e9s que tiene una estructura determinada, por lo que si te entrenas en [&hellip;]\" \/>\n<meta property=\"og:url\" content=\"https:\/\/global-exam.com\/blog\/es\/examenes\/cambridge-fce\/categoria-gramatica-fce\/\" \/>\n<meta property=\"og:site_name\" content=\"GlobalExam Blog\" \/>\n<meta property=\"article:publisher\" content=\"https:\/\/www.facebook.com\/Global.Exam\" \/>\n<meta property=\"article:modified_time\" content=\"2022-06-27T14:45:46+00:00\" \/>\n<meta name=\"twitter:card\" content=\"summary_large_image\" \/>\n<meta name=\"twitter:site\" content=\"@Global_Exam\" \/>\n<meta name=\"twitter:label1\" content=\"Dur\u00e9e de lecture estim\u00e9e\" \/>\n\t<meta name=\"twitter:data1\" content=\"2 minutes\" \/>\n<script type=\"application\/ld+json\" class=\"yoast-schema-graph\">{\"@context\":\"https:\/\/schema.org\",\"@graph\":[{\"@type\":\"WebSite\",\"@id\":\"https:\/\/global-exam.com\/blog\/#website\",\"url\":\"https:\/\/global-exam.com\/blog\/\",\"name\":\"GlobalExam Blog\",\"description\":\"Le blog du sp\\u00e9cialiste de la certification linguistique\",\"potentialAction\":[{\"@type\":\"SearchAction\",\"target\":{\"@type\":\"EntryPoint\",\"urlTemplate\":\"https:\/\/global-exam.com\/blog\/?s={search_term_string}\"},\"query-input\":\"required name=search_term_string\"}],\"inLanguage\":\"fr-FR\"},{\"@type\":\"WebPage\",\"@id\":\"https:\/\/global-exam.com\/blog\/es\/examenes\/cambridge-fce\/categoria-gramatica-fce\/#webpage\",\"url\":\"https:\/\/global-exam.com\/blog\/es\/examenes\/cambridge-fce\/categoria-gramatica-fce\/\",\"name\":\"Gram\\u00e1tica FCE\",\"isPartOf\":{\"@id\":\"https:\/\/global-exam.com\/blog\/#website\"},\"datePublished\":\"2021-09-09T15:21:04+00:00\",\"dateModified\":\"2022-06-27T14:45:46+00:00\",\"breadcrumb\":{\"@id\":\"https:\/\/global-exam.com\/blog\/es\/examenes\/cambridge-fce\/categoria-gramatica-fce\/#breadcrumb\"},\"inLanguage\":\"fr-FR\",\"potentialAction\":[{\"@type\":\"ReadAction\",\"target\":[\"https:\/\/global-exam.com\/blog\/es\/examenes\/cambridge-fce\/categoria-gramatica-fce\/\"]}]},{\"@type\":\"BreadcrumbList\",\"@id\":\"https:\/\/global-exam.com\/blog\/es\/examenes\/cambridge-fce\/categoria-gramatica-fce\/#breadcrumb\",\"itemListElement\":[{\"@type\":\"ListItem\",\"position\":1,\"name\":\"Ex\\u00e1menes de idioma\",\"item\":\"https:\/\/global-exam.com\/blog\/es\/examenes\/\"},{\"@type\":\"ListItem\",\"position\":2,\"name\":\"Cambridge FCE\",\"item\":\"https:\/\/global-exam.com\/blog\/es\/examenes\/cambridge-fce\/\"},{\"@type\":\"ListItem\",\"position\":3,\"name\":\"Gram\\u00e1tica FCE\"}]}]}<\/script>\n<!-- \/ Yoast SEO plugin. -->","yoast_head_json":{"title":"Gram\u00e1tica FCE","robots":{"index":"index","follow":"follow","max-snippet":"max-snippet:-1","max-image-preview":"max-image-preview:large","max-video-preview":"max-video-preview:-1"},"canonical":"https:\/\/global-exam.com\/blog\/es\/examenes\/cambridge-fce\/categoria-gramatica-fce\/","og_locale":"fr_FR","og_type":"article","og_title":"Gram\u00e1tica FCE","og_description":"El\u00a0FCE de Cambridge o B2 First\u00a0es una prueba de ingl\u00e9s que tiene una estructura determinada, por lo que si te entrenas en [&hellip;]","og_url":"https:\/\/global-exam.com\/blog\/es\/examenes\/cambridge-fce\/categoria-gramatica-fce\/","og_site_name":"GlobalExam Blog","article_publisher":"https:\/\/www.facebook.com\/Global.Exam","article_modified_time":"2022-06-27T14:45:46+00:00","twitter_card":"summary_large_image","twitter_site":"@Global_Exam","twitter_misc":{"Dur\u00e9e de lecture estim\u00e9e":"2 minutes"},"schema":{"@context":"https:\/\/schema.org","@graph":[{"@type":"WebSite","@id":"https:\/\/global-exam.com\/blog\/#website","url":"https:\/\/global-exam.com\/blog\/","name":"GlobalExam Blog","description":"Le blog du sp\u00e9cialiste de la certification linguistique","potentialAction":[{"@type":"SearchAction","target":{"@type":"EntryPoint","urlTemplate":"https:\/\/global-exam.com\/blog\/?s={search_term_string}"},"query-input":"required name=search_term_string"}],"inLanguage":"fr-FR"},{"@type":"WebPage","@id":"https:\/\/global-exam.com\/blog\/es\/examenes\/cambridge-fce\/categoria-gramatica-fce\/#webpage","url":"https:\/\/global-exam.com\/blog\/es\/examenes\/cambridge-fce\/categoria-gramatica-fce\/","name":"Gram\u00e1tica FCE","isPartOf":{"@id":"https:\/\/global-exam.com\/blog\/#website"},"datePublished":"2021-09-09T15:21:04+00:00","dateModified":"2022-06-27T14:45:46+00:00","breadcrumb":{"@id":"https:\/\/global-exam.com\/blog\/es\/examenes\/cambridge-fce\/categoria-gramatica-fce\/#breadcrumb"},"inLanguage":"fr-FR","potentialAction":[{"@type":"ReadAction","target":["https:\/\/global-exam.com\/blog\/es\/examenes\/cambridge-fce\/categoria-gramatica-fce\/"]}]},{"@type":"BreadcrumbList","@id":"https:\/\/global-exam.com\/blog\/es\/examenes\/cambridge-fce\/categoria-gramatica-fce\/#breadcrumb","itemListElement":[{"@type":"ListItem","position":1,"name":"Ex\u00e1menes de idioma","item":"https:\/\/global-exam.com\/blog\/es\/examenes\/"},{"@type":"ListItem","position":2,"name":"Cambridge FCE","item":"https:\/\/global-exam.com\/blog\/es\/examenes\/cambridge-fce\/"},{"@type":"ListItem","position":3,"name":"Gram\u00e1tica FCE"}]}]}},"lang":"es","translations":{"es":62882},"pll_sync_post":[],"_links":{"self":[{"href":"https:\/\/global-exam.com\/blog\/wp-json\/wp\/v2\/pages\/62882"}],"collection":[{"href":"https:\/\/global-exam.com\/blog\/wp-json\/wp\/v2\/pages"}],"about":[{"href":"https:\/\/global-exam.com\/blog\/wp-json\/wp\/v2\/types\/page"}],"author":[{"embeddable":true,"href":"https:\/\/global-exam.com\/blog\/wp-json\/wp\/v2\/users\/24"}],"replies":[{"embeddable":true,"href":"https:\/\/global-exam.com\/blog\/wp-json\/wp\/v2\/comments?post=62882"}],"version-history":[{"count":3,"href":"https:\/\/global-exam.com\/blog\/wp-json\/wp\/v2\/pages\/62882\/revisions"}],"predecessor-version":[{"id":76690,"href":"https:\/\/global-exam.com\/blog\/wp-json\/wp\/v2\/pages\/62882\/revisions\/76690"}],"up":[{"embeddable":true,"href":"https:\/\/global-exam.com\/blog\/wp-json\/wp\/v2\/pages\/16902"}],"wp:attachment":[{"href":"https:\/\/global-exam.com\/blog\/wp-json\/wp\/v2\/media?parent=62882"}],"curies":[{"name":"wp","href":"https:\/\/api.w.org\/{rel}","templated":true}]}}