{"id":62886,"date":"2021-09-09T17:24:58","date_gmt":"2021-09-09T15:24:58","guid":{"rendered":"https:\/\/global-exam.com\/blog\/?page_id=62886"},"modified":"2022-06-27T16:45:45","modified_gmt":"2022-06-27T14:45:45","slug":"categoria-introduccion-toeic","status":"publish","type":"page","link":"https:\/\/global-exam.com\/blog\/es\/examenes\/toeic\/categoria-introduccion-toeic\/","title":{"rendered":"Introducci\u00f3n TOEIC"},"content":{"rendered":"<p>Existen varios ex\u00e1menes que te permiten\u00a0<strong>evaluar tu nivel en ingl\u00e9s<\/strong>: el Cambridge test, entre los cuales est\u00e1n el FCE y el CAE; el TOEIC y el TOEFL. \u00bfCu\u00e1l de ellos elegir? \u00bfCon qu\u00e9 criterios comparar?<\/p>\n<p>Vamos ayudarte a ver m\u00e1s claro. En esta secci\u00f3n, podr\u00e1s\u00a0<strong>navegar por las especificidades de los diferentes test<\/strong>\u00a0y tambi\u00e9n compararlos, mediante una serie de tablas que hemos dise\u00f1ado para ti y que te ayudar\u00e1n a orientarte.<\/p>\n<p>Te mostramos las caracter\u00edsticas de cada examen en funci\u00f3n del nivel (especifico, o no limitado, es decir, que atribuye sistem\u00e1ticamente una nota al candidato); del tipo de pruebas; del p\u00fablico al que se dirige (universitario o del \u00e1mbito profesional); del tipo de ingl\u00e9s (Acad\u00e9mico o Negocios); la validez del examen; su precio y su origen (americano o ingl\u00e9s).<\/p>\n<p>Tu elecci\u00f3n depender\u00e1 de la situaci\u00f3n en que te encuentres y de\u00a0<strong>tus objetivos<\/strong>: ingresar en una universidad inglesa, realizar un intercambio de estudios, relacionarte con clientes internacionales, obtener una certificaci\u00f3n para el mundo laboral, conocer simplemente tu nivel o dar un valor a\u00f1adido a tu curr\u00edculum.<\/p>\n<p>Descubre<strong>\u00a0los objetivos de cada examen<\/strong>, los temas, las habilidades que se eval\u00faan, los formatos y escalas de puntaje, y la informaci\u00f3n necesaria sobre los procesos de inscripci\u00f3n.<\/p>\n<p>Te ayudamos a identificar tus objetivos, tener\u00a0<strong>una visi\u00f3n clara de la oferta de certificaciones<\/strong>, y tomar la decisi\u00f3n que mejor se adapte a tus necesidades.<\/p>\n","protected":false},"excerpt":{"rendered":"<p>Existen varios ex\u00e1menes que te permiten\u00a0evaluar tu nivel en ingl\u00e9s: el Cambridge test, entre los cuales est\u00e1n el FCE y el CAE; [&hellip;]<\/p>\n","protected":false},"author":24,"featured_media":0,"parent":14864,"menu_order":0,"comment_status":"closed","ping_status":"closed","template":"","meta":[],"acf":[],"yoast_head":"<!-- This site is optimized with the Yoast SEO plugin v17.2.1 - https:\/\/yoast.com\/wordpress\/plugins\/seo\/ -->\n<title>Introducci\u00f3n TOEIC<\/title>\n<meta name=\"robots\" content=\"index, follow, max-snippet:-1, max-image-preview:large, max-video-preview:-1\" \/>\n<link rel=\"canonical\" href=\"https:\/\/global-exam.com\/blog\/es\/examenes\/toeic\/categoria-introduccion-toeic\/\" \/>\n<meta property=\"og:locale\" content=\"fr_FR\" \/>\n<meta property=\"og:type\" content=\"article\" \/>\n<meta property=\"og:title\" content=\"Introducci\u00f3n TOEIC\" \/>\n<meta property=\"og:description\" content=\"Existen varios ex\u00e1menes que te permiten\u00a0evaluar tu nivel en ingl\u00e9s: el Cambridge test, entre los cuales est\u00e1n el FCE y el CAE; [&hellip;]\" \/>\n<meta property=\"og:url\" content=\"https:\/\/global-exam.com\/blog\/es\/examenes\/toeic\/categoria-introduccion-toeic\/\" \/>\n<meta property=\"og:site_name\" content=\"GlobalExam Blog\" \/>\n<meta property=\"article:publisher\" content=\"https:\/\/www.facebook.com\/Global.Exam\" \/>\n<meta property=\"article:modified_time\" content=\"2022-06-27T14:45:45+00:00\" \/>\n<meta name=\"twitter:card\" content=\"summary_large_image\" \/>\n<meta name=\"twitter:site\" content=\"@Global_Exam\" \/>\n<meta name=\"twitter:label1\" content=\"Dur\u00e9e de lecture estim\u00e9e\" \/>\n\t<meta name=\"twitter:data1\" content=\"1 minute\" \/>\n<script type=\"application\/ld+json\" class=\"yoast-schema-graph\">{\"@context\":\"https:\/\/schema.org\",\"@graph\":[{\"@type\":\"WebSite\",\"@id\":\"https:\/\/global-exam.com\/blog\/#website\",\"url\":\"https:\/\/global-exam.com\/blog\/\",\"name\":\"GlobalExam Blog\",\"description\":\"Le blog du sp\\u00e9cialiste de la certification linguistique\",\"potentialAction\":[{\"@type\":\"SearchAction\",\"target\":{\"@type\":\"EntryPoint\",\"urlTemplate\":\"https:\/\/global-exam.com\/blog\/?s={search_term_string}\"},\"query-input\":\"required name=search_term_string\"}],\"inLanguage\":\"fr-FR\"},{\"@type\":\"WebPage\",\"@id\":\"https:\/\/global-exam.com\/blog\/es\/examenes\/toeic\/categoria-introduccion-toeic\/#webpage\",\"url\":\"https:\/\/global-exam.com\/blog\/es\/examenes\/toeic\/categoria-introduccion-toeic\/\",\"name\":\"Introducci\\u00f3n TOEIC\",\"isPartOf\":{\"@id\":\"https:\/\/global-exam.com\/blog\/#website\"},\"datePublished\":\"2021-09-09T15:24:58+00:00\",\"dateModified\":\"2022-06-27T14:45:45+00:00\",\"breadcrumb\":{\"@id\":\"https:\/\/global-exam.com\/blog\/es\/examenes\/toeic\/categoria-introduccion-toeic\/#breadcrumb\"},\"inLanguage\":\"fr-FR\",\"potentialAction\":[{\"@type\":\"ReadAction\",\"target\":[\"https:\/\/global-exam.com\/blog\/es\/examenes\/toeic\/categoria-introduccion-toeic\/\"]}]},{\"@type\":\"BreadcrumbList\",\"@id\":\"https:\/\/global-exam.com\/blog\/es\/examenes\/toeic\/categoria-introduccion-toeic\/#breadcrumb\",\"itemListElement\":[{\"@type\":\"ListItem\",\"position\":1,\"name\":\"Ex\\u00e1menes de idioma\",\"item\":\"https:\/\/global-exam.com\/blog\/es\/examenes\/\"},{\"@type\":\"ListItem\",\"position\":2,\"name\":\"TOEIC\",\"item\":\"https:\/\/global-exam.com\/blog\/es\/examenes\/toeic\/\"},{\"@type\":\"ListItem\",\"position\":3,\"name\":\"Introducci\\u00f3n TOEIC\"}]}]}<\/script>\n<!-- \/ Yoast SEO plugin. -->","yoast_head_json":{"title":"Introducci\u00f3n TOEIC","robots":{"index":"index","follow":"follow","max-snippet":"max-snippet:-1","max-image-preview":"max-image-preview:large","max-video-preview":"max-video-preview:-1"},"canonical":"https:\/\/global-exam.com\/blog\/es\/examenes\/toeic\/categoria-introduccion-toeic\/","og_locale":"fr_FR","og_type":"article","og_title":"Introducci\u00f3n TOEIC","og_description":"Existen varios ex\u00e1menes que te permiten\u00a0evaluar tu nivel en ingl\u00e9s: el Cambridge test, entre los cuales est\u00e1n el FCE y el CAE; [&hellip;]","og_url":"https:\/\/global-exam.com\/blog\/es\/examenes\/toeic\/categoria-introduccion-toeic\/","og_site_name":"GlobalExam Blog","article_publisher":"https:\/\/www.facebook.com\/Global.Exam","article_modified_time":"2022-06-27T14:45:45+00:00","twitter_card":"summary_large_image","twitter_site":"@Global_Exam","twitter_misc":{"Dur\u00e9e de lecture estim\u00e9e":"1 minute"},"schema":{"@context":"https:\/\/schema.org","@graph":[{"@type":"WebSite","@id":"https:\/\/global-exam.com\/blog\/#website","url":"https:\/\/global-exam.com\/blog\/","name":"GlobalExam Blog","description":"Le blog du sp\u00e9cialiste de la certification linguistique","potentialAction":[{"@type":"SearchAction","target":{"@type":"EntryPoint","urlTemplate":"https:\/\/global-exam.com\/blog\/?s={search_term_string}"},"query-input":"required name=search_term_string"}],"inLanguage":"fr-FR"},{"@type":"WebPage","@id":"https:\/\/global-exam.com\/blog\/es\/examenes\/toeic\/categoria-introduccion-toeic\/#webpage","url":"https:\/\/global-exam.com\/blog\/es\/examenes\/toeic\/categoria-introduccion-toeic\/","name":"Introducci\u00f3n TOEIC","isPartOf":{"@id":"https:\/\/global-exam.com\/blog\/#website"},"datePublished":"2021-09-09T15:24:58+00:00","dateModified":"2022-06-27T14:45:45+00:00","breadcrumb":{"@id":"https:\/\/global-exam.com\/blog\/es\/examenes\/toeic\/categoria-introduccion-toeic\/#breadcrumb"},"inLanguage":"fr-FR","potentialAction":[{"@type":"ReadAction","target":["https:\/\/global-exam.com\/blog\/es\/examenes\/toeic\/categoria-introduccion-toeic\/"]}]},{"@type":"BreadcrumbList","@id":"https:\/\/global-exam.com\/blog\/es\/examenes\/toeic\/categoria-introduccion-toeic\/#breadcrumb","itemListElement":[{"@type":"ListItem","position":1,"name":"Ex\u00e1menes de idioma","item":"https:\/\/global-exam.com\/blog\/es\/examenes\/"},{"@type":"ListItem","position":2,"name":"TOEIC","item":"https:\/\/global-exam.com\/blog\/es\/examenes\/toeic\/"},{"@type":"ListItem","position":3,"name":"Introducci\u00f3n TOEIC"}]}]}},"lang":"es","translations":{"es":62886},"pll_sync_post":[],"_links":{"self":[{"href":"https:\/\/global-exam.com\/blog\/wp-json\/wp\/v2\/pages\/62886"}],"collection":[{"href":"https:\/\/global-exam.com\/blog\/wp-json\/wp\/v2\/pages"}],"about":[{"href":"https:\/\/global-exam.com\/blog\/wp-json\/wp\/v2\/types\/page"}],"author":[{"embeddable":true,"href":"https:\/\/global-exam.com\/blog\/wp-json\/wp\/v2\/users\/24"}],"replies":[{"embeddable":true,"href":"https:\/\/global-exam.com\/blog\/wp-json\/wp\/v2\/comments?post=62886"}],"version-history":[{"count":3,"href":"https:\/\/global-exam.com\/blog\/wp-json\/wp\/v2\/pages\/62886\/revisions"}],"predecessor-version":[{"id":76689,"href":"https:\/\/global-exam.com\/blog\/wp-json\/wp\/v2\/pages\/62886\/revisions\/76689"}],"up":[{"embeddable":true,"href":"https:\/\/global-exam.com\/blog\/wp-json\/wp\/v2\/pages\/14864"}],"wp:attachment":[{"href":"https:\/\/global-exam.com\/blog\/wp-json\/wp\/v2\/media?parent=62886"}],"curies":[{"name":"wp","href":"https:\/\/api.w.org\/{rel}","templated":true}]}}