{"id":62889,"date":"2021-09-09T17:27:58","date_gmt":"2021-09-09T15:27:58","guid":{"rendered":"https:\/\/global-exam.com\/blog\/?page_id=62889"},"modified":"2022-09-15T17:16:01","modified_gmt":"2022-09-15T15:16:01","slug":"categoria-instrucciones-toeic","status":"publish","type":"page","link":"https:\/\/global-exam.com\/blog\/es\/examenes\/toeic\/categoria-instrucciones-toeic\/","title":{"rendered":"Instrucciones TOEIC"},"content":{"rendered":"<p>Descubre la estructura del test<\/p>\n<p>El TOEIC es un examen que <strong>eval\u00faa y acredita el nivel de la lengua inglesa<\/strong>\u00a0para desenvolverse en el mundo profesional.<\/p>\n<p>Existen varios TOEIC, ya que las diferentes pruebas del examen pueden evaluarse por separado: el\u00a0<strong>TOEIC Listening and Reading<\/strong>, que eval\u00faa la comprensi\u00f3n oral y la comprensi\u00f3n escrita; y que es el m\u00e1s demandado por las empresas; el\u00a0<strong>TOEIC Speaking and Writing<\/strong>, que eval\u00faa la expresi\u00f3n oral y escrita y que, la mayor\u00eda de las veces, constituye un\u00a0<strong>complemento al TOEIC precedente<\/strong>. Este examen se realiza con un ordenador y auriculares. Por fin, el TOEIC Bridge se dirige a los principiantes.<\/p>\n<p>Te invitamos navegar por esta secci\u00f3n y descubrir la\u00a0<strong>estructura de los diferentes test<\/strong>, el tipo de ejercicios (frases incompletas, preguntas, respuestas de opci\u00f3n m\u00faltiple, etc.) y los principales temas abordados, relacionados con el mundo laboral (desarrollo corporativo, entretenimiento, negocios generales, oficina\u2026).<\/p>\n<p>Te mostramos adem\u00e1s, para que puedas ver concretamente el\u00a0<strong>tipo de ejercicios que deber\u00e1s realizar<\/strong>, ejemplos reales de tipos de preguntas y posibles respuestas para cada uno de los test.<\/p>\n<p>Te ayudamos a prepararte con ex\u00e1menes simulados, estad\u00edsticas y correcciones, hojas de estudio, planes de estudio, y un plan personalizado de repaso.<\/p>\n<p>Nuestras herramientas, tips y consejos, te ayudaran a realizar con \u00e9xito uno de los ex\u00e1menes m\u00e1s reconocidos para certificar tu nivel de ingl\u00e9s en el \u00e1mbito profesional.<\/p>\n","protected":false},"excerpt":{"rendered":"<p>Descubre la estructura del test El TOEIC es un examen que eval\u00faa y acredita el nivel de la lengua inglesa\u00a0para desenvolverse en [&hellip;]<\/p>\n","protected":false},"author":24,"featured_media":0,"parent":14864,"menu_order":0,"comment_status":"closed","ping_status":"closed","template":"","meta":[],"acf":[],"yoast_head":"<!-- This site is optimized with the Yoast SEO plugin v17.2.1 - https:\/\/yoast.com\/wordpress\/plugins\/seo\/ -->\n<title>Instrucciones TOEIC<\/title>\n<meta name=\"robots\" content=\"index, follow, max-snippet:-1, max-image-preview:large, max-video-preview:-1\" \/>\n<link rel=\"canonical\" href=\"https:\/\/global-exam.com\/blog\/es\/examenes\/toeic\/categoria-instrucciones-toeic\/\" \/>\n<meta property=\"og:locale\" content=\"fr_FR\" \/>\n<meta property=\"og:type\" content=\"article\" \/>\n<meta property=\"og:title\" content=\"Instrucciones TOEIC\" \/>\n<meta property=\"og:description\" content=\"Descubre la estructura del test El TOEIC es un examen que eval\u00faa y acredita el nivel de la lengua inglesa\u00a0para desenvolverse en [&hellip;]\" \/>\n<meta property=\"og:url\" content=\"https:\/\/global-exam.com\/blog\/es\/examenes\/toeic\/categoria-instrucciones-toeic\/\" \/>\n<meta property=\"og:site_name\" content=\"GlobalExam Blog\" \/>\n<meta property=\"article:publisher\" content=\"https:\/\/www.facebook.com\/Global.Exam\" \/>\n<meta property=\"article:modified_time\" content=\"2022-09-15T15:16:01+00:00\" \/>\n<meta name=\"twitter:card\" content=\"summary_large_image\" \/>\n<meta name=\"twitter:site\" content=\"@Global_Exam\" \/>\n<meta name=\"twitter:label1\" content=\"Dur\u00e9e de lecture estim\u00e9e\" \/>\n\t<meta name=\"twitter:data1\" content=\"1 minute\" \/>\n<script type=\"application\/ld+json\" class=\"yoast-schema-graph\">{\"@context\":\"https:\/\/schema.org\",\"@graph\":[{\"@type\":\"WebSite\",\"@id\":\"https:\/\/global-exam.com\/blog\/#website\",\"url\":\"https:\/\/global-exam.com\/blog\/\",\"name\":\"GlobalExam Blog\",\"description\":\"Le blog du sp\\u00e9cialiste de la certification linguistique\",\"potentialAction\":[{\"@type\":\"SearchAction\",\"target\":{\"@type\":\"EntryPoint\",\"urlTemplate\":\"https:\/\/global-exam.com\/blog\/?s={search_term_string}\"},\"query-input\":\"required name=search_term_string\"}],\"inLanguage\":\"fr-FR\"},{\"@type\":\"WebPage\",\"@id\":\"https:\/\/global-exam.com\/blog\/es\/examenes\/toeic\/categoria-instrucciones-toeic\/#webpage\",\"url\":\"https:\/\/global-exam.com\/blog\/es\/examenes\/toeic\/categoria-instrucciones-toeic\/\",\"name\":\"Instrucciones TOEIC\",\"isPartOf\":{\"@id\":\"https:\/\/global-exam.com\/blog\/#website\"},\"datePublished\":\"2021-09-09T15:27:58+00:00\",\"dateModified\":\"2022-09-15T15:16:01+00:00\",\"breadcrumb\":{\"@id\":\"https:\/\/global-exam.com\/blog\/es\/examenes\/toeic\/categoria-instrucciones-toeic\/#breadcrumb\"},\"inLanguage\":\"fr-FR\",\"potentialAction\":[{\"@type\":\"ReadAction\",\"target\":[\"https:\/\/global-exam.com\/blog\/es\/examenes\/toeic\/categoria-instrucciones-toeic\/\"]}]},{\"@type\":\"BreadcrumbList\",\"@id\":\"https:\/\/global-exam.com\/blog\/es\/examenes\/toeic\/categoria-instrucciones-toeic\/#breadcrumb\",\"itemListElement\":[{\"@type\":\"ListItem\",\"position\":1,\"name\":\"Ex\\u00e1menes de idioma\",\"item\":\"https:\/\/global-exam.com\/blog\/es\/examenes\/\"},{\"@type\":\"ListItem\",\"position\":2,\"name\":\"TOEIC\",\"item\":\"https:\/\/global-exam.com\/blog\/es\/examenes\/toeic\/\"},{\"@type\":\"ListItem\",\"position\":3,\"name\":\"Instrucciones TOEIC\"}]}]}<\/script>\n<!-- \/ Yoast SEO plugin. -->","yoast_head_json":{"title":"Instrucciones TOEIC","robots":{"index":"index","follow":"follow","max-snippet":"max-snippet:-1","max-image-preview":"max-image-preview:large","max-video-preview":"max-video-preview:-1"},"canonical":"https:\/\/global-exam.com\/blog\/es\/examenes\/toeic\/categoria-instrucciones-toeic\/","og_locale":"fr_FR","og_type":"article","og_title":"Instrucciones TOEIC","og_description":"Descubre la estructura del test El TOEIC es un examen que eval\u00faa y acredita el nivel de la lengua inglesa\u00a0para desenvolverse en [&hellip;]","og_url":"https:\/\/global-exam.com\/blog\/es\/examenes\/toeic\/categoria-instrucciones-toeic\/","og_site_name":"GlobalExam Blog","article_publisher":"https:\/\/www.facebook.com\/Global.Exam","article_modified_time":"2022-09-15T15:16:01+00:00","twitter_card":"summary_large_image","twitter_site":"@Global_Exam","twitter_misc":{"Dur\u00e9e de lecture estim\u00e9e":"1 minute"},"schema":{"@context":"https:\/\/schema.org","@graph":[{"@type":"WebSite","@id":"https:\/\/global-exam.com\/blog\/#website","url":"https:\/\/global-exam.com\/blog\/","name":"GlobalExam Blog","description":"Le blog du sp\u00e9cialiste de la certification linguistique","potentialAction":[{"@type":"SearchAction","target":{"@type":"EntryPoint","urlTemplate":"https:\/\/global-exam.com\/blog\/?s={search_term_string}"},"query-input":"required name=search_term_string"}],"inLanguage":"fr-FR"},{"@type":"WebPage","@id":"https:\/\/global-exam.com\/blog\/es\/examenes\/toeic\/categoria-instrucciones-toeic\/#webpage","url":"https:\/\/global-exam.com\/blog\/es\/examenes\/toeic\/categoria-instrucciones-toeic\/","name":"Instrucciones TOEIC","isPartOf":{"@id":"https:\/\/global-exam.com\/blog\/#website"},"datePublished":"2021-09-09T15:27:58+00:00","dateModified":"2022-09-15T15:16:01+00:00","breadcrumb":{"@id":"https:\/\/global-exam.com\/blog\/es\/examenes\/toeic\/categoria-instrucciones-toeic\/#breadcrumb"},"inLanguage":"fr-FR","potentialAction":[{"@type":"ReadAction","target":["https:\/\/global-exam.com\/blog\/es\/examenes\/toeic\/categoria-instrucciones-toeic\/"]}]},{"@type":"BreadcrumbList","@id":"https:\/\/global-exam.com\/blog\/es\/examenes\/toeic\/categoria-instrucciones-toeic\/#breadcrumb","itemListElement":[{"@type":"ListItem","position":1,"name":"Ex\u00e1menes de idioma","item":"https:\/\/global-exam.com\/blog\/es\/examenes\/"},{"@type":"ListItem","position":2,"name":"TOEIC","item":"https:\/\/global-exam.com\/blog\/es\/examenes\/toeic\/"},{"@type":"ListItem","position":3,"name":"Instrucciones TOEIC"}]}]}},"lang":"es","translations":{"es":62889},"pll_sync_post":[],"_links":{"self":[{"href":"https:\/\/global-exam.com\/blog\/wp-json\/wp\/v2\/pages\/62889"}],"collection":[{"href":"https:\/\/global-exam.com\/blog\/wp-json\/wp\/v2\/pages"}],"about":[{"href":"https:\/\/global-exam.com\/blog\/wp-json\/wp\/v2\/types\/page"}],"author":[{"embeddable":true,"href":"https:\/\/global-exam.com\/blog\/wp-json\/wp\/v2\/users\/24"}],"replies":[{"embeddable":true,"href":"https:\/\/global-exam.com\/blog\/wp-json\/wp\/v2\/comments?post=62889"}],"version-history":[{"count":4,"href":"https:\/\/global-exam.com\/blog\/wp-json\/wp\/v2\/pages\/62889\/revisions"}],"predecessor-version":[{"id":79480,"href":"https:\/\/global-exam.com\/blog\/wp-json\/wp\/v2\/pages\/62889\/revisions\/79480"}],"up":[{"embeddable":true,"href":"https:\/\/global-exam.com\/blog\/wp-json\/wp\/v2\/pages\/14864"}],"wp:attachment":[{"href":"https:\/\/global-exam.com\/blog\/wp-json\/wp\/v2\/media?parent=62889"}],"curies":[{"name":"wp","href":"https:\/\/api.w.org\/{rel}","templated":true}]}}