{"id":62910,"date":"2021-09-09T17:44:08","date_gmt":"2021-09-09T15:44:08","guid":{"rendered":"https:\/\/global-exam.com\/blog\/?page_id=62910"},"modified":"2022-09-15T17:13:31","modified_gmt":"2022-09-15T15:13:31","slug":"categoria-centros-de-examen-toeic","status":"publish","type":"page","link":"https:\/\/global-exam.com\/blog\/es\/examenes\/toeic\/categoria-centros-de-examen-toeic\/","title":{"rendered":"Centros de examen TOEIC"},"content":{"rendered":"<p>Encuentra un centro de examen cerca de t\u00ed<\/p>\n<p>El TOEIC (Test of English for International Communication) es un<strong>\u00a0examen oficial de ingl\u00e9s<\/strong>\u00a0que realizan m\u00e1s de 14000 centros en 160 pa\u00edses del mundo. Acredita nuestras\u00a0<strong>capacidades y competencias en ingl\u00e9s<\/strong>\u00a0con fines profesionales, de manera que es un diploma requerido en varias empresas internacionales.<\/p>\n<p>\u00bfEres uno de los futuros candidatos al TOEIC? Descubre la informaci\u00f3n necesaria para conocer los\u00a0<strong>tr\u00e1mites de inscripci\u00f3n en l\u00ednea<\/strong>, a trav\u00e9s de la p\u00e1gina web de la empresa ETS (Educational Testing Service).<\/p>\n<p>Averigua asimismo la\u00a0<strong>localizaci\u00f3n de los centros de examen<\/strong>\u00a0acreditados, en funci\u00f3n del \u00e1rea donde vives o te encuentras, para acudir a la oficina representativa de ETS en ese pa\u00eds. Existen tambi\u00e9n entidades colaboradoras, que te permitir\u00e1n presentarse al examen en las fechas propuestas, sin tener que desplazarte en el caso de que exista una \u00fanica oficina oficial.<\/p>\n<p>\u00bfSab\u00edas que casi todos los pa\u00edses hisp\u00e1nicos tienen\u00a0<strong>un centro oficial asociado con ETS<\/strong>?<\/p>\n<p>No dejes la inscripci\u00f3n para el \u00faltimo momento. Te ayudamos a familiarizarte con los tr\u00e1mites, el precio de matr\u00edcula, la selecci\u00f3n de tu centro de examen y, por supuesto, la preparaci\u00f3n del TOEIC.<\/p>\n<p>Con m\u00e1s de 60 horas de entrenamiento en l\u00ednea, te acompa\u00f1amos en tu proceso de aprendizaje y tambi\u00e9n de inscripci\u00f3n.<\/p>\n<p>\u00a1Cuenta con nosotros!<\/p>\n","protected":false},"excerpt":{"rendered":"<p>Encuentra un centro de examen cerca de t\u00ed El TOEIC (Test of English for International Communication) es un\u00a0examen oficial de ingl\u00e9s\u00a0que realizan [&hellip;]<\/p>\n","protected":false},"author":24,"featured_media":0,"parent":14864,"menu_order":0,"comment_status":"closed","ping_status":"closed","template":"","meta":[],"acf":[],"yoast_head":"<!-- This site is optimized with the Yoast SEO plugin v17.2.1 - https:\/\/yoast.com\/wordpress\/plugins\/seo\/ -->\n<title>Centros de examen TOEIC<\/title>\n<meta name=\"robots\" content=\"index, follow, max-snippet:-1, max-image-preview:large, max-video-preview:-1\" \/>\n<link rel=\"canonical\" href=\"https:\/\/global-exam.com\/blog\/es\/examenes\/toeic\/categoria-centros-de-examen-toeic\/\" \/>\n<meta property=\"og:locale\" content=\"fr_FR\" \/>\n<meta property=\"og:type\" content=\"article\" \/>\n<meta property=\"og:title\" content=\"Centros de examen TOEIC\" \/>\n<meta property=\"og:description\" content=\"Encuentra un centro de examen cerca de t\u00ed El TOEIC (Test of English for International Communication) es un\u00a0examen oficial de ingl\u00e9s\u00a0que realizan [&hellip;]\" \/>\n<meta property=\"og:url\" content=\"https:\/\/global-exam.com\/blog\/es\/examenes\/toeic\/categoria-centros-de-examen-toeic\/\" \/>\n<meta property=\"og:site_name\" content=\"GlobalExam Blog\" \/>\n<meta property=\"article:publisher\" content=\"https:\/\/www.facebook.com\/Global.Exam\" \/>\n<meta property=\"article:modified_time\" content=\"2022-09-15T15:13:31+00:00\" \/>\n<meta name=\"twitter:card\" content=\"summary_large_image\" \/>\n<meta name=\"twitter:site\" content=\"@Global_Exam\" \/>\n<meta name=\"twitter:label1\" content=\"Dur\u00e9e de lecture estim\u00e9e\" \/>\n\t<meta name=\"twitter:data1\" content=\"1 minute\" \/>\n<script type=\"application\/ld+json\" class=\"yoast-schema-graph\">{\"@context\":\"https:\/\/schema.org\",\"@graph\":[{\"@type\":\"WebSite\",\"@id\":\"https:\/\/global-exam.com\/blog\/#website\",\"url\":\"https:\/\/global-exam.com\/blog\/\",\"name\":\"GlobalExam Blog\",\"description\":\"Le blog du sp\\u00e9cialiste de la certification linguistique\",\"potentialAction\":[{\"@type\":\"SearchAction\",\"target\":{\"@type\":\"EntryPoint\",\"urlTemplate\":\"https:\/\/global-exam.com\/blog\/?s={search_term_string}\"},\"query-input\":\"required name=search_term_string\"}],\"inLanguage\":\"fr-FR\"},{\"@type\":\"WebPage\",\"@id\":\"https:\/\/global-exam.com\/blog\/es\/examenes\/toeic\/categoria-centros-de-examen-toeic\/#webpage\",\"url\":\"https:\/\/global-exam.com\/blog\/es\/examenes\/toeic\/categoria-centros-de-examen-toeic\/\",\"name\":\"Centros de examen TOEIC\",\"isPartOf\":{\"@id\":\"https:\/\/global-exam.com\/blog\/#website\"},\"datePublished\":\"2021-09-09T15:44:08+00:00\",\"dateModified\":\"2022-09-15T15:13:31+00:00\",\"breadcrumb\":{\"@id\":\"https:\/\/global-exam.com\/blog\/es\/examenes\/toeic\/categoria-centros-de-examen-toeic\/#breadcrumb\"},\"inLanguage\":\"fr-FR\",\"potentialAction\":[{\"@type\":\"ReadAction\",\"target\":[\"https:\/\/global-exam.com\/blog\/es\/examenes\/toeic\/categoria-centros-de-examen-toeic\/\"]}]},{\"@type\":\"BreadcrumbList\",\"@id\":\"https:\/\/global-exam.com\/blog\/es\/examenes\/toeic\/categoria-centros-de-examen-toeic\/#breadcrumb\",\"itemListElement\":[{\"@type\":\"ListItem\",\"position\":1,\"name\":\"Ex\\u00e1menes de idioma\",\"item\":\"https:\/\/global-exam.com\/blog\/es\/examenes\/\"},{\"@type\":\"ListItem\",\"position\":2,\"name\":\"TOEIC\",\"item\":\"https:\/\/global-exam.com\/blog\/es\/examenes\/toeic\/\"},{\"@type\":\"ListItem\",\"position\":3,\"name\":\"Centros de examen TOEIC\"}]}]}<\/script>\n<!-- \/ Yoast SEO plugin. -->","yoast_head_json":{"title":"Centros de examen TOEIC","robots":{"index":"index","follow":"follow","max-snippet":"max-snippet:-1","max-image-preview":"max-image-preview:large","max-video-preview":"max-video-preview:-1"},"canonical":"https:\/\/global-exam.com\/blog\/es\/examenes\/toeic\/categoria-centros-de-examen-toeic\/","og_locale":"fr_FR","og_type":"article","og_title":"Centros de examen TOEIC","og_description":"Encuentra un centro de examen cerca de t\u00ed El TOEIC (Test of English for International Communication) es un\u00a0examen oficial de ingl\u00e9s\u00a0que realizan [&hellip;]","og_url":"https:\/\/global-exam.com\/blog\/es\/examenes\/toeic\/categoria-centros-de-examen-toeic\/","og_site_name":"GlobalExam Blog","article_publisher":"https:\/\/www.facebook.com\/Global.Exam","article_modified_time":"2022-09-15T15:13:31+00:00","twitter_card":"summary_large_image","twitter_site":"@Global_Exam","twitter_misc":{"Dur\u00e9e de lecture estim\u00e9e":"1 minute"},"schema":{"@context":"https:\/\/schema.org","@graph":[{"@type":"WebSite","@id":"https:\/\/global-exam.com\/blog\/#website","url":"https:\/\/global-exam.com\/blog\/","name":"GlobalExam Blog","description":"Le blog du sp\u00e9cialiste de la certification linguistique","potentialAction":[{"@type":"SearchAction","target":{"@type":"EntryPoint","urlTemplate":"https:\/\/global-exam.com\/blog\/?s={search_term_string}"},"query-input":"required name=search_term_string"}],"inLanguage":"fr-FR"},{"@type":"WebPage","@id":"https:\/\/global-exam.com\/blog\/es\/examenes\/toeic\/categoria-centros-de-examen-toeic\/#webpage","url":"https:\/\/global-exam.com\/blog\/es\/examenes\/toeic\/categoria-centros-de-examen-toeic\/","name":"Centros de examen TOEIC","isPartOf":{"@id":"https:\/\/global-exam.com\/blog\/#website"},"datePublished":"2021-09-09T15:44:08+00:00","dateModified":"2022-09-15T15:13:31+00:00","breadcrumb":{"@id":"https:\/\/global-exam.com\/blog\/es\/examenes\/toeic\/categoria-centros-de-examen-toeic\/#breadcrumb"},"inLanguage":"fr-FR","potentialAction":[{"@type":"ReadAction","target":["https:\/\/global-exam.com\/blog\/es\/examenes\/toeic\/categoria-centros-de-examen-toeic\/"]}]},{"@type":"BreadcrumbList","@id":"https:\/\/global-exam.com\/blog\/es\/examenes\/toeic\/categoria-centros-de-examen-toeic\/#breadcrumb","itemListElement":[{"@type":"ListItem","position":1,"name":"Ex\u00e1menes de idioma","item":"https:\/\/global-exam.com\/blog\/es\/examenes\/"},{"@type":"ListItem","position":2,"name":"TOEIC","item":"https:\/\/global-exam.com\/blog\/es\/examenes\/toeic\/"},{"@type":"ListItem","position":3,"name":"Centros de examen TOEIC"}]}]}},"lang":"es","translations":{"es":62910},"pll_sync_post":[],"_links":{"self":[{"href":"https:\/\/global-exam.com\/blog\/wp-json\/wp\/v2\/pages\/62910"}],"collection":[{"href":"https:\/\/global-exam.com\/blog\/wp-json\/wp\/v2\/pages"}],"about":[{"href":"https:\/\/global-exam.com\/blog\/wp-json\/wp\/v2\/types\/page"}],"author":[{"embeddable":true,"href":"https:\/\/global-exam.com\/blog\/wp-json\/wp\/v2\/users\/24"}],"replies":[{"embeddable":true,"href":"https:\/\/global-exam.com\/blog\/wp-json\/wp\/v2\/comments?post=62910"}],"version-history":[{"count":5,"href":"https:\/\/global-exam.com\/blog\/wp-json\/wp\/v2\/pages\/62910\/revisions"}],"predecessor-version":[{"id":79478,"href":"https:\/\/global-exam.com\/blog\/wp-json\/wp\/v2\/pages\/62910\/revisions\/79478"}],"up":[{"embeddable":true,"href":"https:\/\/global-exam.com\/blog\/wp-json\/wp\/v2\/pages\/14864"}],"wp:attachment":[{"href":"https:\/\/global-exam.com\/blog\/wp-json\/wp\/v2\/media?parent=62910"}],"curies":[{"name":"wp","href":"https:\/\/api.w.org\/{rel}","templated":true}]}}