{"id":62914,"date":"2021-09-09T17:46:20","date_gmt":"2021-09-09T15:46:20","guid":{"rendered":"https:\/\/global-exam.com\/blog\/?page_id=62914"},"modified":"2022-09-15T17:19:09","modified_gmt":"2022-09-15T15:19:09","slug":"obten-un-buen-puntaje-toeic","status":"publish","type":"page","link":"https:\/\/global-exam.com\/blog\/es\/examenes\/toeic\/categoria-obten-un-buen-puntaje-toeic\/","title":{"rendered":"Obt\u00e9n un buen puntaje TOEIC"},"content":{"rendered":"<p>Consigue la puntaci\u00f3n que deseas<\/p>\n<p>Como ya sabes, el TOEIC (Test Of English for International Communication), constituye un\u00a0<strong>certificado prestigioso y v\u00e1lido en empresas y universidades<\/strong>\u00a0en todo el mundo.<\/p>\n<p>Si quieres realizar este examen, es importante que conozcas cada una de las pruebas y\u00a0<strong>el sistema de puntaje<\/strong>, tanto para el TOEIC Listening and Reading (comprensi\u00f3n auditiva y lectora) como para el TOEIC Speaking and Writing (expresi\u00f3n oral y escrita).<\/p>\n<p>\u00bfPor qu\u00e9 es importante evaluarte? Es verdad que el TOEIC es un\u00a0<strong>examen multinivel<\/strong>, por lo que no se aprueba ni se suspende. Sin embargo, algunas universidades o empresas exigen\u00a0<strong>una puntuaci\u00f3n espec\u00edfica<\/strong>\u00a0para acceder a sus programas.<\/p>\n<p>Tambi\u00e9n es importante saber a qu\u00e9 nivel corresponde tu nivel en el MCER, para comparar con las habilidades requeridas y adoptar la mejor estrategia de estudio.<\/p>\n<p>Descubre en esta secci\u00f3n\u00a0<strong>c\u00f3mo funciona el informe de evaluaci\u00f3n<\/strong>, en el que se suman los puntos obtenidos en cada una de las pruebas, y se aplica una escala de conversi\u00f3n. Te mostramos a qu\u00e9 tipo de capacidades corresponden los puntos obtenidos; lo cual te permitir\u00e1\u00a0<strong>evaluar tus fortalezas y debilidades<\/strong>, para prepararte de manera eficaz al examen.<\/p>\n<p>Adem\u00e1s de ayudarte a dise\u00f1ar tu propia estrategia, te explicamos c\u00f3mo prepararte gracias a un acceso limitado y gratuito a la formaci\u00f3n TOEIC.<\/p>\n<p>Identifica tus objetivos y \u00a1d\u00e9jate guiar!<\/p>\n","protected":false},"excerpt":{"rendered":"<p>Consigue la puntaci\u00f3n que deseas Como ya sabes, el TOEIC (Test Of English for International Communication), constituye un\u00a0certificado prestigioso y v\u00e1lido en [&hellip;]<\/p>\n","protected":false},"author":24,"featured_media":0,"parent":14864,"menu_order":0,"comment_status":"closed","ping_status":"closed","template":"","meta":[],"acf":[],"yoast_head":"<!-- This site is optimized with the Yoast SEO plugin v17.2.1 - https:\/\/yoast.com\/wordpress\/plugins\/seo\/ -->\n<title>Obt\u00e9n un buen puntaje TOEIC<\/title>\n<meta name=\"robots\" content=\"index, follow, max-snippet:-1, max-image-preview:large, max-video-preview:-1\" \/>\n<link rel=\"canonical\" href=\"https:\/\/global-exam.com\/blog\/es\/examenes\/toeic\/categoria-obten-un-buen-puntaje-toeic\/\" \/>\n<meta property=\"og:locale\" content=\"fr_FR\" \/>\n<meta property=\"og:type\" content=\"article\" \/>\n<meta property=\"og:title\" content=\"Obt\u00e9n un buen puntaje TOEIC\" \/>\n<meta property=\"og:description\" content=\"Consigue la puntaci\u00f3n que deseas Como ya sabes, el TOEIC (Test Of English for International Communication), constituye un\u00a0certificado prestigioso y v\u00e1lido en [&hellip;]\" \/>\n<meta property=\"og:url\" content=\"https:\/\/global-exam.com\/blog\/es\/examenes\/toeic\/categoria-obten-un-buen-puntaje-toeic\/\" \/>\n<meta property=\"og:site_name\" content=\"GlobalExam Blog\" \/>\n<meta property=\"article:publisher\" content=\"https:\/\/www.facebook.com\/Global.Exam\" \/>\n<meta property=\"article:modified_time\" content=\"2022-09-15T15:19:09+00:00\" \/>\n<meta name=\"twitter:card\" content=\"summary_large_image\" \/>\n<meta name=\"twitter:site\" content=\"@Global_Exam\" \/>\n<meta name=\"twitter:label1\" content=\"Dur\u00e9e de lecture estim\u00e9e\" \/>\n\t<meta name=\"twitter:data1\" content=\"1 minute\" \/>\n<script type=\"application\/ld+json\" class=\"yoast-schema-graph\">{\"@context\":\"https:\/\/schema.org\",\"@graph\":[{\"@type\":\"WebSite\",\"@id\":\"https:\/\/global-exam.com\/blog\/#website\",\"url\":\"https:\/\/global-exam.com\/blog\/\",\"name\":\"GlobalExam Blog\",\"description\":\"Le blog du sp\\u00e9cialiste de la certification linguistique\",\"potentialAction\":[{\"@type\":\"SearchAction\",\"target\":{\"@type\":\"EntryPoint\",\"urlTemplate\":\"https:\/\/global-exam.com\/blog\/?s={search_term_string}\"},\"query-input\":\"required name=search_term_string\"}],\"inLanguage\":\"fr-FR\"},{\"@type\":\"WebPage\",\"@id\":\"https:\/\/global-exam.com\/blog\/es\/examenes\/toeic\/categoria-obten-un-buen-puntaje-toeic\/#webpage\",\"url\":\"https:\/\/global-exam.com\/blog\/es\/examenes\/toeic\/categoria-obten-un-buen-puntaje-toeic\/\",\"name\":\"Obt\\u00e9n un buen puntaje TOEIC\",\"isPartOf\":{\"@id\":\"https:\/\/global-exam.com\/blog\/#website\"},\"datePublished\":\"2021-09-09T15:46:20+00:00\",\"dateModified\":\"2022-09-15T15:19:09+00:00\",\"breadcrumb\":{\"@id\":\"https:\/\/global-exam.com\/blog\/es\/examenes\/toeic\/categoria-obten-un-buen-puntaje-toeic\/#breadcrumb\"},\"inLanguage\":\"fr-FR\",\"potentialAction\":[{\"@type\":\"ReadAction\",\"target\":[\"https:\/\/global-exam.com\/blog\/es\/examenes\/toeic\/categoria-obten-un-buen-puntaje-toeic\/\"]}]},{\"@type\":\"BreadcrumbList\",\"@id\":\"https:\/\/global-exam.com\/blog\/es\/examenes\/toeic\/categoria-obten-un-buen-puntaje-toeic\/#breadcrumb\",\"itemListElement\":[{\"@type\":\"ListItem\",\"position\":1,\"name\":\"Ex\\u00e1menes de idioma\",\"item\":\"https:\/\/global-exam.com\/blog\/es\/examenes\/\"},{\"@type\":\"ListItem\",\"position\":2,\"name\":\"TOEIC\",\"item\":\"https:\/\/global-exam.com\/blog\/es\/examenes\/toeic\/\"},{\"@type\":\"ListItem\",\"position\":3,\"name\":\"Obt\\u00e9n un buen puntaje TOEIC\"}]}]}<\/script>\n<!-- \/ Yoast SEO plugin. -->","yoast_head_json":{"title":"Obt\u00e9n un buen puntaje TOEIC","robots":{"index":"index","follow":"follow","max-snippet":"max-snippet:-1","max-image-preview":"max-image-preview:large","max-video-preview":"max-video-preview:-1"},"canonical":"https:\/\/global-exam.com\/blog\/es\/examenes\/toeic\/categoria-obten-un-buen-puntaje-toeic\/","og_locale":"fr_FR","og_type":"article","og_title":"Obt\u00e9n un buen puntaje TOEIC","og_description":"Consigue la puntaci\u00f3n que deseas Como ya sabes, el TOEIC (Test Of English for International Communication), constituye un\u00a0certificado prestigioso y v\u00e1lido en [&hellip;]","og_url":"https:\/\/global-exam.com\/blog\/es\/examenes\/toeic\/categoria-obten-un-buen-puntaje-toeic\/","og_site_name":"GlobalExam Blog","article_publisher":"https:\/\/www.facebook.com\/Global.Exam","article_modified_time":"2022-09-15T15:19:09+00:00","twitter_card":"summary_large_image","twitter_site":"@Global_Exam","twitter_misc":{"Dur\u00e9e de lecture estim\u00e9e":"1 minute"},"schema":{"@context":"https:\/\/schema.org","@graph":[{"@type":"WebSite","@id":"https:\/\/global-exam.com\/blog\/#website","url":"https:\/\/global-exam.com\/blog\/","name":"GlobalExam Blog","description":"Le blog du sp\u00e9cialiste de la certification linguistique","potentialAction":[{"@type":"SearchAction","target":{"@type":"EntryPoint","urlTemplate":"https:\/\/global-exam.com\/blog\/?s={search_term_string}"},"query-input":"required name=search_term_string"}],"inLanguage":"fr-FR"},{"@type":"WebPage","@id":"https:\/\/global-exam.com\/blog\/es\/examenes\/toeic\/categoria-obten-un-buen-puntaje-toeic\/#webpage","url":"https:\/\/global-exam.com\/blog\/es\/examenes\/toeic\/categoria-obten-un-buen-puntaje-toeic\/","name":"Obt\u00e9n un buen puntaje TOEIC","isPartOf":{"@id":"https:\/\/global-exam.com\/blog\/#website"},"datePublished":"2021-09-09T15:46:20+00:00","dateModified":"2022-09-15T15:19:09+00:00","breadcrumb":{"@id":"https:\/\/global-exam.com\/blog\/es\/examenes\/toeic\/categoria-obten-un-buen-puntaje-toeic\/#breadcrumb"},"inLanguage":"fr-FR","potentialAction":[{"@type":"ReadAction","target":["https:\/\/global-exam.com\/blog\/es\/examenes\/toeic\/categoria-obten-un-buen-puntaje-toeic\/"]}]},{"@type":"BreadcrumbList","@id":"https:\/\/global-exam.com\/blog\/es\/examenes\/toeic\/categoria-obten-un-buen-puntaje-toeic\/#breadcrumb","itemListElement":[{"@type":"ListItem","position":1,"name":"Ex\u00e1menes de idioma","item":"https:\/\/global-exam.com\/blog\/es\/examenes\/"},{"@type":"ListItem","position":2,"name":"TOEIC","item":"https:\/\/global-exam.com\/blog\/es\/examenes\/toeic\/"},{"@type":"ListItem","position":3,"name":"Obt\u00e9n un buen puntaje TOEIC"}]}]}},"lang":"es","translations":{"es":62914},"pll_sync_post":[],"_links":{"self":[{"href":"https:\/\/global-exam.com\/blog\/wp-json\/wp\/v2\/pages\/62914"}],"collection":[{"href":"https:\/\/global-exam.com\/blog\/wp-json\/wp\/v2\/pages"}],"about":[{"href":"https:\/\/global-exam.com\/blog\/wp-json\/wp\/v2\/types\/page"}],"author":[{"embeddable":true,"href":"https:\/\/global-exam.com\/blog\/wp-json\/wp\/v2\/users\/24"}],"replies":[{"embeddable":true,"href":"https:\/\/global-exam.com\/blog\/wp-json\/wp\/v2\/comments?post=62914"}],"version-history":[{"count":4,"href":"https:\/\/global-exam.com\/blog\/wp-json\/wp\/v2\/pages\/62914\/revisions"}],"predecessor-version":[{"id":79483,"href":"https:\/\/global-exam.com\/blog\/wp-json\/wp\/v2\/pages\/62914\/revisions\/79483"}],"up":[{"embeddable":true,"href":"https:\/\/global-exam.com\/blog\/wp-json\/wp\/v2\/pages\/14864"}],"wp:attachment":[{"href":"https:\/\/global-exam.com\/blog\/wp-json\/wp\/v2\/media?parent=62914"}],"curies":[{"name":"wp","href":"https:\/\/api.w.org\/{rel}","templated":true}]}}