{"id":62921,"date":"2021-09-09T17:49:23","date_gmt":"2021-09-09T15:49:23","guid":{"rendered":"https:\/\/global-exam.com\/blog\/?page_id=62921"},"modified":"2022-09-15T17:17:39","modified_gmt":"2022-09-15T15:17:39","slug":"categoria-material-de-practica-toeic","status":"publish","type":"page","link":"https:\/\/global-exam.com\/blog\/es\/examenes\/toeic\/categoria-material-de-practica-toeic\/","title":{"rendered":"Material de pr\u00e1ctica TOEIC"},"content":{"rendered":"<p>Encuentra material para prepararte<\/p>\n<p>\u00bfQuieres preparar el TOEIC, pero no sabes c\u00f3mo hacerlo? Es cierto que no hay un solo modo de prepararse a un examen. Cada uno tiene\u00a0<strong>sus ventajas e inconvenientes<\/strong>: prepararlo de manera\u00a0<strong>autodidacta, mediante un libro o en l\u00ednea<\/strong>; dejarse acompa\u00f1ar por un profesor nativo; viajar, ver pel\u00edculas y relacionarse con nativos, etc.<\/p>\n<p>Deja que te hablemos de las ventajas e inconvenientes de cada uno de estos modos de preparaci\u00f3n que, adem\u00e1s, \u00a1no son incompatibles!<\/p>\n<p>Aunque tengas vocaci\u00f3n autodidacta y te guste viajar, ver\u00e1s que es importante\u00a0<strong>beneficiarse de las herramientas que te proporcionamos<\/strong>\u00a0a trav\u00e9s de nuestra preparaci\u00f3n en l\u00ednea.<\/p>\n<p>En efecto, adem\u00e1s de poder utilizar\u00a0<strong>materiales de examen y prepararte en condiciones reales<\/strong>, tendr\u00e1s la grand\u00edsima ventaja de poder ser acompa\u00f1ado en la definici\u00f3n de un objetivo y una estrategia de estudio, en funci\u00f3n de tu forma de ser. Este plan personalizado es lo que va a maximizar tus posibilidades de \u00e9xito.<\/p>\n<p>Empieza a entrenarte con nosotros y descubre todas nuestras posibilidades, que son las tuyas.<\/p>\n","protected":false},"excerpt":{"rendered":"<p>Encuentra material para prepararte \u00bfQuieres preparar el TOEIC, pero no sabes c\u00f3mo hacerlo? Es cierto que no hay un solo modo de [&hellip;]<\/p>\n","protected":false},"author":24,"featured_media":0,"parent":14864,"menu_order":0,"comment_status":"closed","ping_status":"closed","template":"","meta":[],"acf":[],"yoast_head":"<!-- This site is optimized with the Yoast SEO plugin v17.2.1 - https:\/\/yoast.com\/wordpress\/plugins\/seo\/ -->\n<title>Material de pr\u00e1ctica TOEIC<\/title>\n<meta name=\"robots\" content=\"index, follow, max-snippet:-1, max-image-preview:large, max-video-preview:-1\" \/>\n<link rel=\"canonical\" href=\"https:\/\/global-exam.com\/blog\/es\/examenes\/toeic\/categoria-material-de-practica-toeic\/\" \/>\n<meta property=\"og:locale\" content=\"fr_FR\" \/>\n<meta property=\"og:type\" content=\"article\" \/>\n<meta property=\"og:title\" content=\"Material de pr\u00e1ctica TOEIC\" \/>\n<meta property=\"og:description\" content=\"Encuentra material para prepararte \u00bfQuieres preparar el TOEIC, pero no sabes c\u00f3mo hacerlo? Es cierto que no hay un solo modo de [&hellip;]\" \/>\n<meta property=\"og:url\" content=\"https:\/\/global-exam.com\/blog\/es\/examenes\/toeic\/categoria-material-de-practica-toeic\/\" \/>\n<meta property=\"og:site_name\" content=\"GlobalExam Blog\" \/>\n<meta property=\"article:publisher\" content=\"https:\/\/www.facebook.com\/Global.Exam\" \/>\n<meta property=\"article:modified_time\" content=\"2022-09-15T15:17:39+00:00\" \/>\n<meta name=\"twitter:card\" content=\"summary_large_image\" \/>\n<meta name=\"twitter:site\" content=\"@Global_Exam\" \/>\n<meta name=\"twitter:label1\" content=\"Dur\u00e9e de lecture estim\u00e9e\" \/>\n\t<meta name=\"twitter:data1\" content=\"1 minute\" \/>\n<script type=\"application\/ld+json\" class=\"yoast-schema-graph\">{\"@context\":\"https:\/\/schema.org\",\"@graph\":[{\"@type\":\"WebSite\",\"@id\":\"https:\/\/global-exam.com\/blog\/#website\",\"url\":\"https:\/\/global-exam.com\/blog\/\",\"name\":\"GlobalExam Blog\",\"description\":\"Le blog du sp\\u00e9cialiste de la certification linguistique\",\"potentialAction\":[{\"@type\":\"SearchAction\",\"target\":{\"@type\":\"EntryPoint\",\"urlTemplate\":\"https:\/\/global-exam.com\/blog\/?s={search_term_string}\"},\"query-input\":\"required name=search_term_string\"}],\"inLanguage\":\"fr-FR\"},{\"@type\":\"WebPage\",\"@id\":\"https:\/\/global-exam.com\/blog\/es\/examenes\/toeic\/categoria-material-de-practica-toeic\/#webpage\",\"url\":\"https:\/\/global-exam.com\/blog\/es\/examenes\/toeic\/categoria-material-de-practica-toeic\/\",\"name\":\"Material de pr\\u00e1ctica TOEIC\",\"isPartOf\":{\"@id\":\"https:\/\/global-exam.com\/blog\/#website\"},\"datePublished\":\"2021-09-09T15:49:23+00:00\",\"dateModified\":\"2022-09-15T15:17:39+00:00\",\"breadcrumb\":{\"@id\":\"https:\/\/global-exam.com\/blog\/es\/examenes\/toeic\/categoria-material-de-practica-toeic\/#breadcrumb\"},\"inLanguage\":\"fr-FR\",\"potentialAction\":[{\"@type\":\"ReadAction\",\"target\":[\"https:\/\/global-exam.com\/blog\/es\/examenes\/toeic\/categoria-material-de-practica-toeic\/\"]}]},{\"@type\":\"BreadcrumbList\",\"@id\":\"https:\/\/global-exam.com\/blog\/es\/examenes\/toeic\/categoria-material-de-practica-toeic\/#breadcrumb\",\"itemListElement\":[{\"@type\":\"ListItem\",\"position\":1,\"name\":\"Ex\\u00e1menes de idioma\",\"item\":\"https:\/\/global-exam.com\/blog\/es\/examenes\/\"},{\"@type\":\"ListItem\",\"position\":2,\"name\":\"TOEIC\",\"item\":\"https:\/\/global-exam.com\/blog\/es\/examenes\/toeic\/\"},{\"@type\":\"ListItem\",\"position\":3,\"name\":\"Material de pr\\u00e1ctica TOEIC\"}]}]}<\/script>\n<!-- \/ Yoast SEO plugin. -->","yoast_head_json":{"title":"Material de pr\u00e1ctica TOEIC","robots":{"index":"index","follow":"follow","max-snippet":"max-snippet:-1","max-image-preview":"max-image-preview:large","max-video-preview":"max-video-preview:-1"},"canonical":"https:\/\/global-exam.com\/blog\/es\/examenes\/toeic\/categoria-material-de-practica-toeic\/","og_locale":"fr_FR","og_type":"article","og_title":"Material de pr\u00e1ctica TOEIC","og_description":"Encuentra material para prepararte \u00bfQuieres preparar el TOEIC, pero no sabes c\u00f3mo hacerlo? Es cierto que no hay un solo modo de [&hellip;]","og_url":"https:\/\/global-exam.com\/blog\/es\/examenes\/toeic\/categoria-material-de-practica-toeic\/","og_site_name":"GlobalExam Blog","article_publisher":"https:\/\/www.facebook.com\/Global.Exam","article_modified_time":"2022-09-15T15:17:39+00:00","twitter_card":"summary_large_image","twitter_site":"@Global_Exam","twitter_misc":{"Dur\u00e9e de lecture estim\u00e9e":"1 minute"},"schema":{"@context":"https:\/\/schema.org","@graph":[{"@type":"WebSite","@id":"https:\/\/global-exam.com\/blog\/#website","url":"https:\/\/global-exam.com\/blog\/","name":"GlobalExam Blog","description":"Le blog du sp\u00e9cialiste de la certification linguistique","potentialAction":[{"@type":"SearchAction","target":{"@type":"EntryPoint","urlTemplate":"https:\/\/global-exam.com\/blog\/?s={search_term_string}"},"query-input":"required name=search_term_string"}],"inLanguage":"fr-FR"},{"@type":"WebPage","@id":"https:\/\/global-exam.com\/blog\/es\/examenes\/toeic\/categoria-material-de-practica-toeic\/#webpage","url":"https:\/\/global-exam.com\/blog\/es\/examenes\/toeic\/categoria-material-de-practica-toeic\/","name":"Material de pr\u00e1ctica TOEIC","isPartOf":{"@id":"https:\/\/global-exam.com\/blog\/#website"},"datePublished":"2021-09-09T15:49:23+00:00","dateModified":"2022-09-15T15:17:39+00:00","breadcrumb":{"@id":"https:\/\/global-exam.com\/blog\/es\/examenes\/toeic\/categoria-material-de-practica-toeic\/#breadcrumb"},"inLanguage":"fr-FR","potentialAction":[{"@type":"ReadAction","target":["https:\/\/global-exam.com\/blog\/es\/examenes\/toeic\/categoria-material-de-practica-toeic\/"]}]},{"@type":"BreadcrumbList","@id":"https:\/\/global-exam.com\/blog\/es\/examenes\/toeic\/categoria-material-de-practica-toeic\/#breadcrumb","itemListElement":[{"@type":"ListItem","position":1,"name":"Ex\u00e1menes de idioma","item":"https:\/\/global-exam.com\/blog\/es\/examenes\/"},{"@type":"ListItem","position":2,"name":"TOEIC","item":"https:\/\/global-exam.com\/blog\/es\/examenes\/toeic\/"},{"@type":"ListItem","position":3,"name":"Material de pr\u00e1ctica TOEIC"}]}]}},"lang":"es","translations":{"es":62921},"pll_sync_post":[],"_links":{"self":[{"href":"https:\/\/global-exam.com\/blog\/wp-json\/wp\/v2\/pages\/62921"}],"collection":[{"href":"https:\/\/global-exam.com\/blog\/wp-json\/wp\/v2\/pages"}],"about":[{"href":"https:\/\/global-exam.com\/blog\/wp-json\/wp\/v2\/types\/page"}],"author":[{"embeddable":true,"href":"https:\/\/global-exam.com\/blog\/wp-json\/wp\/v2\/users\/24"}],"replies":[{"embeddable":true,"href":"https:\/\/global-exam.com\/blog\/wp-json\/wp\/v2\/comments?post=62921"}],"version-history":[{"count":6,"href":"https:\/\/global-exam.com\/blog\/wp-json\/wp\/v2\/pages\/62921\/revisions"}],"predecessor-version":[{"id":79482,"href":"https:\/\/global-exam.com\/blog\/wp-json\/wp\/v2\/pages\/62921\/revisions\/79482"}],"up":[{"embeddable":true,"href":"https:\/\/global-exam.com\/blog\/wp-json\/wp\/v2\/pages\/14864"}],"wp:attachment":[{"href":"https:\/\/global-exam.com\/blog\/wp-json\/wp\/v2\/media?parent=62921"}],"curies":[{"name":"wp","href":"https:\/\/api.w.org\/{rel}","templated":true}]}}