{"id":62926,"date":"2021-09-09T17:55:56","date_gmt":"2021-09-09T15:55:56","guid":{"rendered":"https:\/\/global-exam.com\/blog\/?page_id=62926"},"modified":"2022-09-15T17:20:22","modified_gmt":"2022-09-15T15:20:22","slug":"categoria-vocabulario-toeic","status":"publish","type":"page","link":"https:\/\/global-exam.com\/blog\/es\/examenes\/toeic\/categoria-vocabulario-toeic\/","title":{"rendered":"Vocabulario TOEIC"},"content":{"rendered":"<p>Ampl\u00eda tu vocabulario<\/p>\n<p>En esta categor\u00eda te presentamos m\u00faltiples art\u00edculos con listas de\u00a0<strong>vocabulario sobre diferentes temas<\/strong>: dar direcciones, animales, prendas de vestir, miembros de la familia, nacionalidades, etc. Conocer estas listas de vocabulario te ayudar\u00e1 para el d\u00eda del examen, adem\u00e1s son listas enfocadas para presentar el\u00a0<strong>TOEIC<\/strong>.<\/p>\n<p>Para presentar el TOEIC es necesario tener un amplio bagaje ling\u00fc\u00edstico, como bien lo sabes es una prueba exigente. En los diferentes art\u00edculos de vocabulario vas a encontrar\u00a0<strong>fichas que te explicar\u00e1n de forma detallada<\/strong>\u00a0todo lo que necesitas aprender, como por ejemplo sobre las distintas maneras de preguntar la hora en ingl\u00e9s, las reglas, expresiones acerca de la hora y muchas cosas m\u00e1s sobre otros temas.<\/p>\n<p>El TOEIC es una titulaci\u00f3n\u00a0<strong>reconocida a nivel mundial,<\/strong>\u00a0que eval\u00faa las cuatro destrezas ling\u00fc\u00edsticas (comprensi\u00f3n oral, expresi\u00f3n oral, lectura y escucha) y ofrece una visi\u00f3n completa de tu capacidad para usar el ingl\u00e9s en un \u00e1mbito profesional. Igualmente, los ex\u00e1menes TOEIC proporcionan\u00a0<strong>puntuaciones v\u00e1lidas, fiables y justas sobre tu nivel de ingl\u00e9s.<\/strong><\/p>\n<p>En\u00a0<strong>GlobalExam<\/strong>\u00a0estamos para acompa\u00f1arte durante tu proceso de preparaci\u00f3n. Nuestra plataforma en l\u00ednea te ofrece<strong>\u00a0diferentes ejercicios de pr\u00e1ctica interactivos.<\/strong>\u00a0Cada uno de ellos incluye su correcci\u00f3n y explicaci\u00f3n.<\/p>\n<p>Tambi\u00e9n, podr\u00e1s entrenarte en condiciones reales del TOEIC con la ayuda de nuestros simulacros. Todo esto te permitir\u00e1 evaluar tu\u00a0<strong>progreso<\/strong>\u00a0y enfocarte en las destrezas que realmente necesitas mejorar.<\/p>\n<p>Recuerda que al momento de certificar tu nivel de ingl\u00e9s no puedes dejar nada al azar, empieza desde ya a practicar con\u00a0<strong>GlobalExam<\/strong>. Nuestra plataforma tiene la facilidad de que eres tu quien\u00a0<strong>organiza sus<\/strong>\u00a0<strong>propios<\/strong>\u00a0<strong>horarios<\/strong>.<\/p>\n","protected":false},"excerpt":{"rendered":"<p>Ampl\u00eda tu vocabulario En esta categor\u00eda te presentamos m\u00faltiples art\u00edculos con listas de\u00a0vocabulario sobre diferentes temas: dar direcciones, animales, prendas de vestir, [&hellip;]<\/p>\n","protected":false},"author":24,"featured_media":0,"parent":14864,"menu_order":0,"comment_status":"closed","ping_status":"closed","template":"","meta":[],"acf":[],"yoast_head":"<!-- This site is optimized with the Yoast SEO plugin v17.2.1 - https:\/\/yoast.com\/wordpress\/plugins\/seo\/ -->\n<title>Vocabulario TOEIC<\/title>\n<meta name=\"robots\" content=\"index, follow, max-snippet:-1, max-image-preview:large, max-video-preview:-1\" \/>\n<link rel=\"canonical\" href=\"https:\/\/global-exam.com\/blog\/es\/examenes\/toeic\/categoria-vocabulario-toeic\/\" \/>\n<meta property=\"og:locale\" content=\"fr_FR\" \/>\n<meta property=\"og:type\" content=\"article\" \/>\n<meta property=\"og:title\" content=\"Vocabulario TOEIC\" \/>\n<meta property=\"og:description\" content=\"Ampl\u00eda tu vocabulario En esta categor\u00eda te presentamos m\u00faltiples art\u00edculos con listas de\u00a0vocabulario sobre diferentes temas: dar direcciones, animales, prendas de vestir, [&hellip;]\" \/>\n<meta property=\"og:url\" content=\"https:\/\/global-exam.com\/blog\/es\/examenes\/toeic\/categoria-vocabulario-toeic\/\" \/>\n<meta property=\"og:site_name\" content=\"GlobalExam Blog\" \/>\n<meta property=\"article:publisher\" content=\"https:\/\/www.facebook.com\/Global.Exam\" \/>\n<meta property=\"article:modified_time\" content=\"2022-09-15T15:20:22+00:00\" \/>\n<meta name=\"twitter:card\" content=\"summary_large_image\" \/>\n<meta name=\"twitter:site\" content=\"@Global_Exam\" \/>\n<meta name=\"twitter:label1\" content=\"Dur\u00e9e de lecture estim\u00e9e\" \/>\n\t<meta name=\"twitter:data1\" content=\"2 minutes\" \/>\n<script type=\"application\/ld+json\" class=\"yoast-schema-graph\">{\"@context\":\"https:\/\/schema.org\",\"@graph\":[{\"@type\":\"WebSite\",\"@id\":\"https:\/\/global-exam.com\/blog\/#website\",\"url\":\"https:\/\/global-exam.com\/blog\/\",\"name\":\"GlobalExam Blog\",\"description\":\"Le blog du sp\\u00e9cialiste de la certification linguistique\",\"potentialAction\":[{\"@type\":\"SearchAction\",\"target\":{\"@type\":\"EntryPoint\",\"urlTemplate\":\"https:\/\/global-exam.com\/blog\/?s={search_term_string}\"},\"query-input\":\"required name=search_term_string\"}],\"inLanguage\":\"fr-FR\"},{\"@type\":\"WebPage\",\"@id\":\"https:\/\/global-exam.com\/blog\/es\/examenes\/toeic\/categoria-vocabulario-toeic\/#webpage\",\"url\":\"https:\/\/global-exam.com\/blog\/es\/examenes\/toeic\/categoria-vocabulario-toeic\/\",\"name\":\"Vocabulario TOEIC\",\"isPartOf\":{\"@id\":\"https:\/\/global-exam.com\/blog\/#website\"},\"datePublished\":\"2021-09-09T15:55:56+00:00\",\"dateModified\":\"2022-09-15T15:20:22+00:00\",\"breadcrumb\":{\"@id\":\"https:\/\/global-exam.com\/blog\/es\/examenes\/toeic\/categoria-vocabulario-toeic\/#breadcrumb\"},\"inLanguage\":\"fr-FR\",\"potentialAction\":[{\"@type\":\"ReadAction\",\"target\":[\"https:\/\/global-exam.com\/blog\/es\/examenes\/toeic\/categoria-vocabulario-toeic\/\"]}]},{\"@type\":\"BreadcrumbList\",\"@id\":\"https:\/\/global-exam.com\/blog\/es\/examenes\/toeic\/categoria-vocabulario-toeic\/#breadcrumb\",\"itemListElement\":[{\"@type\":\"ListItem\",\"position\":1,\"name\":\"Ex\\u00e1menes de idioma\",\"item\":\"https:\/\/global-exam.com\/blog\/es\/examenes\/\"},{\"@type\":\"ListItem\",\"position\":2,\"name\":\"TOEIC\",\"item\":\"https:\/\/global-exam.com\/blog\/es\/examenes\/toeic\/\"},{\"@type\":\"ListItem\",\"position\":3,\"name\":\"Vocabulario TOEIC\"}]}]}<\/script>\n<!-- \/ Yoast SEO plugin. -->","yoast_head_json":{"title":"Vocabulario TOEIC","robots":{"index":"index","follow":"follow","max-snippet":"max-snippet:-1","max-image-preview":"max-image-preview:large","max-video-preview":"max-video-preview:-1"},"canonical":"https:\/\/global-exam.com\/blog\/es\/examenes\/toeic\/categoria-vocabulario-toeic\/","og_locale":"fr_FR","og_type":"article","og_title":"Vocabulario TOEIC","og_description":"Ampl\u00eda tu vocabulario En esta categor\u00eda te presentamos m\u00faltiples art\u00edculos con listas de\u00a0vocabulario sobre diferentes temas: dar direcciones, animales, prendas de vestir, [&hellip;]","og_url":"https:\/\/global-exam.com\/blog\/es\/examenes\/toeic\/categoria-vocabulario-toeic\/","og_site_name":"GlobalExam Blog","article_publisher":"https:\/\/www.facebook.com\/Global.Exam","article_modified_time":"2022-09-15T15:20:22+00:00","twitter_card":"summary_large_image","twitter_site":"@Global_Exam","twitter_misc":{"Dur\u00e9e de lecture estim\u00e9e":"2 minutes"},"schema":{"@context":"https:\/\/schema.org","@graph":[{"@type":"WebSite","@id":"https:\/\/global-exam.com\/blog\/#website","url":"https:\/\/global-exam.com\/blog\/","name":"GlobalExam Blog","description":"Le blog du sp\u00e9cialiste de la certification linguistique","potentialAction":[{"@type":"SearchAction","target":{"@type":"EntryPoint","urlTemplate":"https:\/\/global-exam.com\/blog\/?s={search_term_string}"},"query-input":"required name=search_term_string"}],"inLanguage":"fr-FR"},{"@type":"WebPage","@id":"https:\/\/global-exam.com\/blog\/es\/examenes\/toeic\/categoria-vocabulario-toeic\/#webpage","url":"https:\/\/global-exam.com\/blog\/es\/examenes\/toeic\/categoria-vocabulario-toeic\/","name":"Vocabulario TOEIC","isPartOf":{"@id":"https:\/\/global-exam.com\/blog\/#website"},"datePublished":"2021-09-09T15:55:56+00:00","dateModified":"2022-09-15T15:20:22+00:00","breadcrumb":{"@id":"https:\/\/global-exam.com\/blog\/es\/examenes\/toeic\/categoria-vocabulario-toeic\/#breadcrumb"},"inLanguage":"fr-FR","potentialAction":[{"@type":"ReadAction","target":["https:\/\/global-exam.com\/blog\/es\/examenes\/toeic\/categoria-vocabulario-toeic\/"]}]},{"@type":"BreadcrumbList","@id":"https:\/\/global-exam.com\/blog\/es\/examenes\/toeic\/categoria-vocabulario-toeic\/#breadcrumb","itemListElement":[{"@type":"ListItem","position":1,"name":"Ex\u00e1menes de idioma","item":"https:\/\/global-exam.com\/blog\/es\/examenes\/"},{"@type":"ListItem","position":2,"name":"TOEIC","item":"https:\/\/global-exam.com\/blog\/es\/examenes\/toeic\/"},{"@type":"ListItem","position":3,"name":"Vocabulario TOEIC"}]}]}},"lang":"es","translations":{"es":62926},"pll_sync_post":[],"_links":{"self":[{"href":"https:\/\/global-exam.com\/blog\/wp-json\/wp\/v2\/pages\/62926"}],"collection":[{"href":"https:\/\/global-exam.com\/blog\/wp-json\/wp\/v2\/pages"}],"about":[{"href":"https:\/\/global-exam.com\/blog\/wp-json\/wp\/v2\/types\/page"}],"author":[{"embeddable":true,"href":"https:\/\/global-exam.com\/blog\/wp-json\/wp\/v2\/users\/24"}],"replies":[{"embeddable":true,"href":"https:\/\/global-exam.com\/blog\/wp-json\/wp\/v2\/comments?post=62926"}],"version-history":[{"count":4,"href":"https:\/\/global-exam.com\/blog\/wp-json\/wp\/v2\/pages\/62926\/revisions"}],"predecessor-version":[{"id":79484,"href":"https:\/\/global-exam.com\/blog\/wp-json\/wp\/v2\/pages\/62926\/revisions\/79484"}],"up":[{"embeddable":true,"href":"https:\/\/global-exam.com\/blog\/wp-json\/wp\/v2\/pages\/14864"}],"wp:attachment":[{"href":"https:\/\/global-exam.com\/blog\/wp-json\/wp\/v2\/media?parent=62926"}],"curies":[{"name":"wp","href":"https:\/\/api.w.org\/{rel}","templated":true}]}}