{"id":62929,"date":"2021-09-09T18:05:10","date_gmt":"2021-09-09T16:05:10","guid":{"rendered":"https:\/\/global-exam.com\/blog\/?page_id=62929"},"modified":"2022-09-15T17:14:57","modified_gmt":"2022-09-15T15:14:57","slug":"categoria-gramatica-toeic","status":"publish","type":"page","link":"https:\/\/global-exam.com\/blog\/es\/examenes\/toeic\/categoria-gramatica-toeic\/","title":{"rendered":"Gram\u00e1tica TOEIC"},"content":{"rendered":"<p>Domina la gram\u00e1tica del TOEIC<\/p>\n<p>Comprender la estructura y los tipos de ejercicios que encontrar\u00e1s en el <strong>TOEIC<\/strong>\u00a0es esencial para realizar una buena preparaci\u00f3n y obtener un buen puntaje en la prueba. Para resolver las diferentes secciones del examen, requieres tener buenas bases en\u00a0<strong>gram\u00e1tica<\/strong>. Sin embargo, saber que temas de gram\u00e1tica revisar puede resultar confuso, dado que existen cientos de\u00a0<strong>temas y subtemas en ingl\u00e9s<\/strong>.<\/p>\n<p>Con el objetivo de ayudarte, en\u00a0<strong>GlobalExam<\/strong>\u00a0nos hemos puesto en la tarea de seleccionar los puntos clave de gram\u00e1tica que debes conocer para el d\u00eda de la prueba. En este blog encontrar\u00e1s\u00a0<strong>explicaciones claras y comprensibles sobre m\u00faltiples temas gramaticales<\/strong>, por ejemplo: present perfect, present simple and continuous, comparatives and superlatives adjectives, conditional, etc. En cada uno de los art\u00edculos, hallar\u00e1s la explicaci\u00f3n respectiva del tema (reglas de uso, ejemplos, trucos\u2026), as\u00ed como una serie de ejercicios que te ayudar\u00e1n a comprobar si entendiste.<\/p>\n<p>En complemento a los\u00a0<strong>ejercicios<\/strong>\u00a0<strong>de pr\u00e1ctica<\/strong>\u00a0que encontrar\u00e1s en el blog, tambi\u00e9n podr\u00e1s entrenarte con nuestra plataforma en l\u00ednea. Tenemos diferentes m\u00f3dulos que te ayudar\u00e1n a entrenar tanto la comprensi\u00f3n auditiva, como la comprensi\u00f3n lectora. Igualmente, nuestro m\u00f3dulo de\u00a0<strong>hojas de estudio y revisiones,<\/strong>\u00a0te ayudar\u00e1n a mejorar en gram\u00e1tica, vocabulario y language functions.<\/p>\n<p>Nuestros\u00a0<strong>materiales son actuales,<\/strong>\u00a0relevantes y efectivos. Sabemos qu\u00e9 es lo que debes estudiar para hacerlo bien. Lee nuestro blog y\u00a0<strong>aprende lo que debes hacer.<\/strong><\/p>\n","protected":false},"excerpt":{"rendered":"<p>Domina la gram\u00e1tica del TOEIC Comprender la estructura y los tipos de ejercicios que encontrar\u00e1s en el TOEIC\u00a0es esencial para realizar una [&hellip;]<\/p>\n","protected":false},"author":24,"featured_media":0,"parent":14864,"menu_order":0,"comment_status":"closed","ping_status":"closed","template":"","meta":[],"acf":[],"yoast_head":"<!-- This site is optimized with the Yoast SEO plugin v17.2.1 - https:\/\/yoast.com\/wordpress\/plugins\/seo\/ -->\n<title>Gram\u00e1tica TOEIC<\/title>\n<meta name=\"robots\" content=\"index, follow, max-snippet:-1, max-image-preview:large, max-video-preview:-1\" \/>\n<link rel=\"canonical\" href=\"https:\/\/global-exam.com\/blog\/es\/examenes\/toeic\/categoria-gramatica-toeic\/\" \/>\n<meta property=\"og:locale\" content=\"fr_FR\" \/>\n<meta property=\"og:type\" content=\"article\" \/>\n<meta property=\"og:title\" content=\"Gram\u00e1tica TOEIC\" \/>\n<meta property=\"og:description\" content=\"Domina la gram\u00e1tica del TOEIC Comprender la estructura y los tipos de ejercicios que encontrar\u00e1s en el TOEIC\u00a0es esencial para realizar una [&hellip;]\" \/>\n<meta property=\"og:url\" content=\"https:\/\/global-exam.com\/blog\/es\/examenes\/toeic\/categoria-gramatica-toeic\/\" \/>\n<meta property=\"og:site_name\" content=\"GlobalExam Blog\" \/>\n<meta property=\"article:publisher\" content=\"https:\/\/www.facebook.com\/Global.Exam\" \/>\n<meta property=\"article:modified_time\" content=\"2022-09-15T15:14:57+00:00\" \/>\n<meta name=\"twitter:card\" content=\"summary_large_image\" \/>\n<meta name=\"twitter:site\" content=\"@Global_Exam\" \/>\n<meta name=\"twitter:label1\" content=\"Dur\u00e9e de lecture estim\u00e9e\" \/>\n\t<meta name=\"twitter:data1\" content=\"2 minutes\" \/>\n<script type=\"application\/ld+json\" class=\"yoast-schema-graph\">{\"@context\":\"https:\/\/schema.org\",\"@graph\":[{\"@type\":\"WebSite\",\"@id\":\"https:\/\/global-exam.com\/blog\/#website\",\"url\":\"https:\/\/global-exam.com\/blog\/\",\"name\":\"GlobalExam Blog\",\"description\":\"Le blog du sp\\u00e9cialiste de la certification linguistique\",\"potentialAction\":[{\"@type\":\"SearchAction\",\"target\":{\"@type\":\"EntryPoint\",\"urlTemplate\":\"https:\/\/global-exam.com\/blog\/?s={search_term_string}\"},\"query-input\":\"required name=search_term_string\"}],\"inLanguage\":\"fr-FR\"},{\"@type\":\"WebPage\",\"@id\":\"https:\/\/global-exam.com\/blog\/es\/examenes\/toeic\/categoria-gramatica-toeic\/#webpage\",\"url\":\"https:\/\/global-exam.com\/blog\/es\/examenes\/toeic\/categoria-gramatica-toeic\/\",\"name\":\"Gram\\u00e1tica TOEIC\",\"isPartOf\":{\"@id\":\"https:\/\/global-exam.com\/blog\/#website\"},\"datePublished\":\"2021-09-09T16:05:10+00:00\",\"dateModified\":\"2022-09-15T15:14:57+00:00\",\"breadcrumb\":{\"@id\":\"https:\/\/global-exam.com\/blog\/es\/examenes\/toeic\/categoria-gramatica-toeic\/#breadcrumb\"},\"inLanguage\":\"fr-FR\",\"potentialAction\":[{\"@type\":\"ReadAction\",\"target\":[\"https:\/\/global-exam.com\/blog\/es\/examenes\/toeic\/categoria-gramatica-toeic\/\"]}]},{\"@type\":\"BreadcrumbList\",\"@id\":\"https:\/\/global-exam.com\/blog\/es\/examenes\/toeic\/categoria-gramatica-toeic\/#breadcrumb\",\"itemListElement\":[{\"@type\":\"ListItem\",\"position\":1,\"name\":\"Ex\\u00e1menes de idioma\",\"item\":\"https:\/\/global-exam.com\/blog\/es\/examenes\/\"},{\"@type\":\"ListItem\",\"position\":2,\"name\":\"TOEIC\",\"item\":\"https:\/\/global-exam.com\/blog\/es\/examenes\/toeic\/\"},{\"@type\":\"ListItem\",\"position\":3,\"name\":\"Gram\\u00e1tica TOEIC\"}]}]}<\/script>\n<!-- \/ Yoast SEO plugin. -->","yoast_head_json":{"title":"Gram\u00e1tica TOEIC","robots":{"index":"index","follow":"follow","max-snippet":"max-snippet:-1","max-image-preview":"max-image-preview:large","max-video-preview":"max-video-preview:-1"},"canonical":"https:\/\/global-exam.com\/blog\/es\/examenes\/toeic\/categoria-gramatica-toeic\/","og_locale":"fr_FR","og_type":"article","og_title":"Gram\u00e1tica TOEIC","og_description":"Domina la gram\u00e1tica del TOEIC Comprender la estructura y los tipos de ejercicios que encontrar\u00e1s en el TOEIC\u00a0es esencial para realizar una [&hellip;]","og_url":"https:\/\/global-exam.com\/blog\/es\/examenes\/toeic\/categoria-gramatica-toeic\/","og_site_name":"GlobalExam Blog","article_publisher":"https:\/\/www.facebook.com\/Global.Exam","article_modified_time":"2022-09-15T15:14:57+00:00","twitter_card":"summary_large_image","twitter_site":"@Global_Exam","twitter_misc":{"Dur\u00e9e de lecture estim\u00e9e":"2 minutes"},"schema":{"@context":"https:\/\/schema.org","@graph":[{"@type":"WebSite","@id":"https:\/\/global-exam.com\/blog\/#website","url":"https:\/\/global-exam.com\/blog\/","name":"GlobalExam Blog","description":"Le blog du sp\u00e9cialiste de la certification linguistique","potentialAction":[{"@type":"SearchAction","target":{"@type":"EntryPoint","urlTemplate":"https:\/\/global-exam.com\/blog\/?s={search_term_string}"},"query-input":"required name=search_term_string"}],"inLanguage":"fr-FR"},{"@type":"WebPage","@id":"https:\/\/global-exam.com\/blog\/es\/examenes\/toeic\/categoria-gramatica-toeic\/#webpage","url":"https:\/\/global-exam.com\/blog\/es\/examenes\/toeic\/categoria-gramatica-toeic\/","name":"Gram\u00e1tica TOEIC","isPartOf":{"@id":"https:\/\/global-exam.com\/blog\/#website"},"datePublished":"2021-09-09T16:05:10+00:00","dateModified":"2022-09-15T15:14:57+00:00","breadcrumb":{"@id":"https:\/\/global-exam.com\/blog\/es\/examenes\/toeic\/categoria-gramatica-toeic\/#breadcrumb"},"inLanguage":"fr-FR","potentialAction":[{"@type":"ReadAction","target":["https:\/\/global-exam.com\/blog\/es\/examenes\/toeic\/categoria-gramatica-toeic\/"]}]},{"@type":"BreadcrumbList","@id":"https:\/\/global-exam.com\/blog\/es\/examenes\/toeic\/categoria-gramatica-toeic\/#breadcrumb","itemListElement":[{"@type":"ListItem","position":1,"name":"Ex\u00e1menes de idioma","item":"https:\/\/global-exam.com\/blog\/es\/examenes\/"},{"@type":"ListItem","position":2,"name":"TOEIC","item":"https:\/\/global-exam.com\/blog\/es\/examenes\/toeic\/"},{"@type":"ListItem","position":3,"name":"Gram\u00e1tica TOEIC"}]}]}},"lang":"es","translations":{"es":62929},"pll_sync_post":[],"_links":{"self":[{"href":"https:\/\/global-exam.com\/blog\/wp-json\/wp\/v2\/pages\/62929"}],"collection":[{"href":"https:\/\/global-exam.com\/blog\/wp-json\/wp\/v2\/pages"}],"about":[{"href":"https:\/\/global-exam.com\/blog\/wp-json\/wp\/v2\/types\/page"}],"author":[{"embeddable":true,"href":"https:\/\/global-exam.com\/blog\/wp-json\/wp\/v2\/users\/24"}],"replies":[{"embeddable":true,"href":"https:\/\/global-exam.com\/blog\/wp-json\/wp\/v2\/comments?post=62929"}],"version-history":[{"count":4,"href":"https:\/\/global-exam.com\/blog\/wp-json\/wp\/v2\/pages\/62929\/revisions"}],"predecessor-version":[{"id":79479,"href":"https:\/\/global-exam.com\/blog\/wp-json\/wp\/v2\/pages\/62929\/revisions\/79479"}],"up":[{"embeddable":true,"href":"https:\/\/global-exam.com\/blog\/wp-json\/wp\/v2\/pages\/14864"}],"wp:attachment":[{"href":"https:\/\/global-exam.com\/blog\/wp-json\/wp\/v2\/media?parent=62929"}],"curies":[{"name":"wp","href":"https:\/\/api.w.org\/{rel}","templated":true}]}}