{"id":62937,"date":"2021-09-09T18:08:39","date_gmt":"2021-09-09T16:08:39","guid":{"rendered":"https:\/\/global-exam.com\/blog\/?page_id=62937"},"modified":"2022-06-27T16:45:40","modified_gmt":"2022-06-27T14:45:40","slug":"categoria-introduccion-al-toeic-bridge","status":"publish","type":"page","link":"https:\/\/global-exam.com\/blog\/es\/examenes\/toeic-bridge\/categoria-introduccion-al-toeic-bridge\/","title":{"rendered":"Introducci\u00f3n al TOEIC Bridge"},"content":{"rendered":"<p>Como probablemente sepas, el TOEIC, o Test of English for International Communication, es un examen que\u00a0<strong>certifica el conocimiento y dominio de la lengua inglesa para hablantes no nativos<\/strong>. Los niveles que se certifican van desde el nivel A1 hasta el C1.<\/p>\n<p>En esta secci\u00f3n te vamos a hablar de una variante del TOEIC: el TOEIC Bridge. \u00bfCu\u00e1l es la principal caracter\u00edstica de este examen? Este test permite tambi\u00e9n evaluar las competencias en ingl\u00e9s de los candidatos, pero desde un nivel umbral (A1) hasta un nivel intermedio (B1).\u00a0Descubre con m\u00e1s detalle\u00a0<strong>la estructura de este examen y las pruebas y ejercicios que lo componen.\u00a0<\/strong><\/p>\n<p>Te mostraremos tambi\u00e9n\u00a0<strong>c\u00f3mo hacer para registrarte<\/strong>\u00a0como candidato y los centros oficiales en los que podr\u00e1s realizar tu inscripci\u00f3n.<\/p>\n<p>\u00bfNecesitas entender c\u00f3mo funciona el sistema de puntaje? No te preocupes, en esta secci\u00f3n entender\u00e1s\u00a0<strong>c\u00f3mo contabilizar los puntos e interpretar el informe de resultados<\/strong>. Asimismo, sabr\u00e1s a qu\u00e9 equivale cada nivel de la escala de puntajes, respecto a los niveles del MCER.\u00a0Pincha\u00a0 y descubre estas y m\u00e1s informaciones. Tener un buen conocimiento de esta prueba es el primer paso para garantizar tu \u00e9xito.<\/p>\n<p>Pero adem\u00e1s, te ofrecemos una\u00a0<strong>gran variedad de recursos y herramientas en l\u00ednea<\/strong>, para que tengas la mejor preparaci\u00f3n y llegues al examen con total confianza.<\/p>\n","protected":false},"excerpt":{"rendered":"<p>Como probablemente sepas, el TOEIC, o Test of English for International Communication, es un examen que\u00a0certifica el conocimiento y dominio de la [&hellip;]<\/p>\n","protected":false},"author":24,"featured_media":0,"parent":18568,"menu_order":0,"comment_status":"closed","ping_status":"closed","template":"","meta":[],"acf":[],"yoast_head":"<!-- This site is optimized with the Yoast SEO plugin v17.2.1 - https:\/\/yoast.com\/wordpress\/plugins\/seo\/ -->\n<title>Introducci\u00f3n al TOEIC Bridge<\/title>\n<meta name=\"robots\" content=\"index, follow, max-snippet:-1, max-image-preview:large, max-video-preview:-1\" \/>\n<link rel=\"canonical\" href=\"https:\/\/global-exam.com\/blog\/es\/examenes\/toeic-bridge\/categoria-introduccion-al-toeic-bridge\/\" \/>\n<meta property=\"og:locale\" content=\"fr_FR\" \/>\n<meta property=\"og:type\" content=\"article\" \/>\n<meta property=\"og:title\" content=\"Introducci\u00f3n al TOEIC Bridge\" \/>\n<meta property=\"og:description\" content=\"Como probablemente sepas, el TOEIC, o Test of English for International Communication, es un examen que\u00a0certifica el conocimiento y dominio de la [&hellip;]\" \/>\n<meta property=\"og:url\" content=\"https:\/\/global-exam.com\/blog\/es\/examenes\/toeic-bridge\/categoria-introduccion-al-toeic-bridge\/\" \/>\n<meta property=\"og:site_name\" content=\"GlobalExam Blog\" \/>\n<meta property=\"article:publisher\" content=\"https:\/\/www.facebook.com\/Global.Exam\" \/>\n<meta property=\"article:modified_time\" content=\"2022-06-27T14:45:40+00:00\" \/>\n<meta name=\"twitter:card\" content=\"summary_large_image\" \/>\n<meta name=\"twitter:site\" content=\"@Global_Exam\" \/>\n<meta name=\"twitter:label1\" content=\"Dur\u00e9e de lecture estim\u00e9e\" \/>\n\t<meta name=\"twitter:data1\" content=\"1 minute\" \/>\n<script type=\"application\/ld+json\" class=\"yoast-schema-graph\">{\"@context\":\"https:\/\/schema.org\",\"@graph\":[{\"@type\":\"WebSite\",\"@id\":\"https:\/\/global-exam.com\/blog\/#website\",\"url\":\"https:\/\/global-exam.com\/blog\/\",\"name\":\"GlobalExam Blog\",\"description\":\"Le blog du sp\\u00e9cialiste de la certification linguistique\",\"potentialAction\":[{\"@type\":\"SearchAction\",\"target\":{\"@type\":\"EntryPoint\",\"urlTemplate\":\"https:\/\/global-exam.com\/blog\/?s={search_term_string}\"},\"query-input\":\"required name=search_term_string\"}],\"inLanguage\":\"fr-FR\"},{\"@type\":\"WebPage\",\"@id\":\"https:\/\/global-exam.com\/blog\/es\/examenes\/toeic-bridge\/categoria-introduccion-al-toeic-bridge\/#webpage\",\"url\":\"https:\/\/global-exam.com\/blog\/es\/examenes\/toeic-bridge\/categoria-introduccion-al-toeic-bridge\/\",\"name\":\"Introducci\\u00f3n al TOEIC Bridge\",\"isPartOf\":{\"@id\":\"https:\/\/global-exam.com\/blog\/#website\"},\"datePublished\":\"2021-09-09T16:08:39+00:00\",\"dateModified\":\"2022-06-27T14:45:40+00:00\",\"breadcrumb\":{\"@id\":\"https:\/\/global-exam.com\/blog\/es\/examenes\/toeic-bridge\/categoria-introduccion-al-toeic-bridge\/#breadcrumb\"},\"inLanguage\":\"fr-FR\",\"potentialAction\":[{\"@type\":\"ReadAction\",\"target\":[\"https:\/\/global-exam.com\/blog\/es\/examenes\/toeic-bridge\/categoria-introduccion-al-toeic-bridge\/\"]}]},{\"@type\":\"BreadcrumbList\",\"@id\":\"https:\/\/global-exam.com\/blog\/es\/examenes\/toeic-bridge\/categoria-introduccion-al-toeic-bridge\/#breadcrumb\",\"itemListElement\":[{\"@type\":\"ListItem\",\"position\":1,\"name\":\"Ex\\u00e1menes de idioma\",\"item\":\"https:\/\/global-exam.com\/blog\/es\/examenes\/\"},{\"@type\":\"ListItem\",\"position\":2,\"name\":\"TOEIC Bridge\",\"item\":\"https:\/\/global-exam.com\/blog\/es\/examenes\/toeic-bridge\/\"},{\"@type\":\"ListItem\",\"position\":3,\"name\":\"Introducci\\u00f3n al TOEIC Bridge\"}]}]}<\/script>\n<!-- \/ Yoast SEO plugin. -->","yoast_head_json":{"title":"Introducci\u00f3n al TOEIC Bridge","robots":{"index":"index","follow":"follow","max-snippet":"max-snippet:-1","max-image-preview":"max-image-preview:large","max-video-preview":"max-video-preview:-1"},"canonical":"https:\/\/global-exam.com\/blog\/es\/examenes\/toeic-bridge\/categoria-introduccion-al-toeic-bridge\/","og_locale":"fr_FR","og_type":"article","og_title":"Introducci\u00f3n al TOEIC Bridge","og_description":"Como probablemente sepas, el TOEIC, o Test of English for International Communication, es un examen que\u00a0certifica el conocimiento y dominio de la [&hellip;]","og_url":"https:\/\/global-exam.com\/blog\/es\/examenes\/toeic-bridge\/categoria-introduccion-al-toeic-bridge\/","og_site_name":"GlobalExam Blog","article_publisher":"https:\/\/www.facebook.com\/Global.Exam","article_modified_time":"2022-06-27T14:45:40+00:00","twitter_card":"summary_large_image","twitter_site":"@Global_Exam","twitter_misc":{"Dur\u00e9e de lecture estim\u00e9e":"1 minute"},"schema":{"@context":"https:\/\/schema.org","@graph":[{"@type":"WebSite","@id":"https:\/\/global-exam.com\/blog\/#website","url":"https:\/\/global-exam.com\/blog\/","name":"GlobalExam Blog","description":"Le blog du sp\u00e9cialiste de la certification linguistique","potentialAction":[{"@type":"SearchAction","target":{"@type":"EntryPoint","urlTemplate":"https:\/\/global-exam.com\/blog\/?s={search_term_string}"},"query-input":"required name=search_term_string"}],"inLanguage":"fr-FR"},{"@type":"WebPage","@id":"https:\/\/global-exam.com\/blog\/es\/examenes\/toeic-bridge\/categoria-introduccion-al-toeic-bridge\/#webpage","url":"https:\/\/global-exam.com\/blog\/es\/examenes\/toeic-bridge\/categoria-introduccion-al-toeic-bridge\/","name":"Introducci\u00f3n al TOEIC Bridge","isPartOf":{"@id":"https:\/\/global-exam.com\/blog\/#website"},"datePublished":"2021-09-09T16:08:39+00:00","dateModified":"2022-06-27T14:45:40+00:00","breadcrumb":{"@id":"https:\/\/global-exam.com\/blog\/es\/examenes\/toeic-bridge\/categoria-introduccion-al-toeic-bridge\/#breadcrumb"},"inLanguage":"fr-FR","potentialAction":[{"@type":"ReadAction","target":["https:\/\/global-exam.com\/blog\/es\/examenes\/toeic-bridge\/categoria-introduccion-al-toeic-bridge\/"]}]},{"@type":"BreadcrumbList","@id":"https:\/\/global-exam.com\/blog\/es\/examenes\/toeic-bridge\/categoria-introduccion-al-toeic-bridge\/#breadcrumb","itemListElement":[{"@type":"ListItem","position":1,"name":"Ex\u00e1menes de idioma","item":"https:\/\/global-exam.com\/blog\/es\/examenes\/"},{"@type":"ListItem","position":2,"name":"TOEIC Bridge","item":"https:\/\/global-exam.com\/blog\/es\/examenes\/toeic-bridge\/"},{"@type":"ListItem","position":3,"name":"Introducci\u00f3n al TOEIC Bridge"}]}]}},"lang":"es","translations":{"es":62937},"pll_sync_post":[],"_links":{"self":[{"href":"https:\/\/global-exam.com\/blog\/wp-json\/wp\/v2\/pages\/62937"}],"collection":[{"href":"https:\/\/global-exam.com\/blog\/wp-json\/wp\/v2\/pages"}],"about":[{"href":"https:\/\/global-exam.com\/blog\/wp-json\/wp\/v2\/types\/page"}],"author":[{"embeddable":true,"href":"https:\/\/global-exam.com\/blog\/wp-json\/wp\/v2\/users\/24"}],"replies":[{"embeddable":true,"href":"https:\/\/global-exam.com\/blog\/wp-json\/wp\/v2\/comments?post=62937"}],"version-history":[{"count":3,"href":"https:\/\/global-exam.com\/blog\/wp-json\/wp\/v2\/pages\/62937\/revisions"}],"predecessor-version":[{"id":76682,"href":"https:\/\/global-exam.com\/blog\/wp-json\/wp\/v2\/pages\/62937\/revisions\/76682"}],"up":[{"embeddable":true,"href":"https:\/\/global-exam.com\/blog\/wp-json\/wp\/v2\/pages\/18568"}],"wp:attachment":[{"href":"https:\/\/global-exam.com\/blog\/wp-json\/wp\/v2\/media?parent=62937"}],"curies":[{"name":"wp","href":"https:\/\/api.w.org\/{rel}","templated":true}]}}