{"id":62940,"date":"2021-09-09T18:10:42","date_gmt":"2021-09-09T16:10:42","guid":{"rendered":"https:\/\/global-exam.com\/blog\/?page_id=62940"},"modified":"2022-06-27T16:45:40","modified_gmt":"2022-06-27T14:45:40","slug":"categoria-instrucciones-toeic-bridge","status":"publish","type":"page","link":"https:\/\/global-exam.com\/blog\/es\/examenes\/toeic-bridge\/categoria-instrucciones-toeic-bridge\/","title":{"rendered":"Instrucciones TOEIC Bridge"},"content":{"rendered":"<p>El TOEIC BRIDGE es una versi\u00f3n del TOEIC con una particularidad:\u00a0<strong>se dirige a los principiantes en ingl\u00e9s<\/strong>\u00a0cuyo nivel se sit\u00faa entre el A1 y el B1.<\/p>\n<p>En esta secci\u00f3n te mostramos la estructura de este test, en que, al contrario de otros ex\u00e1menes\u00a0<strong>solo se eval\u00faa la Comprensi\u00f3n escrita (Reading) y oral (Listening).\u00a0<\/strong>Te explicamos de manera clara y detallada lo esencial sobre cada una de las pruebas, con el contenido, los tipos de ejercicios y aspectos que deber\u00e1s tener en cuenta para su realizaci\u00f3n.<\/p>\n<p>Para que te resulte m\u00e1s f\u00e1cil, te damos ejemplos concretos de ejercicios y modelos de examen.\u00a0Saber c\u00f3mo se estructura el test TOEIC BRIDGE es imprescindible si quieres realizar con \u00e9xito esta prueba.<\/p>\n<p>Gracias a nuestra preparaci\u00f3n en l\u00ednea, podr\u00e1s\u00a0<strong>familiarizarte con las exigencias del test y aprender a gestionar tu tiempo<\/strong>\u00a0mediante simulacros de examen.<\/p>\n<p>Todos nuestros recursos est\u00e1n especialmente dise\u00f1ados por profesores especialistas del TOEIC Bridge. Estos te proporcionar\u00e1n pistas y orientaciones para mantener tu concentraci\u00f3n el d\u00eda de la prueba final y manejar el tiempo, sobre todo en la parte oral: \u00a1los audios solo se escuchan una vez!<\/p>\n<p>Los peque\u00f1os secretos que todo candidato debe conocer, y que no se encuentran en cualquier manual, los descubrir\u00e1s en esta secci\u00f3n.\u00a0\u00a1Te los desvelamos en un solo clic!<\/p>\n","protected":false},"excerpt":{"rendered":"<p>El TOEIC BRIDGE es una versi\u00f3n del TOEIC con una particularidad:\u00a0se dirige a los principiantes en ingl\u00e9s\u00a0cuyo nivel se sit\u00faa entre el [&hellip;]<\/p>\n","protected":false},"author":24,"featured_media":0,"parent":18568,"menu_order":0,"comment_status":"closed","ping_status":"closed","template":"","meta":[],"acf":[],"yoast_head":"<!-- This site is optimized with the Yoast SEO plugin v17.2.1 - https:\/\/yoast.com\/wordpress\/plugins\/seo\/ -->\n<title>Instrucciones TOEIC Bridge<\/title>\n<meta name=\"robots\" content=\"index, follow, max-snippet:-1, max-image-preview:large, max-video-preview:-1\" \/>\n<link rel=\"canonical\" href=\"https:\/\/global-exam.com\/blog\/es\/examenes\/toeic-bridge\/categoria-instrucciones-toeic-bridge\/\" \/>\n<meta property=\"og:locale\" content=\"fr_FR\" \/>\n<meta property=\"og:type\" content=\"article\" \/>\n<meta property=\"og:title\" content=\"Instrucciones TOEIC Bridge\" \/>\n<meta property=\"og:description\" content=\"El TOEIC BRIDGE es una versi\u00f3n del TOEIC con una particularidad:\u00a0se dirige a los principiantes en ingl\u00e9s\u00a0cuyo nivel se sit\u00faa entre el [&hellip;]\" \/>\n<meta property=\"og:url\" content=\"https:\/\/global-exam.com\/blog\/es\/examenes\/toeic-bridge\/categoria-instrucciones-toeic-bridge\/\" \/>\n<meta property=\"og:site_name\" content=\"GlobalExam Blog\" \/>\n<meta property=\"article:publisher\" content=\"https:\/\/www.facebook.com\/Global.Exam\" \/>\n<meta property=\"article:modified_time\" content=\"2022-06-27T14:45:40+00:00\" \/>\n<meta name=\"twitter:card\" content=\"summary_large_image\" \/>\n<meta name=\"twitter:site\" content=\"@Global_Exam\" \/>\n<meta name=\"twitter:label1\" content=\"Dur\u00e9e de lecture estim\u00e9e\" \/>\n\t<meta name=\"twitter:data1\" content=\"1 minute\" \/>\n<script type=\"application\/ld+json\" class=\"yoast-schema-graph\">{\"@context\":\"https:\/\/schema.org\",\"@graph\":[{\"@type\":\"WebSite\",\"@id\":\"https:\/\/global-exam.com\/blog\/#website\",\"url\":\"https:\/\/global-exam.com\/blog\/\",\"name\":\"GlobalExam Blog\",\"description\":\"Le blog du sp\\u00e9cialiste de la certification linguistique\",\"potentialAction\":[{\"@type\":\"SearchAction\",\"target\":{\"@type\":\"EntryPoint\",\"urlTemplate\":\"https:\/\/global-exam.com\/blog\/?s={search_term_string}\"},\"query-input\":\"required name=search_term_string\"}],\"inLanguage\":\"fr-FR\"},{\"@type\":\"WebPage\",\"@id\":\"https:\/\/global-exam.com\/blog\/es\/examenes\/toeic-bridge\/categoria-instrucciones-toeic-bridge\/#webpage\",\"url\":\"https:\/\/global-exam.com\/blog\/es\/examenes\/toeic-bridge\/categoria-instrucciones-toeic-bridge\/\",\"name\":\"Instrucciones TOEIC Bridge\",\"isPartOf\":{\"@id\":\"https:\/\/global-exam.com\/blog\/#website\"},\"datePublished\":\"2021-09-09T16:10:42+00:00\",\"dateModified\":\"2022-06-27T14:45:40+00:00\",\"breadcrumb\":{\"@id\":\"https:\/\/global-exam.com\/blog\/es\/examenes\/toeic-bridge\/categoria-instrucciones-toeic-bridge\/#breadcrumb\"},\"inLanguage\":\"fr-FR\",\"potentialAction\":[{\"@type\":\"ReadAction\",\"target\":[\"https:\/\/global-exam.com\/blog\/es\/examenes\/toeic-bridge\/categoria-instrucciones-toeic-bridge\/\"]}]},{\"@type\":\"BreadcrumbList\",\"@id\":\"https:\/\/global-exam.com\/blog\/es\/examenes\/toeic-bridge\/categoria-instrucciones-toeic-bridge\/#breadcrumb\",\"itemListElement\":[{\"@type\":\"ListItem\",\"position\":1,\"name\":\"Ex\\u00e1menes de idioma\",\"item\":\"https:\/\/global-exam.com\/blog\/es\/examenes\/\"},{\"@type\":\"ListItem\",\"position\":2,\"name\":\"TOEIC Bridge\",\"item\":\"https:\/\/global-exam.com\/blog\/es\/examenes\/toeic-bridge\/\"},{\"@type\":\"ListItem\",\"position\":3,\"name\":\"Instrucciones TOEIC Bridge\"}]}]}<\/script>\n<!-- \/ Yoast SEO plugin. -->","yoast_head_json":{"title":"Instrucciones TOEIC Bridge","robots":{"index":"index","follow":"follow","max-snippet":"max-snippet:-1","max-image-preview":"max-image-preview:large","max-video-preview":"max-video-preview:-1"},"canonical":"https:\/\/global-exam.com\/blog\/es\/examenes\/toeic-bridge\/categoria-instrucciones-toeic-bridge\/","og_locale":"fr_FR","og_type":"article","og_title":"Instrucciones TOEIC Bridge","og_description":"El TOEIC BRIDGE es una versi\u00f3n del TOEIC con una particularidad:\u00a0se dirige a los principiantes en ingl\u00e9s\u00a0cuyo nivel se sit\u00faa entre el [&hellip;]","og_url":"https:\/\/global-exam.com\/blog\/es\/examenes\/toeic-bridge\/categoria-instrucciones-toeic-bridge\/","og_site_name":"GlobalExam Blog","article_publisher":"https:\/\/www.facebook.com\/Global.Exam","article_modified_time":"2022-06-27T14:45:40+00:00","twitter_card":"summary_large_image","twitter_site":"@Global_Exam","twitter_misc":{"Dur\u00e9e de lecture estim\u00e9e":"1 minute"},"schema":{"@context":"https:\/\/schema.org","@graph":[{"@type":"WebSite","@id":"https:\/\/global-exam.com\/blog\/#website","url":"https:\/\/global-exam.com\/blog\/","name":"GlobalExam Blog","description":"Le blog du sp\u00e9cialiste de la certification linguistique","potentialAction":[{"@type":"SearchAction","target":{"@type":"EntryPoint","urlTemplate":"https:\/\/global-exam.com\/blog\/?s={search_term_string}"},"query-input":"required name=search_term_string"}],"inLanguage":"fr-FR"},{"@type":"WebPage","@id":"https:\/\/global-exam.com\/blog\/es\/examenes\/toeic-bridge\/categoria-instrucciones-toeic-bridge\/#webpage","url":"https:\/\/global-exam.com\/blog\/es\/examenes\/toeic-bridge\/categoria-instrucciones-toeic-bridge\/","name":"Instrucciones TOEIC Bridge","isPartOf":{"@id":"https:\/\/global-exam.com\/blog\/#website"},"datePublished":"2021-09-09T16:10:42+00:00","dateModified":"2022-06-27T14:45:40+00:00","breadcrumb":{"@id":"https:\/\/global-exam.com\/blog\/es\/examenes\/toeic-bridge\/categoria-instrucciones-toeic-bridge\/#breadcrumb"},"inLanguage":"fr-FR","potentialAction":[{"@type":"ReadAction","target":["https:\/\/global-exam.com\/blog\/es\/examenes\/toeic-bridge\/categoria-instrucciones-toeic-bridge\/"]}]},{"@type":"BreadcrumbList","@id":"https:\/\/global-exam.com\/blog\/es\/examenes\/toeic-bridge\/categoria-instrucciones-toeic-bridge\/#breadcrumb","itemListElement":[{"@type":"ListItem","position":1,"name":"Ex\u00e1menes de idioma","item":"https:\/\/global-exam.com\/blog\/es\/examenes\/"},{"@type":"ListItem","position":2,"name":"TOEIC Bridge","item":"https:\/\/global-exam.com\/blog\/es\/examenes\/toeic-bridge\/"},{"@type":"ListItem","position":3,"name":"Instrucciones TOEIC Bridge"}]}]}},"lang":"es","translations":{"es":62940},"pll_sync_post":[],"_links":{"self":[{"href":"https:\/\/global-exam.com\/blog\/wp-json\/wp\/v2\/pages\/62940"}],"collection":[{"href":"https:\/\/global-exam.com\/blog\/wp-json\/wp\/v2\/pages"}],"about":[{"href":"https:\/\/global-exam.com\/blog\/wp-json\/wp\/v2\/types\/page"}],"author":[{"embeddable":true,"href":"https:\/\/global-exam.com\/blog\/wp-json\/wp\/v2\/users\/24"}],"replies":[{"embeddable":true,"href":"https:\/\/global-exam.com\/blog\/wp-json\/wp\/v2\/comments?post=62940"}],"version-history":[{"count":3,"href":"https:\/\/global-exam.com\/blog\/wp-json\/wp\/v2\/pages\/62940\/revisions"}],"predecessor-version":[{"id":76681,"href":"https:\/\/global-exam.com\/blog\/wp-json\/wp\/v2\/pages\/62940\/revisions\/76681"}],"up":[{"embeddable":true,"href":"https:\/\/global-exam.com\/blog\/wp-json\/wp\/v2\/pages\/18568"}],"wp:attachment":[{"href":"https:\/\/global-exam.com\/blog\/wp-json\/wp\/v2\/media?parent=62940"}],"curies":[{"name":"wp","href":"https:\/\/api.w.org\/{rel}","templated":true}]}}