{"id":62943,"date":"2021-09-09T18:15:00","date_gmt":"2021-09-09T16:15:00","guid":{"rendered":"https:\/\/global-exam.com\/blog\/?page_id=62943"},"modified":"2022-06-27T16:45:39","modified_gmt":"2022-06-27T14:45:39","slug":"categoria-material-de-practica-toeic-bridge","status":"publish","type":"page","link":"https:\/\/global-exam.com\/blog\/es\/examenes\/toeic-bridge\/categoria-material-de-practica-toeic-bridge\/","title":{"rendered":"Material de pr\u00e1ctica TOEIC Bridge"},"content":{"rendered":"<p>El TOEIC BRIDGE es un\u00a0<strong>examen de ingl\u00e9s<\/strong>\u00a0como el TOEIC, pero especialmente\u00a0<strong>dise\u00f1ado para los primeros niveles del MCER<\/strong>, desde principiantes (nivel A1) hasta intermedios bajos (nivel B1).<\/p>\n<p>En esta secci\u00f3n te hablamos de las\u00a0<strong>diferentes pruebas<\/strong>\u00a0y te explicamos\u00a0<strong>el sistema de puntaje y la equivalencia con los niveles del MCER<\/strong>.\u00a0Como con todo examen, el secreto del \u00e9xito es una buena preparaci\u00f3n. Aqu\u00ed encontrar\u00e1s consejos y herramientas para una preparaci\u00f3n eficaz.<\/p>\n<p>\u00bfQuieres intentarlo?\u00a0 Puedes empezar con\u00a0<strong>una prueba en l\u00ednea gratuita<\/strong>. Nuestra plataforma te da acceso a ejercicios pr\u00e1cticos para practicar las\u00a0 dos competencias ling\u00fc\u00edsticas del examen y modelos que podr\u00e1s realizar\u00a0<strong>en condiciones reales<\/strong>: con el mismo tipo de preguntas y con el mismo tiempo del que dispondr\u00e1s el d\u00eda del examen.<\/p>\n<p>Las correcciones te permitir\u00e1n conocer tus fortalezas y tambi\u00e9n los aspectos en los que has fallado, para que aprendas a solucionar toda dificultad antes de la prueba final. Tus puntuaciones ser\u00e1n almacenadas y obtendr\u00e1s estad\u00edsticas para ver tu evoluci\u00f3n.<\/p>\n<p>Y todav\u00eda tenemos m\u00e1s posibilidades y recursos que ofrecerte.\u00a0\u00bfTe animas a descubrirlos?\u00a0Empieza ya, \u00a1te alegrar\u00e1s de haber dado el paso!<\/p>\n","protected":false},"excerpt":{"rendered":"<p>El TOEIC BRIDGE es un\u00a0examen de ingl\u00e9s\u00a0como el TOEIC, pero especialmente\u00a0dise\u00f1ado para los primeros niveles del MCER, desde principiantes (nivel A1) hasta [&hellip;]<\/p>\n","protected":false},"author":24,"featured_media":0,"parent":18568,"menu_order":0,"comment_status":"closed","ping_status":"closed","template":"","meta":[],"acf":[],"yoast_head":"<!-- This site is optimized with the Yoast SEO plugin v17.2.1 - https:\/\/yoast.com\/wordpress\/plugins\/seo\/ -->\n<title>Material de pr\u00e1ctica TOEIC Bridge<\/title>\n<meta name=\"robots\" content=\"index, follow, max-snippet:-1, max-image-preview:large, max-video-preview:-1\" \/>\n<link rel=\"canonical\" href=\"https:\/\/global-exam.com\/blog\/es\/examenes\/toeic-bridge\/categoria-material-de-practica-toeic-bridge\/\" \/>\n<meta property=\"og:locale\" content=\"fr_FR\" \/>\n<meta property=\"og:type\" content=\"article\" \/>\n<meta property=\"og:title\" content=\"Material de pr\u00e1ctica TOEIC Bridge\" \/>\n<meta property=\"og:description\" content=\"El TOEIC BRIDGE es un\u00a0examen de ingl\u00e9s\u00a0como el TOEIC, pero especialmente\u00a0dise\u00f1ado para los primeros niveles del MCER, desde principiantes (nivel A1) hasta [&hellip;]\" \/>\n<meta property=\"og:url\" content=\"https:\/\/global-exam.com\/blog\/es\/examenes\/toeic-bridge\/categoria-material-de-practica-toeic-bridge\/\" \/>\n<meta property=\"og:site_name\" content=\"GlobalExam Blog\" \/>\n<meta property=\"article:publisher\" content=\"https:\/\/www.facebook.com\/Global.Exam\" \/>\n<meta property=\"article:modified_time\" content=\"2022-06-27T14:45:39+00:00\" \/>\n<meta name=\"twitter:card\" content=\"summary_large_image\" \/>\n<meta name=\"twitter:site\" content=\"@Global_Exam\" \/>\n<meta name=\"twitter:label1\" content=\"Dur\u00e9e de lecture estim\u00e9e\" \/>\n\t<meta name=\"twitter:data1\" content=\"1 minute\" \/>\n<script type=\"application\/ld+json\" class=\"yoast-schema-graph\">{\"@context\":\"https:\/\/schema.org\",\"@graph\":[{\"@type\":\"WebSite\",\"@id\":\"https:\/\/global-exam.com\/blog\/#website\",\"url\":\"https:\/\/global-exam.com\/blog\/\",\"name\":\"GlobalExam Blog\",\"description\":\"Le blog du sp\\u00e9cialiste de la certification linguistique\",\"potentialAction\":[{\"@type\":\"SearchAction\",\"target\":{\"@type\":\"EntryPoint\",\"urlTemplate\":\"https:\/\/global-exam.com\/blog\/?s={search_term_string}\"},\"query-input\":\"required name=search_term_string\"}],\"inLanguage\":\"fr-FR\"},{\"@type\":\"WebPage\",\"@id\":\"https:\/\/global-exam.com\/blog\/es\/examenes\/toeic-bridge\/categoria-material-de-practica-toeic-bridge\/#webpage\",\"url\":\"https:\/\/global-exam.com\/blog\/es\/examenes\/toeic-bridge\/categoria-material-de-practica-toeic-bridge\/\",\"name\":\"Material de pr\\u00e1ctica TOEIC Bridge\",\"isPartOf\":{\"@id\":\"https:\/\/global-exam.com\/blog\/#website\"},\"datePublished\":\"2021-09-09T16:15:00+00:00\",\"dateModified\":\"2022-06-27T14:45:39+00:00\",\"breadcrumb\":{\"@id\":\"https:\/\/global-exam.com\/blog\/es\/examenes\/toeic-bridge\/categoria-material-de-practica-toeic-bridge\/#breadcrumb\"},\"inLanguage\":\"fr-FR\",\"potentialAction\":[{\"@type\":\"ReadAction\",\"target\":[\"https:\/\/global-exam.com\/blog\/es\/examenes\/toeic-bridge\/categoria-material-de-practica-toeic-bridge\/\"]}]},{\"@type\":\"BreadcrumbList\",\"@id\":\"https:\/\/global-exam.com\/blog\/es\/examenes\/toeic-bridge\/categoria-material-de-practica-toeic-bridge\/#breadcrumb\",\"itemListElement\":[{\"@type\":\"ListItem\",\"position\":1,\"name\":\"Ex\\u00e1menes de idioma\",\"item\":\"https:\/\/global-exam.com\/blog\/es\/examenes\/\"},{\"@type\":\"ListItem\",\"position\":2,\"name\":\"TOEIC Bridge\",\"item\":\"https:\/\/global-exam.com\/blog\/es\/examenes\/toeic-bridge\/\"},{\"@type\":\"ListItem\",\"position\":3,\"name\":\"Material de pr\\u00e1ctica TOEIC Bridge\"}]}]}<\/script>\n<!-- \/ Yoast SEO plugin. -->","yoast_head_json":{"title":"Material de pr\u00e1ctica TOEIC Bridge","robots":{"index":"index","follow":"follow","max-snippet":"max-snippet:-1","max-image-preview":"max-image-preview:large","max-video-preview":"max-video-preview:-1"},"canonical":"https:\/\/global-exam.com\/blog\/es\/examenes\/toeic-bridge\/categoria-material-de-practica-toeic-bridge\/","og_locale":"fr_FR","og_type":"article","og_title":"Material de pr\u00e1ctica TOEIC Bridge","og_description":"El TOEIC BRIDGE es un\u00a0examen de ingl\u00e9s\u00a0como el TOEIC, pero especialmente\u00a0dise\u00f1ado para los primeros niveles del MCER, desde principiantes (nivel A1) hasta [&hellip;]","og_url":"https:\/\/global-exam.com\/blog\/es\/examenes\/toeic-bridge\/categoria-material-de-practica-toeic-bridge\/","og_site_name":"GlobalExam Blog","article_publisher":"https:\/\/www.facebook.com\/Global.Exam","article_modified_time":"2022-06-27T14:45:39+00:00","twitter_card":"summary_large_image","twitter_site":"@Global_Exam","twitter_misc":{"Dur\u00e9e de lecture estim\u00e9e":"1 minute"},"schema":{"@context":"https:\/\/schema.org","@graph":[{"@type":"WebSite","@id":"https:\/\/global-exam.com\/blog\/#website","url":"https:\/\/global-exam.com\/blog\/","name":"GlobalExam Blog","description":"Le blog du sp\u00e9cialiste de la certification linguistique","potentialAction":[{"@type":"SearchAction","target":{"@type":"EntryPoint","urlTemplate":"https:\/\/global-exam.com\/blog\/?s={search_term_string}"},"query-input":"required name=search_term_string"}],"inLanguage":"fr-FR"},{"@type":"WebPage","@id":"https:\/\/global-exam.com\/blog\/es\/examenes\/toeic-bridge\/categoria-material-de-practica-toeic-bridge\/#webpage","url":"https:\/\/global-exam.com\/blog\/es\/examenes\/toeic-bridge\/categoria-material-de-practica-toeic-bridge\/","name":"Material de pr\u00e1ctica TOEIC Bridge","isPartOf":{"@id":"https:\/\/global-exam.com\/blog\/#website"},"datePublished":"2021-09-09T16:15:00+00:00","dateModified":"2022-06-27T14:45:39+00:00","breadcrumb":{"@id":"https:\/\/global-exam.com\/blog\/es\/examenes\/toeic-bridge\/categoria-material-de-practica-toeic-bridge\/#breadcrumb"},"inLanguage":"fr-FR","potentialAction":[{"@type":"ReadAction","target":["https:\/\/global-exam.com\/blog\/es\/examenes\/toeic-bridge\/categoria-material-de-practica-toeic-bridge\/"]}]},{"@type":"BreadcrumbList","@id":"https:\/\/global-exam.com\/blog\/es\/examenes\/toeic-bridge\/categoria-material-de-practica-toeic-bridge\/#breadcrumb","itemListElement":[{"@type":"ListItem","position":1,"name":"Ex\u00e1menes de idioma","item":"https:\/\/global-exam.com\/blog\/es\/examenes\/"},{"@type":"ListItem","position":2,"name":"TOEIC Bridge","item":"https:\/\/global-exam.com\/blog\/es\/examenes\/toeic-bridge\/"},{"@type":"ListItem","position":3,"name":"Material de pr\u00e1ctica TOEIC Bridge"}]}]}},"lang":"es","translations":{"es":62943},"pll_sync_post":[],"_links":{"self":[{"href":"https:\/\/global-exam.com\/blog\/wp-json\/wp\/v2\/pages\/62943"}],"collection":[{"href":"https:\/\/global-exam.com\/blog\/wp-json\/wp\/v2\/pages"}],"about":[{"href":"https:\/\/global-exam.com\/blog\/wp-json\/wp\/v2\/types\/page"}],"author":[{"embeddable":true,"href":"https:\/\/global-exam.com\/blog\/wp-json\/wp\/v2\/users\/24"}],"replies":[{"embeddable":true,"href":"https:\/\/global-exam.com\/blog\/wp-json\/wp\/v2\/comments?post=62943"}],"version-history":[{"count":4,"href":"https:\/\/global-exam.com\/blog\/wp-json\/wp\/v2\/pages\/62943\/revisions"}],"predecessor-version":[{"id":76680,"href":"https:\/\/global-exam.com\/blog\/wp-json\/wp\/v2\/pages\/62943\/revisions\/76680"}],"up":[{"embeddable":true,"href":"https:\/\/global-exam.com\/blog\/wp-json\/wp\/v2\/pages\/18568"}],"wp:attachment":[{"href":"https:\/\/global-exam.com\/blog\/wp-json\/wp\/v2\/media?parent=62943"}],"curies":[{"name":"wp","href":"https:\/\/api.w.org\/{rel}","templated":true}]}}