{"id":62947,"date":"2021-09-09T18:17:32","date_gmt":"2021-09-09T16:17:32","guid":{"rendered":"https:\/\/global-exam.com\/blog\/?page_id=62947"},"modified":"2022-06-27T16:45:39","modified_gmt":"2022-06-27T14:45:39","slug":"categoria-obten-un-buen-puntaje-al-toeic-bridge","status":"publish","type":"page","link":"https:\/\/global-exam.com\/blog\/es\/examenes\/toeic-bridge\/categoria-obten-un-buen-puntaje-al-toeic-bridge\/","title":{"rendered":"Obt\u00e9n un buen puntaje al TOEIC Bridge"},"content":{"rendered":"<p>El TOEIC BRIDGE es un\u00a0<strong>examen de ingl\u00e9s<\/strong>\u00a0como el TOEIC, pero especialmente\u00a0<strong>dise\u00f1ado para los primeros niveles del MCER<\/strong>, desde principiantes (nivel A1) hasta intermedios bajos (nivel B1).\u00a0El TOEIC BRIDGE, como es el caso de los ex\u00e1menes TOEIC,\u00a0<strong>tiene una puntuaci\u00f3n muy espec\u00edfica.\u00a0<\/strong><\/p>\n<p>\u00bfTe gustar\u00eda entender el sistema de puntaje? En esta secci\u00f3n te explicamos todo. Pero sobre todo, lo que debes tener en cuenta, es que el TOEIC Bridge no es un examen que se aprueba o se suspende: lo que importa es que conozcas tu nivel, y que\u00a0<strong>determines el nivel que deseas alcanzar<\/strong>.<\/p>\n<p>Esto depender\u00e1 de tus objetivos. El nivel que obtengas es el que vas a indicar en tu CV o que deber\u00e1s mostrar en el momento de matricularte en una universidad.<\/p>\n<p>Descubre\u00a0<strong>la puntuaci\u00f3n m\u00ednima y m\u00e1xima de cada una de las secciones del examen<\/strong>\u00a0y el contenido de cada una de las pruebas que las componen.\u00a0Conocer el funcionamiento del test es ya una garant\u00eda de \u00e9xito. Solo te falta empezar a prepararte, y para ello podemos ofrecerte los recursos que necesitas.<\/p>\n<p>An\u00edmate a hacer\u00a0<strong>una prueba de evaluaci\u00f3n para descubrir tu nivel<\/strong>: nuestro equipo de profesores especializados en certificaciones te acompa\u00f1ar\u00e1 en la elaboraci\u00f3n de un plan de estudios personalizado.<\/p>\n<p>\u00bfTe animas? \u00a1Sigue leyendo!<\/p>\n","protected":false},"excerpt":{"rendered":"<p>El TOEIC BRIDGE es un\u00a0examen de ingl\u00e9s\u00a0como el TOEIC, pero especialmente\u00a0dise\u00f1ado para los primeros niveles del MCER, desde principiantes (nivel A1) hasta [&hellip;]<\/p>\n","protected":false},"author":24,"featured_media":0,"parent":18568,"menu_order":0,"comment_status":"closed","ping_status":"closed","template":"","meta":[],"acf":[],"yoast_head":"<!-- This site is optimized with the Yoast SEO plugin v17.2.1 - https:\/\/yoast.com\/wordpress\/plugins\/seo\/ -->\n<title>Obt\u00e9n un buen puntaje al TOEIC Bridge<\/title>\n<meta name=\"robots\" content=\"index, follow, max-snippet:-1, max-image-preview:large, max-video-preview:-1\" \/>\n<link rel=\"canonical\" href=\"https:\/\/global-exam.com\/blog\/es\/examenes\/toeic-bridge\/categoria-obten-un-buen-puntaje-al-toeic-bridge\/\" \/>\n<meta property=\"og:locale\" content=\"fr_FR\" \/>\n<meta property=\"og:type\" content=\"article\" \/>\n<meta property=\"og:title\" content=\"Obt\u00e9n un buen puntaje al TOEIC Bridge\" \/>\n<meta property=\"og:description\" content=\"El TOEIC BRIDGE es un\u00a0examen de ingl\u00e9s\u00a0como el TOEIC, pero especialmente\u00a0dise\u00f1ado para los primeros niveles del MCER, desde principiantes (nivel A1) hasta [&hellip;]\" \/>\n<meta property=\"og:url\" content=\"https:\/\/global-exam.com\/blog\/es\/examenes\/toeic-bridge\/categoria-obten-un-buen-puntaje-al-toeic-bridge\/\" \/>\n<meta property=\"og:site_name\" content=\"GlobalExam Blog\" \/>\n<meta property=\"article:publisher\" content=\"https:\/\/www.facebook.com\/Global.Exam\" \/>\n<meta property=\"article:modified_time\" content=\"2022-06-27T14:45:39+00:00\" \/>\n<meta name=\"twitter:card\" content=\"summary_large_image\" \/>\n<meta name=\"twitter:site\" content=\"@Global_Exam\" \/>\n<meta name=\"twitter:label1\" content=\"Dur\u00e9e de lecture estim\u00e9e\" \/>\n\t<meta name=\"twitter:data1\" content=\"1 minute\" \/>\n<script type=\"application\/ld+json\" class=\"yoast-schema-graph\">{\"@context\":\"https:\/\/schema.org\",\"@graph\":[{\"@type\":\"WebSite\",\"@id\":\"https:\/\/global-exam.com\/blog\/#website\",\"url\":\"https:\/\/global-exam.com\/blog\/\",\"name\":\"GlobalExam Blog\",\"description\":\"Le blog du sp\\u00e9cialiste de la certification linguistique\",\"potentialAction\":[{\"@type\":\"SearchAction\",\"target\":{\"@type\":\"EntryPoint\",\"urlTemplate\":\"https:\/\/global-exam.com\/blog\/?s={search_term_string}\"},\"query-input\":\"required name=search_term_string\"}],\"inLanguage\":\"fr-FR\"},{\"@type\":\"WebPage\",\"@id\":\"https:\/\/global-exam.com\/blog\/es\/examenes\/toeic-bridge\/categoria-obten-un-buen-puntaje-al-toeic-bridge\/#webpage\",\"url\":\"https:\/\/global-exam.com\/blog\/es\/examenes\/toeic-bridge\/categoria-obten-un-buen-puntaje-al-toeic-bridge\/\",\"name\":\"Obt\\u00e9n un buen puntaje al TOEIC Bridge\",\"isPartOf\":{\"@id\":\"https:\/\/global-exam.com\/blog\/#website\"},\"datePublished\":\"2021-09-09T16:17:32+00:00\",\"dateModified\":\"2022-06-27T14:45:39+00:00\",\"breadcrumb\":{\"@id\":\"https:\/\/global-exam.com\/blog\/es\/examenes\/toeic-bridge\/categoria-obten-un-buen-puntaje-al-toeic-bridge\/#breadcrumb\"},\"inLanguage\":\"fr-FR\",\"potentialAction\":[{\"@type\":\"ReadAction\",\"target\":[\"https:\/\/global-exam.com\/blog\/es\/examenes\/toeic-bridge\/categoria-obten-un-buen-puntaje-al-toeic-bridge\/\"]}]},{\"@type\":\"BreadcrumbList\",\"@id\":\"https:\/\/global-exam.com\/blog\/es\/examenes\/toeic-bridge\/categoria-obten-un-buen-puntaje-al-toeic-bridge\/#breadcrumb\",\"itemListElement\":[{\"@type\":\"ListItem\",\"position\":1,\"name\":\"Ex\\u00e1menes de idioma\",\"item\":\"https:\/\/global-exam.com\/blog\/es\/examenes\/\"},{\"@type\":\"ListItem\",\"position\":2,\"name\":\"TOEIC Bridge\",\"item\":\"https:\/\/global-exam.com\/blog\/es\/examenes\/toeic-bridge\/\"},{\"@type\":\"ListItem\",\"position\":3,\"name\":\"Obt\\u00e9n un buen puntaje al TOEIC Bridge\"}]}]}<\/script>\n<!-- \/ Yoast SEO plugin. -->","yoast_head_json":{"title":"Obt\u00e9n un buen puntaje al TOEIC Bridge","robots":{"index":"index","follow":"follow","max-snippet":"max-snippet:-1","max-image-preview":"max-image-preview:large","max-video-preview":"max-video-preview:-1"},"canonical":"https:\/\/global-exam.com\/blog\/es\/examenes\/toeic-bridge\/categoria-obten-un-buen-puntaje-al-toeic-bridge\/","og_locale":"fr_FR","og_type":"article","og_title":"Obt\u00e9n un buen puntaje al TOEIC Bridge","og_description":"El TOEIC BRIDGE es un\u00a0examen de ingl\u00e9s\u00a0como el TOEIC, pero especialmente\u00a0dise\u00f1ado para los primeros niveles del MCER, desde principiantes (nivel A1) hasta [&hellip;]","og_url":"https:\/\/global-exam.com\/blog\/es\/examenes\/toeic-bridge\/categoria-obten-un-buen-puntaje-al-toeic-bridge\/","og_site_name":"GlobalExam Blog","article_publisher":"https:\/\/www.facebook.com\/Global.Exam","article_modified_time":"2022-06-27T14:45:39+00:00","twitter_card":"summary_large_image","twitter_site":"@Global_Exam","twitter_misc":{"Dur\u00e9e de lecture estim\u00e9e":"1 minute"},"schema":{"@context":"https:\/\/schema.org","@graph":[{"@type":"WebSite","@id":"https:\/\/global-exam.com\/blog\/#website","url":"https:\/\/global-exam.com\/blog\/","name":"GlobalExam Blog","description":"Le blog du sp\u00e9cialiste de la certification linguistique","potentialAction":[{"@type":"SearchAction","target":{"@type":"EntryPoint","urlTemplate":"https:\/\/global-exam.com\/blog\/?s={search_term_string}"},"query-input":"required name=search_term_string"}],"inLanguage":"fr-FR"},{"@type":"WebPage","@id":"https:\/\/global-exam.com\/blog\/es\/examenes\/toeic-bridge\/categoria-obten-un-buen-puntaje-al-toeic-bridge\/#webpage","url":"https:\/\/global-exam.com\/blog\/es\/examenes\/toeic-bridge\/categoria-obten-un-buen-puntaje-al-toeic-bridge\/","name":"Obt\u00e9n un buen puntaje al TOEIC Bridge","isPartOf":{"@id":"https:\/\/global-exam.com\/blog\/#website"},"datePublished":"2021-09-09T16:17:32+00:00","dateModified":"2022-06-27T14:45:39+00:00","breadcrumb":{"@id":"https:\/\/global-exam.com\/blog\/es\/examenes\/toeic-bridge\/categoria-obten-un-buen-puntaje-al-toeic-bridge\/#breadcrumb"},"inLanguage":"fr-FR","potentialAction":[{"@type":"ReadAction","target":["https:\/\/global-exam.com\/blog\/es\/examenes\/toeic-bridge\/categoria-obten-un-buen-puntaje-al-toeic-bridge\/"]}]},{"@type":"BreadcrumbList","@id":"https:\/\/global-exam.com\/blog\/es\/examenes\/toeic-bridge\/categoria-obten-un-buen-puntaje-al-toeic-bridge\/#breadcrumb","itemListElement":[{"@type":"ListItem","position":1,"name":"Ex\u00e1menes de idioma","item":"https:\/\/global-exam.com\/blog\/es\/examenes\/"},{"@type":"ListItem","position":2,"name":"TOEIC Bridge","item":"https:\/\/global-exam.com\/blog\/es\/examenes\/toeic-bridge\/"},{"@type":"ListItem","position":3,"name":"Obt\u00e9n un buen puntaje al TOEIC Bridge"}]}]}},"lang":"es","translations":{"es":62947},"pll_sync_post":[],"_links":{"self":[{"href":"https:\/\/global-exam.com\/blog\/wp-json\/wp\/v2\/pages\/62947"}],"collection":[{"href":"https:\/\/global-exam.com\/blog\/wp-json\/wp\/v2\/pages"}],"about":[{"href":"https:\/\/global-exam.com\/blog\/wp-json\/wp\/v2\/types\/page"}],"author":[{"embeddable":true,"href":"https:\/\/global-exam.com\/blog\/wp-json\/wp\/v2\/users\/24"}],"replies":[{"embeddable":true,"href":"https:\/\/global-exam.com\/blog\/wp-json\/wp\/v2\/comments?post=62947"}],"version-history":[{"count":6,"href":"https:\/\/global-exam.com\/blog\/wp-json\/wp\/v2\/pages\/62947\/revisions"}],"predecessor-version":[{"id":76679,"href":"https:\/\/global-exam.com\/blog\/wp-json\/wp\/v2\/pages\/62947\/revisions\/76679"}],"up":[{"embeddable":true,"href":"https:\/\/global-exam.com\/blog\/wp-json\/wp\/v2\/pages\/18568"}],"wp:attachment":[{"href":"https:\/\/global-exam.com\/blog\/wp-json\/wp\/v2\/media?parent=62947"}],"curies":[{"name":"wp","href":"https:\/\/api.w.org\/{rel}","templated":true}]}}