{"id":62951,"date":"2021-09-09T18:20:50","date_gmt":"2021-09-09T16:20:50","guid":{"rendered":"https:\/\/global-exam.com\/blog\/?page_id=62951"},"modified":"2022-06-27T16:45:38","modified_gmt":"2022-06-27T14:45:38","slug":"categoria-vocabulario-toeic-bridge","status":"publish","type":"page","link":"https:\/\/global-exam.com\/blog\/es\/examenes\/toeic-bridge\/categoria-vocabulario-toeic-bridge\/","title":{"rendered":"Vocabulario TOEIC Bridge"},"content":{"rendered":"<p>El\u00a0<strong>TOEIC Bridge<\/strong>\u00a0es un examen de ingl\u00e9s destinado a\u00a0<strong>personas no nativas.<\/strong>\u00a0Su objetivo es poner a prueba tus conocimientos en ingl\u00e9s en lo que respecta a la comprensi\u00f3n y expresi\u00f3n escrita y oral. Por lo que antes del examen, tendr\u00e1s que entrenarte y trabajar en cada uno de los ejercicios.<\/p>\n<p>La clave para la preparaci\u00f3n del TOEIC es\u00a0<strong>revisar vocabulario,<\/strong>\u00a0entre otros elementos indispensables. Por ejemplo, para resolver el ejercicio de text completion en la secci\u00f3n de Reading, es recomendable revisar gram\u00e1tica y vocabulario. Tambi\u00e9n lo es para la secci\u00f3n de Speaking, en esta parte es fundamental que uses el<strong>\u00a0vocabulario correcto y las expresiones adecuadas<\/strong>\u00a0para que respondas de forma estructurada y coherente.<\/p>\n<p>Por ende, aprender vocabulario es importante para lograr buenos resultados, pero te preguntar\u00e1s \u00bfqu\u00e9 tipo de vocabulario aprender para el TOEIC Bridge? No te preocupes, en\u00a0<strong>GlobalExam<\/strong>\u00a0hemos pensado en todo y hemos creado una categor\u00eda de solo vocabulario.<\/p>\n<p>Encontrar\u00e1s cientos de<strong>\u00a0fichas de vocabulario<\/strong>\u00a0sobre una gran variedad de temas: los animales en ingl\u00e9s, la familia, los d\u00edas y meses del a\u00f1o, los n\u00fameros cardinales, ingl\u00e9s para viajar, entre otros, que incluso las hojas de tu cuaderno no te alcanzar\u00e1n para anotar todo el vocabulario. Asimismo, en GlobalExam somos conscientes que trabajar con\u00a0<strong>ejemplos coherentes<\/strong>\u00a0ayuda a mejorar considerablemente nuestros conocimientos sobre las reglas del idioma y su vocabulario.<\/p>\n<p>En\u00a0<strong>GlobalExam<\/strong>\u00a0somos profesionales en la\u00a0<strong>preparaci\u00f3n de ex\u00e1menes de idiomas<\/strong>\u00a0y queremos que te vaya bien en el TOEIC Bridge porque tu \u00e9xito es nuestro \u00e9xito. Tenemos el modo de pr\u00e1ctica que te permitir\u00e1 completar tu formaci\u00f3n con ejercicios adaptados a tus necesidades, el modo de examen te pone a prueba en<strong>\u00a0condiciones reales<\/strong>\u00a0del TOEIC, las hojas de estudio y revisiones con m\u00e1s\u00a0<strong>fichas de vocabulario y gram\u00e1tica<\/strong>\u00a0y otros m\u00f3dulos que podr\u00e1s descubrir al conectarte a nuestra plataforma.<\/p>\n","protected":false},"excerpt":{"rendered":"<p>El\u00a0TOEIC Bridge\u00a0es un examen de ingl\u00e9s destinado a\u00a0personas no nativas.\u00a0Su objetivo es poner a prueba tus conocimientos en ingl\u00e9s en lo que [&hellip;]<\/p>\n","protected":false},"author":24,"featured_media":0,"parent":18568,"menu_order":0,"comment_status":"closed","ping_status":"closed","template":"","meta":[],"acf":[],"yoast_head":"<!-- This site is optimized with the Yoast SEO plugin v17.2.1 - https:\/\/yoast.com\/wordpress\/plugins\/seo\/ -->\n<title>Vocabulario TOEIC Bridge<\/title>\n<meta name=\"robots\" content=\"index, follow, max-snippet:-1, max-image-preview:large, max-video-preview:-1\" \/>\n<link rel=\"canonical\" href=\"https:\/\/global-exam.com\/blog\/es\/examenes\/toeic-bridge\/categoria-vocabulario-toeic-bridge\/\" \/>\n<meta property=\"og:locale\" content=\"fr_FR\" \/>\n<meta property=\"og:type\" content=\"article\" \/>\n<meta property=\"og:title\" content=\"Vocabulario TOEIC Bridge\" \/>\n<meta property=\"og:description\" content=\"El\u00a0TOEIC Bridge\u00a0es un examen de ingl\u00e9s destinado a\u00a0personas no nativas.\u00a0Su objetivo es poner a prueba tus conocimientos en ingl\u00e9s en lo que [&hellip;]\" \/>\n<meta property=\"og:url\" content=\"https:\/\/global-exam.com\/blog\/es\/examenes\/toeic-bridge\/categoria-vocabulario-toeic-bridge\/\" \/>\n<meta property=\"og:site_name\" content=\"GlobalExam Blog\" \/>\n<meta property=\"article:publisher\" content=\"https:\/\/www.facebook.com\/Global.Exam\" \/>\n<meta property=\"article:modified_time\" content=\"2022-06-27T14:45:38+00:00\" \/>\n<meta name=\"twitter:card\" content=\"summary_large_image\" \/>\n<meta name=\"twitter:site\" content=\"@Global_Exam\" \/>\n<meta name=\"twitter:label1\" content=\"Dur\u00e9e de lecture estim\u00e9e\" \/>\n\t<meta name=\"twitter:data1\" content=\"2 minutes\" \/>\n<script type=\"application\/ld+json\" class=\"yoast-schema-graph\">{\"@context\":\"https:\/\/schema.org\",\"@graph\":[{\"@type\":\"WebSite\",\"@id\":\"https:\/\/global-exam.com\/blog\/#website\",\"url\":\"https:\/\/global-exam.com\/blog\/\",\"name\":\"GlobalExam Blog\",\"description\":\"Le blog du sp\\u00e9cialiste de la certification linguistique\",\"potentialAction\":[{\"@type\":\"SearchAction\",\"target\":{\"@type\":\"EntryPoint\",\"urlTemplate\":\"https:\/\/global-exam.com\/blog\/?s={search_term_string}\"},\"query-input\":\"required name=search_term_string\"}],\"inLanguage\":\"fr-FR\"},{\"@type\":\"WebPage\",\"@id\":\"https:\/\/global-exam.com\/blog\/es\/examenes\/toeic-bridge\/categoria-vocabulario-toeic-bridge\/#webpage\",\"url\":\"https:\/\/global-exam.com\/blog\/es\/examenes\/toeic-bridge\/categoria-vocabulario-toeic-bridge\/\",\"name\":\"Vocabulario TOEIC Bridge\",\"isPartOf\":{\"@id\":\"https:\/\/global-exam.com\/blog\/#website\"},\"datePublished\":\"2021-09-09T16:20:50+00:00\",\"dateModified\":\"2022-06-27T14:45:38+00:00\",\"breadcrumb\":{\"@id\":\"https:\/\/global-exam.com\/blog\/es\/examenes\/toeic-bridge\/categoria-vocabulario-toeic-bridge\/#breadcrumb\"},\"inLanguage\":\"fr-FR\",\"potentialAction\":[{\"@type\":\"ReadAction\",\"target\":[\"https:\/\/global-exam.com\/blog\/es\/examenes\/toeic-bridge\/categoria-vocabulario-toeic-bridge\/\"]}]},{\"@type\":\"BreadcrumbList\",\"@id\":\"https:\/\/global-exam.com\/blog\/es\/examenes\/toeic-bridge\/categoria-vocabulario-toeic-bridge\/#breadcrumb\",\"itemListElement\":[{\"@type\":\"ListItem\",\"position\":1,\"name\":\"Ex\\u00e1menes de idioma\",\"item\":\"https:\/\/global-exam.com\/blog\/es\/examenes\/\"},{\"@type\":\"ListItem\",\"position\":2,\"name\":\"TOEIC Bridge\",\"item\":\"https:\/\/global-exam.com\/blog\/es\/examenes\/toeic-bridge\/\"},{\"@type\":\"ListItem\",\"position\":3,\"name\":\"Vocabulario TOEIC Bridge\"}]}]}<\/script>\n<!-- \/ Yoast SEO plugin. -->","yoast_head_json":{"title":"Vocabulario TOEIC Bridge","robots":{"index":"index","follow":"follow","max-snippet":"max-snippet:-1","max-image-preview":"max-image-preview:large","max-video-preview":"max-video-preview:-1"},"canonical":"https:\/\/global-exam.com\/blog\/es\/examenes\/toeic-bridge\/categoria-vocabulario-toeic-bridge\/","og_locale":"fr_FR","og_type":"article","og_title":"Vocabulario TOEIC Bridge","og_description":"El\u00a0TOEIC Bridge\u00a0es un examen de ingl\u00e9s destinado a\u00a0personas no nativas.\u00a0Su objetivo es poner a prueba tus conocimientos en ingl\u00e9s en lo que [&hellip;]","og_url":"https:\/\/global-exam.com\/blog\/es\/examenes\/toeic-bridge\/categoria-vocabulario-toeic-bridge\/","og_site_name":"GlobalExam Blog","article_publisher":"https:\/\/www.facebook.com\/Global.Exam","article_modified_time":"2022-06-27T14:45:38+00:00","twitter_card":"summary_large_image","twitter_site":"@Global_Exam","twitter_misc":{"Dur\u00e9e de lecture estim\u00e9e":"2 minutes"},"schema":{"@context":"https:\/\/schema.org","@graph":[{"@type":"WebSite","@id":"https:\/\/global-exam.com\/blog\/#website","url":"https:\/\/global-exam.com\/blog\/","name":"GlobalExam Blog","description":"Le blog du sp\u00e9cialiste de la certification linguistique","potentialAction":[{"@type":"SearchAction","target":{"@type":"EntryPoint","urlTemplate":"https:\/\/global-exam.com\/blog\/?s={search_term_string}"},"query-input":"required name=search_term_string"}],"inLanguage":"fr-FR"},{"@type":"WebPage","@id":"https:\/\/global-exam.com\/blog\/es\/examenes\/toeic-bridge\/categoria-vocabulario-toeic-bridge\/#webpage","url":"https:\/\/global-exam.com\/blog\/es\/examenes\/toeic-bridge\/categoria-vocabulario-toeic-bridge\/","name":"Vocabulario TOEIC Bridge","isPartOf":{"@id":"https:\/\/global-exam.com\/blog\/#website"},"datePublished":"2021-09-09T16:20:50+00:00","dateModified":"2022-06-27T14:45:38+00:00","breadcrumb":{"@id":"https:\/\/global-exam.com\/blog\/es\/examenes\/toeic-bridge\/categoria-vocabulario-toeic-bridge\/#breadcrumb"},"inLanguage":"fr-FR","potentialAction":[{"@type":"ReadAction","target":["https:\/\/global-exam.com\/blog\/es\/examenes\/toeic-bridge\/categoria-vocabulario-toeic-bridge\/"]}]},{"@type":"BreadcrumbList","@id":"https:\/\/global-exam.com\/blog\/es\/examenes\/toeic-bridge\/categoria-vocabulario-toeic-bridge\/#breadcrumb","itemListElement":[{"@type":"ListItem","position":1,"name":"Ex\u00e1menes de idioma","item":"https:\/\/global-exam.com\/blog\/es\/examenes\/"},{"@type":"ListItem","position":2,"name":"TOEIC Bridge","item":"https:\/\/global-exam.com\/blog\/es\/examenes\/toeic-bridge\/"},{"@type":"ListItem","position":3,"name":"Vocabulario TOEIC Bridge"}]}]}},"lang":"es","translations":{"es":62951},"pll_sync_post":[],"_links":{"self":[{"href":"https:\/\/global-exam.com\/blog\/wp-json\/wp\/v2\/pages\/62951"}],"collection":[{"href":"https:\/\/global-exam.com\/blog\/wp-json\/wp\/v2\/pages"}],"about":[{"href":"https:\/\/global-exam.com\/blog\/wp-json\/wp\/v2\/types\/page"}],"author":[{"embeddable":true,"href":"https:\/\/global-exam.com\/blog\/wp-json\/wp\/v2\/users\/24"}],"replies":[{"embeddable":true,"href":"https:\/\/global-exam.com\/blog\/wp-json\/wp\/v2\/comments?post=62951"}],"version-history":[{"count":3,"href":"https:\/\/global-exam.com\/blog\/wp-json\/wp\/v2\/pages\/62951\/revisions"}],"predecessor-version":[{"id":76678,"href":"https:\/\/global-exam.com\/blog\/wp-json\/wp\/v2\/pages\/62951\/revisions\/76678"}],"up":[{"embeddable":true,"href":"https:\/\/global-exam.com\/blog\/wp-json\/wp\/v2\/pages\/18568"}],"wp:attachment":[{"href":"https:\/\/global-exam.com\/blog\/wp-json\/wp\/v2\/media?parent=62951"}],"curies":[{"name":"wp","href":"https:\/\/api.w.org\/{rel}","templated":true}]}}