{"id":63299,"date":"2021-09-14T11:57:02","date_gmt":"2021-09-14T09:57:02","guid":{"rendered":"https:\/\/global-exam.com\/blog\/?page_id=63299"},"modified":"2022-06-27T16:45:37","modified_gmt":"2022-06-27T14:45:37","slug":"categoria-introduccion-toefl-ibt","status":"publish","type":"page","link":"https:\/\/global-exam.com\/blog\/es\/examenes\/toefl-ibt\/categoria-introduccion-toefl-ibt\/","title":{"rendered":"Introducci\u00f3n TOEFL IBT"},"content":{"rendered":"<p>El\u00a0TOEFL\u00a0es uno de los\u00a0ex\u00e1menes de competencia en ingl\u00e9s\u00a0m\u00e1s usados en todo el mundo.\u00a0Si obtienes el TOELF, tu calificaci\u00f3n te permitir\u00e1\u00a0<strong>inscribirte en una universidad, realizar intercambios en el extranjero o incluso obtener el visado<\/strong>\u00a0para poder viajar a diversos destinos.<\/p>\n<p>Deja que te expliquemos en esta secci\u00f3n\u00a0<strong>las diferencias entre los diferentes tipos de TOEFL<\/strong>, y las especificidades del TOEFL IBT, examen en l\u00ednea que ha tenido una serie de cambios desde 2019.\u00a0Tambi\u00e9n desde 2019 se ha mejorado el proceso de inscripci\u00f3n al examen, para facilitar el registro de los candidatos: descubre c\u00f3mo apuntarte con el tiempo suficiente para planificar tu preparaci\u00f3n.\u00a0Te hablamos del tipo de pruebas, los resultados que deber\u00e1s obtener para cumplir con tus objetivos, y los criterios de evaluaci\u00f3n.<\/p>\n<p>La clave de tu \u00e9xito es\u00a0<strong>prepararte con la suficiente antelaci\u00f3n<\/strong>. Descubre nuestros recursos, basados en ejercicios est\u00e1ndar, modelos de examen,\u00a0<strong>simulacros de examen y material de revisi\u00f3n.<\/strong><\/p>\n<p>Recuerda que el TOEFL IBT es un examen que se prepara en l\u00ednea. La mejor manera de entrenarte es, precisamente, mediante una formaci\u00f3n online como la que te podemos proporcionar.\u00a0\u00a0Accede a nuestra plataforma, \u00a1en un solo clic!<\/p>\n","protected":false},"excerpt":{"rendered":"<p>El\u00a0TOEFL\u00a0es uno de los\u00a0ex\u00e1menes de competencia en ingl\u00e9s\u00a0m\u00e1s usados en todo el mundo.\u00a0Si obtienes el TOELF, tu calificaci\u00f3n te permitir\u00e1\u00a0inscribirte en una [&hellip;]<\/p>\n","protected":false},"author":24,"featured_media":0,"parent":18233,"menu_order":0,"comment_status":"closed","ping_status":"closed","template":"","meta":[],"acf":[],"yoast_head":"<!-- This site is optimized with the Yoast SEO plugin v17.2.1 - https:\/\/yoast.com\/wordpress\/plugins\/seo\/ -->\n<title>Introducci\u00f3n TOEFL IBT<\/title>\n<meta name=\"robots\" content=\"index, follow, max-snippet:-1, max-image-preview:large, max-video-preview:-1\" \/>\n<link rel=\"canonical\" href=\"https:\/\/global-exam.com\/blog\/es\/examenes\/toefl-ibt\/categoria-introduccion-toefl-ibt\/\" \/>\n<meta property=\"og:locale\" content=\"fr_FR\" \/>\n<meta property=\"og:type\" content=\"article\" \/>\n<meta property=\"og:title\" content=\"Introducci\u00f3n TOEFL IBT\" \/>\n<meta property=\"og:description\" content=\"El\u00a0TOEFL\u00a0es uno de los\u00a0ex\u00e1menes de competencia en ingl\u00e9s\u00a0m\u00e1s usados en todo el mundo.\u00a0Si obtienes el TOELF, tu calificaci\u00f3n te permitir\u00e1\u00a0inscribirte en una [&hellip;]\" \/>\n<meta property=\"og:url\" content=\"https:\/\/global-exam.com\/blog\/es\/examenes\/toefl-ibt\/categoria-introduccion-toefl-ibt\/\" \/>\n<meta property=\"og:site_name\" content=\"GlobalExam Blog\" \/>\n<meta property=\"article:publisher\" content=\"https:\/\/www.facebook.com\/Global.Exam\" \/>\n<meta property=\"article:modified_time\" content=\"2022-06-27T14:45:37+00:00\" \/>\n<meta name=\"twitter:card\" content=\"summary_large_image\" \/>\n<meta name=\"twitter:site\" content=\"@Global_Exam\" \/>\n<meta name=\"twitter:label1\" content=\"Dur\u00e9e de lecture estim\u00e9e\" \/>\n\t<meta name=\"twitter:data1\" content=\"1 minute\" \/>\n<script type=\"application\/ld+json\" class=\"yoast-schema-graph\">{\"@context\":\"https:\/\/schema.org\",\"@graph\":[{\"@type\":\"WebSite\",\"@id\":\"https:\/\/global-exam.com\/blog\/#website\",\"url\":\"https:\/\/global-exam.com\/blog\/\",\"name\":\"GlobalExam Blog\",\"description\":\"Le blog du sp\\u00e9cialiste de la certification linguistique\",\"potentialAction\":[{\"@type\":\"SearchAction\",\"target\":{\"@type\":\"EntryPoint\",\"urlTemplate\":\"https:\/\/global-exam.com\/blog\/?s={search_term_string}\"},\"query-input\":\"required name=search_term_string\"}],\"inLanguage\":\"fr-FR\"},{\"@type\":\"WebPage\",\"@id\":\"https:\/\/global-exam.com\/blog\/es\/examenes\/toefl-ibt\/categoria-introduccion-toefl-ibt\/#webpage\",\"url\":\"https:\/\/global-exam.com\/blog\/es\/examenes\/toefl-ibt\/categoria-introduccion-toefl-ibt\/\",\"name\":\"Introducci\\u00f3n TOEFL IBT\",\"isPartOf\":{\"@id\":\"https:\/\/global-exam.com\/blog\/#website\"},\"datePublished\":\"2021-09-14T09:57:02+00:00\",\"dateModified\":\"2022-06-27T14:45:37+00:00\",\"breadcrumb\":{\"@id\":\"https:\/\/global-exam.com\/blog\/es\/examenes\/toefl-ibt\/categoria-introduccion-toefl-ibt\/#breadcrumb\"},\"inLanguage\":\"fr-FR\",\"potentialAction\":[{\"@type\":\"ReadAction\",\"target\":[\"https:\/\/global-exam.com\/blog\/es\/examenes\/toefl-ibt\/categoria-introduccion-toefl-ibt\/\"]}]},{\"@type\":\"BreadcrumbList\",\"@id\":\"https:\/\/global-exam.com\/blog\/es\/examenes\/toefl-ibt\/categoria-introduccion-toefl-ibt\/#breadcrumb\",\"itemListElement\":[{\"@type\":\"ListItem\",\"position\":1,\"name\":\"Ex\\u00e1menes de idioma\",\"item\":\"https:\/\/global-exam.com\/blog\/es\/examenes\/\"},{\"@type\":\"ListItem\",\"position\":2,\"name\":\"TOEFL IBT\",\"item\":\"https:\/\/global-exam.com\/blog\/es\/examenes\/toefl-ibt\/\"},{\"@type\":\"ListItem\",\"position\":3,\"name\":\"Introducci\\u00f3n TOEFL IBT\"}]}]}<\/script>\n<!-- \/ Yoast SEO plugin. -->","yoast_head_json":{"title":"Introducci\u00f3n TOEFL IBT","robots":{"index":"index","follow":"follow","max-snippet":"max-snippet:-1","max-image-preview":"max-image-preview:large","max-video-preview":"max-video-preview:-1"},"canonical":"https:\/\/global-exam.com\/blog\/es\/examenes\/toefl-ibt\/categoria-introduccion-toefl-ibt\/","og_locale":"fr_FR","og_type":"article","og_title":"Introducci\u00f3n TOEFL IBT","og_description":"El\u00a0TOEFL\u00a0es uno de los\u00a0ex\u00e1menes de competencia en ingl\u00e9s\u00a0m\u00e1s usados en todo el mundo.\u00a0Si obtienes el TOELF, tu calificaci\u00f3n te permitir\u00e1\u00a0inscribirte en una [&hellip;]","og_url":"https:\/\/global-exam.com\/blog\/es\/examenes\/toefl-ibt\/categoria-introduccion-toefl-ibt\/","og_site_name":"GlobalExam Blog","article_publisher":"https:\/\/www.facebook.com\/Global.Exam","article_modified_time":"2022-06-27T14:45:37+00:00","twitter_card":"summary_large_image","twitter_site":"@Global_Exam","twitter_misc":{"Dur\u00e9e de lecture estim\u00e9e":"1 minute"},"schema":{"@context":"https:\/\/schema.org","@graph":[{"@type":"WebSite","@id":"https:\/\/global-exam.com\/blog\/#website","url":"https:\/\/global-exam.com\/blog\/","name":"GlobalExam Blog","description":"Le blog du sp\u00e9cialiste de la certification linguistique","potentialAction":[{"@type":"SearchAction","target":{"@type":"EntryPoint","urlTemplate":"https:\/\/global-exam.com\/blog\/?s={search_term_string}"},"query-input":"required name=search_term_string"}],"inLanguage":"fr-FR"},{"@type":"WebPage","@id":"https:\/\/global-exam.com\/blog\/es\/examenes\/toefl-ibt\/categoria-introduccion-toefl-ibt\/#webpage","url":"https:\/\/global-exam.com\/blog\/es\/examenes\/toefl-ibt\/categoria-introduccion-toefl-ibt\/","name":"Introducci\u00f3n TOEFL IBT","isPartOf":{"@id":"https:\/\/global-exam.com\/blog\/#website"},"datePublished":"2021-09-14T09:57:02+00:00","dateModified":"2022-06-27T14:45:37+00:00","breadcrumb":{"@id":"https:\/\/global-exam.com\/blog\/es\/examenes\/toefl-ibt\/categoria-introduccion-toefl-ibt\/#breadcrumb"},"inLanguage":"fr-FR","potentialAction":[{"@type":"ReadAction","target":["https:\/\/global-exam.com\/blog\/es\/examenes\/toefl-ibt\/categoria-introduccion-toefl-ibt\/"]}]},{"@type":"BreadcrumbList","@id":"https:\/\/global-exam.com\/blog\/es\/examenes\/toefl-ibt\/categoria-introduccion-toefl-ibt\/#breadcrumb","itemListElement":[{"@type":"ListItem","position":1,"name":"Ex\u00e1menes de idioma","item":"https:\/\/global-exam.com\/blog\/es\/examenes\/"},{"@type":"ListItem","position":2,"name":"TOEFL IBT","item":"https:\/\/global-exam.com\/blog\/es\/examenes\/toefl-ibt\/"},{"@type":"ListItem","position":3,"name":"Introducci\u00f3n TOEFL IBT"}]}]}},"lang":"es","translations":{"es":63299},"pll_sync_post":[],"_links":{"self":[{"href":"https:\/\/global-exam.com\/blog\/wp-json\/wp\/v2\/pages\/63299"}],"collection":[{"href":"https:\/\/global-exam.com\/blog\/wp-json\/wp\/v2\/pages"}],"about":[{"href":"https:\/\/global-exam.com\/blog\/wp-json\/wp\/v2\/types\/page"}],"author":[{"embeddable":true,"href":"https:\/\/global-exam.com\/blog\/wp-json\/wp\/v2\/users\/24"}],"replies":[{"embeddable":true,"href":"https:\/\/global-exam.com\/blog\/wp-json\/wp\/v2\/comments?post=63299"}],"version-history":[{"count":3,"href":"https:\/\/global-exam.com\/blog\/wp-json\/wp\/v2\/pages\/63299\/revisions"}],"predecessor-version":[{"id":76676,"href":"https:\/\/global-exam.com\/blog\/wp-json\/wp\/v2\/pages\/63299\/revisions\/76676"}],"up":[{"embeddable":true,"href":"https:\/\/global-exam.com\/blog\/wp-json\/wp\/v2\/pages\/18233"}],"wp:attachment":[{"href":"https:\/\/global-exam.com\/blog\/wp-json\/wp\/v2\/media?parent=63299"}],"curies":[{"name":"wp","href":"https:\/\/api.w.org\/{rel}","templated":true}]}}