{"id":63303,"date":"2021-09-14T11:59:26","date_gmt":"2021-09-14T09:59:26","guid":{"rendered":"https:\/\/global-exam.com\/blog\/?page_id=63303"},"modified":"2022-06-27T16:45:36","modified_gmt":"2022-06-27T14:45:36","slug":"categoria-instrucciones-toefl-ibt","status":"publish","type":"page","link":"https:\/\/global-exam.com\/blog\/es\/examenes\/toefl-ibt\/categoria-instrucciones-toefl-ibt\/","title":{"rendered":"Instrucciones TOEFL IBT"},"content":{"rendered":"<p>El examen de TOEFL (Test of English as a Foreign Language) es una prueba estandarizada de dominio del Ingl\u00e9s aceptada por instituciones acad\u00e9micas en todo el mundo, y principalmente en Estados Unidos.\u00a0Entre los diferentes tipos de TOEFL, est\u00e1 el TOEFL iBT. Tal vez te preguntes en qu\u00e9 consiste. Este examen es\u00a0<strong>la versi\u00f3n online del TOELF,<\/strong>\u00a0usada por un n\u00famero cada vez m\u00e1s importante de centros educativos.<\/p>\n<p>Para conocer el valor del TOEFL, es importante saber que la mayor\u00eda de los estudiantes que quieren ir a\u00a0<strong>estudiar a una Universidad en Estados Unidos<\/strong>\u00a0necesitan pasar este examen y sacar la nota m\u00ednima de corte que exija la Universidad o Instituci\u00f3n donde vayan a cursar sus estudios.<\/p>\n<p>Pero no solo tenemos que referirnos a los Estados Unidos: los puntajes de TOEFL son aceptados y reconocidos en m\u00e1s de 10,000 universidades y escuelas de todo el mundo, como Australia, Canad\u00e1, Nueva Zelanda, Reino Unido, y Asia.\u00a0Te explicamos en esta secci\u00f3n\u00a0<strong>la estructura del test<\/strong>, en que se eval\u00faan cinco habilidades: Comprensi\u00f3n de lectura, Comprensi\u00f3n oral, Expresi\u00f3n oral y escrita, y Gram\u00e1tica.<\/p>\n<p>Un punto importante que debes tener en cuenta: el\u00a0 TOEFL utiliza \u201ctareas integradas\u201d en las secciones oral y escrita, es decir, son tareas que requieren la combinaci\u00f3n de dos o m\u00e1s habilidades ling\u00fc\u00edsticas b\u00e1sicas (leer, escuchar, hablar, escribir).<\/p>\n<p>Como ves, esta evaluaci\u00f3n tiene su propia l\u00f3gica. Si quieres lograr una calificaci\u00f3n alta,\u00a0no basta con saber ingl\u00e9s<i>,<\/i>\u00a0<strong>es necesario que comprendas su estructura<\/strong>, y la mejor manera de conseguir esto es\u00a0<strong>tener un buen plan de trabajo.\u00a0<\/strong><\/p>\n<p>Es lo que te proponemos. Descubre con nosotros la estructura y pautas del examen, los cambios introducidos en 2019, y los numerosos recursos en l\u00ednea proporcionados para prepararte en condiciones reales.\u00a0Y, \u00bfQu\u00e9 mejor de manera de prepararte para un examen 100% en l\u00ednea, que mediante nuestra plataforma digital?\u00a0\u00a1Con\u00e9ctate ya!<\/p>\n","protected":false},"excerpt":{"rendered":"<p>El examen de TOEFL (Test of English as a Foreign Language) es una prueba estandarizada de dominio del Ingl\u00e9s aceptada por instituciones [&hellip;]<\/p>\n","protected":false},"author":24,"featured_media":0,"parent":18233,"menu_order":0,"comment_status":"closed","ping_status":"closed","template":"","meta":[],"acf":[],"yoast_head":"<!-- This site is optimized with the Yoast SEO plugin v17.2.1 - https:\/\/yoast.com\/wordpress\/plugins\/seo\/ -->\n<title>Instrucciones TOEFL IBT<\/title>\n<meta name=\"robots\" content=\"index, follow, max-snippet:-1, max-image-preview:large, max-video-preview:-1\" \/>\n<link rel=\"canonical\" href=\"https:\/\/global-exam.com\/blog\/es\/examenes\/toefl-ibt\/categoria-instrucciones-toefl-ibt\/\" \/>\n<meta property=\"og:locale\" content=\"fr_FR\" \/>\n<meta property=\"og:type\" content=\"article\" \/>\n<meta property=\"og:title\" content=\"Instrucciones TOEFL IBT\" \/>\n<meta property=\"og:description\" content=\"El examen de TOEFL (Test of English as a Foreign Language) es una prueba estandarizada de dominio del Ingl\u00e9s aceptada por instituciones [&hellip;]\" \/>\n<meta property=\"og:url\" content=\"https:\/\/global-exam.com\/blog\/es\/examenes\/toefl-ibt\/categoria-instrucciones-toefl-ibt\/\" \/>\n<meta property=\"og:site_name\" content=\"GlobalExam Blog\" \/>\n<meta property=\"article:publisher\" content=\"https:\/\/www.facebook.com\/Global.Exam\" \/>\n<meta property=\"article:modified_time\" content=\"2022-06-27T14:45:36+00:00\" \/>\n<meta name=\"twitter:card\" content=\"summary_large_image\" \/>\n<meta name=\"twitter:site\" content=\"@Global_Exam\" \/>\n<meta name=\"twitter:label1\" content=\"Dur\u00e9e de lecture estim\u00e9e\" \/>\n\t<meta name=\"twitter:data1\" content=\"2 minutes\" \/>\n<script type=\"application\/ld+json\" class=\"yoast-schema-graph\">{\"@context\":\"https:\/\/schema.org\",\"@graph\":[{\"@type\":\"WebSite\",\"@id\":\"https:\/\/global-exam.com\/blog\/#website\",\"url\":\"https:\/\/global-exam.com\/blog\/\",\"name\":\"GlobalExam Blog\",\"description\":\"Le blog du sp\\u00e9cialiste de la certification linguistique\",\"potentialAction\":[{\"@type\":\"SearchAction\",\"target\":{\"@type\":\"EntryPoint\",\"urlTemplate\":\"https:\/\/global-exam.com\/blog\/?s={search_term_string}\"},\"query-input\":\"required name=search_term_string\"}],\"inLanguage\":\"fr-FR\"},{\"@type\":\"WebPage\",\"@id\":\"https:\/\/global-exam.com\/blog\/es\/examenes\/toefl-ibt\/categoria-instrucciones-toefl-ibt\/#webpage\",\"url\":\"https:\/\/global-exam.com\/blog\/es\/examenes\/toefl-ibt\/categoria-instrucciones-toefl-ibt\/\",\"name\":\"Instrucciones TOEFL IBT\",\"isPartOf\":{\"@id\":\"https:\/\/global-exam.com\/blog\/#website\"},\"datePublished\":\"2021-09-14T09:59:26+00:00\",\"dateModified\":\"2022-06-27T14:45:36+00:00\",\"breadcrumb\":{\"@id\":\"https:\/\/global-exam.com\/blog\/es\/examenes\/toefl-ibt\/categoria-instrucciones-toefl-ibt\/#breadcrumb\"},\"inLanguage\":\"fr-FR\",\"potentialAction\":[{\"@type\":\"ReadAction\",\"target\":[\"https:\/\/global-exam.com\/blog\/es\/examenes\/toefl-ibt\/categoria-instrucciones-toefl-ibt\/\"]}]},{\"@type\":\"BreadcrumbList\",\"@id\":\"https:\/\/global-exam.com\/blog\/es\/examenes\/toefl-ibt\/categoria-instrucciones-toefl-ibt\/#breadcrumb\",\"itemListElement\":[{\"@type\":\"ListItem\",\"position\":1,\"name\":\"Ex\\u00e1menes de idioma\",\"item\":\"https:\/\/global-exam.com\/blog\/es\/examenes\/\"},{\"@type\":\"ListItem\",\"position\":2,\"name\":\"TOEFL IBT\",\"item\":\"https:\/\/global-exam.com\/blog\/es\/examenes\/toefl-ibt\/\"},{\"@type\":\"ListItem\",\"position\":3,\"name\":\"Instrucciones TOEFL IBT\"}]}]}<\/script>\n<!-- \/ Yoast SEO plugin. -->","yoast_head_json":{"title":"Instrucciones TOEFL IBT","robots":{"index":"index","follow":"follow","max-snippet":"max-snippet:-1","max-image-preview":"max-image-preview:large","max-video-preview":"max-video-preview:-1"},"canonical":"https:\/\/global-exam.com\/blog\/es\/examenes\/toefl-ibt\/categoria-instrucciones-toefl-ibt\/","og_locale":"fr_FR","og_type":"article","og_title":"Instrucciones TOEFL IBT","og_description":"El examen de TOEFL (Test of English as a Foreign Language) es una prueba estandarizada de dominio del Ingl\u00e9s aceptada por instituciones [&hellip;]","og_url":"https:\/\/global-exam.com\/blog\/es\/examenes\/toefl-ibt\/categoria-instrucciones-toefl-ibt\/","og_site_name":"GlobalExam Blog","article_publisher":"https:\/\/www.facebook.com\/Global.Exam","article_modified_time":"2022-06-27T14:45:36+00:00","twitter_card":"summary_large_image","twitter_site":"@Global_Exam","twitter_misc":{"Dur\u00e9e de lecture estim\u00e9e":"2 minutes"},"schema":{"@context":"https:\/\/schema.org","@graph":[{"@type":"WebSite","@id":"https:\/\/global-exam.com\/blog\/#website","url":"https:\/\/global-exam.com\/blog\/","name":"GlobalExam Blog","description":"Le blog du sp\u00e9cialiste de la certification linguistique","potentialAction":[{"@type":"SearchAction","target":{"@type":"EntryPoint","urlTemplate":"https:\/\/global-exam.com\/blog\/?s={search_term_string}"},"query-input":"required name=search_term_string"}],"inLanguage":"fr-FR"},{"@type":"WebPage","@id":"https:\/\/global-exam.com\/blog\/es\/examenes\/toefl-ibt\/categoria-instrucciones-toefl-ibt\/#webpage","url":"https:\/\/global-exam.com\/blog\/es\/examenes\/toefl-ibt\/categoria-instrucciones-toefl-ibt\/","name":"Instrucciones TOEFL IBT","isPartOf":{"@id":"https:\/\/global-exam.com\/blog\/#website"},"datePublished":"2021-09-14T09:59:26+00:00","dateModified":"2022-06-27T14:45:36+00:00","breadcrumb":{"@id":"https:\/\/global-exam.com\/blog\/es\/examenes\/toefl-ibt\/categoria-instrucciones-toefl-ibt\/#breadcrumb"},"inLanguage":"fr-FR","potentialAction":[{"@type":"ReadAction","target":["https:\/\/global-exam.com\/blog\/es\/examenes\/toefl-ibt\/categoria-instrucciones-toefl-ibt\/"]}]},{"@type":"BreadcrumbList","@id":"https:\/\/global-exam.com\/blog\/es\/examenes\/toefl-ibt\/categoria-instrucciones-toefl-ibt\/#breadcrumb","itemListElement":[{"@type":"ListItem","position":1,"name":"Ex\u00e1menes de idioma","item":"https:\/\/global-exam.com\/blog\/es\/examenes\/"},{"@type":"ListItem","position":2,"name":"TOEFL IBT","item":"https:\/\/global-exam.com\/blog\/es\/examenes\/toefl-ibt\/"},{"@type":"ListItem","position":3,"name":"Instrucciones TOEFL IBT"}]}]}},"lang":"es","translations":{"es":63303},"pll_sync_post":[],"_links":{"self":[{"href":"https:\/\/global-exam.com\/blog\/wp-json\/wp\/v2\/pages\/63303"}],"collection":[{"href":"https:\/\/global-exam.com\/blog\/wp-json\/wp\/v2\/pages"}],"about":[{"href":"https:\/\/global-exam.com\/blog\/wp-json\/wp\/v2\/types\/page"}],"author":[{"embeddable":true,"href":"https:\/\/global-exam.com\/blog\/wp-json\/wp\/v2\/users\/24"}],"replies":[{"embeddable":true,"href":"https:\/\/global-exam.com\/blog\/wp-json\/wp\/v2\/comments?post=63303"}],"version-history":[{"count":3,"href":"https:\/\/global-exam.com\/blog\/wp-json\/wp\/v2\/pages\/63303\/revisions"}],"predecessor-version":[{"id":76675,"href":"https:\/\/global-exam.com\/blog\/wp-json\/wp\/v2\/pages\/63303\/revisions\/76675"}],"up":[{"embeddable":true,"href":"https:\/\/global-exam.com\/blog\/wp-json\/wp\/v2\/pages\/18233"}],"wp:attachment":[{"href":"https:\/\/global-exam.com\/blog\/wp-json\/wp\/v2\/media?parent=63303"}],"curies":[{"name":"wp","href":"https:\/\/api.w.org\/{rel}","templated":true}]}}