{"id":63306,"date":"2021-09-14T12:01:34","date_gmt":"2021-09-14T10:01:34","guid":{"rendered":"https:\/\/global-exam.com\/blog\/?page_id=63306"},"modified":"2022-06-27T16:45:35","modified_gmt":"2022-06-27T14:45:35","slug":"categoria-material-de-practica-toefl-ibt","status":"publish","type":"page","link":"https:\/\/global-exam.com\/blog\/es\/examenes\/toefl-ibt\/categoria-material-de-practica-toefl-ibt\/","title":{"rendered":"Material de pr\u00e1ctica TOEFL IBT"},"content":{"rendered":"<p>Si formas parte de los candidatos desean estudiar en una universidad en el extranjero o trabajar en otro pa\u00eds, el TOEFL IBT ser\u00e1 tu pasaporte: te permitir\u00e1\u00a0<strong>demostrar tu nivel de ingl\u00e9s<\/strong>\u00a0y te abrir\u00e1 las puertas de diferentes instituciones acad\u00e9micas.<\/p>\n<p>Podemos acompa\u00f1arte en esta aventura. En esta secci\u00f3n, te ofrecemos un\u00a0<strong>panorama de los recursos m\u00e1s utilizados para la preparaci\u00f3n de este examen.<\/strong>\u00a0Descubre cada uno de ellos y elige el que m\u00e1s te convenga y se adapte a tu perfil.<\/p>\n<p>Eso s\u00ed, no olvides que el TOEFL IBT se prepara en l\u00ednea, con lo que debes saber trabajar delante de un ordenador y controlar tu teclado. \u00a1El tiempo es oro!\u00a0Descubre con nosotros la mejor forma de prepararse, y accede a nuestra plataforma en l\u00ednea, con\u00a0<strong>m\u00faltiples recursos para familiarizarse con la estructura y las pruebas del examen<\/strong>.\u00a0Te proporcionamos, adem\u00e1s de herramientas, valiosos consejos para una preparaci\u00f3n exitosa.<\/p>\n<p>Descubre nuestras f\u00f3rmulas de entrenamiento, que hemos dise\u00f1ado especialmente para evitar que pierdas tiempo en b\u00fasquedas interminables en los diferentes sitios web de preparaci\u00f3n a esta prueba.\u00a0Para obtener tu pasaporte, \u00a1sigue leyendo!<\/p>\n","protected":false},"excerpt":{"rendered":"<p>Si formas parte de los candidatos desean estudiar en una universidad en el extranjero o trabajar en otro pa\u00eds, el TOEFL IBT [&hellip;]<\/p>\n","protected":false},"author":24,"featured_media":0,"parent":18233,"menu_order":0,"comment_status":"closed","ping_status":"closed","template":"","meta":[],"acf":[],"yoast_head":"<!-- This site is optimized with the Yoast SEO plugin v17.2.1 - https:\/\/yoast.com\/wordpress\/plugins\/seo\/ -->\n<title>Material de pr\u00e1ctica TOEFL IBT<\/title>\n<meta name=\"robots\" content=\"index, follow, max-snippet:-1, max-image-preview:large, max-video-preview:-1\" \/>\n<link rel=\"canonical\" href=\"https:\/\/global-exam.com\/blog\/es\/examenes\/toefl-ibt\/categoria-material-de-practica-toefl-ibt\/\" \/>\n<meta property=\"og:locale\" content=\"fr_FR\" \/>\n<meta property=\"og:type\" content=\"article\" \/>\n<meta property=\"og:title\" content=\"Material de pr\u00e1ctica TOEFL IBT\" \/>\n<meta property=\"og:description\" content=\"Si formas parte de los candidatos desean estudiar en una universidad en el extranjero o trabajar en otro pa\u00eds, el TOEFL IBT [&hellip;]\" \/>\n<meta property=\"og:url\" content=\"https:\/\/global-exam.com\/blog\/es\/examenes\/toefl-ibt\/categoria-material-de-practica-toefl-ibt\/\" \/>\n<meta property=\"og:site_name\" content=\"GlobalExam Blog\" \/>\n<meta property=\"article:publisher\" content=\"https:\/\/www.facebook.com\/Global.Exam\" \/>\n<meta property=\"article:modified_time\" content=\"2022-06-27T14:45:35+00:00\" \/>\n<meta name=\"twitter:card\" content=\"summary_large_image\" \/>\n<meta name=\"twitter:site\" content=\"@Global_Exam\" \/>\n<meta name=\"twitter:label1\" content=\"Dur\u00e9e de lecture estim\u00e9e\" \/>\n\t<meta name=\"twitter:data1\" content=\"1 minute\" \/>\n<script type=\"application\/ld+json\" class=\"yoast-schema-graph\">{\"@context\":\"https:\/\/schema.org\",\"@graph\":[{\"@type\":\"WebSite\",\"@id\":\"https:\/\/global-exam.com\/blog\/#website\",\"url\":\"https:\/\/global-exam.com\/blog\/\",\"name\":\"GlobalExam Blog\",\"description\":\"Le blog du sp\\u00e9cialiste de la certification linguistique\",\"potentialAction\":[{\"@type\":\"SearchAction\",\"target\":{\"@type\":\"EntryPoint\",\"urlTemplate\":\"https:\/\/global-exam.com\/blog\/?s={search_term_string}\"},\"query-input\":\"required name=search_term_string\"}],\"inLanguage\":\"fr-FR\"},{\"@type\":\"WebPage\",\"@id\":\"https:\/\/global-exam.com\/blog\/es\/examenes\/toefl-ibt\/categoria-material-de-practica-toefl-ibt\/#webpage\",\"url\":\"https:\/\/global-exam.com\/blog\/es\/examenes\/toefl-ibt\/categoria-material-de-practica-toefl-ibt\/\",\"name\":\"Material de pr\\u00e1ctica TOEFL IBT\",\"isPartOf\":{\"@id\":\"https:\/\/global-exam.com\/blog\/#website\"},\"datePublished\":\"2021-09-14T10:01:34+00:00\",\"dateModified\":\"2022-06-27T14:45:35+00:00\",\"breadcrumb\":{\"@id\":\"https:\/\/global-exam.com\/blog\/es\/examenes\/toefl-ibt\/categoria-material-de-practica-toefl-ibt\/#breadcrumb\"},\"inLanguage\":\"fr-FR\",\"potentialAction\":[{\"@type\":\"ReadAction\",\"target\":[\"https:\/\/global-exam.com\/blog\/es\/examenes\/toefl-ibt\/categoria-material-de-practica-toefl-ibt\/\"]}]},{\"@type\":\"BreadcrumbList\",\"@id\":\"https:\/\/global-exam.com\/blog\/es\/examenes\/toefl-ibt\/categoria-material-de-practica-toefl-ibt\/#breadcrumb\",\"itemListElement\":[{\"@type\":\"ListItem\",\"position\":1,\"name\":\"Ex\\u00e1menes de idioma\",\"item\":\"https:\/\/global-exam.com\/blog\/es\/examenes\/\"},{\"@type\":\"ListItem\",\"position\":2,\"name\":\"TOEFL IBT\",\"item\":\"https:\/\/global-exam.com\/blog\/es\/examenes\/toefl-ibt\/\"},{\"@type\":\"ListItem\",\"position\":3,\"name\":\"Material de pr\\u00e1ctica TOEFL IBT\"}]}]}<\/script>\n<!-- \/ Yoast SEO plugin. -->","yoast_head_json":{"title":"Material de pr\u00e1ctica TOEFL IBT","robots":{"index":"index","follow":"follow","max-snippet":"max-snippet:-1","max-image-preview":"max-image-preview:large","max-video-preview":"max-video-preview:-1"},"canonical":"https:\/\/global-exam.com\/blog\/es\/examenes\/toefl-ibt\/categoria-material-de-practica-toefl-ibt\/","og_locale":"fr_FR","og_type":"article","og_title":"Material de pr\u00e1ctica TOEFL IBT","og_description":"Si formas parte de los candidatos desean estudiar en una universidad en el extranjero o trabajar en otro pa\u00eds, el TOEFL IBT [&hellip;]","og_url":"https:\/\/global-exam.com\/blog\/es\/examenes\/toefl-ibt\/categoria-material-de-practica-toefl-ibt\/","og_site_name":"GlobalExam Blog","article_publisher":"https:\/\/www.facebook.com\/Global.Exam","article_modified_time":"2022-06-27T14:45:35+00:00","twitter_card":"summary_large_image","twitter_site":"@Global_Exam","twitter_misc":{"Dur\u00e9e de lecture estim\u00e9e":"1 minute"},"schema":{"@context":"https:\/\/schema.org","@graph":[{"@type":"WebSite","@id":"https:\/\/global-exam.com\/blog\/#website","url":"https:\/\/global-exam.com\/blog\/","name":"GlobalExam Blog","description":"Le blog du sp\u00e9cialiste de la certification linguistique","potentialAction":[{"@type":"SearchAction","target":{"@type":"EntryPoint","urlTemplate":"https:\/\/global-exam.com\/blog\/?s={search_term_string}"},"query-input":"required name=search_term_string"}],"inLanguage":"fr-FR"},{"@type":"WebPage","@id":"https:\/\/global-exam.com\/blog\/es\/examenes\/toefl-ibt\/categoria-material-de-practica-toefl-ibt\/#webpage","url":"https:\/\/global-exam.com\/blog\/es\/examenes\/toefl-ibt\/categoria-material-de-practica-toefl-ibt\/","name":"Material de pr\u00e1ctica TOEFL IBT","isPartOf":{"@id":"https:\/\/global-exam.com\/blog\/#website"},"datePublished":"2021-09-14T10:01:34+00:00","dateModified":"2022-06-27T14:45:35+00:00","breadcrumb":{"@id":"https:\/\/global-exam.com\/blog\/es\/examenes\/toefl-ibt\/categoria-material-de-practica-toefl-ibt\/#breadcrumb"},"inLanguage":"fr-FR","potentialAction":[{"@type":"ReadAction","target":["https:\/\/global-exam.com\/blog\/es\/examenes\/toefl-ibt\/categoria-material-de-practica-toefl-ibt\/"]}]},{"@type":"BreadcrumbList","@id":"https:\/\/global-exam.com\/blog\/es\/examenes\/toefl-ibt\/categoria-material-de-practica-toefl-ibt\/#breadcrumb","itemListElement":[{"@type":"ListItem","position":1,"name":"Ex\u00e1menes de idioma","item":"https:\/\/global-exam.com\/blog\/es\/examenes\/"},{"@type":"ListItem","position":2,"name":"TOEFL IBT","item":"https:\/\/global-exam.com\/blog\/es\/examenes\/toefl-ibt\/"},{"@type":"ListItem","position":3,"name":"Material de pr\u00e1ctica TOEFL IBT"}]}]}},"lang":"es","translations":{"es":63306},"pll_sync_post":[],"_links":{"self":[{"href":"https:\/\/global-exam.com\/blog\/wp-json\/wp\/v2\/pages\/63306"}],"collection":[{"href":"https:\/\/global-exam.com\/blog\/wp-json\/wp\/v2\/pages"}],"about":[{"href":"https:\/\/global-exam.com\/blog\/wp-json\/wp\/v2\/types\/page"}],"author":[{"embeddable":true,"href":"https:\/\/global-exam.com\/blog\/wp-json\/wp\/v2\/users\/24"}],"replies":[{"embeddable":true,"href":"https:\/\/global-exam.com\/blog\/wp-json\/wp\/v2\/comments?post=63306"}],"version-history":[{"count":3,"href":"https:\/\/global-exam.com\/blog\/wp-json\/wp\/v2\/pages\/63306\/revisions"}],"predecessor-version":[{"id":76674,"href":"https:\/\/global-exam.com\/blog\/wp-json\/wp\/v2\/pages\/63306\/revisions\/76674"}],"up":[{"embeddable":true,"href":"https:\/\/global-exam.com\/blog\/wp-json\/wp\/v2\/pages\/18233"}],"wp:attachment":[{"href":"https:\/\/global-exam.com\/blog\/wp-json\/wp\/v2\/media?parent=63306"}],"curies":[{"name":"wp","href":"https:\/\/api.w.org\/{rel}","templated":true}]}}