{"id":63310,"date":"2021-09-14T12:03:52","date_gmt":"2021-09-14T10:03:52","guid":{"rendered":"https:\/\/global-exam.com\/blog\/?page_id=63310"},"modified":"2022-06-27T16:45:34","modified_gmt":"2022-06-27T14:45:34","slug":"categoria-obten-un-buen-puntaje-toefl-ibt","status":"publish","type":"page","link":"https:\/\/global-exam.com\/blog\/es\/examenes\/toefl-ibt\/categoria-obten-un-buen-puntaje-toefl-ibt\/","title":{"rendered":"Obt\u00e9n un buen puntaje TOEFL IBT"},"content":{"rendered":"<p>Si deseas\u00a0<strong>demostrar tu dominio en ingl\u00e9s acad\u00e9mico<\/strong>, para estudiar o trabajar en el extranjero, el TOEFL te permitir\u00e1 demostrar tu nivel de ingl\u00e9s en las diferentes habilidades de lectura, escritura, comprensi\u00f3n auditiva, y expresi\u00f3n oral.\u00a0En concreto, el TOEFL iBT (Internet Based Test), que como su nombre lo indica, es el examen que es administrado v\u00eda Internet,\u00a0<strong>mide tu nivel de conocimiento de ingl\u00e9s en una escala de 0-120.<\/strong><\/p>\n<p>Los puntos importan, ya lo sabemos, sobre todo si tenemos en cuenta que\u00a0la mayor\u00eda de las universidades exigen una puntuaci\u00f3n espec\u00edfica en el TOEFL IBT para aceptar a sus candidatos.<\/p>\n<p>Aunque podr\u00e1s presentarte al examen el n\u00famero de veces que quieras, siempre es mejor\u00a0<strong>apostar por una buena preparaci\u00f3n y maximizar tus oportunidades de \u00e9xito.\u00a0<\/strong>No olvides que el TOELF te va a abrir puertas en el mundo acad\u00e9mico y nuevos horizontes en el \u00e1mbito profesional, al dar un valor a\u00f1adido a tu curr\u00edculum.<\/p>\n<p>\u00bfQuieres obtener los puntos deseados? \u00bfConoces el puntaje que necesitas para alcanzar tus objetivos? Si no lo sabes, es ocasi\u00f3n de averiguarlo, gracias a las informaciones que te proporcionamos en esta secci\u00f3n.<\/p>\n<p>Y si conoces tus objetivos y los puntos de tus sue\u00f1os, es hora de familiarizarte con el dise\u00f1o y las preguntas del TOELF IBT. Tu tiempo en el examen es limitado, as\u00ed que conocer las pruebas es fundamental para avanzar r\u00e1pido y de manera eficaz.\u00a0Nuestra formaci\u00f3n, que se desarrolla tambi\u00e9n 100% en l\u00ednea, te ayudar\u00e1 a\u00a0<strong>dominar tu teclado y a gestionar tu tiempo.\u00a0<\/strong>No esperes m\u00e1s, \u00a1el tiempo vuela!<\/p>\n","protected":false},"excerpt":{"rendered":"<p>Si deseas\u00a0demostrar tu dominio en ingl\u00e9s acad\u00e9mico, para estudiar o trabajar en el extranjero, el TOEFL te permitir\u00e1 demostrar tu nivel de [&hellip;]<\/p>\n","protected":false},"author":24,"featured_media":0,"parent":18233,"menu_order":0,"comment_status":"closed","ping_status":"closed","template":"","meta":[],"acf":[],"yoast_head":"<!-- This site is optimized with the Yoast SEO plugin v17.2.1 - https:\/\/yoast.com\/wordpress\/plugins\/seo\/ -->\n<title>Obt\u00e9n un buen puntaje TOEFL IBT<\/title>\n<meta name=\"robots\" content=\"index, follow, max-snippet:-1, max-image-preview:large, max-video-preview:-1\" \/>\n<link rel=\"canonical\" href=\"https:\/\/global-exam.com\/blog\/es\/examenes\/toefl-ibt\/categoria-obten-un-buen-puntaje-toefl-ibt\/\" \/>\n<meta property=\"og:locale\" content=\"fr_FR\" \/>\n<meta property=\"og:type\" content=\"article\" \/>\n<meta property=\"og:title\" content=\"Obt\u00e9n un buen puntaje TOEFL IBT\" \/>\n<meta property=\"og:description\" content=\"Si deseas\u00a0demostrar tu dominio en ingl\u00e9s acad\u00e9mico, para estudiar o trabajar en el extranjero, el TOEFL te permitir\u00e1 demostrar tu nivel de [&hellip;]\" \/>\n<meta property=\"og:url\" content=\"https:\/\/global-exam.com\/blog\/es\/examenes\/toefl-ibt\/categoria-obten-un-buen-puntaje-toefl-ibt\/\" \/>\n<meta property=\"og:site_name\" content=\"GlobalExam Blog\" \/>\n<meta property=\"article:publisher\" content=\"https:\/\/www.facebook.com\/Global.Exam\" \/>\n<meta property=\"article:modified_time\" content=\"2022-06-27T14:45:34+00:00\" \/>\n<meta name=\"twitter:card\" content=\"summary_large_image\" \/>\n<meta name=\"twitter:site\" content=\"@Global_Exam\" \/>\n<meta name=\"twitter:label1\" content=\"Dur\u00e9e de lecture estim\u00e9e\" \/>\n\t<meta name=\"twitter:data1\" content=\"1 minute\" \/>\n<script type=\"application\/ld+json\" class=\"yoast-schema-graph\">{\"@context\":\"https:\/\/schema.org\",\"@graph\":[{\"@type\":\"WebSite\",\"@id\":\"https:\/\/global-exam.com\/blog\/#website\",\"url\":\"https:\/\/global-exam.com\/blog\/\",\"name\":\"GlobalExam Blog\",\"description\":\"Le blog du sp\\u00e9cialiste de la certification linguistique\",\"potentialAction\":[{\"@type\":\"SearchAction\",\"target\":{\"@type\":\"EntryPoint\",\"urlTemplate\":\"https:\/\/global-exam.com\/blog\/?s={search_term_string}\"},\"query-input\":\"required name=search_term_string\"}],\"inLanguage\":\"fr-FR\"},{\"@type\":\"WebPage\",\"@id\":\"https:\/\/global-exam.com\/blog\/es\/examenes\/toefl-ibt\/categoria-obten-un-buen-puntaje-toefl-ibt\/#webpage\",\"url\":\"https:\/\/global-exam.com\/blog\/es\/examenes\/toefl-ibt\/categoria-obten-un-buen-puntaje-toefl-ibt\/\",\"name\":\"Obt\\u00e9n un buen puntaje TOEFL IBT\",\"isPartOf\":{\"@id\":\"https:\/\/global-exam.com\/blog\/#website\"},\"datePublished\":\"2021-09-14T10:03:52+00:00\",\"dateModified\":\"2022-06-27T14:45:34+00:00\",\"breadcrumb\":{\"@id\":\"https:\/\/global-exam.com\/blog\/es\/examenes\/toefl-ibt\/categoria-obten-un-buen-puntaje-toefl-ibt\/#breadcrumb\"},\"inLanguage\":\"fr-FR\",\"potentialAction\":[{\"@type\":\"ReadAction\",\"target\":[\"https:\/\/global-exam.com\/blog\/es\/examenes\/toefl-ibt\/categoria-obten-un-buen-puntaje-toefl-ibt\/\"]}]},{\"@type\":\"BreadcrumbList\",\"@id\":\"https:\/\/global-exam.com\/blog\/es\/examenes\/toefl-ibt\/categoria-obten-un-buen-puntaje-toefl-ibt\/#breadcrumb\",\"itemListElement\":[{\"@type\":\"ListItem\",\"position\":1,\"name\":\"Ex\\u00e1menes de idioma\",\"item\":\"https:\/\/global-exam.com\/blog\/es\/examenes\/\"},{\"@type\":\"ListItem\",\"position\":2,\"name\":\"TOEFL IBT\",\"item\":\"https:\/\/global-exam.com\/blog\/es\/examenes\/toefl-ibt\/\"},{\"@type\":\"ListItem\",\"position\":3,\"name\":\"Obt\\u00e9n un buen puntaje TOEFL IBT\"}]}]}<\/script>\n<!-- \/ Yoast SEO plugin. -->","yoast_head_json":{"title":"Obt\u00e9n un buen puntaje TOEFL IBT","robots":{"index":"index","follow":"follow","max-snippet":"max-snippet:-1","max-image-preview":"max-image-preview:large","max-video-preview":"max-video-preview:-1"},"canonical":"https:\/\/global-exam.com\/blog\/es\/examenes\/toefl-ibt\/categoria-obten-un-buen-puntaje-toefl-ibt\/","og_locale":"fr_FR","og_type":"article","og_title":"Obt\u00e9n un buen puntaje TOEFL IBT","og_description":"Si deseas\u00a0demostrar tu dominio en ingl\u00e9s acad\u00e9mico, para estudiar o trabajar en el extranjero, el TOEFL te permitir\u00e1 demostrar tu nivel de [&hellip;]","og_url":"https:\/\/global-exam.com\/blog\/es\/examenes\/toefl-ibt\/categoria-obten-un-buen-puntaje-toefl-ibt\/","og_site_name":"GlobalExam Blog","article_publisher":"https:\/\/www.facebook.com\/Global.Exam","article_modified_time":"2022-06-27T14:45:34+00:00","twitter_card":"summary_large_image","twitter_site":"@Global_Exam","twitter_misc":{"Dur\u00e9e de lecture estim\u00e9e":"1 minute"},"schema":{"@context":"https:\/\/schema.org","@graph":[{"@type":"WebSite","@id":"https:\/\/global-exam.com\/blog\/#website","url":"https:\/\/global-exam.com\/blog\/","name":"GlobalExam Blog","description":"Le blog du sp\u00e9cialiste de la certification linguistique","potentialAction":[{"@type":"SearchAction","target":{"@type":"EntryPoint","urlTemplate":"https:\/\/global-exam.com\/blog\/?s={search_term_string}"},"query-input":"required name=search_term_string"}],"inLanguage":"fr-FR"},{"@type":"WebPage","@id":"https:\/\/global-exam.com\/blog\/es\/examenes\/toefl-ibt\/categoria-obten-un-buen-puntaje-toefl-ibt\/#webpage","url":"https:\/\/global-exam.com\/blog\/es\/examenes\/toefl-ibt\/categoria-obten-un-buen-puntaje-toefl-ibt\/","name":"Obt\u00e9n un buen puntaje TOEFL IBT","isPartOf":{"@id":"https:\/\/global-exam.com\/blog\/#website"},"datePublished":"2021-09-14T10:03:52+00:00","dateModified":"2022-06-27T14:45:34+00:00","breadcrumb":{"@id":"https:\/\/global-exam.com\/blog\/es\/examenes\/toefl-ibt\/categoria-obten-un-buen-puntaje-toefl-ibt\/#breadcrumb"},"inLanguage":"fr-FR","potentialAction":[{"@type":"ReadAction","target":["https:\/\/global-exam.com\/blog\/es\/examenes\/toefl-ibt\/categoria-obten-un-buen-puntaje-toefl-ibt\/"]}]},{"@type":"BreadcrumbList","@id":"https:\/\/global-exam.com\/blog\/es\/examenes\/toefl-ibt\/categoria-obten-un-buen-puntaje-toefl-ibt\/#breadcrumb","itemListElement":[{"@type":"ListItem","position":1,"name":"Ex\u00e1menes de idioma","item":"https:\/\/global-exam.com\/blog\/es\/examenes\/"},{"@type":"ListItem","position":2,"name":"TOEFL IBT","item":"https:\/\/global-exam.com\/blog\/es\/examenes\/toefl-ibt\/"},{"@type":"ListItem","position":3,"name":"Obt\u00e9n un buen puntaje TOEFL IBT"}]}]}},"lang":"es","translations":{"es":63310},"pll_sync_post":[],"_links":{"self":[{"href":"https:\/\/global-exam.com\/blog\/wp-json\/wp\/v2\/pages\/63310"}],"collection":[{"href":"https:\/\/global-exam.com\/blog\/wp-json\/wp\/v2\/pages"}],"about":[{"href":"https:\/\/global-exam.com\/blog\/wp-json\/wp\/v2\/types\/page"}],"author":[{"embeddable":true,"href":"https:\/\/global-exam.com\/blog\/wp-json\/wp\/v2\/users\/24"}],"replies":[{"embeddable":true,"href":"https:\/\/global-exam.com\/blog\/wp-json\/wp\/v2\/comments?post=63310"}],"version-history":[{"count":3,"href":"https:\/\/global-exam.com\/blog\/wp-json\/wp\/v2\/pages\/63310\/revisions"}],"predecessor-version":[{"id":76673,"href":"https:\/\/global-exam.com\/blog\/wp-json\/wp\/v2\/pages\/63310\/revisions\/76673"}],"up":[{"embeddable":true,"href":"https:\/\/global-exam.com\/blog\/wp-json\/wp\/v2\/pages\/18233"}],"wp:attachment":[{"href":"https:\/\/global-exam.com\/blog\/wp-json\/wp\/v2\/media?parent=63310"}],"curies":[{"name":"wp","href":"https:\/\/api.w.org\/{rel}","templated":true}]}}