{"id":63313,"date":"2021-09-14T12:06:01","date_gmt":"2021-09-14T10:06:01","guid":{"rendered":"https:\/\/global-exam.com\/blog\/?page_id=63313"},"modified":"2022-06-27T16:45:33","modified_gmt":"2022-06-27T14:45:33","slug":"categoria-centros-de-examen-toefl-ibt","status":"publish","type":"page","link":"https:\/\/global-exam.com\/blog\/es\/examenes\/toefl-ibt\/categoria-centros-de-examen-toefl-ibt\/","title":{"rendered":"Centros de examen TOEFL iBT"},"content":{"rendered":"<p>El tema que encontrar\u00e1s en esta categor\u00eda est\u00e1 centrado en<strong>\u00a0presentarte los diferentes centros de ex\u00e1menes<\/strong>\u00a0existentes en todo M\u00e9xico para\u00a0<strong>presentar el TOEFL iBT<\/strong>\u00a0(Internet Based Test), entre ellos encontrar\u00e1s universidades e incluso centros de idiomas especializados en ofrecer este examen.<\/p>\n<p>El TOEFL iBT es un examen estandarizado administrado por ETS. Esta prueba busca\u00a0<strong>evaluar a las personas de habla no inglesa<\/strong>\u00a0en un \u00e1mbito acad\u00e9mico. A diferencia del TOEFL ITP, este mide\u00a0<strong>cada una de las competencias<\/strong>\u00a0(comprensi\u00f3n auditiva, comprensi\u00f3n escrita, expresi\u00f3n oral y expresi\u00f3n escrita) y es evaluado sobre<strong>\u00a0120 puntos<\/strong>\u00a0con una validez de 2 a\u00f1os, al igual que la mayor\u00eda de los ex\u00e1menes de ingl\u00e9s.<\/p>\n<p>En esta categor\u00eda no solo aprender\u00e1s sobre los centros de ex\u00e1menes, sino tambi\u00e9n, sobre el proceso de inscripci\u00f3n a seguir y c\u00f3mo prepararse para la prueba.<\/p>\n<p>Con\u00a0<strong>GlobalExam<\/strong>, encontrar\u00e1s un aliado para prepararte para el d\u00eda de la prueba. En nuestra plataforma en l\u00ednea podr\u00e1s trabajar con m\u00e1s de 327 ejercicios de pr\u00e1ctica corregidos, que te permitir\u00e1n avanzar en cada una de las diferentes habilidades evaluadas. Siempre trabajar\u00e1s a tu propio ritmo y con ejercicios adaptados a tus necesidades.<\/p>\n","protected":false},"excerpt":{"rendered":"<p>El tema que encontrar\u00e1s en esta categor\u00eda est\u00e1 centrado en\u00a0presentarte los diferentes centros de ex\u00e1menes\u00a0existentes en todo M\u00e9xico para\u00a0presentar el TOEFL iBT\u00a0(Internet [&hellip;]<\/p>\n","protected":false},"author":24,"featured_media":0,"parent":18233,"menu_order":0,"comment_status":"closed","ping_status":"closed","template":"","meta":[],"acf":[],"yoast_head":"<!-- This site is optimized with the Yoast SEO plugin v17.2.1 - https:\/\/yoast.com\/wordpress\/plugins\/seo\/ -->\n<title>Centros de examen TOEFL iBT<\/title>\n<meta name=\"robots\" content=\"index, follow, max-snippet:-1, max-image-preview:large, max-video-preview:-1\" \/>\n<link rel=\"canonical\" href=\"https:\/\/global-exam.com\/blog\/es\/examenes\/toefl-ibt\/categoria-centros-de-examen-toefl-ibt\/\" \/>\n<meta property=\"og:locale\" content=\"fr_FR\" \/>\n<meta property=\"og:type\" content=\"article\" \/>\n<meta property=\"og:title\" content=\"Centros de examen TOEFL iBT\" \/>\n<meta property=\"og:description\" content=\"El tema que encontrar\u00e1s en esta categor\u00eda est\u00e1 centrado en\u00a0presentarte los diferentes centros de ex\u00e1menes\u00a0existentes en todo M\u00e9xico para\u00a0presentar el TOEFL iBT\u00a0(Internet [&hellip;]\" \/>\n<meta property=\"og:url\" content=\"https:\/\/global-exam.com\/blog\/es\/examenes\/toefl-ibt\/categoria-centros-de-examen-toefl-ibt\/\" \/>\n<meta property=\"og:site_name\" content=\"GlobalExam Blog\" \/>\n<meta property=\"article:publisher\" content=\"https:\/\/www.facebook.com\/Global.Exam\" \/>\n<meta property=\"article:modified_time\" content=\"2022-06-27T14:45:33+00:00\" \/>\n<meta name=\"twitter:card\" content=\"summary_large_image\" \/>\n<meta name=\"twitter:site\" content=\"@Global_Exam\" \/>\n<meta name=\"twitter:label1\" content=\"Dur\u00e9e de lecture estim\u00e9e\" \/>\n\t<meta name=\"twitter:data1\" content=\"1 minute\" \/>\n<script type=\"application\/ld+json\" class=\"yoast-schema-graph\">{\"@context\":\"https:\/\/schema.org\",\"@graph\":[{\"@type\":\"WebSite\",\"@id\":\"https:\/\/global-exam.com\/blog\/#website\",\"url\":\"https:\/\/global-exam.com\/blog\/\",\"name\":\"GlobalExam Blog\",\"description\":\"Le blog du sp\\u00e9cialiste de la certification linguistique\",\"potentialAction\":[{\"@type\":\"SearchAction\",\"target\":{\"@type\":\"EntryPoint\",\"urlTemplate\":\"https:\/\/global-exam.com\/blog\/?s={search_term_string}\"},\"query-input\":\"required name=search_term_string\"}],\"inLanguage\":\"fr-FR\"},{\"@type\":\"WebPage\",\"@id\":\"https:\/\/global-exam.com\/blog\/es\/examenes\/toefl-ibt\/categoria-centros-de-examen-toefl-ibt\/#webpage\",\"url\":\"https:\/\/global-exam.com\/blog\/es\/examenes\/toefl-ibt\/categoria-centros-de-examen-toefl-ibt\/\",\"name\":\"Centros de examen TOEFL iBT\",\"isPartOf\":{\"@id\":\"https:\/\/global-exam.com\/blog\/#website\"},\"datePublished\":\"2021-09-14T10:06:01+00:00\",\"dateModified\":\"2022-06-27T14:45:33+00:00\",\"breadcrumb\":{\"@id\":\"https:\/\/global-exam.com\/blog\/es\/examenes\/toefl-ibt\/categoria-centros-de-examen-toefl-ibt\/#breadcrumb\"},\"inLanguage\":\"fr-FR\",\"potentialAction\":[{\"@type\":\"ReadAction\",\"target\":[\"https:\/\/global-exam.com\/blog\/es\/examenes\/toefl-ibt\/categoria-centros-de-examen-toefl-ibt\/\"]}]},{\"@type\":\"BreadcrumbList\",\"@id\":\"https:\/\/global-exam.com\/blog\/es\/examenes\/toefl-ibt\/categoria-centros-de-examen-toefl-ibt\/#breadcrumb\",\"itemListElement\":[{\"@type\":\"ListItem\",\"position\":1,\"name\":\"Ex\\u00e1menes de idioma\",\"item\":\"https:\/\/global-exam.com\/blog\/es\/examenes\/\"},{\"@type\":\"ListItem\",\"position\":2,\"name\":\"TOEFL IBT\",\"item\":\"https:\/\/global-exam.com\/blog\/es\/examenes\/toefl-ibt\/\"},{\"@type\":\"ListItem\",\"position\":3,\"name\":\"Centros de examen TOEFL iBT\"}]}]}<\/script>\n<!-- \/ Yoast SEO plugin. -->","yoast_head_json":{"title":"Centros de examen TOEFL iBT","robots":{"index":"index","follow":"follow","max-snippet":"max-snippet:-1","max-image-preview":"max-image-preview:large","max-video-preview":"max-video-preview:-1"},"canonical":"https:\/\/global-exam.com\/blog\/es\/examenes\/toefl-ibt\/categoria-centros-de-examen-toefl-ibt\/","og_locale":"fr_FR","og_type":"article","og_title":"Centros de examen TOEFL iBT","og_description":"El tema que encontrar\u00e1s en esta categor\u00eda est\u00e1 centrado en\u00a0presentarte los diferentes centros de ex\u00e1menes\u00a0existentes en todo M\u00e9xico para\u00a0presentar el TOEFL iBT\u00a0(Internet [&hellip;]","og_url":"https:\/\/global-exam.com\/blog\/es\/examenes\/toefl-ibt\/categoria-centros-de-examen-toefl-ibt\/","og_site_name":"GlobalExam Blog","article_publisher":"https:\/\/www.facebook.com\/Global.Exam","article_modified_time":"2022-06-27T14:45:33+00:00","twitter_card":"summary_large_image","twitter_site":"@Global_Exam","twitter_misc":{"Dur\u00e9e de lecture estim\u00e9e":"1 minute"},"schema":{"@context":"https:\/\/schema.org","@graph":[{"@type":"WebSite","@id":"https:\/\/global-exam.com\/blog\/#website","url":"https:\/\/global-exam.com\/blog\/","name":"GlobalExam Blog","description":"Le blog du sp\u00e9cialiste de la certification linguistique","potentialAction":[{"@type":"SearchAction","target":{"@type":"EntryPoint","urlTemplate":"https:\/\/global-exam.com\/blog\/?s={search_term_string}"},"query-input":"required name=search_term_string"}],"inLanguage":"fr-FR"},{"@type":"WebPage","@id":"https:\/\/global-exam.com\/blog\/es\/examenes\/toefl-ibt\/categoria-centros-de-examen-toefl-ibt\/#webpage","url":"https:\/\/global-exam.com\/blog\/es\/examenes\/toefl-ibt\/categoria-centros-de-examen-toefl-ibt\/","name":"Centros de examen TOEFL iBT","isPartOf":{"@id":"https:\/\/global-exam.com\/blog\/#website"},"datePublished":"2021-09-14T10:06:01+00:00","dateModified":"2022-06-27T14:45:33+00:00","breadcrumb":{"@id":"https:\/\/global-exam.com\/blog\/es\/examenes\/toefl-ibt\/categoria-centros-de-examen-toefl-ibt\/#breadcrumb"},"inLanguage":"fr-FR","potentialAction":[{"@type":"ReadAction","target":["https:\/\/global-exam.com\/blog\/es\/examenes\/toefl-ibt\/categoria-centros-de-examen-toefl-ibt\/"]}]},{"@type":"BreadcrumbList","@id":"https:\/\/global-exam.com\/blog\/es\/examenes\/toefl-ibt\/categoria-centros-de-examen-toefl-ibt\/#breadcrumb","itemListElement":[{"@type":"ListItem","position":1,"name":"Ex\u00e1menes de idioma","item":"https:\/\/global-exam.com\/blog\/es\/examenes\/"},{"@type":"ListItem","position":2,"name":"TOEFL IBT","item":"https:\/\/global-exam.com\/blog\/es\/examenes\/toefl-ibt\/"},{"@type":"ListItem","position":3,"name":"Centros de examen TOEFL iBT"}]}]}},"lang":"es","translations":{"es":63313},"pll_sync_post":[],"_links":{"self":[{"href":"https:\/\/global-exam.com\/blog\/wp-json\/wp\/v2\/pages\/63313"}],"collection":[{"href":"https:\/\/global-exam.com\/blog\/wp-json\/wp\/v2\/pages"}],"about":[{"href":"https:\/\/global-exam.com\/blog\/wp-json\/wp\/v2\/types\/page"}],"author":[{"embeddable":true,"href":"https:\/\/global-exam.com\/blog\/wp-json\/wp\/v2\/users\/24"}],"replies":[{"embeddable":true,"href":"https:\/\/global-exam.com\/blog\/wp-json\/wp\/v2\/comments?post=63313"}],"version-history":[{"count":3,"href":"https:\/\/global-exam.com\/blog\/wp-json\/wp\/v2\/pages\/63313\/revisions"}],"predecessor-version":[{"id":76672,"href":"https:\/\/global-exam.com\/blog\/wp-json\/wp\/v2\/pages\/63313\/revisions\/76672"}],"up":[{"embeddable":true,"href":"https:\/\/global-exam.com\/blog\/wp-json\/wp\/v2\/pages\/18233"}],"wp:attachment":[{"href":"https:\/\/global-exam.com\/blog\/wp-json\/wp\/v2\/media?parent=63313"}],"curies":[{"name":"wp","href":"https:\/\/api.w.org\/{rel}","templated":true}]}}