{"id":63317,"date":"2021-09-14T12:09:53","date_gmt":"2021-09-14T10:09:53","guid":{"rendered":"https:\/\/global-exam.com\/blog\/?page_id=63317"},"modified":"2022-06-27T16:45:32","modified_gmt":"2022-06-27T14:45:32","slug":"categoria-vocabulario-toefl-ibt","status":"publish","type":"page","link":"https:\/\/global-exam.com\/blog\/es\/examenes\/toefl-ibt\/categoria-vocabulario-toefl-ibt\/","title":{"rendered":"Vocabulario TOEFL iBT"},"content":{"rendered":"<p>Cuando decidimos certificar nuestro nivel de ingl\u00e9s, es una inversi\u00f3n que nos servir\u00e1 para la vida profesional y acad\u00e9mica. Sin embargo, hay que ser sinceros, a todos nos da miedo presentar el examen y perder el dinero, sobre todo cuando buscamos en internet los precios del\u00a0<strong>TOEFL IBT<\/strong>\u00a0que oscilan entre los\u00a0<strong>170 y 250 d\u00f3lares.<\/strong>\u00a0Adem\u00e1s, esto son precios aproximativos y pueden variar seg\u00fan el a\u00f1o en el que lo presentemos y el pa\u00eds.<\/p>\n<p>Por esta misma raz\u00f3n, para estar seguros de que pasaremos el examen, es necesario prepararse con antelaci\u00f3n. En un primer momento, se puede empezar<strong>\u00a0ampliando nuestro vocabulario<\/strong>\u00a0para el TOEFL IBT. Esto nos permitir\u00e1<strong>\u00a0aprender nuevas palabras, conocer sin\u00f3nimos, entender en qu\u00e9 contexto se usan diferentes palabras y c\u00f3mo usarlas en una frase.\u00a0<\/strong><\/p>\n<p>Con esta idea en mente, hemos creado esta categor\u00eda de vocabulario. Nuestro objetivo es ayudarte a\u00a0<strong>aumentar tu l\u00e9xico en ingl\u00e9s<\/strong>\u00a0para que uses las palabras adecuadas y puedas expresarte con total libertad y propiedad.<\/p>\n<p>Hay fichas de vocabulario sobre c\u00f3mo dar y\u00a0<strong>escribir una direcci\u00f3n,\u00a0<\/strong>c\u00f3mo\u00a0<strong>decir la hora,<\/strong>\u00a0c\u00f3mo decir los\u00a0<strong>d\u00edas<\/strong>\u00a0<strong>y meses del a\u00f1o,<\/strong>\u00a0qu\u00e9 expresiones usar para\u00a0<strong>viajar<\/strong>, c\u00f3mo expresar\u00a0<strong>emociones<\/strong>, c\u00f3mo hablar del\u00a0<strong>tiempo<\/strong>\u00a0y\u00a0<strong>muchos<\/strong>\u00a0<strong>m\u00e1s<\/strong>\u00a0temas.<\/p>\n<p>Tambi\u00e9n puedes practicar con nuestra plataforma\u00a0<strong>GlobalExam<\/strong>. Tenemos una secci\u00f3n de vocabulario que incluye ejercicios de vocabulario, pruebas de selecci\u00f3n m\u00faltiple y pruebas de selecci\u00f3n de palabras. La parte de selecci\u00f3n de palabras es sin duda uno de los puntos m\u00e1s dif\u00edciles del\u00a0<strong>TOEFL IBT,<\/strong>\u00a0as\u00ed que si podemos<strong>\u00a0trabajarlo con anterioridad<\/strong>, tenemos asegurado una parte de la prueba.<\/p>\n<p>La gran ventaja de\u00a0<strong>practicar<\/strong>\u00a0<strong>en<\/strong>\u00a0<strong>l\u00ednea<\/strong>\u00a0es que tenemos acceso a todas estas fichas de vocabulario en cualquier momento del d\u00eda. Simplemente necesitamos nuestro ordenador, m\u00f3vil o tablet.<\/p>\n","protected":false},"excerpt":{"rendered":"<p>Cuando decidimos certificar nuestro nivel de ingl\u00e9s, es una inversi\u00f3n que nos servir\u00e1 para la vida profesional y acad\u00e9mica. Sin embargo, hay [&hellip;]<\/p>\n","protected":false},"author":24,"featured_media":0,"parent":18233,"menu_order":0,"comment_status":"closed","ping_status":"closed","template":"","meta":[],"acf":[],"yoast_head":"<!-- This site is optimized with the Yoast SEO plugin v17.2.1 - https:\/\/yoast.com\/wordpress\/plugins\/seo\/ -->\n<title>Vocabulario TOEFL iBT<\/title>\n<meta name=\"robots\" content=\"index, follow, max-snippet:-1, max-image-preview:large, max-video-preview:-1\" \/>\n<link rel=\"canonical\" href=\"https:\/\/global-exam.com\/blog\/es\/examenes\/toefl-ibt\/categoria-vocabulario-toefl-ibt\/\" \/>\n<meta property=\"og:locale\" content=\"fr_FR\" \/>\n<meta property=\"og:type\" content=\"article\" \/>\n<meta property=\"og:title\" content=\"Vocabulario TOEFL iBT\" \/>\n<meta property=\"og:description\" content=\"Cuando decidimos certificar nuestro nivel de ingl\u00e9s, es una inversi\u00f3n que nos servir\u00e1 para la vida profesional y acad\u00e9mica. Sin embargo, hay [&hellip;]\" \/>\n<meta property=\"og:url\" content=\"https:\/\/global-exam.com\/blog\/es\/examenes\/toefl-ibt\/categoria-vocabulario-toefl-ibt\/\" \/>\n<meta property=\"og:site_name\" content=\"GlobalExam Blog\" \/>\n<meta property=\"article:publisher\" content=\"https:\/\/www.facebook.com\/Global.Exam\" \/>\n<meta property=\"article:modified_time\" content=\"2022-06-27T14:45:32+00:00\" \/>\n<meta name=\"twitter:card\" content=\"summary_large_image\" \/>\n<meta name=\"twitter:site\" content=\"@Global_Exam\" \/>\n<meta name=\"twitter:label1\" content=\"Dur\u00e9e de lecture estim\u00e9e\" \/>\n\t<meta name=\"twitter:data1\" content=\"2 minutes\" \/>\n<script type=\"application\/ld+json\" class=\"yoast-schema-graph\">{\"@context\":\"https:\/\/schema.org\",\"@graph\":[{\"@type\":\"WebSite\",\"@id\":\"https:\/\/global-exam.com\/blog\/#website\",\"url\":\"https:\/\/global-exam.com\/blog\/\",\"name\":\"GlobalExam Blog\",\"description\":\"Le blog du sp\\u00e9cialiste de la certification linguistique\",\"potentialAction\":[{\"@type\":\"SearchAction\",\"target\":{\"@type\":\"EntryPoint\",\"urlTemplate\":\"https:\/\/global-exam.com\/blog\/?s={search_term_string}\"},\"query-input\":\"required name=search_term_string\"}],\"inLanguage\":\"fr-FR\"},{\"@type\":\"WebPage\",\"@id\":\"https:\/\/global-exam.com\/blog\/es\/examenes\/toefl-ibt\/categoria-vocabulario-toefl-ibt\/#webpage\",\"url\":\"https:\/\/global-exam.com\/blog\/es\/examenes\/toefl-ibt\/categoria-vocabulario-toefl-ibt\/\",\"name\":\"Vocabulario TOEFL iBT\",\"isPartOf\":{\"@id\":\"https:\/\/global-exam.com\/blog\/#website\"},\"datePublished\":\"2021-09-14T10:09:53+00:00\",\"dateModified\":\"2022-06-27T14:45:32+00:00\",\"breadcrumb\":{\"@id\":\"https:\/\/global-exam.com\/blog\/es\/examenes\/toefl-ibt\/categoria-vocabulario-toefl-ibt\/#breadcrumb\"},\"inLanguage\":\"fr-FR\",\"potentialAction\":[{\"@type\":\"ReadAction\",\"target\":[\"https:\/\/global-exam.com\/blog\/es\/examenes\/toefl-ibt\/categoria-vocabulario-toefl-ibt\/\"]}]},{\"@type\":\"BreadcrumbList\",\"@id\":\"https:\/\/global-exam.com\/blog\/es\/examenes\/toefl-ibt\/categoria-vocabulario-toefl-ibt\/#breadcrumb\",\"itemListElement\":[{\"@type\":\"ListItem\",\"position\":1,\"name\":\"Ex\\u00e1menes de idioma\",\"item\":\"https:\/\/global-exam.com\/blog\/es\/examenes\/\"},{\"@type\":\"ListItem\",\"position\":2,\"name\":\"TOEFL IBT\",\"item\":\"https:\/\/global-exam.com\/blog\/es\/examenes\/toefl-ibt\/\"},{\"@type\":\"ListItem\",\"position\":3,\"name\":\"Vocabulario TOEFL iBT\"}]}]}<\/script>\n<!-- \/ Yoast SEO plugin. -->","yoast_head_json":{"title":"Vocabulario TOEFL iBT","robots":{"index":"index","follow":"follow","max-snippet":"max-snippet:-1","max-image-preview":"max-image-preview:large","max-video-preview":"max-video-preview:-1"},"canonical":"https:\/\/global-exam.com\/blog\/es\/examenes\/toefl-ibt\/categoria-vocabulario-toefl-ibt\/","og_locale":"fr_FR","og_type":"article","og_title":"Vocabulario TOEFL iBT","og_description":"Cuando decidimos certificar nuestro nivel de ingl\u00e9s, es una inversi\u00f3n que nos servir\u00e1 para la vida profesional y acad\u00e9mica. Sin embargo, hay [&hellip;]","og_url":"https:\/\/global-exam.com\/blog\/es\/examenes\/toefl-ibt\/categoria-vocabulario-toefl-ibt\/","og_site_name":"GlobalExam Blog","article_publisher":"https:\/\/www.facebook.com\/Global.Exam","article_modified_time":"2022-06-27T14:45:32+00:00","twitter_card":"summary_large_image","twitter_site":"@Global_Exam","twitter_misc":{"Dur\u00e9e de lecture estim\u00e9e":"2 minutes"},"schema":{"@context":"https:\/\/schema.org","@graph":[{"@type":"WebSite","@id":"https:\/\/global-exam.com\/blog\/#website","url":"https:\/\/global-exam.com\/blog\/","name":"GlobalExam Blog","description":"Le blog du sp\u00e9cialiste de la certification linguistique","potentialAction":[{"@type":"SearchAction","target":{"@type":"EntryPoint","urlTemplate":"https:\/\/global-exam.com\/blog\/?s={search_term_string}"},"query-input":"required name=search_term_string"}],"inLanguage":"fr-FR"},{"@type":"WebPage","@id":"https:\/\/global-exam.com\/blog\/es\/examenes\/toefl-ibt\/categoria-vocabulario-toefl-ibt\/#webpage","url":"https:\/\/global-exam.com\/blog\/es\/examenes\/toefl-ibt\/categoria-vocabulario-toefl-ibt\/","name":"Vocabulario TOEFL iBT","isPartOf":{"@id":"https:\/\/global-exam.com\/blog\/#website"},"datePublished":"2021-09-14T10:09:53+00:00","dateModified":"2022-06-27T14:45:32+00:00","breadcrumb":{"@id":"https:\/\/global-exam.com\/blog\/es\/examenes\/toefl-ibt\/categoria-vocabulario-toefl-ibt\/#breadcrumb"},"inLanguage":"fr-FR","potentialAction":[{"@type":"ReadAction","target":["https:\/\/global-exam.com\/blog\/es\/examenes\/toefl-ibt\/categoria-vocabulario-toefl-ibt\/"]}]},{"@type":"BreadcrumbList","@id":"https:\/\/global-exam.com\/blog\/es\/examenes\/toefl-ibt\/categoria-vocabulario-toefl-ibt\/#breadcrumb","itemListElement":[{"@type":"ListItem","position":1,"name":"Ex\u00e1menes de idioma","item":"https:\/\/global-exam.com\/blog\/es\/examenes\/"},{"@type":"ListItem","position":2,"name":"TOEFL IBT","item":"https:\/\/global-exam.com\/blog\/es\/examenes\/toefl-ibt\/"},{"@type":"ListItem","position":3,"name":"Vocabulario TOEFL iBT"}]}]}},"lang":"es","translations":{"es":63317},"pll_sync_post":[],"_links":{"self":[{"href":"https:\/\/global-exam.com\/blog\/wp-json\/wp\/v2\/pages\/63317"}],"collection":[{"href":"https:\/\/global-exam.com\/blog\/wp-json\/wp\/v2\/pages"}],"about":[{"href":"https:\/\/global-exam.com\/blog\/wp-json\/wp\/v2\/types\/page"}],"author":[{"embeddable":true,"href":"https:\/\/global-exam.com\/blog\/wp-json\/wp\/v2\/users\/24"}],"replies":[{"embeddable":true,"href":"https:\/\/global-exam.com\/blog\/wp-json\/wp\/v2\/comments?post=63317"}],"version-history":[{"count":4,"href":"https:\/\/global-exam.com\/blog\/wp-json\/wp\/v2\/pages\/63317\/revisions"}],"predecessor-version":[{"id":76671,"href":"https:\/\/global-exam.com\/blog\/wp-json\/wp\/v2\/pages\/63317\/revisions\/76671"}],"up":[{"embeddable":true,"href":"https:\/\/global-exam.com\/blog\/wp-json\/wp\/v2\/pages\/18233"}],"wp:attachment":[{"href":"https:\/\/global-exam.com\/blog\/wp-json\/wp\/v2\/media?parent=63317"}],"curies":[{"name":"wp","href":"https:\/\/api.w.org\/{rel}","templated":true}]}}