{"id":63323,"date":"2021-09-14T12:17:28","date_gmt":"2021-09-14T10:17:28","guid":{"rendered":"https:\/\/global-exam.com\/blog\/?page_id=63323"},"modified":"2022-06-27T16:45:31","modified_gmt":"2022-06-27T14:45:31","slug":"categoria-gramatica-toefl-ibt","status":"publish","type":"page","link":"https:\/\/global-exam.com\/blog\/es\/examenes\/toefl-ibt\/categoria-gramatica-toefl-ibt\/","title":{"rendered":"Gram\u00e1tica TOEFL iBT"},"content":{"rendered":"<p>El\u00a0<strong>TOEFL IBT<\/strong>\u00a0es el examen que se requiere en todas las universidades de habla inglesa como parte del proceso de admisi\u00f3n. Adem\u00e1s de ser reconocido para los<strong>\u00a0intercambios universitarios,<\/strong>\u00a0tambi\u00e9n lo puedes presentar por tu cuenta. No tienes necesidad de pasar por alguna instituci\u00f3n para poder presentarlo.<\/p>\n<p>Este examen te ayudar\u00e1 a destacarte con confianza en el ingl\u00e9s y te ofrece una gran ventaja: las universidades conocer\u00e1n por adelantado tus habilidades ling\u00fc\u00edsticas, puesto que ser\u00e1s evaluado en cuatro sesiones:\u00a0<strong>comprensi\u00f3n de lectura, comprensi\u00f3n auditiva, expresi\u00f3n oral y expresi\u00f3n escrita.<\/strong><\/p>\n<p>Para realizar cada una de las secciones del TOEFL IBT necesitas tener muy\u00a0<strong>buenas bases en gram\u00e1tica,<\/strong>\u00a0por lo que desarrollar esta competencia resulta indispensable. Saber c\u00f3mo se\u00a0<strong>estructura una frase<\/strong>, c\u00f3mo se\u00a0<strong>conjugan<\/strong>\u00a0los\u00a0<strong>verbos<\/strong>, cu\u00e1les son los diferentes\u00a0<strong>tiempos<\/strong>\u00a0<strong>verbales<\/strong>\u00a0y c\u00f3mo\u00a0<strong>utilizarlos<\/strong>\u00a0en una\u00a0<strong>frase<\/strong>\u00a0te ser\u00e1 de ayuda para el examen.<\/p>\n<p>Para ayudarte a pasar el<strong>\u00a0TOEFL IBT,<\/strong>\u00a0en este blog de GlobalExam encontrar\u00e1s m\u00faltiples\u00a0<strong>fichas de gram\u00e1tica<\/strong>\u00a0con temas como: el presente perfecto, presente simple y continuo, adjetivos comparativos y superlativos, adjetivos posesivos, adverbios de frecuencia, el condicional, los pronombres relativos, etc.<\/p>\n<p>Al revisar cada una de las\u00a0<strong>fichas de gram\u00e1tica<\/strong>\u00a0te dar\u00e1s cuenta que el contenido es claro y bien detallado y todas las reglas gramaticales que rigen la construcci\u00f3n de una<strong>\u00a0frase en ingl\u00e9s<\/strong>\u00a0est\u00e1n contenidas en cada una de estas fichas. Cada explicaci\u00f3n est\u00e1 acompa\u00f1ada de un ejemplo y ejercicios de pr\u00e1ctica.<\/p>\n<p>Puede que estos temas los hayas trabajado desde que estabas en el colegio, sin embargo, nunca est\u00e1 dem\u00e1s retomar el ingl\u00e9s desde cero. Igualmente, el tiempo que pasar\u00e1s revisando este tema ser\u00e1 muy corto si ya lo conoces. Tambi\u00e9n puedes revisar las fichas de gram\u00e1tica de nuestra plataforma\u00a0<strong>GlobalExam<\/strong>, as\u00ed como los otros\u00a0<strong>m\u00f3dulos de entrenamiento<\/strong>\u00a0que se enfocan en las\u00a0<strong>4 secciones<\/strong>\u00a0de la\u00a0<strong>prueba<\/strong>.<\/p>\n","protected":false},"excerpt":{"rendered":"<p>El\u00a0TOEFL IBT\u00a0es el examen que se requiere en todas las universidades de habla inglesa como parte del proceso de admisi\u00f3n. Adem\u00e1s de [&hellip;]<\/p>\n","protected":false},"author":24,"featured_media":0,"parent":18233,"menu_order":0,"comment_status":"closed","ping_status":"closed","template":"","meta":[],"acf":[],"yoast_head":"<!-- This site is optimized with the Yoast SEO plugin v17.2.1 - https:\/\/yoast.com\/wordpress\/plugins\/seo\/ -->\n<title>Gram\u00e1tica TOEFL iBT<\/title>\n<meta name=\"robots\" content=\"index, follow, max-snippet:-1, max-image-preview:large, max-video-preview:-1\" \/>\n<link rel=\"canonical\" href=\"https:\/\/global-exam.com\/blog\/es\/examenes\/toefl-ibt\/categoria-gramatica-toefl-ibt\/\" \/>\n<meta property=\"og:locale\" content=\"fr_FR\" \/>\n<meta property=\"og:type\" content=\"article\" \/>\n<meta property=\"og:title\" content=\"Gram\u00e1tica TOEFL iBT\" \/>\n<meta property=\"og:description\" content=\"El\u00a0TOEFL IBT\u00a0es el examen que se requiere en todas las universidades de habla inglesa como parte del proceso de admisi\u00f3n. Adem\u00e1s de [&hellip;]\" \/>\n<meta property=\"og:url\" content=\"https:\/\/global-exam.com\/blog\/es\/examenes\/toefl-ibt\/categoria-gramatica-toefl-ibt\/\" \/>\n<meta property=\"og:site_name\" content=\"GlobalExam Blog\" \/>\n<meta property=\"article:publisher\" content=\"https:\/\/www.facebook.com\/Global.Exam\" \/>\n<meta property=\"article:modified_time\" content=\"2022-06-27T14:45:31+00:00\" \/>\n<meta name=\"twitter:card\" content=\"summary_large_image\" \/>\n<meta name=\"twitter:site\" content=\"@Global_Exam\" \/>\n<meta name=\"twitter:label1\" content=\"Dur\u00e9e de lecture estim\u00e9e\" \/>\n\t<meta name=\"twitter:data1\" content=\"2 minutes\" \/>\n<script type=\"application\/ld+json\" class=\"yoast-schema-graph\">{\"@context\":\"https:\/\/schema.org\",\"@graph\":[{\"@type\":\"WebSite\",\"@id\":\"https:\/\/global-exam.com\/blog\/#website\",\"url\":\"https:\/\/global-exam.com\/blog\/\",\"name\":\"GlobalExam Blog\",\"description\":\"Le blog du sp\\u00e9cialiste de la certification linguistique\",\"potentialAction\":[{\"@type\":\"SearchAction\",\"target\":{\"@type\":\"EntryPoint\",\"urlTemplate\":\"https:\/\/global-exam.com\/blog\/?s={search_term_string}\"},\"query-input\":\"required name=search_term_string\"}],\"inLanguage\":\"fr-FR\"},{\"@type\":\"WebPage\",\"@id\":\"https:\/\/global-exam.com\/blog\/es\/examenes\/toefl-ibt\/categoria-gramatica-toefl-ibt\/#webpage\",\"url\":\"https:\/\/global-exam.com\/blog\/es\/examenes\/toefl-ibt\/categoria-gramatica-toefl-ibt\/\",\"name\":\"Gram\\u00e1tica TOEFL iBT\",\"isPartOf\":{\"@id\":\"https:\/\/global-exam.com\/blog\/#website\"},\"datePublished\":\"2021-09-14T10:17:28+00:00\",\"dateModified\":\"2022-06-27T14:45:31+00:00\",\"breadcrumb\":{\"@id\":\"https:\/\/global-exam.com\/blog\/es\/examenes\/toefl-ibt\/categoria-gramatica-toefl-ibt\/#breadcrumb\"},\"inLanguage\":\"fr-FR\",\"potentialAction\":[{\"@type\":\"ReadAction\",\"target\":[\"https:\/\/global-exam.com\/blog\/es\/examenes\/toefl-ibt\/categoria-gramatica-toefl-ibt\/\"]}]},{\"@type\":\"BreadcrumbList\",\"@id\":\"https:\/\/global-exam.com\/blog\/es\/examenes\/toefl-ibt\/categoria-gramatica-toefl-ibt\/#breadcrumb\",\"itemListElement\":[{\"@type\":\"ListItem\",\"position\":1,\"name\":\"Ex\\u00e1menes de idioma\",\"item\":\"https:\/\/global-exam.com\/blog\/es\/examenes\/\"},{\"@type\":\"ListItem\",\"position\":2,\"name\":\"TOEFL IBT\",\"item\":\"https:\/\/global-exam.com\/blog\/es\/examenes\/toefl-ibt\/\"},{\"@type\":\"ListItem\",\"position\":3,\"name\":\"Gram\\u00e1tica TOEFL iBT\"}]}]}<\/script>\n<!-- \/ Yoast SEO plugin. -->","yoast_head_json":{"title":"Gram\u00e1tica TOEFL iBT","robots":{"index":"index","follow":"follow","max-snippet":"max-snippet:-1","max-image-preview":"max-image-preview:large","max-video-preview":"max-video-preview:-1"},"canonical":"https:\/\/global-exam.com\/blog\/es\/examenes\/toefl-ibt\/categoria-gramatica-toefl-ibt\/","og_locale":"fr_FR","og_type":"article","og_title":"Gram\u00e1tica TOEFL iBT","og_description":"El\u00a0TOEFL IBT\u00a0es el examen que se requiere en todas las universidades de habla inglesa como parte del proceso de admisi\u00f3n. Adem\u00e1s de [&hellip;]","og_url":"https:\/\/global-exam.com\/blog\/es\/examenes\/toefl-ibt\/categoria-gramatica-toefl-ibt\/","og_site_name":"GlobalExam Blog","article_publisher":"https:\/\/www.facebook.com\/Global.Exam","article_modified_time":"2022-06-27T14:45:31+00:00","twitter_card":"summary_large_image","twitter_site":"@Global_Exam","twitter_misc":{"Dur\u00e9e de lecture estim\u00e9e":"2 minutes"},"schema":{"@context":"https:\/\/schema.org","@graph":[{"@type":"WebSite","@id":"https:\/\/global-exam.com\/blog\/#website","url":"https:\/\/global-exam.com\/blog\/","name":"GlobalExam Blog","description":"Le blog du sp\u00e9cialiste de la certification linguistique","potentialAction":[{"@type":"SearchAction","target":{"@type":"EntryPoint","urlTemplate":"https:\/\/global-exam.com\/blog\/?s={search_term_string}"},"query-input":"required name=search_term_string"}],"inLanguage":"fr-FR"},{"@type":"WebPage","@id":"https:\/\/global-exam.com\/blog\/es\/examenes\/toefl-ibt\/categoria-gramatica-toefl-ibt\/#webpage","url":"https:\/\/global-exam.com\/blog\/es\/examenes\/toefl-ibt\/categoria-gramatica-toefl-ibt\/","name":"Gram\u00e1tica TOEFL iBT","isPartOf":{"@id":"https:\/\/global-exam.com\/blog\/#website"},"datePublished":"2021-09-14T10:17:28+00:00","dateModified":"2022-06-27T14:45:31+00:00","breadcrumb":{"@id":"https:\/\/global-exam.com\/blog\/es\/examenes\/toefl-ibt\/categoria-gramatica-toefl-ibt\/#breadcrumb"},"inLanguage":"fr-FR","potentialAction":[{"@type":"ReadAction","target":["https:\/\/global-exam.com\/blog\/es\/examenes\/toefl-ibt\/categoria-gramatica-toefl-ibt\/"]}]},{"@type":"BreadcrumbList","@id":"https:\/\/global-exam.com\/blog\/es\/examenes\/toefl-ibt\/categoria-gramatica-toefl-ibt\/#breadcrumb","itemListElement":[{"@type":"ListItem","position":1,"name":"Ex\u00e1menes de idioma","item":"https:\/\/global-exam.com\/blog\/es\/examenes\/"},{"@type":"ListItem","position":2,"name":"TOEFL IBT","item":"https:\/\/global-exam.com\/blog\/es\/examenes\/toefl-ibt\/"},{"@type":"ListItem","position":3,"name":"Gram\u00e1tica TOEFL iBT"}]}]}},"lang":"es","translations":{"es":63323},"pll_sync_post":[],"_links":{"self":[{"href":"https:\/\/global-exam.com\/blog\/wp-json\/wp\/v2\/pages\/63323"}],"collection":[{"href":"https:\/\/global-exam.com\/blog\/wp-json\/wp\/v2\/pages"}],"about":[{"href":"https:\/\/global-exam.com\/blog\/wp-json\/wp\/v2\/types\/page"}],"author":[{"embeddable":true,"href":"https:\/\/global-exam.com\/blog\/wp-json\/wp\/v2\/users\/24"}],"replies":[{"embeddable":true,"href":"https:\/\/global-exam.com\/blog\/wp-json\/wp\/v2\/comments?post=63323"}],"version-history":[{"count":3,"href":"https:\/\/global-exam.com\/blog\/wp-json\/wp\/v2\/pages\/63323\/revisions"}],"predecessor-version":[{"id":76670,"href":"https:\/\/global-exam.com\/blog\/wp-json\/wp\/v2\/pages\/63323\/revisions\/76670"}],"up":[{"embeddable":true,"href":"https:\/\/global-exam.com\/blog\/wp-json\/wp\/v2\/pages\/18233"}],"wp:attachment":[{"href":"https:\/\/global-exam.com\/blog\/wp-json\/wp\/v2\/media?parent=63323"}],"curies":[{"name":"wp","href":"https:\/\/api.w.org\/{rel}","templated":true}]}}