{"id":63641,"date":"2021-09-16T11:53:26","date_gmt":"2021-09-16T09:53:26","guid":{"rendered":"https:\/\/global-exam.com\/blog\/?page_id=63641"},"modified":"2022-09-16T11:08:30","modified_gmt":"2022-09-16T09:08:30","slug":"categoria-introduccion-toefl-itp","status":"publish","type":"page","link":"https:\/\/global-exam.com\/blog\/es\/examenes\/toefl-itp\/categoria-introduccion-toefl-itp\/","title":{"rendered":"Introducci\u00f3n TOEFL ITP"},"content":{"rendered":"<p>Conoce el TOEFL ITP<\/p>\n<p>El TOEFL (Test Of English as a Foreign Language) es el examen internacional de ingl\u00e9s m\u00e1s conocido en el mundo, aproximadamente 30 millones de candidatos lo han presentado. El TOEFL es v\u00e1lido durante dos a\u00f1os y es reconocido por m\u00faltiples establecimientos de car\u00e1cter profesional y universitario en m\u00e1s de 130 pa\u00edses.<\/p>\n<p>Dos cosas caracterizan el TOEFL ITP: el examen se lleva a cabo en instituciones de ense\u00f1anza segundaria y, a diferencia del TOEFL IBT que se presenta en l\u00ednea, el TOEFL ITP se presenta en versi\u00f3n papel.<\/p>\n<p>Todo lo que siempre has querido saber sobre el TOEFL ITP se encuentra en esta categor\u00eda, la cual re\u00fane todos los art\u00edculos relacionados con el test: desarrollo del examen, estructura y organizaci\u00f3n de la prueba, puntajes e inscripci\u00f3n, as\u00ed como consejos con el fin de prepararse y escoger la versi\u00f3n del test que mejor se adapta a tus necesidades.<\/p>\n","protected":false},"excerpt":{"rendered":"<p>Conoce el TOEFL ITP El TOEFL (Test Of English as a Foreign Language) es el examen internacional de ingl\u00e9s m\u00e1s conocido en [&hellip;]<\/p>\n","protected":false},"author":24,"featured_media":0,"parent":14867,"menu_order":0,"comment_status":"closed","ping_status":"closed","template":"","meta":[],"acf":[],"yoast_head":"<!-- This site is optimized with the Yoast SEO plugin v17.2.1 - https:\/\/yoast.com\/wordpress\/plugins\/seo\/ -->\n<title>Introducci\u00f3n TOEFL ITP<\/title>\n<meta name=\"robots\" content=\"index, follow, max-snippet:-1, max-image-preview:large, max-video-preview:-1\" \/>\n<link rel=\"canonical\" href=\"https:\/\/global-exam.com\/blog\/es\/examenes\/toefl-itp\/categoria-introduccion-toefl-itp\/\" \/>\n<meta property=\"og:locale\" content=\"fr_FR\" \/>\n<meta property=\"og:type\" content=\"article\" \/>\n<meta property=\"og:title\" content=\"Introducci\u00f3n TOEFL ITP\" \/>\n<meta property=\"og:description\" content=\"Conoce el TOEFL ITP El TOEFL (Test Of English as a Foreign Language) es el examen internacional de ingl\u00e9s m\u00e1s conocido en [&hellip;]\" \/>\n<meta property=\"og:url\" content=\"https:\/\/global-exam.com\/blog\/es\/examenes\/toefl-itp\/categoria-introduccion-toefl-itp\/\" \/>\n<meta property=\"og:site_name\" content=\"GlobalExam Blog\" \/>\n<meta property=\"article:publisher\" content=\"https:\/\/www.facebook.com\/Global.Exam\" \/>\n<meta property=\"article:modified_time\" content=\"2022-09-16T09:08:30+00:00\" \/>\n<meta name=\"twitter:card\" content=\"summary_large_image\" \/>\n<meta name=\"twitter:site\" content=\"@Global_Exam\" \/>\n<meta name=\"twitter:label1\" content=\"Dur\u00e9e de lecture estim\u00e9e\" \/>\n\t<meta name=\"twitter:data1\" content=\"1 minute\" \/>\n<script type=\"application\/ld+json\" class=\"yoast-schema-graph\">{\"@context\":\"https:\/\/schema.org\",\"@graph\":[{\"@type\":\"WebSite\",\"@id\":\"https:\/\/global-exam.com\/blog\/#website\",\"url\":\"https:\/\/global-exam.com\/blog\/\",\"name\":\"GlobalExam Blog\",\"description\":\"Le blog du sp\\u00e9cialiste de la certification linguistique\",\"potentialAction\":[{\"@type\":\"SearchAction\",\"target\":{\"@type\":\"EntryPoint\",\"urlTemplate\":\"https:\/\/global-exam.com\/blog\/?s={search_term_string}\"},\"query-input\":\"required name=search_term_string\"}],\"inLanguage\":\"fr-FR\"},{\"@type\":\"WebPage\",\"@id\":\"https:\/\/global-exam.com\/blog\/es\/examenes\/toefl-itp\/categoria-introduccion-toefl-itp\/#webpage\",\"url\":\"https:\/\/global-exam.com\/blog\/es\/examenes\/toefl-itp\/categoria-introduccion-toefl-itp\/\",\"name\":\"Introducci\\u00f3n TOEFL ITP\",\"isPartOf\":{\"@id\":\"https:\/\/global-exam.com\/blog\/#website\"},\"datePublished\":\"2021-09-16T09:53:26+00:00\",\"dateModified\":\"2022-09-16T09:08:30+00:00\",\"breadcrumb\":{\"@id\":\"https:\/\/global-exam.com\/blog\/es\/examenes\/toefl-itp\/categoria-introduccion-toefl-itp\/#breadcrumb\"},\"inLanguage\":\"fr-FR\",\"potentialAction\":[{\"@type\":\"ReadAction\",\"target\":[\"https:\/\/global-exam.com\/blog\/es\/examenes\/toefl-itp\/categoria-introduccion-toefl-itp\/\"]}]},{\"@type\":\"BreadcrumbList\",\"@id\":\"https:\/\/global-exam.com\/blog\/es\/examenes\/toefl-itp\/categoria-introduccion-toefl-itp\/#breadcrumb\",\"itemListElement\":[{\"@type\":\"ListItem\",\"position\":1,\"name\":\"Ex\\u00e1menes de idioma\",\"item\":\"https:\/\/global-exam.com\/blog\/es\/examenes\/\"},{\"@type\":\"ListItem\",\"position\":2,\"name\":\"TOEFL ITP\",\"item\":\"https:\/\/global-exam.com\/blog\/es\/examenes\/toefl-itp\/\"},{\"@type\":\"ListItem\",\"position\":3,\"name\":\"Introducci\\u00f3n TOEFL ITP\"}]}]}<\/script>\n<!-- \/ Yoast SEO plugin. -->","yoast_head_json":{"title":"Introducci\u00f3n TOEFL ITP","robots":{"index":"index","follow":"follow","max-snippet":"max-snippet:-1","max-image-preview":"max-image-preview:large","max-video-preview":"max-video-preview:-1"},"canonical":"https:\/\/global-exam.com\/blog\/es\/examenes\/toefl-itp\/categoria-introduccion-toefl-itp\/","og_locale":"fr_FR","og_type":"article","og_title":"Introducci\u00f3n TOEFL ITP","og_description":"Conoce el TOEFL ITP El TOEFL (Test Of English as a Foreign Language) es el examen internacional de ingl\u00e9s m\u00e1s conocido en [&hellip;]","og_url":"https:\/\/global-exam.com\/blog\/es\/examenes\/toefl-itp\/categoria-introduccion-toefl-itp\/","og_site_name":"GlobalExam Blog","article_publisher":"https:\/\/www.facebook.com\/Global.Exam","article_modified_time":"2022-09-16T09:08:30+00:00","twitter_card":"summary_large_image","twitter_site":"@Global_Exam","twitter_misc":{"Dur\u00e9e de lecture estim\u00e9e":"1 minute"},"schema":{"@context":"https:\/\/schema.org","@graph":[{"@type":"WebSite","@id":"https:\/\/global-exam.com\/blog\/#website","url":"https:\/\/global-exam.com\/blog\/","name":"GlobalExam Blog","description":"Le blog du sp\u00e9cialiste de la certification linguistique","potentialAction":[{"@type":"SearchAction","target":{"@type":"EntryPoint","urlTemplate":"https:\/\/global-exam.com\/blog\/?s={search_term_string}"},"query-input":"required name=search_term_string"}],"inLanguage":"fr-FR"},{"@type":"WebPage","@id":"https:\/\/global-exam.com\/blog\/es\/examenes\/toefl-itp\/categoria-introduccion-toefl-itp\/#webpage","url":"https:\/\/global-exam.com\/blog\/es\/examenes\/toefl-itp\/categoria-introduccion-toefl-itp\/","name":"Introducci\u00f3n TOEFL ITP","isPartOf":{"@id":"https:\/\/global-exam.com\/blog\/#website"},"datePublished":"2021-09-16T09:53:26+00:00","dateModified":"2022-09-16T09:08:30+00:00","breadcrumb":{"@id":"https:\/\/global-exam.com\/blog\/es\/examenes\/toefl-itp\/categoria-introduccion-toefl-itp\/#breadcrumb"},"inLanguage":"fr-FR","potentialAction":[{"@type":"ReadAction","target":["https:\/\/global-exam.com\/blog\/es\/examenes\/toefl-itp\/categoria-introduccion-toefl-itp\/"]}]},{"@type":"BreadcrumbList","@id":"https:\/\/global-exam.com\/blog\/es\/examenes\/toefl-itp\/categoria-introduccion-toefl-itp\/#breadcrumb","itemListElement":[{"@type":"ListItem","position":1,"name":"Ex\u00e1menes de idioma","item":"https:\/\/global-exam.com\/blog\/es\/examenes\/"},{"@type":"ListItem","position":2,"name":"TOEFL ITP","item":"https:\/\/global-exam.com\/blog\/es\/examenes\/toefl-itp\/"},{"@type":"ListItem","position":3,"name":"Introducci\u00f3n TOEFL ITP"}]}]}},"lang":"es","translations":{"es":63641},"pll_sync_post":[],"_links":{"self":[{"href":"https:\/\/global-exam.com\/blog\/wp-json\/wp\/v2\/pages\/63641"}],"collection":[{"href":"https:\/\/global-exam.com\/blog\/wp-json\/wp\/v2\/pages"}],"about":[{"href":"https:\/\/global-exam.com\/blog\/wp-json\/wp\/v2\/types\/page"}],"author":[{"embeddable":true,"href":"https:\/\/global-exam.com\/blog\/wp-json\/wp\/v2\/users\/24"}],"replies":[{"embeddable":true,"href":"https:\/\/global-exam.com\/blog\/wp-json\/wp\/v2\/comments?post=63641"}],"version-history":[{"count":4,"href":"https:\/\/global-exam.com\/blog\/wp-json\/wp\/v2\/pages\/63641\/revisions"}],"predecessor-version":[{"id":79491,"href":"https:\/\/global-exam.com\/blog\/wp-json\/wp\/v2\/pages\/63641\/revisions\/79491"}],"up":[{"embeddable":true,"href":"https:\/\/global-exam.com\/blog\/wp-json\/wp\/v2\/pages\/14867"}],"wp:attachment":[{"href":"https:\/\/global-exam.com\/blog\/wp-json\/wp\/v2\/media?parent=63641"}],"curies":[{"name":"wp","href":"https:\/\/api.w.org\/{rel}","templated":true}]}}