{"id":63644,"date":"2021-09-16T11:56:35","date_gmt":"2021-09-16T09:56:35","guid":{"rendered":"https:\/\/global-exam.com\/blog\/?page_id=63644"},"modified":"2022-09-16T11:07:26","modified_gmt":"2022-09-16T09:07:26","slug":"categoria-instrucciones-toefl-itp","status":"publish","type":"page","link":"https:\/\/global-exam.com\/blog\/es\/examenes\/toefl-itp\/categoria-instrucciones-toefl-itp\/","title":{"rendered":"Instrucciones TOEFL ITP"},"content":{"rendered":"<p>Descubre la estructura del test<\/p>\n<p>El TOEFL (Test Of English as a Foreign Language) es probablemente el examen de ingl\u00e9s m\u00e1s conocido del mundo, realizado hasta el momento por m\u00e1s de <strong>30 millones de personas<\/strong>. Est\u00e1 destinado a cualquier persona de 16 a\u00f1os en adelante cuya lengua materna no sea el ingl\u00e9s. El TOEFL ITP es la\u00a0<strong>versi\u00f3n en papel<\/strong>\u00a0de dicho examen (mientras que el TOEFL IBT es\u00a0<strong>la versi\u00f3n digital<\/strong>) y permite evaluar al instante el nivel de ingl\u00e9s del candidato.<\/p>\n<div id=\"post-51853\" class=\"fusion-archive-description post-51853 post type-post status-publish format-standard has-post-thumbnail hentry category-toefl-itp-instrucciones\">\n<div class=\"post-content\">\n<div id=\"category-description-content\">\n<p>La puntuaci\u00f3n<strong>\u00a0va a de 0 a 677<\/strong>\u00a0y corresponde a los distintos niveles del MCERL (Marco Com\u00fan Europeo de Referencia de la Lenguas). La validez del t\u00edtulo es de\u00a0<strong>dos a\u00f1os de duraci\u00f3n<\/strong>. El examen est\u00e1 reconocido en m\u00e1s 130 pa\u00edses y por m\u00e1s de 9000 instituciones acad\u00e9micas y profesionales. Se trata de un test estandarizado, estructurado en base a un esquema espec\u00edfico con el que es importante estar familiarizado para poder obtener un buen resultado. Para ello, GlobalExam propone\u00a0<strong>ejercicios pr\u00e1cticos y hojas de revisi\u00f3n<\/strong>. Nuestro objetivo es que puedas preparar el test de la mejor manera posible.<\/p>\n<p>Te recomendamos que, antes de empezar con los ejercicios, dediques tiempo suficiente a informarte sobre las instrucciones del TOEFL ITP y el desarrollo de cada una de las pruebas (Listening, Reading et Writing). En este aportado encontrar\u00e1s todo lo necesario sobre la estructura de las tres pruebas, el tiempo que se recomiendo emplear en cada una y las consignas propias de cada secci\u00f3n.<\/p>\n<\/div>\n<\/div>\n<\/div>\n<div id=\"posts-container\" class=\"fusion-blog-archive fusion-blog-layout--wrapper fusion-clearfix\">\n<div class=\"fusion-posts-container fusion-blog-layout- fusion-blog-pagination \" data-pages=\"1\">\n<article id=\"post-51853\" class=\"fusion-post- post fusion-clearfix post-51853 type-post status-publish format-standard has-post-thumbnail hentry category-toefl-itp-instrucciones\">\n<div class=\"fusion-flexslider flexslider fusion-flexslider-loading fusion-post-slideshow\">\n<ul class=\"slides\">\n<li>\n<div class=\"fusion-image-wrapper\" aria-haspopup=\"true\"><\/div>\n<\/li>\n<\/ul>\n<\/div>\n<\/article>\n<\/div>\n<\/div>\n","protected":false},"excerpt":{"rendered":"<p>Descubre la estructura del test El TOEFL (Test Of English as a Foreign Language) es probablemente el examen de ingl\u00e9s m\u00e1s conocido [&hellip;]<\/p>\n","protected":false},"author":24,"featured_media":0,"parent":14867,"menu_order":0,"comment_status":"closed","ping_status":"closed","template":"","meta":[],"acf":[],"yoast_head":"<!-- This site is optimized with the Yoast SEO plugin v17.2.1 - https:\/\/yoast.com\/wordpress\/plugins\/seo\/ -->\n<title>Instrucciones TOEFL ITP<\/title>\n<meta name=\"robots\" content=\"index, follow, max-snippet:-1, max-image-preview:large, max-video-preview:-1\" \/>\n<link rel=\"canonical\" href=\"https:\/\/global-exam.com\/blog\/es\/examenes\/toefl-itp\/categoria-instrucciones-toefl-itp\/\" \/>\n<meta property=\"og:locale\" content=\"fr_FR\" \/>\n<meta property=\"og:type\" content=\"article\" \/>\n<meta property=\"og:title\" content=\"Instrucciones TOEFL ITP\" \/>\n<meta property=\"og:description\" content=\"Descubre la estructura del test El TOEFL (Test Of English as a Foreign Language) es probablemente el examen de ingl\u00e9s m\u00e1s conocido [&hellip;]\" \/>\n<meta property=\"og:url\" content=\"https:\/\/global-exam.com\/blog\/es\/examenes\/toefl-itp\/categoria-instrucciones-toefl-itp\/\" \/>\n<meta property=\"og:site_name\" content=\"GlobalExam Blog\" \/>\n<meta property=\"article:publisher\" content=\"https:\/\/www.facebook.com\/Global.Exam\" \/>\n<meta property=\"article:modified_time\" content=\"2022-09-16T09:07:26+00:00\" \/>\n<meta name=\"twitter:card\" content=\"summary_large_image\" \/>\n<meta name=\"twitter:site\" content=\"@Global_Exam\" \/>\n<meta name=\"twitter:label1\" content=\"Dur\u00e9e de lecture estim\u00e9e\" \/>\n\t<meta name=\"twitter:data1\" content=\"2 minutes\" \/>\n<script type=\"application\/ld+json\" class=\"yoast-schema-graph\">{\"@context\":\"https:\/\/schema.org\",\"@graph\":[{\"@type\":\"WebSite\",\"@id\":\"https:\/\/global-exam.com\/blog\/#website\",\"url\":\"https:\/\/global-exam.com\/blog\/\",\"name\":\"GlobalExam Blog\",\"description\":\"Le blog du sp\\u00e9cialiste de la certification linguistique\",\"potentialAction\":[{\"@type\":\"SearchAction\",\"target\":{\"@type\":\"EntryPoint\",\"urlTemplate\":\"https:\/\/global-exam.com\/blog\/?s={search_term_string}\"},\"query-input\":\"required name=search_term_string\"}],\"inLanguage\":\"fr-FR\"},{\"@type\":\"WebPage\",\"@id\":\"https:\/\/global-exam.com\/blog\/es\/examenes\/toefl-itp\/categoria-instrucciones-toefl-itp\/#webpage\",\"url\":\"https:\/\/global-exam.com\/blog\/es\/examenes\/toefl-itp\/categoria-instrucciones-toefl-itp\/\",\"name\":\"Instrucciones TOEFL ITP\",\"isPartOf\":{\"@id\":\"https:\/\/global-exam.com\/blog\/#website\"},\"datePublished\":\"2021-09-16T09:56:35+00:00\",\"dateModified\":\"2022-09-16T09:07:26+00:00\",\"breadcrumb\":{\"@id\":\"https:\/\/global-exam.com\/blog\/es\/examenes\/toefl-itp\/categoria-instrucciones-toefl-itp\/#breadcrumb\"},\"inLanguage\":\"fr-FR\",\"potentialAction\":[{\"@type\":\"ReadAction\",\"target\":[\"https:\/\/global-exam.com\/blog\/es\/examenes\/toefl-itp\/categoria-instrucciones-toefl-itp\/\"]}]},{\"@type\":\"BreadcrumbList\",\"@id\":\"https:\/\/global-exam.com\/blog\/es\/examenes\/toefl-itp\/categoria-instrucciones-toefl-itp\/#breadcrumb\",\"itemListElement\":[{\"@type\":\"ListItem\",\"position\":1,\"name\":\"Ex\\u00e1menes de idioma\",\"item\":\"https:\/\/global-exam.com\/blog\/es\/examenes\/\"},{\"@type\":\"ListItem\",\"position\":2,\"name\":\"TOEFL ITP\",\"item\":\"https:\/\/global-exam.com\/blog\/es\/examenes\/toefl-itp\/\"},{\"@type\":\"ListItem\",\"position\":3,\"name\":\"Instrucciones TOEFL ITP\"}]}]}<\/script>\n<!-- \/ Yoast SEO plugin. -->","yoast_head_json":{"title":"Instrucciones TOEFL ITP","robots":{"index":"index","follow":"follow","max-snippet":"max-snippet:-1","max-image-preview":"max-image-preview:large","max-video-preview":"max-video-preview:-1"},"canonical":"https:\/\/global-exam.com\/blog\/es\/examenes\/toefl-itp\/categoria-instrucciones-toefl-itp\/","og_locale":"fr_FR","og_type":"article","og_title":"Instrucciones TOEFL ITP","og_description":"Descubre la estructura del test El TOEFL (Test Of English as a Foreign Language) es probablemente el examen de ingl\u00e9s m\u00e1s conocido [&hellip;]","og_url":"https:\/\/global-exam.com\/blog\/es\/examenes\/toefl-itp\/categoria-instrucciones-toefl-itp\/","og_site_name":"GlobalExam Blog","article_publisher":"https:\/\/www.facebook.com\/Global.Exam","article_modified_time":"2022-09-16T09:07:26+00:00","twitter_card":"summary_large_image","twitter_site":"@Global_Exam","twitter_misc":{"Dur\u00e9e de lecture estim\u00e9e":"2 minutes"},"schema":{"@context":"https:\/\/schema.org","@graph":[{"@type":"WebSite","@id":"https:\/\/global-exam.com\/blog\/#website","url":"https:\/\/global-exam.com\/blog\/","name":"GlobalExam Blog","description":"Le blog du sp\u00e9cialiste de la certification linguistique","potentialAction":[{"@type":"SearchAction","target":{"@type":"EntryPoint","urlTemplate":"https:\/\/global-exam.com\/blog\/?s={search_term_string}"},"query-input":"required name=search_term_string"}],"inLanguage":"fr-FR"},{"@type":"WebPage","@id":"https:\/\/global-exam.com\/blog\/es\/examenes\/toefl-itp\/categoria-instrucciones-toefl-itp\/#webpage","url":"https:\/\/global-exam.com\/blog\/es\/examenes\/toefl-itp\/categoria-instrucciones-toefl-itp\/","name":"Instrucciones TOEFL ITP","isPartOf":{"@id":"https:\/\/global-exam.com\/blog\/#website"},"datePublished":"2021-09-16T09:56:35+00:00","dateModified":"2022-09-16T09:07:26+00:00","breadcrumb":{"@id":"https:\/\/global-exam.com\/blog\/es\/examenes\/toefl-itp\/categoria-instrucciones-toefl-itp\/#breadcrumb"},"inLanguage":"fr-FR","potentialAction":[{"@type":"ReadAction","target":["https:\/\/global-exam.com\/blog\/es\/examenes\/toefl-itp\/categoria-instrucciones-toefl-itp\/"]}]},{"@type":"BreadcrumbList","@id":"https:\/\/global-exam.com\/blog\/es\/examenes\/toefl-itp\/categoria-instrucciones-toefl-itp\/#breadcrumb","itemListElement":[{"@type":"ListItem","position":1,"name":"Ex\u00e1menes de idioma","item":"https:\/\/global-exam.com\/blog\/es\/examenes\/"},{"@type":"ListItem","position":2,"name":"TOEFL ITP","item":"https:\/\/global-exam.com\/blog\/es\/examenes\/toefl-itp\/"},{"@type":"ListItem","position":3,"name":"Instrucciones TOEFL ITP"}]}]}},"lang":"es","translations":{"es":63644},"pll_sync_post":[],"_links":{"self":[{"href":"https:\/\/global-exam.com\/blog\/wp-json\/wp\/v2\/pages\/63644"}],"collection":[{"href":"https:\/\/global-exam.com\/blog\/wp-json\/wp\/v2\/pages"}],"about":[{"href":"https:\/\/global-exam.com\/blog\/wp-json\/wp\/v2\/types\/page"}],"author":[{"embeddable":true,"href":"https:\/\/global-exam.com\/blog\/wp-json\/wp\/v2\/users\/24"}],"replies":[{"embeddable":true,"href":"https:\/\/global-exam.com\/blog\/wp-json\/wp\/v2\/comments?post=63644"}],"version-history":[{"count":4,"href":"https:\/\/global-exam.com\/blog\/wp-json\/wp\/v2\/pages\/63644\/revisions"}],"predecessor-version":[{"id":79490,"href":"https:\/\/global-exam.com\/blog\/wp-json\/wp\/v2\/pages\/63644\/revisions\/79490"}],"up":[{"embeddable":true,"href":"https:\/\/global-exam.com\/blog\/wp-json\/wp\/v2\/pages\/14867"}],"wp:attachment":[{"href":"https:\/\/global-exam.com\/blog\/wp-json\/wp\/v2\/media?parent=63644"}],"curies":[{"name":"wp","href":"https:\/\/api.w.org\/{rel}","templated":true}]}}