{"id":63647,"date":"2021-09-16T11:58:51","date_gmt":"2021-09-16T09:58:51","guid":{"rendered":"https:\/\/global-exam.com\/blog\/?page_id=63647"},"modified":"2022-09-16T11:09:26","modified_gmt":"2022-09-16T09:09:26","slug":"categoria-material-de-practica-toefl-itp","status":"publish","type":"page","link":"https:\/\/global-exam.com\/blog\/es\/examenes\/toefl-itp\/categoria-material-de-practica-toefl-itp\/","title":{"rendered":"Material de pr\u00e1ctica TOEFL ITP"},"content":{"rendered":"<p>Encuentra recursos para practicar<\/p>\n<p>Como probablemente sepas, El TOEFL (Test of English as a Foreign Language) constituye una referencia en el universo de los test para <strong>evaluar el nivel de dominio de ingl\u00e9s<\/strong>\u00a0y se ha convertido en un examen imprescindible para el acceso a una universidad angl\u00f3fona a nivel internacional.\u00a0Existen\u00a0<strong>diversos tipos de TOEFL<\/strong>, por lo que es importante conocer las especificidades de cada uno de los test.<\/p>\n<p>Nuestra secci\u00f3n est\u00e1 dedicada al TOELF ITP, dirigido en particular a los candidatos que desean optar a una plaza en\u00a0<strong>una universidad<\/strong>\u00a0cuya lengua materna no es el ingl\u00e9s, o\u00a0<strong>realizar estudios o trabajar<\/strong>\u00a0en un pa\u00eds no angl\u00f3fono.<\/p>\n<p>Si formas parte de los candidatos al test, necesitar\u00e1s\u00a0<strong>conocer los recursos y t\u00e9cnicas<\/strong>\u00a0para prepararse de manera planificada y lograr un resultado exitoso.<\/p>\n<p>Te ofrecemos en esta secci\u00f3n los materiales de pr\u00e1ctica necesarios que le permitir\u00e1n familiarizarse con las diferentes pruebas del examen,\u00a0<strong>su estructura y contenido<\/strong>, el manejo del tiempo, y prepararse en condiciones reales.<\/p>\n<p>Te proporcionamos adem\u00e1s consejos, y te acompa\u00f1amos en tu\u00a0<strong>plan de estudio<\/strong>, mediante fichas de revisi\u00f3n, planes de repaso y herramientas de recuento de puntos y estad\u00edsticas para conocer tus debilidades y fortalezas, y llegar al d\u00eda tan esperado con la mejor preparaci\u00f3n.<\/p>\n<p>Y la mejor forma de prepararse es \u2026 \u00a1empezar!<\/p>\n","protected":false},"excerpt":{"rendered":"<p>Encuentra recursos para practicar Como probablemente sepas, El TOEFL (Test of English as a Foreign Language) constituye una referencia en el universo [&hellip;]<\/p>\n","protected":false},"author":24,"featured_media":0,"parent":14867,"menu_order":0,"comment_status":"closed","ping_status":"closed","template":"","meta":[],"acf":[],"yoast_head":"<!-- This site is optimized with the Yoast SEO plugin v17.2.1 - https:\/\/yoast.com\/wordpress\/plugins\/seo\/ -->\n<title>Material de pr\u00e1ctica TOEFL ITP<\/title>\n<meta name=\"robots\" content=\"index, follow, max-snippet:-1, max-image-preview:large, max-video-preview:-1\" \/>\n<link rel=\"canonical\" href=\"https:\/\/global-exam.com\/blog\/es\/examenes\/toefl-itp\/categoria-material-de-practica-toefl-itp\/\" \/>\n<meta property=\"og:locale\" content=\"fr_FR\" \/>\n<meta property=\"og:type\" content=\"article\" \/>\n<meta property=\"og:title\" content=\"Material de pr\u00e1ctica TOEFL ITP\" \/>\n<meta property=\"og:description\" content=\"Encuentra recursos para practicar Como probablemente sepas, El TOEFL (Test of English as a Foreign Language) constituye una referencia en el universo [&hellip;]\" \/>\n<meta property=\"og:url\" content=\"https:\/\/global-exam.com\/blog\/es\/examenes\/toefl-itp\/categoria-material-de-practica-toefl-itp\/\" \/>\n<meta property=\"og:site_name\" content=\"GlobalExam Blog\" \/>\n<meta property=\"article:publisher\" content=\"https:\/\/www.facebook.com\/Global.Exam\" \/>\n<meta property=\"article:modified_time\" content=\"2022-09-16T09:09:26+00:00\" \/>\n<meta name=\"twitter:card\" content=\"summary_large_image\" \/>\n<meta name=\"twitter:site\" content=\"@Global_Exam\" \/>\n<meta name=\"twitter:label1\" content=\"Dur\u00e9e de lecture estim\u00e9e\" \/>\n\t<meta name=\"twitter:data1\" content=\"1 minute\" \/>\n<script type=\"application\/ld+json\" class=\"yoast-schema-graph\">{\"@context\":\"https:\/\/schema.org\",\"@graph\":[{\"@type\":\"WebSite\",\"@id\":\"https:\/\/global-exam.com\/blog\/#website\",\"url\":\"https:\/\/global-exam.com\/blog\/\",\"name\":\"GlobalExam Blog\",\"description\":\"Le blog du sp\\u00e9cialiste de la certification linguistique\",\"potentialAction\":[{\"@type\":\"SearchAction\",\"target\":{\"@type\":\"EntryPoint\",\"urlTemplate\":\"https:\/\/global-exam.com\/blog\/?s={search_term_string}\"},\"query-input\":\"required name=search_term_string\"}],\"inLanguage\":\"fr-FR\"},{\"@type\":\"WebPage\",\"@id\":\"https:\/\/global-exam.com\/blog\/es\/examenes\/toefl-itp\/categoria-material-de-practica-toefl-itp\/#webpage\",\"url\":\"https:\/\/global-exam.com\/blog\/es\/examenes\/toefl-itp\/categoria-material-de-practica-toefl-itp\/\",\"name\":\"Material de pr\\u00e1ctica TOEFL ITP\",\"isPartOf\":{\"@id\":\"https:\/\/global-exam.com\/blog\/#website\"},\"datePublished\":\"2021-09-16T09:58:51+00:00\",\"dateModified\":\"2022-09-16T09:09:26+00:00\",\"breadcrumb\":{\"@id\":\"https:\/\/global-exam.com\/blog\/es\/examenes\/toefl-itp\/categoria-material-de-practica-toefl-itp\/#breadcrumb\"},\"inLanguage\":\"fr-FR\",\"potentialAction\":[{\"@type\":\"ReadAction\",\"target\":[\"https:\/\/global-exam.com\/blog\/es\/examenes\/toefl-itp\/categoria-material-de-practica-toefl-itp\/\"]}]},{\"@type\":\"BreadcrumbList\",\"@id\":\"https:\/\/global-exam.com\/blog\/es\/examenes\/toefl-itp\/categoria-material-de-practica-toefl-itp\/#breadcrumb\",\"itemListElement\":[{\"@type\":\"ListItem\",\"position\":1,\"name\":\"Ex\\u00e1menes de idioma\",\"item\":\"https:\/\/global-exam.com\/blog\/es\/examenes\/\"},{\"@type\":\"ListItem\",\"position\":2,\"name\":\"TOEFL ITP\",\"item\":\"https:\/\/global-exam.com\/blog\/es\/examenes\/toefl-itp\/\"},{\"@type\":\"ListItem\",\"position\":3,\"name\":\"Material de pr\\u00e1ctica TOEFL ITP\"}]}]}<\/script>\n<!-- \/ Yoast SEO plugin. -->","yoast_head_json":{"title":"Material de pr\u00e1ctica TOEFL ITP","robots":{"index":"index","follow":"follow","max-snippet":"max-snippet:-1","max-image-preview":"max-image-preview:large","max-video-preview":"max-video-preview:-1"},"canonical":"https:\/\/global-exam.com\/blog\/es\/examenes\/toefl-itp\/categoria-material-de-practica-toefl-itp\/","og_locale":"fr_FR","og_type":"article","og_title":"Material de pr\u00e1ctica TOEFL ITP","og_description":"Encuentra recursos para practicar Como probablemente sepas, El TOEFL (Test of English as a Foreign Language) constituye una referencia en el universo [&hellip;]","og_url":"https:\/\/global-exam.com\/blog\/es\/examenes\/toefl-itp\/categoria-material-de-practica-toefl-itp\/","og_site_name":"GlobalExam Blog","article_publisher":"https:\/\/www.facebook.com\/Global.Exam","article_modified_time":"2022-09-16T09:09:26+00:00","twitter_card":"summary_large_image","twitter_site":"@Global_Exam","twitter_misc":{"Dur\u00e9e de lecture estim\u00e9e":"1 minute"},"schema":{"@context":"https:\/\/schema.org","@graph":[{"@type":"WebSite","@id":"https:\/\/global-exam.com\/blog\/#website","url":"https:\/\/global-exam.com\/blog\/","name":"GlobalExam Blog","description":"Le blog du sp\u00e9cialiste de la certification linguistique","potentialAction":[{"@type":"SearchAction","target":{"@type":"EntryPoint","urlTemplate":"https:\/\/global-exam.com\/blog\/?s={search_term_string}"},"query-input":"required name=search_term_string"}],"inLanguage":"fr-FR"},{"@type":"WebPage","@id":"https:\/\/global-exam.com\/blog\/es\/examenes\/toefl-itp\/categoria-material-de-practica-toefl-itp\/#webpage","url":"https:\/\/global-exam.com\/blog\/es\/examenes\/toefl-itp\/categoria-material-de-practica-toefl-itp\/","name":"Material de pr\u00e1ctica TOEFL ITP","isPartOf":{"@id":"https:\/\/global-exam.com\/blog\/#website"},"datePublished":"2021-09-16T09:58:51+00:00","dateModified":"2022-09-16T09:09:26+00:00","breadcrumb":{"@id":"https:\/\/global-exam.com\/blog\/es\/examenes\/toefl-itp\/categoria-material-de-practica-toefl-itp\/#breadcrumb"},"inLanguage":"fr-FR","potentialAction":[{"@type":"ReadAction","target":["https:\/\/global-exam.com\/blog\/es\/examenes\/toefl-itp\/categoria-material-de-practica-toefl-itp\/"]}]},{"@type":"BreadcrumbList","@id":"https:\/\/global-exam.com\/blog\/es\/examenes\/toefl-itp\/categoria-material-de-practica-toefl-itp\/#breadcrumb","itemListElement":[{"@type":"ListItem","position":1,"name":"Ex\u00e1menes de idioma","item":"https:\/\/global-exam.com\/blog\/es\/examenes\/"},{"@type":"ListItem","position":2,"name":"TOEFL ITP","item":"https:\/\/global-exam.com\/blog\/es\/examenes\/toefl-itp\/"},{"@type":"ListItem","position":3,"name":"Material de pr\u00e1ctica TOEFL ITP"}]}]}},"lang":"es","translations":{"es":63647},"pll_sync_post":[],"_links":{"self":[{"href":"https:\/\/global-exam.com\/blog\/wp-json\/wp\/v2\/pages\/63647"}],"collection":[{"href":"https:\/\/global-exam.com\/blog\/wp-json\/wp\/v2\/pages"}],"about":[{"href":"https:\/\/global-exam.com\/blog\/wp-json\/wp\/v2\/types\/page"}],"author":[{"embeddable":true,"href":"https:\/\/global-exam.com\/blog\/wp-json\/wp\/v2\/users\/24"}],"replies":[{"embeddable":true,"href":"https:\/\/global-exam.com\/blog\/wp-json\/wp\/v2\/comments?post=63647"}],"version-history":[{"count":5,"href":"https:\/\/global-exam.com\/blog\/wp-json\/wp\/v2\/pages\/63647\/revisions"}],"predecessor-version":[{"id":79492,"href":"https:\/\/global-exam.com\/blog\/wp-json\/wp\/v2\/pages\/63647\/revisions\/79492"}],"up":[{"embeddable":true,"href":"https:\/\/global-exam.com\/blog\/wp-json\/wp\/v2\/pages\/14867"}],"wp:attachment":[{"href":"https:\/\/global-exam.com\/blog\/wp-json\/wp\/v2\/media?parent=63647"}],"curies":[{"name":"wp","href":"https:\/\/api.w.org\/{rel}","templated":true}]}}