{"id":63651,"date":"2021-09-16T12:01:11","date_gmt":"2021-09-16T10:01:11","guid":{"rendered":"https:\/\/global-exam.com\/blog\/?page_id=63651"},"modified":"2022-09-16T11:11:30","modified_gmt":"2022-09-16T09:11:30","slug":"categoria-obten-un-buen-puntaje-toefl-itp","status":"publish","type":"page","link":"https:\/\/global-exam.com\/blog\/es\/examenes\/toefl-itp\/categoria-obten-un-buen-puntaje-toefl-itp\/","title":{"rendered":"Obt\u00e9n un buen puntaje TOEFL ITP"},"content":{"rendered":"<p>Prepara para el examen<\/p>\n<p>\u00bfTe gustar\u00eda entender mejor<strong>\u00a0el sistema de puntuaci\u00f3n del TOEFL ITP<\/strong>, y su equivalencia respecto al Marco Com\u00fan Europeo de Referencia para las lenguas?\u00a0No es sencillo comprender el modo de puntaje de este tipo de examen, entre\u00a0<strong>310 y 677 puntos<\/strong>, y que tiene la ventaja de situar al candidato siempre en un nivel.<\/p>\n<p>No te preocupes, vamos a aclarar todas tus dudas y explicarte detalladamente en qu\u00e9 consiste dicho c\u00e1lculo, para que incluso puedas hacerlo por ti mismo.<\/p>\n<p>Cada una de las pruebas de\u00a0<strong>comprensi\u00f3n escrita, expresi\u00f3n escrita y estructura, y comprensi\u00f3n auditiva<\/strong>, lleva asociada una serie de puntos. El valor de cada una de ellas es equivalente, por lo que es importante responder a todas las preguntas para aumentar las posibilidades de \u00e9xito.<\/p>\n<p>Dado que es importante<strong>\u00a0saber traducir el nivel de ingl\u00e9s obtenido<\/strong>, en t\u00e9rminos de niveles descritos en el MCERL, te mostraremos la correspondencia entre los diferentes niveles del TOEFL ITP (nivel 1 y nivel 2), y los del Marco (usuario b\u00e1sico, independiente o competente). De esta manera, en cualquier pa\u00eds europeo, se podr\u00e1 comprender cu\u00e1l es tu nivel.<\/p>\n<p>No olvides que la mayor\u00eda de las universidades inglesas o de las universidades europeas que proponen estudios en ingl\u00e9s\u00a0<strong>requieren un nivel C1 en ingl\u00e9s.\u00a0<\/strong><\/p>\n<p>Raz\u00f3n de m\u00e1s para descubrir\u00a0<strong>las herramientas que te proporcionamos<\/strong>\u00a0para prepararte al examen y\u00a0 dejar que te guiemos en tu trayectoria de formaci\u00f3n y la persecuci\u00f3n de tus objetivos.<\/p>\n","protected":false},"excerpt":{"rendered":"<p>Prepara para el examen \u00bfTe gustar\u00eda entender mejor\u00a0el sistema de puntuaci\u00f3n del TOEFL ITP, y su equivalencia respecto al Marco Com\u00fan Europeo [&hellip;]<\/p>\n","protected":false},"author":24,"featured_media":0,"parent":14867,"menu_order":0,"comment_status":"closed","ping_status":"closed","template":"","meta":[],"acf":[],"yoast_head":"<!-- This site is optimized with the Yoast SEO plugin v17.2.1 - https:\/\/yoast.com\/wordpress\/plugins\/seo\/ -->\n<title>Obt\u00e9n un buen puntaje TOEFL ITP<\/title>\n<meta name=\"robots\" content=\"index, follow, max-snippet:-1, max-image-preview:large, max-video-preview:-1\" \/>\n<link rel=\"canonical\" href=\"https:\/\/global-exam.com\/blog\/es\/examenes\/toefl-itp\/categoria-obten-un-buen-puntaje-toefl-itp\/\" \/>\n<meta property=\"og:locale\" content=\"fr_FR\" \/>\n<meta property=\"og:type\" content=\"article\" \/>\n<meta property=\"og:title\" content=\"Obt\u00e9n un buen puntaje TOEFL ITP\" \/>\n<meta property=\"og:description\" content=\"Prepara para el examen \u00bfTe gustar\u00eda entender mejor\u00a0el sistema de puntuaci\u00f3n del TOEFL ITP, y su equivalencia respecto al Marco Com\u00fan Europeo [&hellip;]\" \/>\n<meta property=\"og:url\" content=\"https:\/\/global-exam.com\/blog\/es\/examenes\/toefl-itp\/categoria-obten-un-buen-puntaje-toefl-itp\/\" \/>\n<meta property=\"og:site_name\" content=\"GlobalExam Blog\" \/>\n<meta property=\"article:publisher\" content=\"https:\/\/www.facebook.com\/Global.Exam\" \/>\n<meta property=\"article:modified_time\" content=\"2022-09-16T09:11:30+00:00\" \/>\n<meta name=\"twitter:card\" content=\"summary_large_image\" \/>\n<meta name=\"twitter:site\" content=\"@Global_Exam\" \/>\n<meta name=\"twitter:label1\" content=\"Dur\u00e9e de lecture estim\u00e9e\" \/>\n\t<meta name=\"twitter:data1\" content=\"2 minutes\" \/>\n<script type=\"application\/ld+json\" class=\"yoast-schema-graph\">{\"@context\":\"https:\/\/schema.org\",\"@graph\":[{\"@type\":\"WebSite\",\"@id\":\"https:\/\/global-exam.com\/blog\/#website\",\"url\":\"https:\/\/global-exam.com\/blog\/\",\"name\":\"GlobalExam Blog\",\"description\":\"Le blog du sp\\u00e9cialiste de la certification linguistique\",\"potentialAction\":[{\"@type\":\"SearchAction\",\"target\":{\"@type\":\"EntryPoint\",\"urlTemplate\":\"https:\/\/global-exam.com\/blog\/?s={search_term_string}\"},\"query-input\":\"required name=search_term_string\"}],\"inLanguage\":\"fr-FR\"},{\"@type\":\"WebPage\",\"@id\":\"https:\/\/global-exam.com\/blog\/es\/examenes\/toefl-itp\/categoria-obten-un-buen-puntaje-toefl-itp\/#webpage\",\"url\":\"https:\/\/global-exam.com\/blog\/es\/examenes\/toefl-itp\/categoria-obten-un-buen-puntaje-toefl-itp\/\",\"name\":\"Obt\\u00e9n un buen puntaje TOEFL ITP\",\"isPartOf\":{\"@id\":\"https:\/\/global-exam.com\/blog\/#website\"},\"datePublished\":\"2021-09-16T10:01:11+00:00\",\"dateModified\":\"2022-09-16T09:11:30+00:00\",\"breadcrumb\":{\"@id\":\"https:\/\/global-exam.com\/blog\/es\/examenes\/toefl-itp\/categoria-obten-un-buen-puntaje-toefl-itp\/#breadcrumb\"},\"inLanguage\":\"fr-FR\",\"potentialAction\":[{\"@type\":\"ReadAction\",\"target\":[\"https:\/\/global-exam.com\/blog\/es\/examenes\/toefl-itp\/categoria-obten-un-buen-puntaje-toefl-itp\/\"]}]},{\"@type\":\"BreadcrumbList\",\"@id\":\"https:\/\/global-exam.com\/blog\/es\/examenes\/toefl-itp\/categoria-obten-un-buen-puntaje-toefl-itp\/#breadcrumb\",\"itemListElement\":[{\"@type\":\"ListItem\",\"position\":1,\"name\":\"Ex\\u00e1menes de idioma\",\"item\":\"https:\/\/global-exam.com\/blog\/es\/examenes\/\"},{\"@type\":\"ListItem\",\"position\":2,\"name\":\"TOEFL ITP\",\"item\":\"https:\/\/global-exam.com\/blog\/es\/examenes\/toefl-itp\/\"},{\"@type\":\"ListItem\",\"position\":3,\"name\":\"Obt\\u00e9n un buen puntaje TOEFL ITP\"}]}]}<\/script>\n<!-- \/ Yoast SEO plugin. -->","yoast_head_json":{"title":"Obt\u00e9n un buen puntaje TOEFL ITP","robots":{"index":"index","follow":"follow","max-snippet":"max-snippet:-1","max-image-preview":"max-image-preview:large","max-video-preview":"max-video-preview:-1"},"canonical":"https:\/\/global-exam.com\/blog\/es\/examenes\/toefl-itp\/categoria-obten-un-buen-puntaje-toefl-itp\/","og_locale":"fr_FR","og_type":"article","og_title":"Obt\u00e9n un buen puntaje TOEFL ITP","og_description":"Prepara para el examen \u00bfTe gustar\u00eda entender mejor\u00a0el sistema de puntuaci\u00f3n del TOEFL ITP, y su equivalencia respecto al Marco Com\u00fan Europeo [&hellip;]","og_url":"https:\/\/global-exam.com\/blog\/es\/examenes\/toefl-itp\/categoria-obten-un-buen-puntaje-toefl-itp\/","og_site_name":"GlobalExam Blog","article_publisher":"https:\/\/www.facebook.com\/Global.Exam","article_modified_time":"2022-09-16T09:11:30+00:00","twitter_card":"summary_large_image","twitter_site":"@Global_Exam","twitter_misc":{"Dur\u00e9e de lecture estim\u00e9e":"2 minutes"},"schema":{"@context":"https:\/\/schema.org","@graph":[{"@type":"WebSite","@id":"https:\/\/global-exam.com\/blog\/#website","url":"https:\/\/global-exam.com\/blog\/","name":"GlobalExam Blog","description":"Le blog du sp\u00e9cialiste de la certification linguistique","potentialAction":[{"@type":"SearchAction","target":{"@type":"EntryPoint","urlTemplate":"https:\/\/global-exam.com\/blog\/?s={search_term_string}"},"query-input":"required name=search_term_string"}],"inLanguage":"fr-FR"},{"@type":"WebPage","@id":"https:\/\/global-exam.com\/blog\/es\/examenes\/toefl-itp\/categoria-obten-un-buen-puntaje-toefl-itp\/#webpage","url":"https:\/\/global-exam.com\/blog\/es\/examenes\/toefl-itp\/categoria-obten-un-buen-puntaje-toefl-itp\/","name":"Obt\u00e9n un buen puntaje TOEFL ITP","isPartOf":{"@id":"https:\/\/global-exam.com\/blog\/#website"},"datePublished":"2021-09-16T10:01:11+00:00","dateModified":"2022-09-16T09:11:30+00:00","breadcrumb":{"@id":"https:\/\/global-exam.com\/blog\/es\/examenes\/toefl-itp\/categoria-obten-un-buen-puntaje-toefl-itp\/#breadcrumb"},"inLanguage":"fr-FR","potentialAction":[{"@type":"ReadAction","target":["https:\/\/global-exam.com\/blog\/es\/examenes\/toefl-itp\/categoria-obten-un-buen-puntaje-toefl-itp\/"]}]},{"@type":"BreadcrumbList","@id":"https:\/\/global-exam.com\/blog\/es\/examenes\/toefl-itp\/categoria-obten-un-buen-puntaje-toefl-itp\/#breadcrumb","itemListElement":[{"@type":"ListItem","position":1,"name":"Ex\u00e1menes de idioma","item":"https:\/\/global-exam.com\/blog\/es\/examenes\/"},{"@type":"ListItem","position":2,"name":"TOEFL ITP","item":"https:\/\/global-exam.com\/blog\/es\/examenes\/toefl-itp\/"},{"@type":"ListItem","position":3,"name":"Obt\u00e9n un buen puntaje TOEFL ITP"}]}]}},"lang":"es","translations":{"es":63651},"pll_sync_post":[],"_links":{"self":[{"href":"https:\/\/global-exam.com\/blog\/wp-json\/wp\/v2\/pages\/63651"}],"collection":[{"href":"https:\/\/global-exam.com\/blog\/wp-json\/wp\/v2\/pages"}],"about":[{"href":"https:\/\/global-exam.com\/blog\/wp-json\/wp\/v2\/types\/page"}],"author":[{"embeddable":true,"href":"https:\/\/global-exam.com\/blog\/wp-json\/wp\/v2\/users\/24"}],"replies":[{"embeddable":true,"href":"https:\/\/global-exam.com\/blog\/wp-json\/wp\/v2\/comments?post=63651"}],"version-history":[{"count":5,"href":"https:\/\/global-exam.com\/blog\/wp-json\/wp\/v2\/pages\/63651\/revisions"}],"predecessor-version":[{"id":79494,"href":"https:\/\/global-exam.com\/blog\/wp-json\/wp\/v2\/pages\/63651\/revisions\/79494"}],"up":[{"embeddable":true,"href":"https:\/\/global-exam.com\/blog\/wp-json\/wp\/v2\/pages\/14867"}],"wp:attachment":[{"href":"https:\/\/global-exam.com\/blog\/wp-json\/wp\/v2\/media?parent=63651"}],"curies":[{"name":"wp","href":"https:\/\/api.w.org\/{rel}","templated":true}]}}