{"id":63654,"date":"2021-09-16T12:03:27","date_gmt":"2021-09-16T10:03:27","guid":{"rendered":"https:\/\/global-exam.com\/blog\/?page_id=63654"},"modified":"2022-09-16T11:05:38","modified_gmt":"2022-09-16T09:05:38","slug":"categoria-centros-de-examen-toefl-itp","status":"publish","type":"page","link":"https:\/\/global-exam.com\/blog\/es\/examenes\/toefl-itp\/categoria-centros-de-examen-toefl-itp\/","title":{"rendered":"Centros de examen TOEFL ITP"},"content":{"rendered":"<p>Encontra un centro cerca de t\u00ed<\/p>\n<p>El examen TOEFL ITP, es un<strong>\u00a0examen paper based<\/strong>\u00a0(en papel) que ofrece a los colegios, universidades, programas de ingl\u00e9s y otras instituciones la oportunidad de administrar una\u00a0<strong>evaluaci\u00f3n fiable, econ\u00f3mica y con horarios de aplicaci\u00f3n flexibles<\/strong>\u00a0de acuerdo a sus programas de evaluaci\u00f3n.<\/p>\n<p>El examen TOEFL ITP, basado en\u00a0<strong>contenido 100% acad\u00e9mico<\/strong>, eval\u00faa el nivel de competencia comunicativa en ingl\u00e9s como lengua extranjera. Es administrado en centros autorizados por ETS y se aplica por medio de papel con tecnolog\u00eda de reconocimiento \u00f3ptico de marcas.<\/p>\n<p>Existen\u00a0<strong>listas de los lugares y fechas de examen<\/strong>, pero hay que tener en cuenta de que no todos los centros est\u00e1n abiertos para cada fecha de examen. Por ello, para registrarse para el examen, lo mejor es\u00a0<strong>contactar con el centro<\/strong>\u00a0que m\u00e1s te convenga para que te informen de las fechas para las convocatorias de examen, de c\u00f3mo realizar la inscripci\u00f3n y el pago de la tasa de examen. Son tambi\u00e9n los\u00a0<strong>centros de examen quienes entregan los resultados<\/strong>, es decir, no se env\u00edan a ning\u00fan tipo de instituci\u00f3n.<\/p>\n<p>Es importante conocer los tr\u00e1mites ligados a la inscripci\u00f3n, y presentarse con la documentaci\u00f3n necesaria.<\/p>\n<p>Solo te queda\u00a0<strong>seleccionar tu centro de examen<\/strong>, conocer los tr\u00e1mites, las fechas y horarios disponibles, y descubrir nuestros consejos y herramientas para empezar tu preparaci\u00f3n\u2026 \u00a1s\u00edguenos!<\/p>\n","protected":false},"excerpt":{"rendered":"<p>Encontra un centro cerca de t\u00ed El examen TOEFL ITP, es un\u00a0examen paper based\u00a0(en papel) que ofrece a los colegios, universidades, programas [&hellip;]<\/p>\n","protected":false},"author":24,"featured_media":0,"parent":14867,"menu_order":0,"comment_status":"closed","ping_status":"closed","template":"","meta":[],"acf":[],"yoast_head":"<!-- This site is optimized with the Yoast SEO plugin v17.2.1 - https:\/\/yoast.com\/wordpress\/plugins\/seo\/ -->\n<title>Centros de examen TOEFL ITP<\/title>\n<meta name=\"robots\" content=\"index, follow, max-snippet:-1, max-image-preview:large, max-video-preview:-1\" \/>\n<link rel=\"canonical\" href=\"https:\/\/global-exam.com\/blog\/es\/examenes\/toefl-itp\/categoria-centros-de-examen-toefl-itp\/\" \/>\n<meta property=\"og:locale\" content=\"fr_FR\" \/>\n<meta property=\"og:type\" content=\"article\" \/>\n<meta property=\"og:title\" content=\"Centros de examen TOEFL ITP\" \/>\n<meta property=\"og:description\" content=\"Encontra un centro cerca de t\u00ed El examen TOEFL ITP, es un\u00a0examen paper based\u00a0(en papel) que ofrece a los colegios, universidades, programas [&hellip;]\" \/>\n<meta property=\"og:url\" content=\"https:\/\/global-exam.com\/blog\/es\/examenes\/toefl-itp\/categoria-centros-de-examen-toefl-itp\/\" \/>\n<meta property=\"og:site_name\" content=\"GlobalExam Blog\" \/>\n<meta property=\"article:publisher\" content=\"https:\/\/www.facebook.com\/Global.Exam\" \/>\n<meta property=\"article:modified_time\" content=\"2022-09-16T09:05:38+00:00\" \/>\n<meta name=\"twitter:card\" content=\"summary_large_image\" \/>\n<meta name=\"twitter:site\" content=\"@Global_Exam\" \/>\n<meta name=\"twitter:label1\" content=\"Dur\u00e9e de lecture estim\u00e9e\" \/>\n\t<meta name=\"twitter:data1\" content=\"1 minute\" \/>\n<script type=\"application\/ld+json\" class=\"yoast-schema-graph\">{\"@context\":\"https:\/\/schema.org\",\"@graph\":[{\"@type\":\"WebSite\",\"@id\":\"https:\/\/global-exam.com\/blog\/#website\",\"url\":\"https:\/\/global-exam.com\/blog\/\",\"name\":\"GlobalExam Blog\",\"description\":\"Le blog du sp\\u00e9cialiste de la certification linguistique\",\"potentialAction\":[{\"@type\":\"SearchAction\",\"target\":{\"@type\":\"EntryPoint\",\"urlTemplate\":\"https:\/\/global-exam.com\/blog\/?s={search_term_string}\"},\"query-input\":\"required name=search_term_string\"}],\"inLanguage\":\"fr-FR\"},{\"@type\":\"WebPage\",\"@id\":\"https:\/\/global-exam.com\/blog\/es\/examenes\/toefl-itp\/categoria-centros-de-examen-toefl-itp\/#webpage\",\"url\":\"https:\/\/global-exam.com\/blog\/es\/examenes\/toefl-itp\/categoria-centros-de-examen-toefl-itp\/\",\"name\":\"Centros de examen TOEFL ITP\",\"isPartOf\":{\"@id\":\"https:\/\/global-exam.com\/blog\/#website\"},\"datePublished\":\"2021-09-16T10:03:27+00:00\",\"dateModified\":\"2022-09-16T09:05:38+00:00\",\"breadcrumb\":{\"@id\":\"https:\/\/global-exam.com\/blog\/es\/examenes\/toefl-itp\/categoria-centros-de-examen-toefl-itp\/#breadcrumb\"},\"inLanguage\":\"fr-FR\",\"potentialAction\":[{\"@type\":\"ReadAction\",\"target\":[\"https:\/\/global-exam.com\/blog\/es\/examenes\/toefl-itp\/categoria-centros-de-examen-toefl-itp\/\"]}]},{\"@type\":\"BreadcrumbList\",\"@id\":\"https:\/\/global-exam.com\/blog\/es\/examenes\/toefl-itp\/categoria-centros-de-examen-toefl-itp\/#breadcrumb\",\"itemListElement\":[{\"@type\":\"ListItem\",\"position\":1,\"name\":\"Ex\\u00e1menes de idioma\",\"item\":\"https:\/\/global-exam.com\/blog\/es\/examenes\/\"},{\"@type\":\"ListItem\",\"position\":2,\"name\":\"TOEFL ITP\",\"item\":\"https:\/\/global-exam.com\/blog\/es\/examenes\/toefl-itp\/\"},{\"@type\":\"ListItem\",\"position\":3,\"name\":\"Centros de examen TOEFL ITP\"}]}]}<\/script>\n<!-- \/ Yoast SEO plugin. -->","yoast_head_json":{"title":"Centros de examen TOEFL ITP","robots":{"index":"index","follow":"follow","max-snippet":"max-snippet:-1","max-image-preview":"max-image-preview:large","max-video-preview":"max-video-preview:-1"},"canonical":"https:\/\/global-exam.com\/blog\/es\/examenes\/toefl-itp\/categoria-centros-de-examen-toefl-itp\/","og_locale":"fr_FR","og_type":"article","og_title":"Centros de examen TOEFL ITP","og_description":"Encontra un centro cerca de t\u00ed El examen TOEFL ITP, es un\u00a0examen paper based\u00a0(en papel) que ofrece a los colegios, universidades, programas [&hellip;]","og_url":"https:\/\/global-exam.com\/blog\/es\/examenes\/toefl-itp\/categoria-centros-de-examen-toefl-itp\/","og_site_name":"GlobalExam Blog","article_publisher":"https:\/\/www.facebook.com\/Global.Exam","article_modified_time":"2022-09-16T09:05:38+00:00","twitter_card":"summary_large_image","twitter_site":"@Global_Exam","twitter_misc":{"Dur\u00e9e de lecture estim\u00e9e":"1 minute"},"schema":{"@context":"https:\/\/schema.org","@graph":[{"@type":"WebSite","@id":"https:\/\/global-exam.com\/blog\/#website","url":"https:\/\/global-exam.com\/blog\/","name":"GlobalExam Blog","description":"Le blog du sp\u00e9cialiste de la certification linguistique","potentialAction":[{"@type":"SearchAction","target":{"@type":"EntryPoint","urlTemplate":"https:\/\/global-exam.com\/blog\/?s={search_term_string}"},"query-input":"required name=search_term_string"}],"inLanguage":"fr-FR"},{"@type":"WebPage","@id":"https:\/\/global-exam.com\/blog\/es\/examenes\/toefl-itp\/categoria-centros-de-examen-toefl-itp\/#webpage","url":"https:\/\/global-exam.com\/blog\/es\/examenes\/toefl-itp\/categoria-centros-de-examen-toefl-itp\/","name":"Centros de examen TOEFL ITP","isPartOf":{"@id":"https:\/\/global-exam.com\/blog\/#website"},"datePublished":"2021-09-16T10:03:27+00:00","dateModified":"2022-09-16T09:05:38+00:00","breadcrumb":{"@id":"https:\/\/global-exam.com\/blog\/es\/examenes\/toefl-itp\/categoria-centros-de-examen-toefl-itp\/#breadcrumb"},"inLanguage":"fr-FR","potentialAction":[{"@type":"ReadAction","target":["https:\/\/global-exam.com\/blog\/es\/examenes\/toefl-itp\/categoria-centros-de-examen-toefl-itp\/"]}]},{"@type":"BreadcrumbList","@id":"https:\/\/global-exam.com\/blog\/es\/examenes\/toefl-itp\/categoria-centros-de-examen-toefl-itp\/#breadcrumb","itemListElement":[{"@type":"ListItem","position":1,"name":"Ex\u00e1menes de idioma","item":"https:\/\/global-exam.com\/blog\/es\/examenes\/"},{"@type":"ListItem","position":2,"name":"TOEFL ITP","item":"https:\/\/global-exam.com\/blog\/es\/examenes\/toefl-itp\/"},{"@type":"ListItem","position":3,"name":"Centros de examen TOEFL ITP"}]}]}},"lang":"es","translations":{"es":63654},"pll_sync_post":[],"_links":{"self":[{"href":"https:\/\/global-exam.com\/blog\/wp-json\/wp\/v2\/pages\/63654"}],"collection":[{"href":"https:\/\/global-exam.com\/blog\/wp-json\/wp\/v2\/pages"}],"about":[{"href":"https:\/\/global-exam.com\/blog\/wp-json\/wp\/v2\/types\/page"}],"author":[{"embeddable":true,"href":"https:\/\/global-exam.com\/blog\/wp-json\/wp\/v2\/users\/24"}],"replies":[{"embeddable":true,"href":"https:\/\/global-exam.com\/blog\/wp-json\/wp\/v2\/comments?post=63654"}],"version-history":[{"count":5,"href":"https:\/\/global-exam.com\/blog\/wp-json\/wp\/v2\/pages\/63654\/revisions"}],"predecessor-version":[{"id":79488,"href":"https:\/\/global-exam.com\/blog\/wp-json\/wp\/v2\/pages\/63654\/revisions\/79488"}],"up":[{"embeddable":true,"href":"https:\/\/global-exam.com\/blog\/wp-json\/wp\/v2\/pages\/14867"}],"wp:attachment":[{"href":"https:\/\/global-exam.com\/blog\/wp-json\/wp\/v2\/media?parent=63654"}],"curies":[{"name":"wp","href":"https:\/\/api.w.org\/{rel}","templated":true}]}}