{"id":63658,"date":"2021-09-16T12:05:51","date_gmt":"2021-09-16T10:05:51","guid":{"rendered":"https:\/\/global-exam.com\/blog\/?page_id=63658"},"modified":"2022-09-16T11:12:21","modified_gmt":"2022-09-16T09:12:21","slug":"categoria-vocabulario-toefl-itp","status":"publish","type":"page","link":"https:\/\/global-exam.com\/blog\/es\/examenes\/toefl-itp\/categoria-vocabulario-toefl-itp\/","title":{"rendered":"Vocabulario TOEFL ITP"},"content":{"rendered":"<p>Ampl\u00eda tu vocabulario<\/p>\n<p>Obtener una certificaci\u00f3n en ingl\u00e9s es de gran utilidad en la vida acad\u00e9mica o profesional, por ende, la mejor manera de evaluar tu nivel es a trav\u00e9s de un examen reconocido como el <strong>TOEFL ITP<\/strong>. Este tipo de pruebas est\u00e1n dise\u00f1adas para las personas que desean\u00a0<strong>medir su nivel de ingl\u00e9s<\/strong>\u00a0por razones personales o para utilizarlo en el campo laboral o acad\u00e9mico.<\/p>\n<p>El TOEFL ITP eval\u00faa la\u00a0<strong>comprensi\u00f3n auditiva, comprensi\u00f3n lectora, estructura y expresi\u00f3n escrita.<\/strong>\u00a0Es importante recordar que para obtener buenos resultados, debes conocer la estructura del examen, pero sobretodo tener buenos conocimientos de vocabulario.<\/p>\n<p>En\u00a0<strong>GlobalExam<\/strong>\u00a0somos conscientes de ello y pensando en ti, hemos creado esta categor\u00eda de solo vocabulario. Te\u00a0<strong>ofrecemos decenas de fichas de vocabulario en ingl\u00e9s,<\/strong>\u00a0completamente adaptadas al examen TOEFL ITP, ya que es vocabulario que podr\u00e1s encontrar durante el examen.<\/p>\n<p>Entre los\u00a0<strong>diferentes temas de vocabulario encontrar\u00e1s:<\/strong>\u00a0c\u00f3mo dar y escribir una direcci\u00f3n, la hora en ingl\u00e9s, expresiones para viajar, nombres de pa\u00edses y nacionalidades, la ropa, n\u00fameros cardinales, entre otros temas. En cada una de\u00a0<strong>nuestras fichas de vocabulario,<\/strong>\u00a0encontrar\u00e1s la palabra en ingl\u00e9s y espa\u00f1ol, as\u00ed como un apartado con\u00a0<strong>expresiones<\/strong>\u00a0<strong>\u00fatiles<\/strong>.<\/p>\n<p>Adem\u00e1s podr\u00e1s\u00a0<strong>completar<\/strong>\u00a0<strong>tu entrenamiento\u00a0<\/strong>con la ayuda de nuestra plataforma en l\u00ednea. Tenemos una secci\u00f3n de\u00a0<strong>hojas de estudio y revisiones que contienen vocabulario y gram\u00e1tica relacionados<\/strong>\u00a0con el examen. Te recomendamos que antes de lanzarte a memorizar un mont\u00f3n de vocabulario, realices una evaluaci\u00f3n para comprobar tu nivel y as\u00ed saber en qu\u00e9 aspectos debes mejorar.<\/p>\n<p>Una vez realizada la evaluaci\u00f3n para\u00a0<strong>comprobar<\/strong>\u00a0<strong>tu<\/strong>\u00a0<strong>nivel<\/strong>, puedes acceder de nuevo a la secci\u00f3n evaluaciones, pero esta vez ser\u00e1 con el objetivo de ver tu evoluci\u00f3n. Las preguntas nunca ser\u00e1n las mismas gracias a las m\u00e1s de\u00a0<strong>30.000 preguntas<\/strong>\u00a0creadas por profesionales en la certificaci\u00f3n de idiomas.<\/p>\n","protected":false},"excerpt":{"rendered":"<p>Ampl\u00eda tu vocabulario Obtener una certificaci\u00f3n en ingl\u00e9s es de gran utilidad en la vida acad\u00e9mica o profesional, por ende, la mejor [&hellip;]<\/p>\n","protected":false},"author":24,"featured_media":0,"parent":14867,"menu_order":0,"comment_status":"closed","ping_status":"closed","template":"","meta":[],"acf":[],"yoast_head":"<!-- This site is optimized with the Yoast SEO plugin v17.2.1 - https:\/\/yoast.com\/wordpress\/plugins\/seo\/ -->\n<title>Vocabulario TOEFL ITP<\/title>\n<meta name=\"robots\" content=\"index, follow, max-snippet:-1, max-image-preview:large, max-video-preview:-1\" \/>\n<link rel=\"canonical\" href=\"https:\/\/global-exam.com\/blog\/es\/examenes\/toefl-itp\/categoria-vocabulario-toefl-itp\/\" \/>\n<meta property=\"og:locale\" content=\"fr_FR\" \/>\n<meta property=\"og:type\" content=\"article\" \/>\n<meta property=\"og:title\" content=\"Vocabulario TOEFL ITP\" \/>\n<meta property=\"og:description\" content=\"Ampl\u00eda tu vocabulario Obtener una certificaci\u00f3n en ingl\u00e9s es de gran utilidad en la vida acad\u00e9mica o profesional, por ende, la mejor [&hellip;]\" \/>\n<meta property=\"og:url\" content=\"https:\/\/global-exam.com\/blog\/es\/examenes\/toefl-itp\/categoria-vocabulario-toefl-itp\/\" \/>\n<meta property=\"og:site_name\" content=\"GlobalExam Blog\" \/>\n<meta property=\"article:publisher\" content=\"https:\/\/www.facebook.com\/Global.Exam\" \/>\n<meta property=\"article:modified_time\" content=\"2022-09-16T09:12:21+00:00\" \/>\n<meta name=\"twitter:card\" content=\"summary_large_image\" \/>\n<meta name=\"twitter:site\" content=\"@Global_Exam\" \/>\n<meta name=\"twitter:label1\" content=\"Dur\u00e9e de lecture estim\u00e9e\" \/>\n\t<meta name=\"twitter:data1\" content=\"2 minutes\" \/>\n<script type=\"application\/ld+json\" class=\"yoast-schema-graph\">{\"@context\":\"https:\/\/schema.org\",\"@graph\":[{\"@type\":\"WebSite\",\"@id\":\"https:\/\/global-exam.com\/blog\/#website\",\"url\":\"https:\/\/global-exam.com\/blog\/\",\"name\":\"GlobalExam Blog\",\"description\":\"Le blog du sp\\u00e9cialiste de la certification linguistique\",\"potentialAction\":[{\"@type\":\"SearchAction\",\"target\":{\"@type\":\"EntryPoint\",\"urlTemplate\":\"https:\/\/global-exam.com\/blog\/?s={search_term_string}\"},\"query-input\":\"required name=search_term_string\"}],\"inLanguage\":\"fr-FR\"},{\"@type\":\"WebPage\",\"@id\":\"https:\/\/global-exam.com\/blog\/es\/examenes\/toefl-itp\/categoria-vocabulario-toefl-itp\/#webpage\",\"url\":\"https:\/\/global-exam.com\/blog\/es\/examenes\/toefl-itp\/categoria-vocabulario-toefl-itp\/\",\"name\":\"Vocabulario TOEFL ITP\",\"isPartOf\":{\"@id\":\"https:\/\/global-exam.com\/blog\/#website\"},\"datePublished\":\"2021-09-16T10:05:51+00:00\",\"dateModified\":\"2022-09-16T09:12:21+00:00\",\"breadcrumb\":{\"@id\":\"https:\/\/global-exam.com\/blog\/es\/examenes\/toefl-itp\/categoria-vocabulario-toefl-itp\/#breadcrumb\"},\"inLanguage\":\"fr-FR\",\"potentialAction\":[{\"@type\":\"ReadAction\",\"target\":[\"https:\/\/global-exam.com\/blog\/es\/examenes\/toefl-itp\/categoria-vocabulario-toefl-itp\/\"]}]},{\"@type\":\"BreadcrumbList\",\"@id\":\"https:\/\/global-exam.com\/blog\/es\/examenes\/toefl-itp\/categoria-vocabulario-toefl-itp\/#breadcrumb\",\"itemListElement\":[{\"@type\":\"ListItem\",\"position\":1,\"name\":\"Ex\\u00e1menes de idioma\",\"item\":\"https:\/\/global-exam.com\/blog\/es\/examenes\/\"},{\"@type\":\"ListItem\",\"position\":2,\"name\":\"TOEFL ITP\",\"item\":\"https:\/\/global-exam.com\/blog\/es\/examenes\/toefl-itp\/\"},{\"@type\":\"ListItem\",\"position\":3,\"name\":\"Vocabulario TOEFL ITP\"}]}]}<\/script>\n<!-- \/ Yoast SEO plugin. -->","yoast_head_json":{"title":"Vocabulario TOEFL ITP","robots":{"index":"index","follow":"follow","max-snippet":"max-snippet:-1","max-image-preview":"max-image-preview:large","max-video-preview":"max-video-preview:-1"},"canonical":"https:\/\/global-exam.com\/blog\/es\/examenes\/toefl-itp\/categoria-vocabulario-toefl-itp\/","og_locale":"fr_FR","og_type":"article","og_title":"Vocabulario TOEFL ITP","og_description":"Ampl\u00eda tu vocabulario Obtener una certificaci\u00f3n en ingl\u00e9s es de gran utilidad en la vida acad\u00e9mica o profesional, por ende, la mejor [&hellip;]","og_url":"https:\/\/global-exam.com\/blog\/es\/examenes\/toefl-itp\/categoria-vocabulario-toefl-itp\/","og_site_name":"GlobalExam Blog","article_publisher":"https:\/\/www.facebook.com\/Global.Exam","article_modified_time":"2022-09-16T09:12:21+00:00","twitter_card":"summary_large_image","twitter_site":"@Global_Exam","twitter_misc":{"Dur\u00e9e de lecture estim\u00e9e":"2 minutes"},"schema":{"@context":"https:\/\/schema.org","@graph":[{"@type":"WebSite","@id":"https:\/\/global-exam.com\/blog\/#website","url":"https:\/\/global-exam.com\/blog\/","name":"GlobalExam Blog","description":"Le blog du sp\u00e9cialiste de la certification linguistique","potentialAction":[{"@type":"SearchAction","target":{"@type":"EntryPoint","urlTemplate":"https:\/\/global-exam.com\/blog\/?s={search_term_string}"},"query-input":"required name=search_term_string"}],"inLanguage":"fr-FR"},{"@type":"WebPage","@id":"https:\/\/global-exam.com\/blog\/es\/examenes\/toefl-itp\/categoria-vocabulario-toefl-itp\/#webpage","url":"https:\/\/global-exam.com\/blog\/es\/examenes\/toefl-itp\/categoria-vocabulario-toefl-itp\/","name":"Vocabulario TOEFL ITP","isPartOf":{"@id":"https:\/\/global-exam.com\/blog\/#website"},"datePublished":"2021-09-16T10:05:51+00:00","dateModified":"2022-09-16T09:12:21+00:00","breadcrumb":{"@id":"https:\/\/global-exam.com\/blog\/es\/examenes\/toefl-itp\/categoria-vocabulario-toefl-itp\/#breadcrumb"},"inLanguage":"fr-FR","potentialAction":[{"@type":"ReadAction","target":["https:\/\/global-exam.com\/blog\/es\/examenes\/toefl-itp\/categoria-vocabulario-toefl-itp\/"]}]},{"@type":"BreadcrumbList","@id":"https:\/\/global-exam.com\/blog\/es\/examenes\/toefl-itp\/categoria-vocabulario-toefl-itp\/#breadcrumb","itemListElement":[{"@type":"ListItem","position":1,"name":"Ex\u00e1menes de idioma","item":"https:\/\/global-exam.com\/blog\/es\/examenes\/"},{"@type":"ListItem","position":2,"name":"TOEFL ITP","item":"https:\/\/global-exam.com\/blog\/es\/examenes\/toefl-itp\/"},{"@type":"ListItem","position":3,"name":"Vocabulario TOEFL ITP"}]}]}},"lang":"es","translations":{"es":63658},"pll_sync_post":[],"_links":{"self":[{"href":"https:\/\/global-exam.com\/blog\/wp-json\/wp\/v2\/pages\/63658"}],"collection":[{"href":"https:\/\/global-exam.com\/blog\/wp-json\/wp\/v2\/pages"}],"about":[{"href":"https:\/\/global-exam.com\/blog\/wp-json\/wp\/v2\/types\/page"}],"author":[{"embeddable":true,"href":"https:\/\/global-exam.com\/blog\/wp-json\/wp\/v2\/users\/24"}],"replies":[{"embeddable":true,"href":"https:\/\/global-exam.com\/blog\/wp-json\/wp\/v2\/comments?post=63658"}],"version-history":[{"count":4,"href":"https:\/\/global-exam.com\/blog\/wp-json\/wp\/v2\/pages\/63658\/revisions"}],"predecessor-version":[{"id":79495,"href":"https:\/\/global-exam.com\/blog\/wp-json\/wp\/v2\/pages\/63658\/revisions\/79495"}],"up":[{"embeddable":true,"href":"https:\/\/global-exam.com\/blog\/wp-json\/wp\/v2\/pages\/14867"}],"wp:attachment":[{"href":"https:\/\/global-exam.com\/blog\/wp-json\/wp\/v2\/media?parent=63658"}],"curies":[{"name":"wp","href":"https:\/\/api.w.org\/{rel}","templated":true}]}}