{"id":63661,"date":"2021-09-16T12:08:07","date_gmt":"2021-09-16T10:08:07","guid":{"rendered":"https:\/\/global-exam.com\/blog\/?page_id=63661"},"modified":"2022-09-16T11:06:31","modified_gmt":"2022-09-16T09:06:31","slug":"categoria-gramatica-toefl-itp","status":"publish","type":"page","link":"https:\/\/global-exam.com\/blog\/es\/examenes\/toefl-itp\/categoria-gramatica-toefl-itp\/","title":{"rendered":"Gram\u00e1tica TOEFL ITP"},"content":{"rendered":"<p>Dominar la gram\u00e1tica del TOEFL<\/p>\n<p>El <strong>TOEFL ITP<\/strong>\u00a0es un examen de ingl\u00e9s que tiene como objetivo evaluar las habilidades ling\u00fc\u00edsticas de las personas para comprender y usar la lengua inglesa en un contexto acad\u00e9mico. Esta prueba se compone de 3 secciones:\u00a0<strong>Listening, Structure and Written expression y Reading<\/strong>, adem\u00e1s tiene una duraci\u00f3n aproximada de\u00a0<strong>115 minutos.\u00a0<\/strong><\/p>\n<p>La parte de Listening mide la capacidad de<strong>\u00a0entender el ingl\u00e9s<\/strong>\u00a0al oral en un contexto completamente acad\u00e9mico. La parte de Structure and Written expression eval\u00faan el\u00a0<strong>reconocimiento de ciertos puntos estructurales<\/strong>\u00a0y gramaticales del ingl\u00e9s escrito est\u00e1ndar. La parte de Reading mide la\u00a0<strong>capacidad de leer y comprender textos\u00a0<\/strong>acad\u00e9micos en ingl\u00e9s.<\/p>\n<p>Como lo puedes notar, una de las secciones se centra espec\u00edficamente en gram\u00e1tica, por ello, hemos creado esta secci\u00f3n de gram\u00e1tica enfocada en el TOEFL ITP. En este blog encontrar\u00e1s una gu\u00eda r\u00e1pida con las\u00a0<strong>reglas principales y ejemplos de c\u00f3mo y cu\u00e1ndo se emplean temas<\/strong>\u00a0como: el presente perfecto, presente simple y continuo, adjetivos comparativos y superlativos, adjetivos posesivos, pronombres relativos, gerundio, conectores, entre otros.<\/p>\n<p>Nuestro objetivo es que puedas practicar esta secci\u00f3n del examen\u00a0<strong>TOEFL<\/strong>\u00a0<strong>ITP<\/strong>\u00a0para que logres tener excelentes resultados el d\u00eda de la prueba. Asimismo, si deseas profundizar, ofrecemos una plataforma de aprendizaje, dedicada completamente a la\u00a0<strong>preparaci\u00f3n<\/strong>\u00a0<strong>en<\/strong>\u00a0<strong>l\u00ednea<\/strong>. Puedes crear un plan de estudio personalizado, simplemente escoges la secci\u00f3n que vas a preparar, por ejemplo Structure and Written expression.<\/p>\n","protected":false},"excerpt":{"rendered":"<p>Dominar la gram\u00e1tica del TOEFL El TOEFL ITP\u00a0es un examen de ingl\u00e9s que tiene como objetivo evaluar las habilidades ling\u00fc\u00edsticas de las [&hellip;]<\/p>\n","protected":false},"author":24,"featured_media":0,"parent":14867,"menu_order":0,"comment_status":"closed","ping_status":"closed","template":"","meta":[],"acf":[],"yoast_head":"<!-- This site is optimized with the Yoast SEO plugin v17.2.1 - https:\/\/yoast.com\/wordpress\/plugins\/seo\/ -->\n<title>Gram\u00e1tica TOEFL ITP<\/title>\n<meta name=\"robots\" content=\"index, follow, max-snippet:-1, max-image-preview:large, max-video-preview:-1\" \/>\n<link rel=\"canonical\" href=\"https:\/\/global-exam.com\/blog\/es\/examenes\/toefl-itp\/categoria-gramatica-toefl-itp\/\" \/>\n<meta property=\"og:locale\" content=\"fr_FR\" \/>\n<meta property=\"og:type\" content=\"article\" \/>\n<meta property=\"og:title\" content=\"Gram\u00e1tica TOEFL ITP\" \/>\n<meta property=\"og:description\" content=\"Dominar la gram\u00e1tica del TOEFL El TOEFL ITP\u00a0es un examen de ingl\u00e9s que tiene como objetivo evaluar las habilidades ling\u00fc\u00edsticas de las [&hellip;]\" \/>\n<meta property=\"og:url\" content=\"https:\/\/global-exam.com\/blog\/es\/examenes\/toefl-itp\/categoria-gramatica-toefl-itp\/\" \/>\n<meta property=\"og:site_name\" content=\"GlobalExam Blog\" \/>\n<meta property=\"article:publisher\" content=\"https:\/\/www.facebook.com\/Global.Exam\" \/>\n<meta property=\"article:modified_time\" content=\"2022-09-16T09:06:31+00:00\" \/>\n<meta name=\"twitter:card\" content=\"summary_large_image\" \/>\n<meta name=\"twitter:site\" content=\"@Global_Exam\" \/>\n<meta name=\"twitter:label1\" content=\"Dur\u00e9e de lecture estim\u00e9e\" \/>\n\t<meta name=\"twitter:data1\" content=\"2 minutes\" \/>\n<script type=\"application\/ld+json\" class=\"yoast-schema-graph\">{\"@context\":\"https:\/\/schema.org\",\"@graph\":[{\"@type\":\"WebSite\",\"@id\":\"https:\/\/global-exam.com\/blog\/#website\",\"url\":\"https:\/\/global-exam.com\/blog\/\",\"name\":\"GlobalExam Blog\",\"description\":\"Le blog du sp\\u00e9cialiste de la certification linguistique\",\"potentialAction\":[{\"@type\":\"SearchAction\",\"target\":{\"@type\":\"EntryPoint\",\"urlTemplate\":\"https:\/\/global-exam.com\/blog\/?s={search_term_string}\"},\"query-input\":\"required name=search_term_string\"}],\"inLanguage\":\"fr-FR\"},{\"@type\":\"WebPage\",\"@id\":\"https:\/\/global-exam.com\/blog\/es\/examenes\/toefl-itp\/categoria-gramatica-toefl-itp\/#webpage\",\"url\":\"https:\/\/global-exam.com\/blog\/es\/examenes\/toefl-itp\/categoria-gramatica-toefl-itp\/\",\"name\":\"Gram\\u00e1tica TOEFL ITP\",\"isPartOf\":{\"@id\":\"https:\/\/global-exam.com\/blog\/#website\"},\"datePublished\":\"2021-09-16T10:08:07+00:00\",\"dateModified\":\"2022-09-16T09:06:31+00:00\",\"breadcrumb\":{\"@id\":\"https:\/\/global-exam.com\/blog\/es\/examenes\/toefl-itp\/categoria-gramatica-toefl-itp\/#breadcrumb\"},\"inLanguage\":\"fr-FR\",\"potentialAction\":[{\"@type\":\"ReadAction\",\"target\":[\"https:\/\/global-exam.com\/blog\/es\/examenes\/toefl-itp\/categoria-gramatica-toefl-itp\/\"]}]},{\"@type\":\"BreadcrumbList\",\"@id\":\"https:\/\/global-exam.com\/blog\/es\/examenes\/toefl-itp\/categoria-gramatica-toefl-itp\/#breadcrumb\",\"itemListElement\":[{\"@type\":\"ListItem\",\"position\":1,\"name\":\"Ex\\u00e1menes de idioma\",\"item\":\"https:\/\/global-exam.com\/blog\/es\/examenes\/\"},{\"@type\":\"ListItem\",\"position\":2,\"name\":\"TOEFL ITP\",\"item\":\"https:\/\/global-exam.com\/blog\/es\/examenes\/toefl-itp\/\"},{\"@type\":\"ListItem\",\"position\":3,\"name\":\"Gram\\u00e1tica TOEFL ITP\"}]}]}<\/script>\n<!-- \/ Yoast SEO plugin. -->","yoast_head_json":{"title":"Gram\u00e1tica TOEFL ITP","robots":{"index":"index","follow":"follow","max-snippet":"max-snippet:-1","max-image-preview":"max-image-preview:large","max-video-preview":"max-video-preview:-1"},"canonical":"https:\/\/global-exam.com\/blog\/es\/examenes\/toefl-itp\/categoria-gramatica-toefl-itp\/","og_locale":"fr_FR","og_type":"article","og_title":"Gram\u00e1tica TOEFL ITP","og_description":"Dominar la gram\u00e1tica del TOEFL El TOEFL ITP\u00a0es un examen de ingl\u00e9s que tiene como objetivo evaluar las habilidades ling\u00fc\u00edsticas de las [&hellip;]","og_url":"https:\/\/global-exam.com\/blog\/es\/examenes\/toefl-itp\/categoria-gramatica-toefl-itp\/","og_site_name":"GlobalExam Blog","article_publisher":"https:\/\/www.facebook.com\/Global.Exam","article_modified_time":"2022-09-16T09:06:31+00:00","twitter_card":"summary_large_image","twitter_site":"@Global_Exam","twitter_misc":{"Dur\u00e9e de lecture estim\u00e9e":"2 minutes"},"schema":{"@context":"https:\/\/schema.org","@graph":[{"@type":"WebSite","@id":"https:\/\/global-exam.com\/blog\/#website","url":"https:\/\/global-exam.com\/blog\/","name":"GlobalExam Blog","description":"Le blog du sp\u00e9cialiste de la certification linguistique","potentialAction":[{"@type":"SearchAction","target":{"@type":"EntryPoint","urlTemplate":"https:\/\/global-exam.com\/blog\/?s={search_term_string}"},"query-input":"required name=search_term_string"}],"inLanguage":"fr-FR"},{"@type":"WebPage","@id":"https:\/\/global-exam.com\/blog\/es\/examenes\/toefl-itp\/categoria-gramatica-toefl-itp\/#webpage","url":"https:\/\/global-exam.com\/blog\/es\/examenes\/toefl-itp\/categoria-gramatica-toefl-itp\/","name":"Gram\u00e1tica TOEFL ITP","isPartOf":{"@id":"https:\/\/global-exam.com\/blog\/#website"},"datePublished":"2021-09-16T10:08:07+00:00","dateModified":"2022-09-16T09:06:31+00:00","breadcrumb":{"@id":"https:\/\/global-exam.com\/blog\/es\/examenes\/toefl-itp\/categoria-gramatica-toefl-itp\/#breadcrumb"},"inLanguage":"fr-FR","potentialAction":[{"@type":"ReadAction","target":["https:\/\/global-exam.com\/blog\/es\/examenes\/toefl-itp\/categoria-gramatica-toefl-itp\/"]}]},{"@type":"BreadcrumbList","@id":"https:\/\/global-exam.com\/blog\/es\/examenes\/toefl-itp\/categoria-gramatica-toefl-itp\/#breadcrumb","itemListElement":[{"@type":"ListItem","position":1,"name":"Ex\u00e1menes de idioma","item":"https:\/\/global-exam.com\/blog\/es\/examenes\/"},{"@type":"ListItem","position":2,"name":"TOEFL ITP","item":"https:\/\/global-exam.com\/blog\/es\/examenes\/toefl-itp\/"},{"@type":"ListItem","position":3,"name":"Gram\u00e1tica TOEFL ITP"}]}]}},"lang":"es","translations":{"es":63661},"pll_sync_post":[],"_links":{"self":[{"href":"https:\/\/global-exam.com\/blog\/wp-json\/wp\/v2\/pages\/63661"}],"collection":[{"href":"https:\/\/global-exam.com\/blog\/wp-json\/wp\/v2\/pages"}],"about":[{"href":"https:\/\/global-exam.com\/blog\/wp-json\/wp\/v2\/types\/page"}],"author":[{"embeddable":true,"href":"https:\/\/global-exam.com\/blog\/wp-json\/wp\/v2\/users\/24"}],"replies":[{"embeddable":true,"href":"https:\/\/global-exam.com\/blog\/wp-json\/wp\/v2\/comments?post=63661"}],"version-history":[{"count":4,"href":"https:\/\/global-exam.com\/blog\/wp-json\/wp\/v2\/pages\/63661\/revisions"}],"predecessor-version":[{"id":79489,"href":"https:\/\/global-exam.com\/blog\/wp-json\/wp\/v2\/pages\/63661\/revisions\/79489"}],"up":[{"embeddable":true,"href":"https:\/\/global-exam.com\/blog\/wp-json\/wp\/v2\/pages\/14867"}],"wp:attachment":[{"href":"https:\/\/global-exam.com\/blog\/wp-json\/wp\/v2\/media?parent=63661"}],"curies":[{"name":"wp","href":"https:\/\/api.w.org\/{rel}","templated":true}]}}