{"id":63666,"date":"2021-09-16T12:10:42","date_gmt":"2021-09-16T10:10:42","guid":{"rendered":"https:\/\/global-exam.com\/blog\/?page_id=63666"},"modified":"2022-09-16T11:31:12","modified_gmt":"2022-09-16T09:31:12","slug":"categoria-introduccion-ielts","status":"publish","type":"page","link":"https:\/\/global-exam.com\/blog\/es\/examenes\/ielts\/categoria-introduccion-ielts\/","title":{"rendered":"Introducci\u00f3n IELTS"},"content":{"rendered":"<p>Descubre el examen del IELTS<\/p>\n<p>Como probablemente sepas, el IELTS es un examen, reconocido a nivel mundial, como <strong>prueba del nivel de ingl\u00e9s de una persona<\/strong>. Eval\u00faa la comprensi\u00f3n oral y escrita, pero tambi\u00e9n la expresi\u00f3n oral y escrita de un candidato.\u00a0Tal vez te preguntes\u00a0<strong>qu\u00e9 IELTS debes preparar<\/strong>.\u00a0Como te explicamos en esta secci\u00f3n, existen\u00a0<strong>dos versiones del IELTS<\/strong>, cada una con un objetivo diferente.<\/p>\n<p>As\u00ed, si lo que quieres es estudiar en una universidad o comenzar una carrera internacional, deber\u00e1s preparar el IELTS Acad\u00e9mico (Academic). Pero si lo que deseas es comunicarte en ingl\u00e9s en la vida cotidiana, tendr\u00e1s que preparar el IELTS General (General Training).<\/p>\n<p>No te preocupes, te explicamos todo con detalle y te mostramos las diferencias entre ambas versiones para qu\u00e9 sepas cual te conviene, en funci\u00f3n de tus objetivos.<\/p>\n<p>Te proporcionamos tambi\u00e9n\u00a0<strong>informaciones para poder inscribirte<\/strong>\u00a0con el tiempo necesario, y sobre todo\u00a0<strong>prepararte con antelaci\u00f3n<\/strong>\u00a0para obtener la puntuaci\u00f3n deseada.\u00a0Para este tipo de examen, un buen entrenamiento es la clave del \u00e9xito.\u00a0Descubre nuestros recursos variados y atr\u00e9vete a probar tus capacidades.<\/p>\n<p>Te ayudamos a descubrir tu nivel, y a mejorarlo para alcanzar la puntuaci\u00f3n deseada.\u00a0Todo est\u00e1 en tus manos: puedes acceder \u00a1con un solo clic!<\/p>\n","protected":false},"excerpt":{"rendered":"<p>Descubre el examen del IELTS Como probablemente sepas, el IELTS es un examen, reconocido a nivel mundial, como prueba del nivel de [&hellip;]<\/p>\n","protected":false},"author":24,"featured_media":0,"parent":18396,"menu_order":0,"comment_status":"closed","ping_status":"closed","template":"","meta":[],"acf":[],"yoast_head":"<!-- This site is optimized with the Yoast SEO plugin v17.2.1 - https:\/\/yoast.com\/wordpress\/plugins\/seo\/ -->\n<title>Introducci\u00f3n IELTS<\/title>\n<meta name=\"robots\" content=\"index, follow, max-snippet:-1, max-image-preview:large, max-video-preview:-1\" \/>\n<link rel=\"canonical\" href=\"https:\/\/global-exam.com\/blog\/es\/examenes\/ielts\/categoria-introduccion-ielts\/\" \/>\n<meta property=\"og:locale\" content=\"fr_FR\" \/>\n<meta property=\"og:type\" content=\"article\" \/>\n<meta property=\"og:title\" content=\"Introducci\u00f3n IELTS\" \/>\n<meta property=\"og:description\" content=\"Descubre el examen del IELTS Como probablemente sepas, el IELTS es un examen, reconocido a nivel mundial, como prueba del nivel de [&hellip;]\" \/>\n<meta property=\"og:url\" content=\"https:\/\/global-exam.com\/blog\/es\/examenes\/ielts\/categoria-introduccion-ielts\/\" \/>\n<meta property=\"og:site_name\" content=\"GlobalExam Blog\" \/>\n<meta property=\"article:publisher\" content=\"https:\/\/www.facebook.com\/Global.Exam\" \/>\n<meta property=\"article:modified_time\" content=\"2022-09-16T09:31:12+00:00\" \/>\n<meta name=\"twitter:card\" content=\"summary_large_image\" \/>\n<meta name=\"twitter:site\" content=\"@Global_Exam\" \/>\n<meta name=\"twitter:label1\" content=\"Dur\u00e9e de lecture estim\u00e9e\" \/>\n\t<meta name=\"twitter:data1\" content=\"1 minute\" \/>\n<script type=\"application\/ld+json\" class=\"yoast-schema-graph\">{\"@context\":\"https:\/\/schema.org\",\"@graph\":[{\"@type\":\"WebSite\",\"@id\":\"https:\/\/global-exam.com\/blog\/#website\",\"url\":\"https:\/\/global-exam.com\/blog\/\",\"name\":\"GlobalExam Blog\",\"description\":\"Le blog du sp\\u00e9cialiste de la certification linguistique\",\"potentialAction\":[{\"@type\":\"SearchAction\",\"target\":{\"@type\":\"EntryPoint\",\"urlTemplate\":\"https:\/\/global-exam.com\/blog\/?s={search_term_string}\"},\"query-input\":\"required name=search_term_string\"}],\"inLanguage\":\"fr-FR\"},{\"@type\":\"WebPage\",\"@id\":\"https:\/\/global-exam.com\/blog\/es\/examenes\/ielts\/categoria-introduccion-ielts\/#webpage\",\"url\":\"https:\/\/global-exam.com\/blog\/es\/examenes\/ielts\/categoria-introduccion-ielts\/\",\"name\":\"Introducci\\u00f3n IELTS\",\"isPartOf\":{\"@id\":\"https:\/\/global-exam.com\/blog\/#website\"},\"datePublished\":\"2021-09-16T10:10:42+00:00\",\"dateModified\":\"2022-09-16T09:31:12+00:00\",\"breadcrumb\":{\"@id\":\"https:\/\/global-exam.com\/blog\/es\/examenes\/ielts\/categoria-introduccion-ielts\/#breadcrumb\"},\"inLanguage\":\"fr-FR\",\"potentialAction\":[{\"@type\":\"ReadAction\",\"target\":[\"https:\/\/global-exam.com\/blog\/es\/examenes\/ielts\/categoria-introduccion-ielts\/\"]}]},{\"@type\":\"BreadcrumbList\",\"@id\":\"https:\/\/global-exam.com\/blog\/es\/examenes\/ielts\/categoria-introduccion-ielts\/#breadcrumb\",\"itemListElement\":[{\"@type\":\"ListItem\",\"position\":1,\"name\":\"Ex\\u00e1menes de idioma\",\"item\":\"https:\/\/global-exam.com\/blog\/es\/examenes\/\"},{\"@type\":\"ListItem\",\"position\":2,\"name\":\"IELTS\",\"item\":\"https:\/\/global-exam.com\/blog\/es\/examenes\/ielts\/\"},{\"@type\":\"ListItem\",\"position\":3,\"name\":\"Introducci\\u00f3n IELTS\"}]}]}<\/script>\n<!-- \/ Yoast SEO plugin. -->","yoast_head_json":{"title":"Introducci\u00f3n IELTS","robots":{"index":"index","follow":"follow","max-snippet":"max-snippet:-1","max-image-preview":"max-image-preview:large","max-video-preview":"max-video-preview:-1"},"canonical":"https:\/\/global-exam.com\/blog\/es\/examenes\/ielts\/categoria-introduccion-ielts\/","og_locale":"fr_FR","og_type":"article","og_title":"Introducci\u00f3n IELTS","og_description":"Descubre el examen del IELTS Como probablemente sepas, el IELTS es un examen, reconocido a nivel mundial, como prueba del nivel de [&hellip;]","og_url":"https:\/\/global-exam.com\/blog\/es\/examenes\/ielts\/categoria-introduccion-ielts\/","og_site_name":"GlobalExam Blog","article_publisher":"https:\/\/www.facebook.com\/Global.Exam","article_modified_time":"2022-09-16T09:31:12+00:00","twitter_card":"summary_large_image","twitter_site":"@Global_Exam","twitter_misc":{"Dur\u00e9e de lecture estim\u00e9e":"1 minute"},"schema":{"@context":"https:\/\/schema.org","@graph":[{"@type":"WebSite","@id":"https:\/\/global-exam.com\/blog\/#website","url":"https:\/\/global-exam.com\/blog\/","name":"GlobalExam Blog","description":"Le blog du sp\u00e9cialiste de la certification linguistique","potentialAction":[{"@type":"SearchAction","target":{"@type":"EntryPoint","urlTemplate":"https:\/\/global-exam.com\/blog\/?s={search_term_string}"},"query-input":"required name=search_term_string"}],"inLanguage":"fr-FR"},{"@type":"WebPage","@id":"https:\/\/global-exam.com\/blog\/es\/examenes\/ielts\/categoria-introduccion-ielts\/#webpage","url":"https:\/\/global-exam.com\/blog\/es\/examenes\/ielts\/categoria-introduccion-ielts\/","name":"Introducci\u00f3n IELTS","isPartOf":{"@id":"https:\/\/global-exam.com\/blog\/#website"},"datePublished":"2021-09-16T10:10:42+00:00","dateModified":"2022-09-16T09:31:12+00:00","breadcrumb":{"@id":"https:\/\/global-exam.com\/blog\/es\/examenes\/ielts\/categoria-introduccion-ielts\/#breadcrumb"},"inLanguage":"fr-FR","potentialAction":[{"@type":"ReadAction","target":["https:\/\/global-exam.com\/blog\/es\/examenes\/ielts\/categoria-introduccion-ielts\/"]}]},{"@type":"BreadcrumbList","@id":"https:\/\/global-exam.com\/blog\/es\/examenes\/ielts\/categoria-introduccion-ielts\/#breadcrumb","itemListElement":[{"@type":"ListItem","position":1,"name":"Ex\u00e1menes de idioma","item":"https:\/\/global-exam.com\/blog\/es\/examenes\/"},{"@type":"ListItem","position":2,"name":"IELTS","item":"https:\/\/global-exam.com\/blog\/es\/examenes\/ielts\/"},{"@type":"ListItem","position":3,"name":"Introducci\u00f3n IELTS"}]}]}},"lang":"es","translations":{"es":63666},"pll_sync_post":[],"_links":{"self":[{"href":"https:\/\/global-exam.com\/blog\/wp-json\/wp\/v2\/pages\/63666"}],"collection":[{"href":"https:\/\/global-exam.com\/blog\/wp-json\/wp\/v2\/pages"}],"about":[{"href":"https:\/\/global-exam.com\/blog\/wp-json\/wp\/v2\/types\/page"}],"author":[{"embeddable":true,"href":"https:\/\/global-exam.com\/blog\/wp-json\/wp\/v2\/users\/24"}],"replies":[{"embeddable":true,"href":"https:\/\/global-exam.com\/blog\/wp-json\/wp\/v2\/comments?post=63666"}],"version-history":[{"count":4,"href":"https:\/\/global-exam.com\/blog\/wp-json\/wp\/v2\/pages\/63666\/revisions"}],"predecessor-version":[{"id":79516,"href":"https:\/\/global-exam.com\/blog\/wp-json\/wp\/v2\/pages\/63666\/revisions\/79516"}],"up":[{"embeddable":true,"href":"https:\/\/global-exam.com\/blog\/wp-json\/wp\/v2\/pages\/18396"}],"wp:attachment":[{"href":"https:\/\/global-exam.com\/blog\/wp-json\/wp\/v2\/media?parent=63666"}],"curies":[{"name":"wp","href":"https:\/\/api.w.org\/{rel}","templated":true}]}}