{"id":63682,"date":"2021-09-16T12:21:33","date_gmt":"2021-09-16T10:21:33","guid":{"rendered":"https:\/\/global-exam.com\/blog\/?page_id=63682"},"modified":"2022-09-16T11:35:27","modified_gmt":"2022-09-16T09:35:27","slug":"categoria-vocabulario-ielts","status":"publish","type":"page","link":"https:\/\/global-exam.com\/blog\/es\/examenes\/ielts\/categoria-vocabulario-ielts\/","title":{"rendered":"Vocabulario IELTS"},"content":{"rendered":"<p>Aprende el vocabulario del IELTS<\/p>\n<p>El <strong>IELTS\u00a0<\/strong>est\u00e1 dise\u00f1ado para evaluar la capacidad ling\u00fc\u00edstica de las personas que desean estudiar o trabajar en lugares donde se utiliza el ingl\u00e9s como lengua de comunicaci\u00f3n. Este examen de Cambridge es reconocido y aceptado por entidades e instituciones acad\u00e9micas del mundo entero, sin embargo, te recomendamos\u00a0<strong>practicar con antelaci\u00f3n<\/strong>\u00a0si deseas obtener una buena puntuaci\u00f3n en el IELTS el d\u00eda del examen.<\/p>\n<p>El vocabulario forma parte de las competencias que es necesario trabajar. Un vocabulario s\u00f3lido nos ayuda a mejorar todas las \u00e1reas de la comunicaci\u00f3n:\u00a0<strong>Listening, Speaking, Reading y Writing.<\/strong>\u00a0Adem\u00e1s, sea cual sea nuestro objetivo al presentar el examen, necesitamos adquirir fluidez para lograrlo y el vocabulario es la soluci\u00f3n.<\/p>\n<p>Debemos tener en mente que no basta aprender un mont\u00f3n de palabras, lo ideal es saber su significado, aprender a usarlas seg\u00fan el contexto y conocer las\u00a0<strong>diferentes expresiones idiom\u00e1ticas.\u00a0<\/strong><\/p>\n<p>En\u00a0<strong>GlobalExam\u00a0<\/strong>estamos para acompa\u00f1arte en el proceso de aprendizaje y hemos creado una\u00a0<strong>categor\u00eda enfocada en vocabulario.<\/strong>\u00a0Tenemos m\u00faltiples fichas con temas como los animales, c\u00f3mo dar direcciones, la hora, los pa\u00edses, las partes del cuerpo, la familia, c\u00f3mo decir los d\u00edas y meses del a\u00f1o, etc. En las diferentes fichas, presentamos cu\u00e1ndo y c\u00f3mo usar las palabras, c\u00f3mo se escriben, frases \u00fatiles y expresiones.<\/p>\n<p>Igualmente, tenemos un mont\u00f3n de<strong>\u00a0hojas de revisi\u00f3n y ejercicios de pr\u00e1ctica<\/strong>\u00a0en nuestra plataforma en l\u00ednea que te ayudar\u00e1n a complementar lo que has aprendido. Simplemente debes escoger el tipo de examen y enseguida aparecer\u00e1n todos los temas importantes para el IELTS con su correspondiente explicaci\u00f3n y ejercicios.\u00a0<strong>Ponte a prueba<\/strong>\u00a0con nuestros ex\u00e1menes y eval\u00faa tu nivel en cada una de las secciones del IELTS, esto te permitir\u00e1 identificar tus fortalezas y debilidades, para as\u00ed trabajar las partes que son m\u00e1s dif\u00edciles del examen\u00a0<strong>IELTS<\/strong>.<\/p>\n","protected":false},"excerpt":{"rendered":"<p>Aprende el vocabulario del IELTS El IELTS\u00a0est\u00e1 dise\u00f1ado para evaluar la capacidad ling\u00fc\u00edstica de las personas que desean estudiar o trabajar en [&hellip;]<\/p>\n","protected":false},"author":24,"featured_media":0,"parent":18396,"menu_order":0,"comment_status":"closed","ping_status":"closed","template":"","meta":[],"acf":[],"yoast_head":"<!-- This site is optimized with the Yoast SEO plugin v17.2.1 - https:\/\/yoast.com\/wordpress\/plugins\/seo\/ -->\n<title>Vocabulario IELTS<\/title>\n<meta name=\"robots\" content=\"index, follow, max-snippet:-1, max-image-preview:large, max-video-preview:-1\" \/>\n<link rel=\"canonical\" href=\"https:\/\/global-exam.com\/blog\/es\/examenes\/ielts\/categoria-vocabulario-ielts\/\" \/>\n<meta property=\"og:locale\" content=\"fr_FR\" \/>\n<meta property=\"og:type\" content=\"article\" \/>\n<meta property=\"og:title\" content=\"Vocabulario IELTS\" \/>\n<meta property=\"og:description\" content=\"Aprende el vocabulario del IELTS El IELTS\u00a0est\u00e1 dise\u00f1ado para evaluar la capacidad ling\u00fc\u00edstica de las personas que desean estudiar o trabajar en [&hellip;]\" \/>\n<meta property=\"og:url\" content=\"https:\/\/global-exam.com\/blog\/es\/examenes\/ielts\/categoria-vocabulario-ielts\/\" \/>\n<meta property=\"og:site_name\" content=\"GlobalExam Blog\" \/>\n<meta property=\"article:publisher\" content=\"https:\/\/www.facebook.com\/Global.Exam\" \/>\n<meta property=\"article:modified_time\" content=\"2022-09-16T09:35:27+00:00\" \/>\n<meta name=\"twitter:card\" content=\"summary_large_image\" \/>\n<meta name=\"twitter:site\" content=\"@Global_Exam\" \/>\n<meta name=\"twitter:label1\" content=\"Dur\u00e9e de lecture estim\u00e9e\" \/>\n\t<meta name=\"twitter:data1\" content=\"2 minutes\" \/>\n<script type=\"application\/ld+json\" class=\"yoast-schema-graph\">{\"@context\":\"https:\/\/schema.org\",\"@graph\":[{\"@type\":\"WebSite\",\"@id\":\"https:\/\/global-exam.com\/blog\/#website\",\"url\":\"https:\/\/global-exam.com\/blog\/\",\"name\":\"GlobalExam Blog\",\"description\":\"Le blog du sp\\u00e9cialiste de la certification linguistique\",\"potentialAction\":[{\"@type\":\"SearchAction\",\"target\":{\"@type\":\"EntryPoint\",\"urlTemplate\":\"https:\/\/global-exam.com\/blog\/?s={search_term_string}\"},\"query-input\":\"required name=search_term_string\"}],\"inLanguage\":\"fr-FR\"},{\"@type\":\"WebPage\",\"@id\":\"https:\/\/global-exam.com\/blog\/es\/examenes\/ielts\/categoria-vocabulario-ielts\/#webpage\",\"url\":\"https:\/\/global-exam.com\/blog\/es\/examenes\/ielts\/categoria-vocabulario-ielts\/\",\"name\":\"Vocabulario IELTS\",\"isPartOf\":{\"@id\":\"https:\/\/global-exam.com\/blog\/#website\"},\"datePublished\":\"2021-09-16T10:21:33+00:00\",\"dateModified\":\"2022-09-16T09:35:27+00:00\",\"breadcrumb\":{\"@id\":\"https:\/\/global-exam.com\/blog\/es\/examenes\/ielts\/categoria-vocabulario-ielts\/#breadcrumb\"},\"inLanguage\":\"fr-FR\",\"potentialAction\":[{\"@type\":\"ReadAction\",\"target\":[\"https:\/\/global-exam.com\/blog\/es\/examenes\/ielts\/categoria-vocabulario-ielts\/\"]}]},{\"@type\":\"BreadcrumbList\",\"@id\":\"https:\/\/global-exam.com\/blog\/es\/examenes\/ielts\/categoria-vocabulario-ielts\/#breadcrumb\",\"itemListElement\":[{\"@type\":\"ListItem\",\"position\":1,\"name\":\"Ex\\u00e1menes de idioma\",\"item\":\"https:\/\/global-exam.com\/blog\/es\/examenes\/\"},{\"@type\":\"ListItem\",\"position\":2,\"name\":\"IELTS\",\"item\":\"https:\/\/global-exam.com\/blog\/es\/examenes\/ielts\/\"},{\"@type\":\"ListItem\",\"position\":3,\"name\":\"Vocabulario IELTS\"}]}]}<\/script>\n<!-- \/ Yoast SEO plugin. -->","yoast_head_json":{"title":"Vocabulario IELTS","robots":{"index":"index","follow":"follow","max-snippet":"max-snippet:-1","max-image-preview":"max-image-preview:large","max-video-preview":"max-video-preview:-1"},"canonical":"https:\/\/global-exam.com\/blog\/es\/examenes\/ielts\/categoria-vocabulario-ielts\/","og_locale":"fr_FR","og_type":"article","og_title":"Vocabulario IELTS","og_description":"Aprende el vocabulario del IELTS El IELTS\u00a0est\u00e1 dise\u00f1ado para evaluar la capacidad ling\u00fc\u00edstica de las personas que desean estudiar o trabajar en [&hellip;]","og_url":"https:\/\/global-exam.com\/blog\/es\/examenes\/ielts\/categoria-vocabulario-ielts\/","og_site_name":"GlobalExam Blog","article_publisher":"https:\/\/www.facebook.com\/Global.Exam","article_modified_time":"2022-09-16T09:35:27+00:00","twitter_card":"summary_large_image","twitter_site":"@Global_Exam","twitter_misc":{"Dur\u00e9e de lecture estim\u00e9e":"2 minutes"},"schema":{"@context":"https:\/\/schema.org","@graph":[{"@type":"WebSite","@id":"https:\/\/global-exam.com\/blog\/#website","url":"https:\/\/global-exam.com\/blog\/","name":"GlobalExam Blog","description":"Le blog du sp\u00e9cialiste de la certification linguistique","potentialAction":[{"@type":"SearchAction","target":{"@type":"EntryPoint","urlTemplate":"https:\/\/global-exam.com\/blog\/?s={search_term_string}"},"query-input":"required name=search_term_string"}],"inLanguage":"fr-FR"},{"@type":"WebPage","@id":"https:\/\/global-exam.com\/blog\/es\/examenes\/ielts\/categoria-vocabulario-ielts\/#webpage","url":"https:\/\/global-exam.com\/blog\/es\/examenes\/ielts\/categoria-vocabulario-ielts\/","name":"Vocabulario IELTS","isPartOf":{"@id":"https:\/\/global-exam.com\/blog\/#website"},"datePublished":"2021-09-16T10:21:33+00:00","dateModified":"2022-09-16T09:35:27+00:00","breadcrumb":{"@id":"https:\/\/global-exam.com\/blog\/es\/examenes\/ielts\/categoria-vocabulario-ielts\/#breadcrumb"},"inLanguage":"fr-FR","potentialAction":[{"@type":"ReadAction","target":["https:\/\/global-exam.com\/blog\/es\/examenes\/ielts\/categoria-vocabulario-ielts\/"]}]},{"@type":"BreadcrumbList","@id":"https:\/\/global-exam.com\/blog\/es\/examenes\/ielts\/categoria-vocabulario-ielts\/#breadcrumb","itemListElement":[{"@type":"ListItem","position":1,"name":"Ex\u00e1menes de idioma","item":"https:\/\/global-exam.com\/blog\/es\/examenes\/"},{"@type":"ListItem","position":2,"name":"IELTS","item":"https:\/\/global-exam.com\/blog\/es\/examenes\/ielts\/"},{"@type":"ListItem","position":3,"name":"Vocabulario IELTS"}]}]}},"lang":"es","translations":{"es":63682},"pll_sync_post":[],"_links":{"self":[{"href":"https:\/\/global-exam.com\/blog\/wp-json\/wp\/v2\/pages\/63682"}],"collection":[{"href":"https:\/\/global-exam.com\/blog\/wp-json\/wp\/v2\/pages"}],"about":[{"href":"https:\/\/global-exam.com\/blog\/wp-json\/wp\/v2\/types\/page"}],"author":[{"embeddable":true,"href":"https:\/\/global-exam.com\/blog\/wp-json\/wp\/v2\/users\/24"}],"replies":[{"embeddable":true,"href":"https:\/\/global-exam.com\/blog\/wp-json\/wp\/v2\/comments?post=63682"}],"version-history":[{"count":4,"href":"https:\/\/global-exam.com\/blog\/wp-json\/wp\/v2\/pages\/63682\/revisions"}],"predecessor-version":[{"id":79519,"href":"https:\/\/global-exam.com\/blog\/wp-json\/wp\/v2\/pages\/63682\/revisions\/79519"}],"up":[{"embeddable":true,"href":"https:\/\/global-exam.com\/blog\/wp-json\/wp\/v2\/pages\/18396"}],"wp:attachment":[{"href":"https:\/\/global-exam.com\/blog\/wp-json\/wp\/v2\/media?parent=63682"}],"curies":[{"name":"wp","href":"https:\/\/api.w.org\/{rel}","templated":true}]}}