{"id":63685,"date":"2021-09-16T12:23:30","date_gmt":"2021-09-16T10:23:30","guid":{"rendered":"https:\/\/global-exam.com\/blog\/?page_id=63685"},"modified":"2022-09-16T11:28:06","modified_gmt":"2022-09-16T09:28:06","slug":"categoria-gramatica-ielts","status":"publish","type":"page","link":"https:\/\/global-exam.com\/blog\/es\/examenes\/ielts\/categoria-gramatica-ielts\/","title":{"rendered":"Gram\u00e1tica IELTS"},"content":{"rendered":"<p>Domina la gr\u00e1matica del IELTS<\/p>\n<p>El <strong>IELTS<\/strong>\u00a0es un examen\u00a0<strong>reconocido alrededor del mundo<\/strong>\u00a0por cientos de instituciones acad\u00e9micas y empresas, por lo que obtener esta certificaci\u00f3n demuestra el nivel de ingl\u00e9s que tienes en cada una de las destrezas evaluadas (Speaking, Writing, Reading y Listening).<\/p>\n<p>Como bien lo sabes, el IELTS est\u00e1 enfocado en un\u00a0<strong>\u00e1mbito puramente acad\u00e9mico<\/strong>\u00a0y van a evaluar tu capacidad a seguir una clase en ingl\u00e9s, por ello, debes tener un buen nivel de gram\u00e1tica, dado que te est\u00e1s proyectando como un futuro estudiante universitario que es capaz de\u00a0<strong>elaborar apuntes y comprender textos.<\/strong><\/p>\n<p>La\u00a0<strong>gram\u00e1tica<\/strong>\u00a0forma parte de las etapas de aprendizaje de una lengua extranjera. Te permite comprender las reglas que rigen una lengua, y, por tanto, su funcionamiento. En esta categor\u00eda de\u00a0<strong>GlobalExam<\/strong>, encontrar\u00e1s todo lo que necesitas saber con respecto a la<strong>\u00a0gram\u00e1tica inglesa,<\/strong>\u00a0pero sobretodo, los temas esenciales para obtener un buen resultado en el examen IELTS.<\/p>\n<p><strong>Temas de gram\u00e1tica<\/strong>\u00a0como los\u00a0<strong>tiempos verbales o conjugaci\u00f3n de verbos,<\/strong>\u00a0son temas que seguramente hemos estudiado a lo largo de nuestra vida acad\u00e9mica. Pero a pesar de ello, siempre hay detalles que se nos escapan. Por esta raz\u00f3n, estos art\u00edculos te ayudar\u00e1n a revisar las bases gramaticales del ingl\u00e9s.<\/p>\n<p>El presente simple y continuo, el subjuntivo, el futuro, los adjetivos posesivos, los pronombres relativos, los adverbios de frecuencia, el condicional, los adjetivos, los conectores, no tendr\u00e1n ning\u00fan secreto para ti con la ayuda de estas fichas de gram\u00e1tica. Las\u00a0<strong>fichas gramaticales incluyen una explicaci\u00f3n, ejemplos y ejercicios de pr\u00e1ctica.\u00a0<\/strong><\/p>\n<p>Tambi\u00e9n puedes practicar con nuestra plataforma en l\u00ednea\u00a0<strong>GlobalExam<\/strong>\u00a0con los cientos de ejercicios de pr\u00e1ctica corregidos, las listas de vocabulario y gram\u00e1tica. Todos ellos enfocados en la preparaci\u00f3n del IELTS. Nuestro principal objetivo es acompa\u00f1arte en tu\u00a0<strong>proceso de entrenamiento<\/strong>\u00a0y que logres esa anhelada certificaci\u00f3n.<\/p>\n","protected":false},"excerpt":{"rendered":"<p>Domina la gr\u00e1matica del IELTS El IELTS\u00a0es un examen\u00a0reconocido alrededor del mundo\u00a0por cientos de instituciones acad\u00e9micas y empresas, por lo que obtener [&hellip;]<\/p>\n","protected":false},"author":24,"featured_media":0,"parent":18396,"menu_order":0,"comment_status":"closed","ping_status":"closed","template":"","meta":[],"acf":[],"yoast_head":"<!-- This site is optimized with the Yoast SEO plugin v17.2.1 - https:\/\/yoast.com\/wordpress\/plugins\/seo\/ -->\n<title>Gram\u00e1tica IELTS<\/title>\n<meta name=\"robots\" content=\"index, follow, max-snippet:-1, max-image-preview:large, max-video-preview:-1\" \/>\n<link rel=\"canonical\" href=\"https:\/\/global-exam.com\/blog\/es\/examenes\/ielts\/categoria-gramatica-ielts\/\" \/>\n<meta property=\"og:locale\" content=\"fr_FR\" \/>\n<meta property=\"og:type\" content=\"article\" \/>\n<meta property=\"og:title\" content=\"Gram\u00e1tica IELTS\" \/>\n<meta property=\"og:description\" content=\"Domina la gr\u00e1matica del IELTS El IELTS\u00a0es un examen\u00a0reconocido alrededor del mundo\u00a0por cientos de instituciones acad\u00e9micas y empresas, por lo que obtener [&hellip;]\" \/>\n<meta property=\"og:url\" content=\"https:\/\/global-exam.com\/blog\/es\/examenes\/ielts\/categoria-gramatica-ielts\/\" \/>\n<meta property=\"og:site_name\" content=\"GlobalExam Blog\" \/>\n<meta property=\"article:publisher\" content=\"https:\/\/www.facebook.com\/Global.Exam\" \/>\n<meta property=\"article:modified_time\" content=\"2022-09-16T09:28:06+00:00\" \/>\n<meta name=\"twitter:card\" content=\"summary_large_image\" \/>\n<meta name=\"twitter:site\" content=\"@Global_Exam\" \/>\n<meta name=\"twitter:label1\" content=\"Dur\u00e9e de lecture estim\u00e9e\" \/>\n\t<meta name=\"twitter:data1\" content=\"2 minutes\" \/>\n<script type=\"application\/ld+json\" class=\"yoast-schema-graph\">{\"@context\":\"https:\/\/schema.org\",\"@graph\":[{\"@type\":\"WebSite\",\"@id\":\"https:\/\/global-exam.com\/blog\/#website\",\"url\":\"https:\/\/global-exam.com\/blog\/\",\"name\":\"GlobalExam Blog\",\"description\":\"Le blog du sp\\u00e9cialiste de la certification linguistique\",\"potentialAction\":[{\"@type\":\"SearchAction\",\"target\":{\"@type\":\"EntryPoint\",\"urlTemplate\":\"https:\/\/global-exam.com\/blog\/?s={search_term_string}\"},\"query-input\":\"required name=search_term_string\"}],\"inLanguage\":\"fr-FR\"},{\"@type\":\"WebPage\",\"@id\":\"https:\/\/global-exam.com\/blog\/es\/examenes\/ielts\/categoria-gramatica-ielts\/#webpage\",\"url\":\"https:\/\/global-exam.com\/blog\/es\/examenes\/ielts\/categoria-gramatica-ielts\/\",\"name\":\"Gram\\u00e1tica IELTS\",\"isPartOf\":{\"@id\":\"https:\/\/global-exam.com\/blog\/#website\"},\"datePublished\":\"2021-09-16T10:23:30+00:00\",\"dateModified\":\"2022-09-16T09:28:06+00:00\",\"breadcrumb\":{\"@id\":\"https:\/\/global-exam.com\/blog\/es\/examenes\/ielts\/categoria-gramatica-ielts\/#breadcrumb\"},\"inLanguage\":\"fr-FR\",\"potentialAction\":[{\"@type\":\"ReadAction\",\"target\":[\"https:\/\/global-exam.com\/blog\/es\/examenes\/ielts\/categoria-gramatica-ielts\/\"]}]},{\"@type\":\"BreadcrumbList\",\"@id\":\"https:\/\/global-exam.com\/blog\/es\/examenes\/ielts\/categoria-gramatica-ielts\/#breadcrumb\",\"itemListElement\":[{\"@type\":\"ListItem\",\"position\":1,\"name\":\"Ex\\u00e1menes de idioma\",\"item\":\"https:\/\/global-exam.com\/blog\/es\/examenes\/\"},{\"@type\":\"ListItem\",\"position\":2,\"name\":\"IELTS\",\"item\":\"https:\/\/global-exam.com\/blog\/es\/examenes\/ielts\/\"},{\"@type\":\"ListItem\",\"position\":3,\"name\":\"Gram\\u00e1tica IELTS\"}]}]}<\/script>\n<!-- \/ Yoast SEO plugin. -->","yoast_head_json":{"title":"Gram\u00e1tica IELTS","robots":{"index":"index","follow":"follow","max-snippet":"max-snippet:-1","max-image-preview":"max-image-preview:large","max-video-preview":"max-video-preview:-1"},"canonical":"https:\/\/global-exam.com\/blog\/es\/examenes\/ielts\/categoria-gramatica-ielts\/","og_locale":"fr_FR","og_type":"article","og_title":"Gram\u00e1tica IELTS","og_description":"Domina la gr\u00e1matica del IELTS El IELTS\u00a0es un examen\u00a0reconocido alrededor del mundo\u00a0por cientos de instituciones acad\u00e9micas y empresas, por lo que obtener [&hellip;]","og_url":"https:\/\/global-exam.com\/blog\/es\/examenes\/ielts\/categoria-gramatica-ielts\/","og_site_name":"GlobalExam Blog","article_publisher":"https:\/\/www.facebook.com\/Global.Exam","article_modified_time":"2022-09-16T09:28:06+00:00","twitter_card":"summary_large_image","twitter_site":"@Global_Exam","twitter_misc":{"Dur\u00e9e de lecture estim\u00e9e":"2 minutes"},"schema":{"@context":"https:\/\/schema.org","@graph":[{"@type":"WebSite","@id":"https:\/\/global-exam.com\/blog\/#website","url":"https:\/\/global-exam.com\/blog\/","name":"GlobalExam Blog","description":"Le blog du sp\u00e9cialiste de la certification linguistique","potentialAction":[{"@type":"SearchAction","target":{"@type":"EntryPoint","urlTemplate":"https:\/\/global-exam.com\/blog\/?s={search_term_string}"},"query-input":"required name=search_term_string"}],"inLanguage":"fr-FR"},{"@type":"WebPage","@id":"https:\/\/global-exam.com\/blog\/es\/examenes\/ielts\/categoria-gramatica-ielts\/#webpage","url":"https:\/\/global-exam.com\/blog\/es\/examenes\/ielts\/categoria-gramatica-ielts\/","name":"Gram\u00e1tica IELTS","isPartOf":{"@id":"https:\/\/global-exam.com\/blog\/#website"},"datePublished":"2021-09-16T10:23:30+00:00","dateModified":"2022-09-16T09:28:06+00:00","breadcrumb":{"@id":"https:\/\/global-exam.com\/blog\/es\/examenes\/ielts\/categoria-gramatica-ielts\/#breadcrumb"},"inLanguage":"fr-FR","potentialAction":[{"@type":"ReadAction","target":["https:\/\/global-exam.com\/blog\/es\/examenes\/ielts\/categoria-gramatica-ielts\/"]}]},{"@type":"BreadcrumbList","@id":"https:\/\/global-exam.com\/blog\/es\/examenes\/ielts\/categoria-gramatica-ielts\/#breadcrumb","itemListElement":[{"@type":"ListItem","position":1,"name":"Ex\u00e1menes de idioma","item":"https:\/\/global-exam.com\/blog\/es\/examenes\/"},{"@type":"ListItem","position":2,"name":"IELTS","item":"https:\/\/global-exam.com\/blog\/es\/examenes\/ielts\/"},{"@type":"ListItem","position":3,"name":"Gram\u00e1tica IELTS"}]}]}},"lang":"es","translations":{"es":63685},"pll_sync_post":[],"_links":{"self":[{"href":"https:\/\/global-exam.com\/blog\/wp-json\/wp\/v2\/pages\/63685"}],"collection":[{"href":"https:\/\/global-exam.com\/blog\/wp-json\/wp\/v2\/pages"}],"about":[{"href":"https:\/\/global-exam.com\/blog\/wp-json\/wp\/v2\/types\/page"}],"author":[{"embeddable":true,"href":"https:\/\/global-exam.com\/blog\/wp-json\/wp\/v2\/users\/24"}],"replies":[{"embeddable":true,"href":"https:\/\/global-exam.com\/blog\/wp-json\/wp\/v2\/comments?post=63685"}],"version-history":[{"count":4,"href":"https:\/\/global-exam.com\/blog\/wp-json\/wp\/v2\/pages\/63685\/revisions"}],"predecessor-version":[{"id":79513,"href":"https:\/\/global-exam.com\/blog\/wp-json\/wp\/v2\/pages\/63685\/revisions\/79513"}],"up":[{"embeddable":true,"href":"https:\/\/global-exam.com\/blog\/wp-json\/wp\/v2\/pages\/18396"}],"wp:attachment":[{"href":"https:\/\/global-exam.com\/blog\/wp-json\/wp\/v2\/media?parent=63685"}],"curies":[{"name":"wp","href":"https:\/\/api.w.org\/{rel}","templated":true}]}}