{"id":66325,"date":"2021-11-26T15:35:14","date_gmt":"2021-11-26T14:35:14","guid":{"rendered":"https:\/\/global-exam.com\/blog\/?page_id=66325"},"modified":"2022-08-18T16:25:50","modified_gmt":"2022-08-18T14:25:50","slug":"general-italian-apprenez-litalien-en-ligne","status":"publish","type":"page","link":"https:\/\/global-exam.com\/blog\/fr\/apprentissage-des-langues\/general-italian-apprenez-litalien-en-ligne\/","title":{"rendered":"Apprenez l&rsquo;italien en ligne : General Italiano"},"content":{"rendered":"<p>Apprendre l&rsquo;italien<\/p>\n<p style=\"text-align: center;\">GlobalExam vous propose des m\u00e9thodes et fiches pratiques pour apprendre ou am\u00e9liorer votre italien.<\/p>\n<p>D\u00e9couvrez les principales m\u00e9thodes d&rsquo;apprentissage pour am\u00e9liorer votre ma\u00eetrise de la langue italienne.<\/p>\n<p>D\u00e9couvrez le vocabulaire et les phrases utiles pour communiquer en italien dans les situations du quotidien.<\/p>\n<p>\u00c9valuez votre niveau en italien gr\u00e2ce aux diff\u00e9rents tests de placement de A1 \u00e0 C1.<\/p>\n<p>Apprenez le vocabulaire italien de base pour communiquer plus facilement.<\/p>\n","protected":false},"excerpt":{"rendered":"<p>Apprendre l&rsquo;italien GlobalExam vous propose des m\u00e9thodes et fiches pratiques pour apprendre ou am\u00e9liorer votre italien. D\u00e9couvrez les principales m\u00e9thodes d&rsquo;apprentissage pour [&hellip;]<\/p>\n","protected":false},"author":24,"featured_media":77093,"parent":48160,"menu_order":0,"comment_status":"closed","ping_status":"closed","template":"","meta":[],"acf":[],"yoast_head":"<!-- This site is optimized with the Yoast SEO plugin v17.2.1 - https:\/\/yoast.com\/wordpress\/plugins\/seo\/ -->\n<title>Apprenez l&#039;italien en ligne : General Italiano - GlobalExam Blog<\/title>\n<meta name=\"robots\" content=\"index, follow, max-snippet:-1, max-image-preview:large, max-video-preview:-1\" \/>\n<link rel=\"canonical\" href=\"https:\/\/global-exam.com\/blog\/fr\/apprentissage-des-langues\/general-italian-apprenez-litalien-en-ligne\/\" \/>\n<meta property=\"og:locale\" content=\"fr_FR\" \/>\n<meta property=\"og:type\" content=\"article\" \/>\n<meta property=\"og:title\" content=\"Apprenez l&#039;italien en ligne : General Italiano - GlobalExam Blog\" \/>\n<meta property=\"og:description\" content=\"Apprendre l&rsquo;italien GlobalExam vous propose des m\u00e9thodes et fiches pratiques pour apprendre ou am\u00e9liorer votre italien. D\u00e9couvrez les principales m\u00e9thodes d&rsquo;apprentissage pour [&hellip;]\" \/>\n<meta property=\"og:url\" content=\"https:\/\/global-exam.com\/blog\/fr\/apprentissage-des-langues\/general-italian-apprenez-litalien-en-ligne\/\" \/>\n<meta property=\"og:site_name\" content=\"GlobalExam Blog\" \/>\n<meta property=\"article:publisher\" content=\"https:\/\/www.facebook.com\/Global.Exam\" \/>\n<meta property=\"article:modified_time\" content=\"2022-08-18T14:25:50+00:00\" \/>\n<meta property=\"og:image\" content=\"https:\/\/global-exam.com\/blog\/wp-content\/uploads\/2022\/06\/apprendre-langues-e1656516516331.jpg\" \/>\n\t<meta property=\"og:image:width\" content=\"650\" \/>\n\t<meta property=\"og:image:height\" content=\"650\" \/>\n<meta name=\"twitter:card\" content=\"summary_large_image\" \/>\n<meta name=\"twitter:site\" content=\"@Global_Exam\" \/>\n<meta name=\"twitter:label1\" content=\"Dur\u00e9e de lecture estim\u00e9e\" \/>\n\t<meta name=\"twitter:data1\" content=\"3 minutes\" \/>\n<script type=\"application\/ld+json\" class=\"yoast-schema-graph\">{\"@context\":\"https:\/\/schema.org\",\"@graph\":[{\"@type\":\"WebSite\",\"@id\":\"https:\/\/global-exam.com\/blog\/#website\",\"url\":\"https:\/\/global-exam.com\/blog\/\",\"name\":\"GlobalExam Blog\",\"description\":\"Le blog du sp\\u00e9cialiste de la certification linguistique\",\"potentialAction\":[{\"@type\":\"SearchAction\",\"target\":{\"@type\":\"EntryPoint\",\"urlTemplate\":\"https:\/\/global-exam.com\/blog\/?s={search_term_string}\"},\"query-input\":\"required name=search_term_string\"}],\"inLanguage\":\"fr-FR\"},{\"@type\":\"ImageObject\",\"@id\":\"https:\/\/global-exam.com\/blog\/fr\/apprentissage-des-langues\/general-italian-apprenez-litalien-en-ligne\/#primaryimage\",\"inLanguage\":\"fr-FR\",\"url\":\"https:\/\/global-exam.com\/blog\/wp-content\/uploads\/2022\/06\/apprendre-langues-e1656516516331.jpg\",\"contentUrl\":\"https:\/\/global-exam.com\/blog\/wp-content\/uploads\/2022\/06\/apprendre-langues-e1656516516331.jpg\",\"width\":650,\"height\":650,\"caption\":\"Apprendre les langues en ligne\"},{\"@type\":\"WebPage\",\"@id\":\"https:\/\/global-exam.com\/blog\/fr\/apprentissage-des-langues\/general-italian-apprenez-litalien-en-ligne\/#webpage\",\"url\":\"https:\/\/global-exam.com\/blog\/fr\/apprentissage-des-langues\/general-italian-apprenez-litalien-en-ligne\/\",\"name\":\"Apprenez l'italien en ligne : General Italiano - GlobalExam Blog\",\"isPartOf\":{\"@id\":\"https:\/\/global-exam.com\/blog\/#website\"},\"primaryImageOfPage\":{\"@id\":\"https:\/\/global-exam.com\/blog\/fr\/apprentissage-des-langues\/general-italian-apprenez-litalien-en-ligne\/#primaryimage\"},\"datePublished\":\"2021-11-26T14:35:14+00:00\",\"dateModified\":\"2022-08-18T14:25:50+00:00\",\"breadcrumb\":{\"@id\":\"https:\/\/global-exam.com\/blog\/fr\/apprentissage-des-langues\/general-italian-apprenez-litalien-en-ligne\/#breadcrumb\"},\"inLanguage\":\"fr-FR\",\"potentialAction\":[{\"@type\":\"ReadAction\",\"target\":[\"https:\/\/global-exam.com\/blog\/fr\/apprentissage-des-langues\/general-italian-apprenez-litalien-en-ligne\/\"]}]},{\"@type\":\"BreadcrumbList\",\"@id\":\"https:\/\/global-exam.com\/blog\/fr\/apprentissage-des-langues\/general-italian-apprenez-litalien-en-ligne\/#breadcrumb\",\"itemListElement\":[{\"@type\":\"ListItem\",\"position\":1,\"name\":\"Apprentissage des langues\",\"item\":\"https:\/\/global-exam.com\/blog\/fr\/apprentissage-des-langues\/\"},{\"@type\":\"ListItem\",\"position\":2,\"name\":\"Apprenez l&rsquo;italien en ligne : General Italiano\"}]}]}<\/script>\n<!-- \/ Yoast SEO plugin. -->","yoast_head_json":{"title":"Apprenez l'italien en ligne : General Italiano - GlobalExam Blog","robots":{"index":"index","follow":"follow","max-snippet":"max-snippet:-1","max-image-preview":"max-image-preview:large","max-video-preview":"max-video-preview:-1"},"canonical":"https:\/\/global-exam.com\/blog\/fr\/apprentissage-des-langues\/general-italian-apprenez-litalien-en-ligne\/","og_locale":"fr_FR","og_type":"article","og_title":"Apprenez l'italien en ligne : General Italiano - GlobalExam Blog","og_description":"Apprendre l&rsquo;italien GlobalExam vous propose des m\u00e9thodes et fiches pratiques pour apprendre ou am\u00e9liorer votre italien. D\u00e9couvrez les principales m\u00e9thodes d&rsquo;apprentissage pour [&hellip;]","og_url":"https:\/\/global-exam.com\/blog\/fr\/apprentissage-des-langues\/general-italian-apprenez-litalien-en-ligne\/","og_site_name":"GlobalExam Blog","article_publisher":"https:\/\/www.facebook.com\/Global.Exam","article_modified_time":"2022-08-18T14:25:50+00:00","og_image":[{"width":650,"height":650,"url":"https:\/\/global-exam.com\/blog\/wp-content\/uploads\/2022\/06\/apprendre-langues-e1656516516331.jpg","path":"\/home\/forge\/prod-20220704.global-exam.com\/wp-content\/uploads\/2022\/06\/apprendre-langues-e1656516516331.jpg","size":"full","id":77093,"alt":"Apprendre les langues en ligne","pixels":422500,"type":"image\/jpeg"}],"twitter_card":"summary_large_image","twitter_site":"@Global_Exam","twitter_misc":{"Dur\u00e9e de lecture estim\u00e9e":"3 minutes"},"schema":{"@context":"https:\/\/schema.org","@graph":[{"@type":"WebSite","@id":"https:\/\/global-exam.com\/blog\/#website","url":"https:\/\/global-exam.com\/blog\/","name":"GlobalExam Blog","description":"Le blog du sp\u00e9cialiste de la certification linguistique","potentialAction":[{"@type":"SearchAction","target":{"@type":"EntryPoint","urlTemplate":"https:\/\/global-exam.com\/blog\/?s={search_term_string}"},"query-input":"required name=search_term_string"}],"inLanguage":"fr-FR"},{"@type":"ImageObject","@id":"https:\/\/global-exam.com\/blog\/fr\/apprentissage-des-langues\/general-italian-apprenez-litalien-en-ligne\/#primaryimage","inLanguage":"fr-FR","url":"https:\/\/global-exam.com\/blog\/wp-content\/uploads\/2022\/06\/apprendre-langues-e1656516516331.jpg","contentUrl":"https:\/\/global-exam.com\/blog\/wp-content\/uploads\/2022\/06\/apprendre-langues-e1656516516331.jpg","width":650,"height":650,"caption":"Apprendre les langues en ligne"},{"@type":"WebPage","@id":"https:\/\/global-exam.com\/blog\/fr\/apprentissage-des-langues\/general-italian-apprenez-litalien-en-ligne\/#webpage","url":"https:\/\/global-exam.com\/blog\/fr\/apprentissage-des-langues\/general-italian-apprenez-litalien-en-ligne\/","name":"Apprenez l'italien en ligne : General Italiano - GlobalExam Blog","isPartOf":{"@id":"https:\/\/global-exam.com\/blog\/#website"},"primaryImageOfPage":{"@id":"https:\/\/global-exam.com\/blog\/fr\/apprentissage-des-langues\/general-italian-apprenez-litalien-en-ligne\/#primaryimage"},"datePublished":"2021-11-26T14:35:14+00:00","dateModified":"2022-08-18T14:25:50+00:00","breadcrumb":{"@id":"https:\/\/global-exam.com\/blog\/fr\/apprentissage-des-langues\/general-italian-apprenez-litalien-en-ligne\/#breadcrumb"},"inLanguage":"fr-FR","potentialAction":[{"@type":"ReadAction","target":["https:\/\/global-exam.com\/blog\/fr\/apprentissage-des-langues\/general-italian-apprenez-litalien-en-ligne\/"]}]},{"@type":"BreadcrumbList","@id":"https:\/\/global-exam.com\/blog\/fr\/apprentissage-des-langues\/general-italian-apprenez-litalien-en-ligne\/#breadcrumb","itemListElement":[{"@type":"ListItem","position":1,"name":"Apprentissage des langues","item":"https:\/\/global-exam.com\/blog\/fr\/apprentissage-des-langues\/"},{"@type":"ListItem","position":2,"name":"Apprenez l&rsquo;italien en ligne : General Italiano"}]}]}},"lang":"fr","translations":{"fr":66325},"pll_sync_post":[],"_links":{"self":[{"href":"https:\/\/global-exam.com\/blog\/wp-json\/wp\/v2\/pages\/66325"}],"collection":[{"href":"https:\/\/global-exam.com\/blog\/wp-json\/wp\/v2\/pages"}],"about":[{"href":"https:\/\/global-exam.com\/blog\/wp-json\/wp\/v2\/types\/page"}],"author":[{"embeddable":true,"href":"https:\/\/global-exam.com\/blog\/wp-json\/wp\/v2\/users\/24"}],"replies":[{"embeddable":true,"href":"https:\/\/global-exam.com\/blog\/wp-json\/wp\/v2\/comments?post=66325"}],"version-history":[{"count":13,"href":"https:\/\/global-exam.com\/blog\/wp-json\/wp\/v2\/pages\/66325\/revisions"}],"predecessor-version":[{"id":78250,"href":"https:\/\/global-exam.com\/blog\/wp-json\/wp\/v2\/pages\/66325\/revisions\/78250"}],"up":[{"embeddable":true,"href":"https:\/\/global-exam.com\/blog\/wp-json\/wp\/v2\/pages\/48160"}],"wp:featuredmedia":[{"embeddable":true,"href":"https:\/\/global-exam.com\/blog\/wp-json\/wp\/v2\/media\/77093"}],"wp:attachment":[{"href":"https:\/\/global-exam.com\/blog\/wp-json\/wp\/v2\/media?parent=66325"}],"curies":[{"name":"wp","href":"https:\/\/api.w.org\/{rel}","templated":true}]}}