{"id":70331,"date":"2021-12-13T14:52:59","date_gmt":"2021-12-13T13:52:59","guid":{"rendered":"https:\/\/global-exam.com\/blog\/?page_id=70331"},"modified":"2022-09-16T11:16:44","modified_gmt":"2022-09-16T09:16:44","slug":"categoria-introduccion-toefl-junior","status":"publish","type":"page","link":"https:\/\/global-exam.com\/blog\/es\/examenes\/toefl-junior\/categoria-introduccion-toefl-junior\/","title":{"rendered":"Introducci\u00f3n TOEFL Junior"},"content":{"rendered":"<p>Descubre el TOEFL Junior<\/p>\n<p>Esta categor\u00eda te proporciona<strong>\u00a0informaci\u00f3n b\u00e1sica e introductoria sobre el TOEFL Junior<\/strong>, una certificaci\u00f3n de ingl\u00e9s dise\u00f1ada y administrada por la organizaci\u00f3n estadounidense ETS (Educational Testing Service), cuyos destinatarios son los estudiantes de habla no inglesa de\u00a0<strong>entre 11 y 15 a\u00f1os<\/strong>. Existen\u00a0<strong>dos versiones de este examen<\/strong>: Standard, que abarca las \u00e1reas de comprensi\u00f3n auditiva, la forma y significado del lenguaje y la comprensi\u00f3n de lectura, y Speaking, que eval\u00faa la expresi\u00f3n oral.<\/p>\n<p>En esta secci\u00f3n te contamos qu\u00e9 es exactamente el TOEFL Junior y\u00a0<strong>en qu\u00e9 se diferencia de otros ex\u00e1menes de la familia TOEFL<\/strong>\u00a0o de certificaciones de Cambridge English como YLE, KET o PET. Adem\u00e1s, te aportamos instrucciones detalladas sobre c\u00f3mo inscribirse en el TOEFL Junior desde Espa\u00f1a o desde cualquier otra ubicaci\u00f3n.<\/p>\n<p style=\"text-align: left;\"><strong>Prepararse para el TOEFL Junior<\/strong>\u00a0puede ser una tarea mucho m\u00e1s sencilla empleando GlobalExam, una plataforma digital que se adapta a todos los perfiles gracias a los planes de estudio personalizados, con los que podr\u00e1s decidir cu\u00e1ntas horas dedicar a tu estudio y aprender\u00e1s a distribuir tu tiempo eficazmente.\u00a0<strong>GlobalExam<\/strong>\u00a0te prepara a trav\u00e9s de un modo de pr\u00e1ctica con todos los ejercicios que componen el examen real y de simulacros de examen que te ponen a prueba en condiciones reales.<\/p>\n","protected":false},"excerpt":{"rendered":"<p>Descubre el TOEFL Junior Esta categor\u00eda te proporciona\u00a0informaci\u00f3n b\u00e1sica e introductoria sobre el TOEFL Junior, una certificaci\u00f3n de ingl\u00e9s dise\u00f1ada y administrada [&hellip;]<\/p>\n","protected":false},"author":24,"featured_media":0,"parent":35569,"menu_order":0,"comment_status":"closed","ping_status":"closed","template":"","meta":[],"acf":[],"yoast_head":"<!-- This site is optimized with the Yoast SEO plugin v17.2.1 - https:\/\/yoast.com\/wordpress\/plugins\/seo\/ -->\n<title>Introducci\u00f3n TOEFL Junior<\/title>\n<meta name=\"robots\" content=\"index, follow, max-snippet:-1, max-image-preview:large, max-video-preview:-1\" \/>\n<link rel=\"canonical\" href=\"https:\/\/global-exam.com\/blog\/es\/examenes\/toefl-junior\/categoria-introduccion-toefl-junior\/\" \/>\n<meta property=\"og:locale\" content=\"fr_FR\" \/>\n<meta property=\"og:type\" content=\"article\" \/>\n<meta property=\"og:title\" content=\"Introducci\u00f3n TOEFL Junior\" \/>\n<meta property=\"og:description\" content=\"Descubre el TOEFL Junior Esta categor\u00eda te proporciona\u00a0informaci\u00f3n b\u00e1sica e introductoria sobre el TOEFL Junior, una certificaci\u00f3n de ingl\u00e9s dise\u00f1ada y administrada [&hellip;]\" \/>\n<meta property=\"og:url\" content=\"https:\/\/global-exam.com\/blog\/es\/examenes\/toefl-junior\/categoria-introduccion-toefl-junior\/\" \/>\n<meta property=\"og:site_name\" content=\"GlobalExam Blog\" \/>\n<meta property=\"article:publisher\" content=\"https:\/\/www.facebook.com\/Global.Exam\" \/>\n<meta property=\"article:modified_time\" content=\"2022-09-16T09:16:44+00:00\" \/>\n<meta name=\"twitter:card\" content=\"summary_large_image\" \/>\n<meta name=\"twitter:site\" content=\"@Global_Exam\" \/>\n<meta name=\"twitter:label1\" content=\"Dur\u00e9e de lecture estim\u00e9e\" \/>\n\t<meta name=\"twitter:data1\" content=\"1 minute\" \/>\n<script type=\"application\/ld+json\" class=\"yoast-schema-graph\">{\"@context\":\"https:\/\/schema.org\",\"@graph\":[{\"@type\":\"WebSite\",\"@id\":\"https:\/\/global-exam.com\/blog\/#website\",\"url\":\"https:\/\/global-exam.com\/blog\/\",\"name\":\"GlobalExam Blog\",\"description\":\"Le blog du sp\\u00e9cialiste de la certification linguistique\",\"potentialAction\":[{\"@type\":\"SearchAction\",\"target\":{\"@type\":\"EntryPoint\",\"urlTemplate\":\"https:\/\/global-exam.com\/blog\/?s={search_term_string}\"},\"query-input\":\"required name=search_term_string\"}],\"inLanguage\":\"fr-FR\"},{\"@type\":\"WebPage\",\"@id\":\"https:\/\/global-exam.com\/blog\/es\/examenes\/toefl-junior\/categoria-introduccion-toefl-junior\/#webpage\",\"url\":\"https:\/\/global-exam.com\/blog\/es\/examenes\/toefl-junior\/categoria-introduccion-toefl-junior\/\",\"name\":\"Introducci\\u00f3n TOEFL Junior\",\"isPartOf\":{\"@id\":\"https:\/\/global-exam.com\/blog\/#website\"},\"datePublished\":\"2021-12-13T13:52:59+00:00\",\"dateModified\":\"2022-09-16T09:16:44+00:00\",\"breadcrumb\":{\"@id\":\"https:\/\/global-exam.com\/blog\/es\/examenes\/toefl-junior\/categoria-introduccion-toefl-junior\/#breadcrumb\"},\"inLanguage\":\"fr-FR\",\"potentialAction\":[{\"@type\":\"ReadAction\",\"target\":[\"https:\/\/global-exam.com\/blog\/es\/examenes\/toefl-junior\/categoria-introduccion-toefl-junior\/\"]}]},{\"@type\":\"BreadcrumbList\",\"@id\":\"https:\/\/global-exam.com\/blog\/es\/examenes\/toefl-junior\/categoria-introduccion-toefl-junior\/#breadcrumb\",\"itemListElement\":[{\"@type\":\"ListItem\",\"position\":1,\"name\":\"Ex\\u00e1menes de idioma\",\"item\":\"https:\/\/global-exam.com\/blog\/es\/examenes\/\"},{\"@type\":\"ListItem\",\"position\":2,\"name\":\"TOEFL Junior\",\"item\":\"https:\/\/global-exam.com\/blog\/es\/examenes\/toefl-junior\/\"},{\"@type\":\"ListItem\",\"position\":3,\"name\":\"Introducci\\u00f3n TOEFL Junior\"}]}]}<\/script>\n<!-- \/ Yoast SEO plugin. -->","yoast_head_json":{"title":"Introducci\u00f3n TOEFL Junior","robots":{"index":"index","follow":"follow","max-snippet":"max-snippet:-1","max-image-preview":"max-image-preview:large","max-video-preview":"max-video-preview:-1"},"canonical":"https:\/\/global-exam.com\/blog\/es\/examenes\/toefl-junior\/categoria-introduccion-toefl-junior\/","og_locale":"fr_FR","og_type":"article","og_title":"Introducci\u00f3n TOEFL Junior","og_description":"Descubre el TOEFL Junior Esta categor\u00eda te proporciona\u00a0informaci\u00f3n b\u00e1sica e introductoria sobre el TOEFL Junior, una certificaci\u00f3n de ingl\u00e9s dise\u00f1ada y administrada [&hellip;]","og_url":"https:\/\/global-exam.com\/blog\/es\/examenes\/toefl-junior\/categoria-introduccion-toefl-junior\/","og_site_name":"GlobalExam Blog","article_publisher":"https:\/\/www.facebook.com\/Global.Exam","article_modified_time":"2022-09-16T09:16:44+00:00","twitter_card":"summary_large_image","twitter_site":"@Global_Exam","twitter_misc":{"Dur\u00e9e de lecture estim\u00e9e":"1 minute"},"schema":{"@context":"https:\/\/schema.org","@graph":[{"@type":"WebSite","@id":"https:\/\/global-exam.com\/blog\/#website","url":"https:\/\/global-exam.com\/blog\/","name":"GlobalExam Blog","description":"Le blog du sp\u00e9cialiste de la certification linguistique","potentialAction":[{"@type":"SearchAction","target":{"@type":"EntryPoint","urlTemplate":"https:\/\/global-exam.com\/blog\/?s={search_term_string}"},"query-input":"required name=search_term_string"}],"inLanguage":"fr-FR"},{"@type":"WebPage","@id":"https:\/\/global-exam.com\/blog\/es\/examenes\/toefl-junior\/categoria-introduccion-toefl-junior\/#webpage","url":"https:\/\/global-exam.com\/blog\/es\/examenes\/toefl-junior\/categoria-introduccion-toefl-junior\/","name":"Introducci\u00f3n TOEFL Junior","isPartOf":{"@id":"https:\/\/global-exam.com\/blog\/#website"},"datePublished":"2021-12-13T13:52:59+00:00","dateModified":"2022-09-16T09:16:44+00:00","breadcrumb":{"@id":"https:\/\/global-exam.com\/blog\/es\/examenes\/toefl-junior\/categoria-introduccion-toefl-junior\/#breadcrumb"},"inLanguage":"fr-FR","potentialAction":[{"@type":"ReadAction","target":["https:\/\/global-exam.com\/blog\/es\/examenes\/toefl-junior\/categoria-introduccion-toefl-junior\/"]}]},{"@type":"BreadcrumbList","@id":"https:\/\/global-exam.com\/blog\/es\/examenes\/toefl-junior\/categoria-introduccion-toefl-junior\/#breadcrumb","itemListElement":[{"@type":"ListItem","position":1,"name":"Ex\u00e1menes de idioma","item":"https:\/\/global-exam.com\/blog\/es\/examenes\/"},{"@type":"ListItem","position":2,"name":"TOEFL Junior","item":"https:\/\/global-exam.com\/blog\/es\/examenes\/toefl-junior\/"},{"@type":"ListItem","position":3,"name":"Introducci\u00f3n TOEFL Junior"}]}]}},"lang":"es","translations":{"es":70331},"pll_sync_post":[],"_links":{"self":[{"href":"https:\/\/global-exam.com\/blog\/wp-json\/wp\/v2\/pages\/70331"}],"collection":[{"href":"https:\/\/global-exam.com\/blog\/wp-json\/wp\/v2\/pages"}],"about":[{"href":"https:\/\/global-exam.com\/blog\/wp-json\/wp\/v2\/types\/page"}],"author":[{"embeddable":true,"href":"https:\/\/global-exam.com\/blog\/wp-json\/wp\/v2\/users\/24"}],"replies":[{"embeddable":true,"href":"https:\/\/global-exam.com\/blog\/wp-json\/wp\/v2\/comments?post=70331"}],"version-history":[{"count":4,"href":"https:\/\/global-exam.com\/blog\/wp-json\/wp\/v2\/pages\/70331\/revisions"}],"predecessor-version":[{"id":79499,"href":"https:\/\/global-exam.com\/blog\/wp-json\/wp\/v2\/pages\/70331\/revisions\/79499"}],"up":[{"embeddable":true,"href":"https:\/\/global-exam.com\/blog\/wp-json\/wp\/v2\/pages\/35569"}],"wp:attachment":[{"href":"https:\/\/global-exam.com\/blog\/wp-json\/wp\/v2\/media?parent=70331"}],"curies":[{"name":"wp","href":"https:\/\/api.w.org\/{rel}","templated":true}]}}