{"id":70340,"date":"2021-12-13T15:02:21","date_gmt":"2021-12-13T14:02:21","guid":{"rendered":"https:\/\/global-exam.com\/blog\/?page_id=70340"},"modified":"2022-09-16T11:17:39","modified_gmt":"2022-09-16T09:17:39","slug":"categoria-material-de-practica-toefl-junior","status":"publish","type":"page","link":"https:\/\/global-exam.com\/blog\/es\/examenes\/toefl-junior\/categoria-material-de-practica-toefl-junior\/","title":{"rendered":"Material de pr\u00e1ctica TOEFL Junior"},"content":{"rendered":"<p>Encuentra recursos para practicar<\/p>\n<p>En esta categor\u00eda nos centramos en <strong>la certificaci\u00f3n TOEFL Junior<\/strong>, una acreditaci\u00f3n de ingl\u00e9s dirigida a ni\u00f1os y adolescentes de 11 a\u00f1os en adelante. Los estudiantes que quieran\u00a0<strong>acreditar su nivel de ingl\u00e9s<\/strong>\u00a0pueden escoger entre la versi\u00f3n Standard, un examen escrito organizado en tres \u00e1reas, o la versi\u00f3n Speaking, que eval\u00faa \u00fanicamente las habilidades en comunicaci\u00f3n oral en formato digital.<\/p>\n<p>Los art\u00edculos que te ofrecemos a continuaci\u00f3n contienen\u00a0<strong>una prueba gratuita<\/strong>\u00a0con una muestra de examen TOEFL Junior que incluye ejemplos de ejercicios de\u00a0<strong>las tres pruebas del Standard<\/strong>\u00a0(Listening, Reading y Language Form and Meaning) y de<strong>\u00a0las diferentes pruebas del examen de Speaking<\/strong>. Adem\u00e1s, encontrar\u00e1s recomendaciones y recursos que te servir\u00e1n de pr\u00e1ctica de cara a este examen.<\/p>\n<p>Con la\u00a0<strong>plataforma interactiva de GlobalExam<\/strong>\u00a0te ayudamos a prepararte con \u00e9xito para tu certificaci\u00f3n de idiomas a trav\u00e9s de ejercicios minuciosamente dise\u00f1ados por nuestros expertos que siguen el formato y los tiempos del examen real. Te damos la posibilidad de\u00a0<strong>registrarte con una cuenta gratuita<\/strong>, con la que podr\u00e1s realizar un ejercicio de muestra de cada \u00e1rea del examen y consultar tambi\u00e9n las hojas de estudio de nuestra interfaz para familiarizarte con su funcionamiento.<\/p>\n","protected":false},"excerpt":{"rendered":"<p>Encuentra recursos para practicar En esta categor\u00eda nos centramos en la certificaci\u00f3n TOEFL Junior, una acreditaci\u00f3n de ingl\u00e9s dirigida a ni\u00f1os y [&hellip;]<\/p>\n","protected":false},"author":24,"featured_media":0,"parent":35569,"menu_order":0,"comment_status":"closed","ping_status":"closed","template":"","meta":[],"acf":[],"yoast_head":"<!-- This site is optimized with the Yoast SEO plugin v17.2.1 - https:\/\/yoast.com\/wordpress\/plugins\/seo\/ -->\n<title>Material de pr\u00e1ctica TOEFL Junior<\/title>\n<meta name=\"robots\" content=\"index, follow, max-snippet:-1, max-image-preview:large, max-video-preview:-1\" \/>\n<link rel=\"canonical\" href=\"https:\/\/global-exam.com\/blog\/es\/examenes\/toefl-junior\/categoria-material-de-practica-toefl-junior\/\" \/>\n<meta property=\"og:locale\" content=\"fr_FR\" \/>\n<meta property=\"og:type\" content=\"article\" \/>\n<meta property=\"og:title\" content=\"Material de pr\u00e1ctica TOEFL Junior\" \/>\n<meta property=\"og:description\" content=\"Encuentra recursos para practicar En esta categor\u00eda nos centramos en la certificaci\u00f3n TOEFL Junior, una acreditaci\u00f3n de ingl\u00e9s dirigida a ni\u00f1os y [&hellip;]\" \/>\n<meta property=\"og:url\" content=\"https:\/\/global-exam.com\/blog\/es\/examenes\/toefl-junior\/categoria-material-de-practica-toefl-junior\/\" \/>\n<meta property=\"og:site_name\" content=\"GlobalExam Blog\" \/>\n<meta property=\"article:publisher\" content=\"https:\/\/www.facebook.com\/Global.Exam\" \/>\n<meta property=\"article:modified_time\" content=\"2022-09-16T09:17:39+00:00\" \/>\n<meta name=\"twitter:card\" content=\"summary_large_image\" \/>\n<meta name=\"twitter:site\" content=\"@Global_Exam\" \/>\n<meta name=\"twitter:label1\" content=\"Dur\u00e9e de lecture estim\u00e9e\" \/>\n\t<meta name=\"twitter:data1\" content=\"1 minute\" \/>\n<script type=\"application\/ld+json\" class=\"yoast-schema-graph\">{\"@context\":\"https:\/\/schema.org\",\"@graph\":[{\"@type\":\"WebSite\",\"@id\":\"https:\/\/global-exam.com\/blog\/#website\",\"url\":\"https:\/\/global-exam.com\/blog\/\",\"name\":\"GlobalExam Blog\",\"description\":\"Le blog du sp\\u00e9cialiste de la certification linguistique\",\"potentialAction\":[{\"@type\":\"SearchAction\",\"target\":{\"@type\":\"EntryPoint\",\"urlTemplate\":\"https:\/\/global-exam.com\/blog\/?s={search_term_string}\"},\"query-input\":\"required name=search_term_string\"}],\"inLanguage\":\"fr-FR\"},{\"@type\":\"WebPage\",\"@id\":\"https:\/\/global-exam.com\/blog\/es\/examenes\/toefl-junior\/categoria-material-de-practica-toefl-junior\/#webpage\",\"url\":\"https:\/\/global-exam.com\/blog\/es\/examenes\/toefl-junior\/categoria-material-de-practica-toefl-junior\/\",\"name\":\"Material de pr\\u00e1ctica TOEFL Junior\",\"isPartOf\":{\"@id\":\"https:\/\/global-exam.com\/blog\/#website\"},\"datePublished\":\"2021-12-13T14:02:21+00:00\",\"dateModified\":\"2022-09-16T09:17:39+00:00\",\"breadcrumb\":{\"@id\":\"https:\/\/global-exam.com\/blog\/es\/examenes\/toefl-junior\/categoria-material-de-practica-toefl-junior\/#breadcrumb\"},\"inLanguage\":\"fr-FR\",\"potentialAction\":[{\"@type\":\"ReadAction\",\"target\":[\"https:\/\/global-exam.com\/blog\/es\/examenes\/toefl-junior\/categoria-material-de-practica-toefl-junior\/\"]}]},{\"@type\":\"BreadcrumbList\",\"@id\":\"https:\/\/global-exam.com\/blog\/es\/examenes\/toefl-junior\/categoria-material-de-practica-toefl-junior\/#breadcrumb\",\"itemListElement\":[{\"@type\":\"ListItem\",\"position\":1,\"name\":\"Ex\\u00e1menes de idioma\",\"item\":\"https:\/\/global-exam.com\/blog\/es\/examenes\/\"},{\"@type\":\"ListItem\",\"position\":2,\"name\":\"TOEFL Junior\",\"item\":\"https:\/\/global-exam.com\/blog\/es\/examenes\/toefl-junior\/\"},{\"@type\":\"ListItem\",\"position\":3,\"name\":\"Material de pr\\u00e1ctica TOEFL Junior\"}]}]}<\/script>\n<!-- \/ Yoast SEO plugin. -->","yoast_head_json":{"title":"Material de pr\u00e1ctica TOEFL Junior","robots":{"index":"index","follow":"follow","max-snippet":"max-snippet:-1","max-image-preview":"max-image-preview:large","max-video-preview":"max-video-preview:-1"},"canonical":"https:\/\/global-exam.com\/blog\/es\/examenes\/toefl-junior\/categoria-material-de-practica-toefl-junior\/","og_locale":"fr_FR","og_type":"article","og_title":"Material de pr\u00e1ctica TOEFL Junior","og_description":"Encuentra recursos para practicar En esta categor\u00eda nos centramos en la certificaci\u00f3n TOEFL Junior, una acreditaci\u00f3n de ingl\u00e9s dirigida a ni\u00f1os y [&hellip;]","og_url":"https:\/\/global-exam.com\/blog\/es\/examenes\/toefl-junior\/categoria-material-de-practica-toefl-junior\/","og_site_name":"GlobalExam Blog","article_publisher":"https:\/\/www.facebook.com\/Global.Exam","article_modified_time":"2022-09-16T09:17:39+00:00","twitter_card":"summary_large_image","twitter_site":"@Global_Exam","twitter_misc":{"Dur\u00e9e de lecture estim\u00e9e":"1 minute"},"schema":{"@context":"https:\/\/schema.org","@graph":[{"@type":"WebSite","@id":"https:\/\/global-exam.com\/blog\/#website","url":"https:\/\/global-exam.com\/blog\/","name":"GlobalExam Blog","description":"Le blog du sp\u00e9cialiste de la certification linguistique","potentialAction":[{"@type":"SearchAction","target":{"@type":"EntryPoint","urlTemplate":"https:\/\/global-exam.com\/blog\/?s={search_term_string}"},"query-input":"required name=search_term_string"}],"inLanguage":"fr-FR"},{"@type":"WebPage","@id":"https:\/\/global-exam.com\/blog\/es\/examenes\/toefl-junior\/categoria-material-de-practica-toefl-junior\/#webpage","url":"https:\/\/global-exam.com\/blog\/es\/examenes\/toefl-junior\/categoria-material-de-practica-toefl-junior\/","name":"Material de pr\u00e1ctica TOEFL Junior","isPartOf":{"@id":"https:\/\/global-exam.com\/blog\/#website"},"datePublished":"2021-12-13T14:02:21+00:00","dateModified":"2022-09-16T09:17:39+00:00","breadcrumb":{"@id":"https:\/\/global-exam.com\/blog\/es\/examenes\/toefl-junior\/categoria-material-de-practica-toefl-junior\/#breadcrumb"},"inLanguage":"fr-FR","potentialAction":[{"@type":"ReadAction","target":["https:\/\/global-exam.com\/blog\/es\/examenes\/toefl-junior\/categoria-material-de-practica-toefl-junior\/"]}]},{"@type":"BreadcrumbList","@id":"https:\/\/global-exam.com\/blog\/es\/examenes\/toefl-junior\/categoria-material-de-practica-toefl-junior\/#breadcrumb","itemListElement":[{"@type":"ListItem","position":1,"name":"Ex\u00e1menes de idioma","item":"https:\/\/global-exam.com\/blog\/es\/examenes\/"},{"@type":"ListItem","position":2,"name":"TOEFL Junior","item":"https:\/\/global-exam.com\/blog\/es\/examenes\/toefl-junior\/"},{"@type":"ListItem","position":3,"name":"Material de pr\u00e1ctica TOEFL Junior"}]}]}},"lang":"es","translations":{"es":70340},"pll_sync_post":[],"_links":{"self":[{"href":"https:\/\/global-exam.com\/blog\/wp-json\/wp\/v2\/pages\/70340"}],"collection":[{"href":"https:\/\/global-exam.com\/blog\/wp-json\/wp\/v2\/pages"}],"about":[{"href":"https:\/\/global-exam.com\/blog\/wp-json\/wp\/v2\/types\/page"}],"author":[{"embeddable":true,"href":"https:\/\/global-exam.com\/blog\/wp-json\/wp\/v2\/users\/24"}],"replies":[{"embeddable":true,"href":"https:\/\/global-exam.com\/blog\/wp-json\/wp\/v2\/comments?post=70340"}],"version-history":[{"count":5,"href":"https:\/\/global-exam.com\/blog\/wp-json\/wp\/v2\/pages\/70340\/revisions"}],"predecessor-version":[{"id":79500,"href":"https:\/\/global-exam.com\/blog\/wp-json\/wp\/v2\/pages\/70340\/revisions\/79500"}],"up":[{"embeddable":true,"href":"https:\/\/global-exam.com\/blog\/wp-json\/wp\/v2\/pages\/35569"}],"wp:attachment":[{"href":"https:\/\/global-exam.com\/blog\/wp-json\/wp\/v2\/media?parent=70340"}],"curies":[{"name":"wp","href":"https:\/\/api.w.org\/{rel}","templated":true}]}}