{"id":70350,"date":"2021-12-13T15:14:32","date_gmt":"2021-12-13T14:14:32","guid":{"rendered":"https:\/\/global-exam.com\/blog\/?page_id=70350"},"modified":"2022-06-27T16:45:18","modified_gmt":"2022-06-27T14:45:18","slug":"categoria-introduccion-al-ket","status":"publish","type":"page","link":"https:\/\/global-exam.com\/blog\/es\/examenes\/cambridge-english-a2-key-ket\/categoria-introduccion-al-ket\/","title":{"rendered":"Introducci\u00f3n al KET"},"content":{"rendered":"<p>Si has pensado en\u00a0<strong>presentar el KET<\/strong>, esta categor\u00eda es la ideal. Al igual que muchos candidatos, debes estar en b\u00fasqueda de informaci\u00f3n sobre el KET. Por ello, en esta categor\u00eda encontrar\u00e1s una extensa gu\u00eda con toda la informaci\u00f3n de este examen de certificaci\u00f3n.<\/p>\n<p>El\u00a0<strong>A2 Key o KET<\/strong>\u00a0es una de las titulaciones de Cambridge English. Est\u00e1 titulaci\u00f3n de nivel A2 es la indicada para iniciar tu camino en el mundo de las certificaciones. Igualmente, con este tipo de prueba, tendr\u00e1s la confianza para presentar ex\u00e1menes de nivel superior como B1 Preliminary o B2 First. El examen est\u00e1 dividido en 3 secciones (Reading &amp; Writing, Listening y Speaking) y se puede presentar en ordenador o en papel. Tiene\u00a0<strong>una duraci\u00f3n aproximada de 2 horas.<\/strong><\/p>\n<p>Gracias a esta categor\u00eda podr\u00e1s\u00a0<strong>aprender todo lo necesario sobre el Key English Test (KET)<\/strong>. Tendr\u00e1s algunas nociones sobre los motivos de por qu\u00e9 elegir esta prueba, las diferentes versiones y destrezas evaluadas, la puntuaci\u00f3n, el precio, los centros de ex\u00e1menes y muchos m\u00e1s datos.<\/p>\n<p>No te preocupes, da un vistazo a este blog y sum\u00e9rgete en el mundo de GlobalExam y el KET. Somos\u00a0<strong>una plataforma de preparaci\u00f3n<\/strong>\u00a0para los ex\u00e1menes de certificaci\u00f3n de idiomas, que te permitir\u00e1 entrenar en condiciones reales al KET, gracias a los ejercicios enfocados en cada secci\u00f3n del examen y a los simulacros KET. Para nosotros la pr\u00e1ctica es importante y en funci\u00f3n de ello, creamos nuestra plataforma de aprendizaje en l\u00ednea dedicada en su totalidad a la preparaci\u00f3n de ex\u00e1menes.<\/p>\n","protected":false},"excerpt":{"rendered":"<p>Si has pensado en\u00a0presentar el KET, esta categor\u00eda es la ideal. Al igual que muchos candidatos, debes estar en b\u00fasqueda de informaci\u00f3n [&hellip;]<\/p>\n","protected":false},"author":24,"featured_media":0,"parent":37027,"menu_order":0,"comment_status":"closed","ping_status":"closed","template":"","meta":[],"acf":[],"yoast_head":"<!-- This site is optimized with the Yoast SEO plugin v17.2.1 - https:\/\/yoast.com\/wordpress\/plugins\/seo\/ -->\n<title>Introducci\u00f3n al KET<\/title>\n<meta name=\"robots\" content=\"index, follow, max-snippet:-1, max-image-preview:large, max-video-preview:-1\" \/>\n<link rel=\"canonical\" href=\"https:\/\/global-exam.com\/blog\/es\/examenes\/cambridge-english-a2-key-ket\/categoria-introduccion-al-ket\/\" \/>\n<meta property=\"og:locale\" content=\"fr_FR\" \/>\n<meta property=\"og:type\" content=\"article\" \/>\n<meta property=\"og:title\" content=\"Introducci\u00f3n al KET\" \/>\n<meta property=\"og:description\" content=\"Si has pensado en\u00a0presentar el KET, esta categor\u00eda es la ideal. Al igual que muchos candidatos, debes estar en b\u00fasqueda de informaci\u00f3n [&hellip;]\" \/>\n<meta property=\"og:url\" content=\"https:\/\/global-exam.com\/blog\/es\/examenes\/cambridge-english-a2-key-ket\/categoria-introduccion-al-ket\/\" \/>\n<meta property=\"og:site_name\" content=\"GlobalExam Blog\" \/>\n<meta property=\"article:publisher\" content=\"https:\/\/www.facebook.com\/Global.Exam\" \/>\n<meta property=\"article:modified_time\" content=\"2022-06-27T14:45:18+00:00\" \/>\n<meta name=\"twitter:card\" content=\"summary_large_image\" \/>\n<meta name=\"twitter:site\" content=\"@Global_Exam\" \/>\n<meta name=\"twitter:label1\" content=\"Dur\u00e9e de lecture estim\u00e9e\" \/>\n\t<meta name=\"twitter:data1\" content=\"1 minute\" \/>\n<script type=\"application\/ld+json\" class=\"yoast-schema-graph\">{\"@context\":\"https:\/\/schema.org\",\"@graph\":[{\"@type\":\"WebSite\",\"@id\":\"https:\/\/global-exam.com\/blog\/#website\",\"url\":\"https:\/\/global-exam.com\/blog\/\",\"name\":\"GlobalExam Blog\",\"description\":\"Le blog du sp\\u00e9cialiste de la certification linguistique\",\"potentialAction\":[{\"@type\":\"SearchAction\",\"target\":{\"@type\":\"EntryPoint\",\"urlTemplate\":\"https:\/\/global-exam.com\/blog\/?s={search_term_string}\"},\"query-input\":\"required name=search_term_string\"}],\"inLanguage\":\"fr-FR\"},{\"@type\":\"WebPage\",\"@id\":\"https:\/\/global-exam.com\/blog\/es\/examenes\/cambridge-english-a2-key-ket\/categoria-introduccion-al-ket\/#webpage\",\"url\":\"https:\/\/global-exam.com\/blog\/es\/examenes\/cambridge-english-a2-key-ket\/categoria-introduccion-al-ket\/\",\"name\":\"Introducci\\u00f3n al KET\",\"isPartOf\":{\"@id\":\"https:\/\/global-exam.com\/blog\/#website\"},\"datePublished\":\"2021-12-13T14:14:32+00:00\",\"dateModified\":\"2022-06-27T14:45:18+00:00\",\"breadcrumb\":{\"@id\":\"https:\/\/global-exam.com\/blog\/es\/examenes\/cambridge-english-a2-key-ket\/categoria-introduccion-al-ket\/#breadcrumb\"},\"inLanguage\":\"fr-FR\",\"potentialAction\":[{\"@type\":\"ReadAction\",\"target\":[\"https:\/\/global-exam.com\/blog\/es\/examenes\/cambridge-english-a2-key-ket\/categoria-introduccion-al-ket\/\"]}]},{\"@type\":\"BreadcrumbList\",\"@id\":\"https:\/\/global-exam.com\/blog\/es\/examenes\/cambridge-english-a2-key-ket\/categoria-introduccion-al-ket\/#breadcrumb\",\"itemListElement\":[{\"@type\":\"ListItem\",\"position\":1,\"name\":\"Ex\\u00e1menes de idioma\",\"item\":\"https:\/\/global-exam.com\/blog\/es\/examenes\/\"},{\"@type\":\"ListItem\",\"position\":2,\"name\":\"Cambridge English A2 Key (KET)\",\"item\":\"https:\/\/global-exam.com\/blog\/es\/examenes\/cambridge-english-a2-key-ket\/\"},{\"@type\":\"ListItem\",\"position\":3,\"name\":\"Introducci\\u00f3n al KET\"}]}]}<\/script>\n<!-- \/ Yoast SEO plugin. -->","yoast_head_json":{"title":"Introducci\u00f3n al KET","robots":{"index":"index","follow":"follow","max-snippet":"max-snippet:-1","max-image-preview":"max-image-preview:large","max-video-preview":"max-video-preview:-1"},"canonical":"https:\/\/global-exam.com\/blog\/es\/examenes\/cambridge-english-a2-key-ket\/categoria-introduccion-al-ket\/","og_locale":"fr_FR","og_type":"article","og_title":"Introducci\u00f3n al KET","og_description":"Si has pensado en\u00a0presentar el KET, esta categor\u00eda es la ideal. Al igual que muchos candidatos, debes estar en b\u00fasqueda de informaci\u00f3n [&hellip;]","og_url":"https:\/\/global-exam.com\/blog\/es\/examenes\/cambridge-english-a2-key-ket\/categoria-introduccion-al-ket\/","og_site_name":"GlobalExam Blog","article_publisher":"https:\/\/www.facebook.com\/Global.Exam","article_modified_time":"2022-06-27T14:45:18+00:00","twitter_card":"summary_large_image","twitter_site":"@Global_Exam","twitter_misc":{"Dur\u00e9e de lecture estim\u00e9e":"1 minute"},"schema":{"@context":"https:\/\/schema.org","@graph":[{"@type":"WebSite","@id":"https:\/\/global-exam.com\/blog\/#website","url":"https:\/\/global-exam.com\/blog\/","name":"GlobalExam Blog","description":"Le blog du sp\u00e9cialiste de la certification linguistique","potentialAction":[{"@type":"SearchAction","target":{"@type":"EntryPoint","urlTemplate":"https:\/\/global-exam.com\/blog\/?s={search_term_string}"},"query-input":"required name=search_term_string"}],"inLanguage":"fr-FR"},{"@type":"WebPage","@id":"https:\/\/global-exam.com\/blog\/es\/examenes\/cambridge-english-a2-key-ket\/categoria-introduccion-al-ket\/#webpage","url":"https:\/\/global-exam.com\/blog\/es\/examenes\/cambridge-english-a2-key-ket\/categoria-introduccion-al-ket\/","name":"Introducci\u00f3n al KET","isPartOf":{"@id":"https:\/\/global-exam.com\/blog\/#website"},"datePublished":"2021-12-13T14:14:32+00:00","dateModified":"2022-06-27T14:45:18+00:00","breadcrumb":{"@id":"https:\/\/global-exam.com\/blog\/es\/examenes\/cambridge-english-a2-key-ket\/categoria-introduccion-al-ket\/#breadcrumb"},"inLanguage":"fr-FR","potentialAction":[{"@type":"ReadAction","target":["https:\/\/global-exam.com\/blog\/es\/examenes\/cambridge-english-a2-key-ket\/categoria-introduccion-al-ket\/"]}]},{"@type":"BreadcrumbList","@id":"https:\/\/global-exam.com\/blog\/es\/examenes\/cambridge-english-a2-key-ket\/categoria-introduccion-al-ket\/#breadcrumb","itemListElement":[{"@type":"ListItem","position":1,"name":"Ex\u00e1menes de idioma","item":"https:\/\/global-exam.com\/blog\/es\/examenes\/"},{"@type":"ListItem","position":2,"name":"Cambridge English A2 Key (KET)","item":"https:\/\/global-exam.com\/blog\/es\/examenes\/cambridge-english-a2-key-ket\/"},{"@type":"ListItem","position":3,"name":"Introducci\u00f3n al KET"}]}]}},"lang":"es","translations":{"es":70350},"pll_sync_post":[],"_links":{"self":[{"href":"https:\/\/global-exam.com\/blog\/wp-json\/wp\/v2\/pages\/70350"}],"collection":[{"href":"https:\/\/global-exam.com\/blog\/wp-json\/wp\/v2\/pages"}],"about":[{"href":"https:\/\/global-exam.com\/blog\/wp-json\/wp\/v2\/types\/page"}],"author":[{"embeddable":true,"href":"https:\/\/global-exam.com\/blog\/wp-json\/wp\/v2\/users\/24"}],"replies":[{"embeddable":true,"href":"https:\/\/global-exam.com\/blog\/wp-json\/wp\/v2\/comments?post=70350"}],"version-history":[{"count":3,"href":"https:\/\/global-exam.com\/blog\/wp-json\/wp\/v2\/pages\/70350\/revisions"}],"predecessor-version":[{"id":76650,"href":"https:\/\/global-exam.com\/blog\/wp-json\/wp\/v2\/pages\/70350\/revisions\/76650"}],"up":[{"embeddable":true,"href":"https:\/\/global-exam.com\/blog\/wp-json\/wp\/v2\/pages\/37027"}],"wp:attachment":[{"href":"https:\/\/global-exam.com\/blog\/wp-json\/wp\/v2\/media?parent=70350"}],"curies":[{"name":"wp","href":"https:\/\/api.w.org\/{rel}","templated":true}]}}