{"id":70353,"date":"2021-12-13T15:17:08","date_gmt":"2021-12-13T14:17:08","guid":{"rendered":"https:\/\/global-exam.com\/blog\/?page_id=70353"},"modified":"2022-06-27T16:45:17","modified_gmt":"2022-06-27T14:45:17","slug":"categoria-instrucciones-del-ket","status":"publish","type":"page","link":"https:\/\/global-exam.com\/blog\/es\/examenes\/cambridge-english-a2-key-ket\/categoria-instrucciones-del-ket\/","title":{"rendered":"Instrucciones del KET"},"content":{"rendered":"<p>\u00bfQu\u00e9 vas a encontrar en esta categor\u00eda? Descubrir\u00e1s toda la informaci\u00f3n pertinente sobre\u00a0<strong>la estructura del KET<\/strong>. En GlobalExam creemos que para poder obtener buenos resultados en los ex\u00e1menes de certificaci\u00f3n de idiomas es necesario\u00a0<strong>prepararse<\/strong>\u00a0y conocer todas las sutilezas del examen.<\/p>\n<p>El Key English Test (KET) es un test Cambridge que eval\u00faa tus competencias b\u00e1sicas en ingl\u00e9s. Es\u00a0<strong>un examen de nivel A2<\/strong>\u00a0y pone a prueba las\u00a0<strong>cuatros destrezas ling\u00fc\u00edsticas en ingl\u00e9s<\/strong>: comprensi\u00f3n de lectura (Reading), expresi\u00f3n escrita (Writing), comprensi\u00f3n auditiva (Listening) y expresi\u00f3n oral (Speaking). Para el KET debes ser capaz de comunicarte en ingl\u00e9s en situaciones simples y cotidianas. Adem\u00e1s necesitas demostrar que comprendes frases y expresiones b\u00e1sicas.<\/p>\n<p>En esta categor\u00eda aprender\u00e1s en detalle<strong>\u00a0el formato y las destrezas ling\u00fc\u00edsticas evaluadas en el KET<\/strong>, el tiempo requerido por Cambridge para desarrollar cada secci\u00f3n y conocer\u00e1s algunos consejos de preparaci\u00f3n para el KET.<\/p>\n<p>Igualmente, con la ayuda de\u00a0<strong>nuestra plataforma GlobalExam<\/strong>\u00a0podr\u00e1s completar tu preparaci\u00f3n para el KET, porque aparte de estar informado, necesitar\u00e1s practicar. Es bien sabido que\u00a0<strong>la estructura del KET<\/strong>\u00a0es siempre la misma, por lo que con nuestro modo de examen tendr\u00e1s una idea de su formato. Una vez hecho esto, podr\u00e1s trabajar el modo de pr\u00e1ctica que contiene m\u00faltiples ejercicios enfocados en el KET.<\/p>\n","protected":false},"excerpt":{"rendered":"<p>\u00bfQu\u00e9 vas a encontrar en esta categor\u00eda? Descubrir\u00e1s toda la informaci\u00f3n pertinente sobre\u00a0la estructura del KET. En GlobalExam creemos que para poder [&hellip;]<\/p>\n","protected":false},"author":24,"featured_media":0,"parent":37027,"menu_order":0,"comment_status":"closed","ping_status":"closed","template":"","meta":[],"acf":[],"yoast_head":"<!-- This site is optimized with the Yoast SEO plugin v17.2.1 - https:\/\/yoast.com\/wordpress\/plugins\/seo\/ -->\n<title>Instrucciones del KET<\/title>\n<meta name=\"robots\" content=\"index, follow, max-snippet:-1, max-image-preview:large, max-video-preview:-1\" \/>\n<link rel=\"canonical\" href=\"https:\/\/global-exam.com\/blog\/es\/examenes\/cambridge-english-a2-key-ket\/categoria-instrucciones-del-ket\/\" \/>\n<meta property=\"og:locale\" content=\"fr_FR\" \/>\n<meta property=\"og:type\" content=\"article\" \/>\n<meta property=\"og:title\" content=\"Instrucciones del KET\" \/>\n<meta property=\"og:description\" content=\"\u00bfQu\u00e9 vas a encontrar en esta categor\u00eda? Descubrir\u00e1s toda la informaci\u00f3n pertinente sobre\u00a0la estructura del KET. En GlobalExam creemos que para poder [&hellip;]\" \/>\n<meta property=\"og:url\" content=\"https:\/\/global-exam.com\/blog\/es\/examenes\/cambridge-english-a2-key-ket\/categoria-instrucciones-del-ket\/\" \/>\n<meta property=\"og:site_name\" content=\"GlobalExam Blog\" \/>\n<meta property=\"article:publisher\" content=\"https:\/\/www.facebook.com\/Global.Exam\" \/>\n<meta property=\"article:modified_time\" content=\"2022-06-27T14:45:17+00:00\" \/>\n<meta name=\"twitter:card\" content=\"summary_large_image\" \/>\n<meta name=\"twitter:site\" content=\"@Global_Exam\" \/>\n<meta name=\"twitter:label1\" content=\"Dur\u00e9e de lecture estim\u00e9e\" \/>\n\t<meta name=\"twitter:data1\" content=\"1 minute\" \/>\n<script type=\"application\/ld+json\" class=\"yoast-schema-graph\">{\"@context\":\"https:\/\/schema.org\",\"@graph\":[{\"@type\":\"WebSite\",\"@id\":\"https:\/\/global-exam.com\/blog\/#website\",\"url\":\"https:\/\/global-exam.com\/blog\/\",\"name\":\"GlobalExam Blog\",\"description\":\"Le blog du sp\\u00e9cialiste de la certification linguistique\",\"potentialAction\":[{\"@type\":\"SearchAction\",\"target\":{\"@type\":\"EntryPoint\",\"urlTemplate\":\"https:\/\/global-exam.com\/blog\/?s={search_term_string}\"},\"query-input\":\"required name=search_term_string\"}],\"inLanguage\":\"fr-FR\"},{\"@type\":\"WebPage\",\"@id\":\"https:\/\/global-exam.com\/blog\/es\/examenes\/cambridge-english-a2-key-ket\/categoria-instrucciones-del-ket\/#webpage\",\"url\":\"https:\/\/global-exam.com\/blog\/es\/examenes\/cambridge-english-a2-key-ket\/categoria-instrucciones-del-ket\/\",\"name\":\"Instrucciones del KET\",\"isPartOf\":{\"@id\":\"https:\/\/global-exam.com\/blog\/#website\"},\"datePublished\":\"2021-12-13T14:17:08+00:00\",\"dateModified\":\"2022-06-27T14:45:17+00:00\",\"breadcrumb\":{\"@id\":\"https:\/\/global-exam.com\/blog\/es\/examenes\/cambridge-english-a2-key-ket\/categoria-instrucciones-del-ket\/#breadcrumb\"},\"inLanguage\":\"fr-FR\",\"potentialAction\":[{\"@type\":\"ReadAction\",\"target\":[\"https:\/\/global-exam.com\/blog\/es\/examenes\/cambridge-english-a2-key-ket\/categoria-instrucciones-del-ket\/\"]}]},{\"@type\":\"BreadcrumbList\",\"@id\":\"https:\/\/global-exam.com\/blog\/es\/examenes\/cambridge-english-a2-key-ket\/categoria-instrucciones-del-ket\/#breadcrumb\",\"itemListElement\":[{\"@type\":\"ListItem\",\"position\":1,\"name\":\"Ex\\u00e1menes de idioma\",\"item\":\"https:\/\/global-exam.com\/blog\/es\/examenes\/\"},{\"@type\":\"ListItem\",\"position\":2,\"name\":\"Cambridge English A2 Key (KET)\",\"item\":\"https:\/\/global-exam.com\/blog\/es\/examenes\/cambridge-english-a2-key-ket\/\"},{\"@type\":\"ListItem\",\"position\":3,\"name\":\"Instrucciones del KET\"}]}]}<\/script>\n<!-- \/ Yoast SEO plugin. -->","yoast_head_json":{"title":"Instrucciones del KET","robots":{"index":"index","follow":"follow","max-snippet":"max-snippet:-1","max-image-preview":"max-image-preview:large","max-video-preview":"max-video-preview:-1"},"canonical":"https:\/\/global-exam.com\/blog\/es\/examenes\/cambridge-english-a2-key-ket\/categoria-instrucciones-del-ket\/","og_locale":"fr_FR","og_type":"article","og_title":"Instrucciones del KET","og_description":"\u00bfQu\u00e9 vas a encontrar en esta categor\u00eda? Descubrir\u00e1s toda la informaci\u00f3n pertinente sobre\u00a0la estructura del KET. En GlobalExam creemos que para poder [&hellip;]","og_url":"https:\/\/global-exam.com\/blog\/es\/examenes\/cambridge-english-a2-key-ket\/categoria-instrucciones-del-ket\/","og_site_name":"GlobalExam Blog","article_publisher":"https:\/\/www.facebook.com\/Global.Exam","article_modified_time":"2022-06-27T14:45:17+00:00","twitter_card":"summary_large_image","twitter_site":"@Global_Exam","twitter_misc":{"Dur\u00e9e de lecture estim\u00e9e":"1 minute"},"schema":{"@context":"https:\/\/schema.org","@graph":[{"@type":"WebSite","@id":"https:\/\/global-exam.com\/blog\/#website","url":"https:\/\/global-exam.com\/blog\/","name":"GlobalExam Blog","description":"Le blog du sp\u00e9cialiste de la certification linguistique","potentialAction":[{"@type":"SearchAction","target":{"@type":"EntryPoint","urlTemplate":"https:\/\/global-exam.com\/blog\/?s={search_term_string}"},"query-input":"required name=search_term_string"}],"inLanguage":"fr-FR"},{"@type":"WebPage","@id":"https:\/\/global-exam.com\/blog\/es\/examenes\/cambridge-english-a2-key-ket\/categoria-instrucciones-del-ket\/#webpage","url":"https:\/\/global-exam.com\/blog\/es\/examenes\/cambridge-english-a2-key-ket\/categoria-instrucciones-del-ket\/","name":"Instrucciones del KET","isPartOf":{"@id":"https:\/\/global-exam.com\/blog\/#website"},"datePublished":"2021-12-13T14:17:08+00:00","dateModified":"2022-06-27T14:45:17+00:00","breadcrumb":{"@id":"https:\/\/global-exam.com\/blog\/es\/examenes\/cambridge-english-a2-key-ket\/categoria-instrucciones-del-ket\/#breadcrumb"},"inLanguage":"fr-FR","potentialAction":[{"@type":"ReadAction","target":["https:\/\/global-exam.com\/blog\/es\/examenes\/cambridge-english-a2-key-ket\/categoria-instrucciones-del-ket\/"]}]},{"@type":"BreadcrumbList","@id":"https:\/\/global-exam.com\/blog\/es\/examenes\/cambridge-english-a2-key-ket\/categoria-instrucciones-del-ket\/#breadcrumb","itemListElement":[{"@type":"ListItem","position":1,"name":"Ex\u00e1menes de idioma","item":"https:\/\/global-exam.com\/blog\/es\/examenes\/"},{"@type":"ListItem","position":2,"name":"Cambridge English A2 Key (KET)","item":"https:\/\/global-exam.com\/blog\/es\/examenes\/cambridge-english-a2-key-ket\/"},{"@type":"ListItem","position":3,"name":"Instrucciones del KET"}]}]}},"lang":"es","translations":{"es":70353},"pll_sync_post":[],"_links":{"self":[{"href":"https:\/\/global-exam.com\/blog\/wp-json\/wp\/v2\/pages\/70353"}],"collection":[{"href":"https:\/\/global-exam.com\/blog\/wp-json\/wp\/v2\/pages"}],"about":[{"href":"https:\/\/global-exam.com\/blog\/wp-json\/wp\/v2\/types\/page"}],"author":[{"embeddable":true,"href":"https:\/\/global-exam.com\/blog\/wp-json\/wp\/v2\/users\/24"}],"replies":[{"embeddable":true,"href":"https:\/\/global-exam.com\/blog\/wp-json\/wp\/v2\/comments?post=70353"}],"version-history":[{"count":3,"href":"https:\/\/global-exam.com\/blog\/wp-json\/wp\/v2\/pages\/70353\/revisions"}],"predecessor-version":[{"id":76649,"href":"https:\/\/global-exam.com\/blog\/wp-json\/wp\/v2\/pages\/70353\/revisions\/76649"}],"up":[{"embeddable":true,"href":"https:\/\/global-exam.com\/blog\/wp-json\/wp\/v2\/pages\/37027"}],"wp:attachment":[{"href":"https:\/\/global-exam.com\/blog\/wp-json\/wp\/v2\/media?parent=70353"}],"curies":[{"name":"wp","href":"https:\/\/api.w.org\/{rel}","templated":true}]}}