{"id":70356,"date":"2021-12-13T15:20:01","date_gmt":"2021-12-13T14:20:01","guid":{"rendered":"https:\/\/global-exam.com\/blog\/?page_id=70356"},"modified":"2022-06-27T16:45:17","modified_gmt":"2022-06-27T14:45:17","slug":"categoria-material-de-practica-para-el-ket","status":"publish","type":"page","link":"https:\/\/global-exam.com\/blog\/es\/examenes\/cambridge-english-a2-key-ket\/categoria-material-de-practica-para-el-ket\/","title":{"rendered":"Material de pr\u00e1ctica para el KET"},"content":{"rendered":"<p>En esta categor\u00eda te vamos a presentar los mejores m\u00e9todos de preparaci\u00f3n para<strong>\u00a0obtener un buen resultado en el KET<\/strong>. Todo recurso did\u00e1ctico que uses para\u00a0<strong>la preparaci\u00f3n del KET<\/strong>\u00a0te ser\u00e1 de gran utilidad. Solamente, ten en cuenta que el material que usas est\u00e1 en adecuaci\u00f3n con los lineamientos de Cambridge. El KET, al igual que otros ex\u00e1menes Cambridge, tienen una estructura determinada, por ello, trabajar con recursos basados en el KET, es la mejor opci\u00f3n.<\/p>\n<p>Esta prueba es apta para todas las personas y dentro de<strong>\u00a0la escala del MCER<\/strong>, eval\u00faa<strong>\u00a0el nivel A2<\/strong>. Al aprobar el examen KET certificas que tienes conocimientos b\u00e1sicos sobre como interactuar con hablantes de ingl\u00e9s y eres capaz de comprender y utilizar frases y expresiones sencillas.\u00a0<strong>El A2 Key o KET<\/strong>\u00a0tambi\u00e9n te brinda la oportunidad de obtener una certificaci\u00f3n reconocida mundialmente.<\/p>\n<p>Con esta secci\u00f3n del KET podr\u00e1s prepararte con\u00a0<strong>los mejores libros, p\u00e1ginas web, plataformas en l\u00ednea gratuitas<\/strong>, aplicaciones m\u00f3viles y juegos. Cada uno de estos recursos fue seleccionado con un solo objetivo en mente: ayudarte a pasar el KET.<\/p>\n<p>As\u00ed que no te preocupes, tenemos todo lo que necesitas en esta categor\u00eda. En\u00a0<strong>GlobalExam<\/strong>\u00a0trabajamos con expertos en certificaciones de idiomas y todo el material presente en nuestra plataforma est\u00e1 enfocado en el KET. Vas a encontrar ejercicios de pr\u00e1ctica corregidos, ex\u00e1menes de prueba calificados, fichas de vocabulario y gram\u00e1tica y planes de estudio personalizados.<\/p>\n","protected":false},"excerpt":{"rendered":"<p>En esta categor\u00eda te vamos a presentar los mejores m\u00e9todos de preparaci\u00f3n para\u00a0obtener un buen resultado en el KET. Todo recurso did\u00e1ctico [&hellip;]<\/p>\n","protected":false},"author":24,"featured_media":0,"parent":37027,"menu_order":0,"comment_status":"closed","ping_status":"closed","template":"","meta":[],"acf":[],"yoast_head":"<!-- This site is optimized with the Yoast SEO plugin v17.2.1 - https:\/\/yoast.com\/wordpress\/plugins\/seo\/ -->\n<title>Material de pr\u00e1ctica para el KET<\/title>\n<meta name=\"robots\" content=\"index, follow, max-snippet:-1, max-image-preview:large, max-video-preview:-1\" \/>\n<link rel=\"canonical\" href=\"https:\/\/global-exam.com\/blog\/es\/examenes\/cambridge-english-a2-key-ket\/categoria-material-de-practica-para-el-ket\/\" \/>\n<meta property=\"og:locale\" content=\"fr_FR\" \/>\n<meta property=\"og:type\" content=\"article\" \/>\n<meta property=\"og:title\" content=\"Material de pr\u00e1ctica para el KET\" \/>\n<meta property=\"og:description\" content=\"En esta categor\u00eda te vamos a presentar los mejores m\u00e9todos de preparaci\u00f3n para\u00a0obtener un buen resultado en el KET. Todo recurso did\u00e1ctico [&hellip;]\" \/>\n<meta property=\"og:url\" content=\"https:\/\/global-exam.com\/blog\/es\/examenes\/cambridge-english-a2-key-ket\/categoria-material-de-practica-para-el-ket\/\" \/>\n<meta property=\"og:site_name\" content=\"GlobalExam Blog\" \/>\n<meta property=\"article:publisher\" content=\"https:\/\/www.facebook.com\/Global.Exam\" \/>\n<meta property=\"article:modified_time\" content=\"2022-06-27T14:45:17+00:00\" \/>\n<meta name=\"twitter:card\" content=\"summary_large_image\" \/>\n<meta name=\"twitter:site\" content=\"@Global_Exam\" \/>\n<meta name=\"twitter:label1\" content=\"Dur\u00e9e de lecture estim\u00e9e\" \/>\n\t<meta name=\"twitter:data1\" content=\"1 minute\" \/>\n<script type=\"application\/ld+json\" class=\"yoast-schema-graph\">{\"@context\":\"https:\/\/schema.org\",\"@graph\":[{\"@type\":\"WebSite\",\"@id\":\"https:\/\/global-exam.com\/blog\/#website\",\"url\":\"https:\/\/global-exam.com\/blog\/\",\"name\":\"GlobalExam Blog\",\"description\":\"Le blog du sp\\u00e9cialiste de la certification linguistique\",\"potentialAction\":[{\"@type\":\"SearchAction\",\"target\":{\"@type\":\"EntryPoint\",\"urlTemplate\":\"https:\/\/global-exam.com\/blog\/?s={search_term_string}\"},\"query-input\":\"required name=search_term_string\"}],\"inLanguage\":\"fr-FR\"},{\"@type\":\"WebPage\",\"@id\":\"https:\/\/global-exam.com\/blog\/es\/examenes\/cambridge-english-a2-key-ket\/categoria-material-de-practica-para-el-ket\/#webpage\",\"url\":\"https:\/\/global-exam.com\/blog\/es\/examenes\/cambridge-english-a2-key-ket\/categoria-material-de-practica-para-el-ket\/\",\"name\":\"Material de pr\\u00e1ctica para el KET\",\"isPartOf\":{\"@id\":\"https:\/\/global-exam.com\/blog\/#website\"},\"datePublished\":\"2021-12-13T14:20:01+00:00\",\"dateModified\":\"2022-06-27T14:45:17+00:00\",\"breadcrumb\":{\"@id\":\"https:\/\/global-exam.com\/blog\/es\/examenes\/cambridge-english-a2-key-ket\/categoria-material-de-practica-para-el-ket\/#breadcrumb\"},\"inLanguage\":\"fr-FR\",\"potentialAction\":[{\"@type\":\"ReadAction\",\"target\":[\"https:\/\/global-exam.com\/blog\/es\/examenes\/cambridge-english-a2-key-ket\/categoria-material-de-practica-para-el-ket\/\"]}]},{\"@type\":\"BreadcrumbList\",\"@id\":\"https:\/\/global-exam.com\/blog\/es\/examenes\/cambridge-english-a2-key-ket\/categoria-material-de-practica-para-el-ket\/#breadcrumb\",\"itemListElement\":[{\"@type\":\"ListItem\",\"position\":1,\"name\":\"Ex\\u00e1menes de idioma\",\"item\":\"https:\/\/global-exam.com\/blog\/es\/examenes\/\"},{\"@type\":\"ListItem\",\"position\":2,\"name\":\"Cambridge English A2 Key (KET)\",\"item\":\"https:\/\/global-exam.com\/blog\/es\/examenes\/cambridge-english-a2-key-ket\/\"},{\"@type\":\"ListItem\",\"position\":3,\"name\":\"Material de pr\\u00e1ctica para el KET\"}]}]}<\/script>\n<!-- \/ Yoast SEO plugin. -->","yoast_head_json":{"title":"Material de pr\u00e1ctica para el KET","robots":{"index":"index","follow":"follow","max-snippet":"max-snippet:-1","max-image-preview":"max-image-preview:large","max-video-preview":"max-video-preview:-1"},"canonical":"https:\/\/global-exam.com\/blog\/es\/examenes\/cambridge-english-a2-key-ket\/categoria-material-de-practica-para-el-ket\/","og_locale":"fr_FR","og_type":"article","og_title":"Material de pr\u00e1ctica para el KET","og_description":"En esta categor\u00eda te vamos a presentar los mejores m\u00e9todos de preparaci\u00f3n para\u00a0obtener un buen resultado en el KET. Todo recurso did\u00e1ctico [&hellip;]","og_url":"https:\/\/global-exam.com\/blog\/es\/examenes\/cambridge-english-a2-key-ket\/categoria-material-de-practica-para-el-ket\/","og_site_name":"GlobalExam Blog","article_publisher":"https:\/\/www.facebook.com\/Global.Exam","article_modified_time":"2022-06-27T14:45:17+00:00","twitter_card":"summary_large_image","twitter_site":"@Global_Exam","twitter_misc":{"Dur\u00e9e de lecture estim\u00e9e":"1 minute"},"schema":{"@context":"https:\/\/schema.org","@graph":[{"@type":"WebSite","@id":"https:\/\/global-exam.com\/blog\/#website","url":"https:\/\/global-exam.com\/blog\/","name":"GlobalExam Blog","description":"Le blog du sp\u00e9cialiste de la certification linguistique","potentialAction":[{"@type":"SearchAction","target":{"@type":"EntryPoint","urlTemplate":"https:\/\/global-exam.com\/blog\/?s={search_term_string}"},"query-input":"required name=search_term_string"}],"inLanguage":"fr-FR"},{"@type":"WebPage","@id":"https:\/\/global-exam.com\/blog\/es\/examenes\/cambridge-english-a2-key-ket\/categoria-material-de-practica-para-el-ket\/#webpage","url":"https:\/\/global-exam.com\/blog\/es\/examenes\/cambridge-english-a2-key-ket\/categoria-material-de-practica-para-el-ket\/","name":"Material de pr\u00e1ctica para el KET","isPartOf":{"@id":"https:\/\/global-exam.com\/blog\/#website"},"datePublished":"2021-12-13T14:20:01+00:00","dateModified":"2022-06-27T14:45:17+00:00","breadcrumb":{"@id":"https:\/\/global-exam.com\/blog\/es\/examenes\/cambridge-english-a2-key-ket\/categoria-material-de-practica-para-el-ket\/#breadcrumb"},"inLanguage":"fr-FR","potentialAction":[{"@type":"ReadAction","target":["https:\/\/global-exam.com\/blog\/es\/examenes\/cambridge-english-a2-key-ket\/categoria-material-de-practica-para-el-ket\/"]}]},{"@type":"BreadcrumbList","@id":"https:\/\/global-exam.com\/blog\/es\/examenes\/cambridge-english-a2-key-ket\/categoria-material-de-practica-para-el-ket\/#breadcrumb","itemListElement":[{"@type":"ListItem","position":1,"name":"Ex\u00e1menes de idioma","item":"https:\/\/global-exam.com\/blog\/es\/examenes\/"},{"@type":"ListItem","position":2,"name":"Cambridge English A2 Key (KET)","item":"https:\/\/global-exam.com\/blog\/es\/examenes\/cambridge-english-a2-key-ket\/"},{"@type":"ListItem","position":3,"name":"Material de pr\u00e1ctica para el KET"}]}]}},"lang":"es","translations":{"es":70356},"pll_sync_post":[],"_links":{"self":[{"href":"https:\/\/global-exam.com\/blog\/wp-json\/wp\/v2\/pages\/70356"}],"collection":[{"href":"https:\/\/global-exam.com\/blog\/wp-json\/wp\/v2\/pages"}],"about":[{"href":"https:\/\/global-exam.com\/blog\/wp-json\/wp\/v2\/types\/page"}],"author":[{"embeddable":true,"href":"https:\/\/global-exam.com\/blog\/wp-json\/wp\/v2\/users\/24"}],"replies":[{"embeddable":true,"href":"https:\/\/global-exam.com\/blog\/wp-json\/wp\/v2\/comments?post=70356"}],"version-history":[{"count":3,"href":"https:\/\/global-exam.com\/blog\/wp-json\/wp\/v2\/pages\/70356\/revisions"}],"predecessor-version":[{"id":76648,"href":"https:\/\/global-exam.com\/blog\/wp-json\/wp\/v2\/pages\/70356\/revisions\/76648"}],"up":[{"embeddable":true,"href":"https:\/\/global-exam.com\/blog\/wp-json\/wp\/v2\/pages\/37027"}],"wp:attachment":[{"href":"https:\/\/global-exam.com\/blog\/wp-json\/wp\/v2\/media?parent=70356"}],"curies":[{"name":"wp","href":"https:\/\/api.w.org\/{rel}","templated":true}]}}