{"id":70359,"date":"2021-12-13T15:22:31","date_gmt":"2021-12-13T14:22:31","guid":{"rendered":"https:\/\/global-exam.com\/blog\/?page_id=70359"},"modified":"2022-06-27T16:45:16","modified_gmt":"2022-06-27T14:45:16","slug":"categoria-obten-un-buen-puntaje-en-el-ket","status":"publish","type":"page","link":"https:\/\/global-exam.com\/blog\/es\/examenes\/cambridge-english-a2-key-ket\/categoria-obten-un-buen-puntaje-en-el-ket\/","title":{"rendered":"Obt\u00e9n un buen puntaje en el KET"},"content":{"rendered":"<p>Para\u00a0<strong>obtener un buen puntaje en el KET<\/strong>, aseg\u00farate de leer esta categor\u00eda en la que encontrar\u00e1s todos nuestros art\u00edculos relacionados con el sistema de puntuaci\u00f3n utilizado por Cambridge.<\/p>\n<p><strong>El KET es una titulaci\u00f3n de nivel b\u00e1sico<\/strong>\u00a0creado por Cambridge que mide tus competencias ling\u00fc\u00edsticas en Speaking, Reading, Writing y Listening. Este examen equivale a\u00a0<strong>un nivel A2<\/strong>\u00a0y lo puedes presentar en versi\u00f3n papel o en ordenador. Con el KET podr\u00e1s mejorar tus perspectivas en el \u00e1mbito laboral y en la parte acad\u00e9mica.<\/p>\n<p>Cambridge es una instituci\u00f3n que ha creado\u00a0<strong>su propia escala y la puntuaci\u00f3n<\/strong>\u00a0de sus ex\u00e1menes para usarlos de manera lineal con los niveles del MCER. Por este motivo, esta categor\u00eda te ayudar\u00e1 a conocer todas las sutilezas de\u00a0<strong>la puntuaci\u00f3n del KET<\/strong>, tales como la escala Cambridge, la interpretaci\u00f3n de los resultados y el puntaje de cada secci\u00f3n.<\/p>\n<p>Para saber de antemano lo que te espera el d\u00eda de la prueba, debes prepararte con anterioridad y trabajar en cada una de las secciones del examen. Con\u00a0<strong>GlobalExam practicar\u00e1s en detalle las tres partes del KET<\/strong>, todo en un contexto real. De esta forma, cuando est\u00e9s frente al KET, simplemente ser\u00e1 un ejercicio m\u00e1s.<\/p>\n","protected":false},"excerpt":{"rendered":"<p>Para\u00a0obtener un buen puntaje en el KET, aseg\u00farate de leer esta categor\u00eda en la que encontrar\u00e1s todos nuestros art\u00edculos relacionados con el [&hellip;]<\/p>\n","protected":false},"author":24,"featured_media":0,"parent":37027,"menu_order":0,"comment_status":"closed","ping_status":"closed","template":"","meta":[],"acf":[],"yoast_head":"<!-- This site is optimized with the Yoast SEO plugin v17.2.1 - https:\/\/yoast.com\/wordpress\/plugins\/seo\/ -->\n<title>Obt\u00e9n un buen puntaje en el KET<\/title>\n<meta name=\"robots\" content=\"index, follow, max-snippet:-1, max-image-preview:large, max-video-preview:-1\" \/>\n<link rel=\"canonical\" href=\"https:\/\/global-exam.com\/blog\/es\/examenes\/cambridge-english-a2-key-ket\/categoria-obten-un-buen-puntaje-en-el-ket\/\" \/>\n<meta property=\"og:locale\" content=\"fr_FR\" \/>\n<meta property=\"og:type\" content=\"article\" \/>\n<meta property=\"og:title\" content=\"Obt\u00e9n un buen puntaje en el KET\" \/>\n<meta property=\"og:description\" content=\"Para\u00a0obtener un buen puntaje en el KET, aseg\u00farate de leer esta categor\u00eda en la que encontrar\u00e1s todos nuestros art\u00edculos relacionados con el [&hellip;]\" \/>\n<meta property=\"og:url\" content=\"https:\/\/global-exam.com\/blog\/es\/examenes\/cambridge-english-a2-key-ket\/categoria-obten-un-buen-puntaje-en-el-ket\/\" \/>\n<meta property=\"og:site_name\" content=\"GlobalExam Blog\" \/>\n<meta property=\"article:publisher\" content=\"https:\/\/www.facebook.com\/Global.Exam\" \/>\n<meta property=\"article:modified_time\" content=\"2022-06-27T14:45:16+00:00\" \/>\n<meta name=\"twitter:card\" content=\"summary_large_image\" \/>\n<meta name=\"twitter:site\" content=\"@Global_Exam\" \/>\n<meta name=\"twitter:label1\" content=\"Dur\u00e9e de lecture estim\u00e9e\" \/>\n\t<meta name=\"twitter:data1\" content=\"1 minute\" \/>\n<script type=\"application\/ld+json\" class=\"yoast-schema-graph\">{\"@context\":\"https:\/\/schema.org\",\"@graph\":[{\"@type\":\"WebSite\",\"@id\":\"https:\/\/global-exam.com\/blog\/#website\",\"url\":\"https:\/\/global-exam.com\/blog\/\",\"name\":\"GlobalExam Blog\",\"description\":\"Le blog du sp\\u00e9cialiste de la certification linguistique\",\"potentialAction\":[{\"@type\":\"SearchAction\",\"target\":{\"@type\":\"EntryPoint\",\"urlTemplate\":\"https:\/\/global-exam.com\/blog\/?s={search_term_string}\"},\"query-input\":\"required name=search_term_string\"}],\"inLanguage\":\"fr-FR\"},{\"@type\":\"WebPage\",\"@id\":\"https:\/\/global-exam.com\/blog\/es\/examenes\/cambridge-english-a2-key-ket\/categoria-obten-un-buen-puntaje-en-el-ket\/#webpage\",\"url\":\"https:\/\/global-exam.com\/blog\/es\/examenes\/cambridge-english-a2-key-ket\/categoria-obten-un-buen-puntaje-en-el-ket\/\",\"name\":\"Obt\\u00e9n un buen puntaje en el KET\",\"isPartOf\":{\"@id\":\"https:\/\/global-exam.com\/blog\/#website\"},\"datePublished\":\"2021-12-13T14:22:31+00:00\",\"dateModified\":\"2022-06-27T14:45:16+00:00\",\"breadcrumb\":{\"@id\":\"https:\/\/global-exam.com\/blog\/es\/examenes\/cambridge-english-a2-key-ket\/categoria-obten-un-buen-puntaje-en-el-ket\/#breadcrumb\"},\"inLanguage\":\"fr-FR\",\"potentialAction\":[{\"@type\":\"ReadAction\",\"target\":[\"https:\/\/global-exam.com\/blog\/es\/examenes\/cambridge-english-a2-key-ket\/categoria-obten-un-buen-puntaje-en-el-ket\/\"]}]},{\"@type\":\"BreadcrumbList\",\"@id\":\"https:\/\/global-exam.com\/blog\/es\/examenes\/cambridge-english-a2-key-ket\/categoria-obten-un-buen-puntaje-en-el-ket\/#breadcrumb\",\"itemListElement\":[{\"@type\":\"ListItem\",\"position\":1,\"name\":\"Ex\\u00e1menes de idioma\",\"item\":\"https:\/\/global-exam.com\/blog\/es\/examenes\/\"},{\"@type\":\"ListItem\",\"position\":2,\"name\":\"Cambridge English A2 Key (KET)\",\"item\":\"https:\/\/global-exam.com\/blog\/es\/examenes\/cambridge-english-a2-key-ket\/\"},{\"@type\":\"ListItem\",\"position\":3,\"name\":\"Obt\\u00e9n un buen puntaje en el KET\"}]}]}<\/script>\n<!-- \/ Yoast SEO plugin. -->","yoast_head_json":{"title":"Obt\u00e9n un buen puntaje en el KET","robots":{"index":"index","follow":"follow","max-snippet":"max-snippet:-1","max-image-preview":"max-image-preview:large","max-video-preview":"max-video-preview:-1"},"canonical":"https:\/\/global-exam.com\/blog\/es\/examenes\/cambridge-english-a2-key-ket\/categoria-obten-un-buen-puntaje-en-el-ket\/","og_locale":"fr_FR","og_type":"article","og_title":"Obt\u00e9n un buen puntaje en el KET","og_description":"Para\u00a0obtener un buen puntaje en el KET, aseg\u00farate de leer esta categor\u00eda en la que encontrar\u00e1s todos nuestros art\u00edculos relacionados con el [&hellip;]","og_url":"https:\/\/global-exam.com\/blog\/es\/examenes\/cambridge-english-a2-key-ket\/categoria-obten-un-buen-puntaje-en-el-ket\/","og_site_name":"GlobalExam Blog","article_publisher":"https:\/\/www.facebook.com\/Global.Exam","article_modified_time":"2022-06-27T14:45:16+00:00","twitter_card":"summary_large_image","twitter_site":"@Global_Exam","twitter_misc":{"Dur\u00e9e de lecture estim\u00e9e":"1 minute"},"schema":{"@context":"https:\/\/schema.org","@graph":[{"@type":"WebSite","@id":"https:\/\/global-exam.com\/blog\/#website","url":"https:\/\/global-exam.com\/blog\/","name":"GlobalExam Blog","description":"Le blog du sp\u00e9cialiste de la certification linguistique","potentialAction":[{"@type":"SearchAction","target":{"@type":"EntryPoint","urlTemplate":"https:\/\/global-exam.com\/blog\/?s={search_term_string}"},"query-input":"required name=search_term_string"}],"inLanguage":"fr-FR"},{"@type":"WebPage","@id":"https:\/\/global-exam.com\/blog\/es\/examenes\/cambridge-english-a2-key-ket\/categoria-obten-un-buen-puntaje-en-el-ket\/#webpage","url":"https:\/\/global-exam.com\/blog\/es\/examenes\/cambridge-english-a2-key-ket\/categoria-obten-un-buen-puntaje-en-el-ket\/","name":"Obt\u00e9n un buen puntaje en el KET","isPartOf":{"@id":"https:\/\/global-exam.com\/blog\/#website"},"datePublished":"2021-12-13T14:22:31+00:00","dateModified":"2022-06-27T14:45:16+00:00","breadcrumb":{"@id":"https:\/\/global-exam.com\/blog\/es\/examenes\/cambridge-english-a2-key-ket\/categoria-obten-un-buen-puntaje-en-el-ket\/#breadcrumb"},"inLanguage":"fr-FR","potentialAction":[{"@type":"ReadAction","target":["https:\/\/global-exam.com\/blog\/es\/examenes\/cambridge-english-a2-key-ket\/categoria-obten-un-buen-puntaje-en-el-ket\/"]}]},{"@type":"BreadcrumbList","@id":"https:\/\/global-exam.com\/blog\/es\/examenes\/cambridge-english-a2-key-ket\/categoria-obten-un-buen-puntaje-en-el-ket\/#breadcrumb","itemListElement":[{"@type":"ListItem","position":1,"name":"Ex\u00e1menes de idioma","item":"https:\/\/global-exam.com\/blog\/es\/examenes\/"},{"@type":"ListItem","position":2,"name":"Cambridge English A2 Key (KET)","item":"https:\/\/global-exam.com\/blog\/es\/examenes\/cambridge-english-a2-key-ket\/"},{"@type":"ListItem","position":3,"name":"Obt\u00e9n un buen puntaje en el KET"}]}]}},"lang":"es","translations":{"es":70359},"pll_sync_post":[],"_links":{"self":[{"href":"https:\/\/global-exam.com\/blog\/wp-json\/wp\/v2\/pages\/70359"}],"collection":[{"href":"https:\/\/global-exam.com\/blog\/wp-json\/wp\/v2\/pages"}],"about":[{"href":"https:\/\/global-exam.com\/blog\/wp-json\/wp\/v2\/types\/page"}],"author":[{"embeddable":true,"href":"https:\/\/global-exam.com\/blog\/wp-json\/wp\/v2\/users\/24"}],"replies":[{"embeddable":true,"href":"https:\/\/global-exam.com\/blog\/wp-json\/wp\/v2\/comments?post=70359"}],"version-history":[{"count":3,"href":"https:\/\/global-exam.com\/blog\/wp-json\/wp\/v2\/pages\/70359\/revisions"}],"predecessor-version":[{"id":76647,"href":"https:\/\/global-exam.com\/blog\/wp-json\/wp\/v2\/pages\/70359\/revisions\/76647"}],"up":[{"embeddable":true,"href":"https:\/\/global-exam.com\/blog\/wp-json\/wp\/v2\/pages\/37027"}],"wp:attachment":[{"href":"https:\/\/global-exam.com\/blog\/wp-json\/wp\/v2\/media?parent=70359"}],"curies":[{"name":"wp","href":"https:\/\/api.w.org\/{rel}","templated":true}]}}