{"id":70362,"date":"2021-12-13T15:26:45","date_gmt":"2021-12-13T14:26:45","guid":{"rendered":"https:\/\/global-exam.com\/blog\/?page_id=70362"},"modified":"2022-06-27T16:45:15","modified_gmt":"2022-06-27T14:45:15","slug":"categoria-vocabulario-a2-key","status":"publish","type":"page","link":"https:\/\/global-exam.com\/blog\/es\/examenes\/cambridge-english-a2-key-ket\/categoria-vocabulario-a2-key\/","title":{"rendered":"Vocabulario A2 Key"},"content":{"rendered":"<p>El\u00a0<strong>A2 Key o KET<\/strong>\u00a0es un examen de Cambridge dirigido principalmente a las personas que est\u00e1n empezando sus estudios en ingl\u00e9s. Este tipo de pruebas eval\u00faa que seas<strong>\u00a0capaz de comunicarte en ingl\u00e9s<\/strong>\u00a0en situaciones simples.<\/p>\n<p>Tomar la decisi\u00f3n de presentar el A2 Key es una excelente idea, sobre todo cuando quieres ver si has progresado en ingl\u00e9s. La gran ventaja de los ex\u00e1menes Cambridge es que son pruebas que no tienen fecha de vencimiento y lo mejor es que si demuestras tener un\u00a0<strong>nivel superior a A2<\/strong>, recibir\u00e1s otro diploma que certifica ese nivel superior.<\/p>\n<p>Sin embargo, como todo en la vida, nada es f\u00e1cil e incluso si es una prueba para principiantes necesitas prepararte con anterioridad. Debes trabajar las\u00a0<strong>diferentes partes de la prueba,<\/strong>\u00a0tener un buen nivel en gram\u00e1tica y vocabulario. Estos 3 elementos son la clave para lograr buenos resultados en el examen KET de Cambridge.<\/p>\n<p>En la secci\u00f3n de<strong>\u00a0comprensi\u00f3n de lectura y expresi\u00f3n escrita,<\/strong>\u00a0vas a encontrar una parte dedicada a evaluar el vocabulario. La prueba consiste en seleccionar los elementos adecuados para completar los espacios en blanco. Por lo que es fundamental tener buenas<strong>\u00a0bases en vocabulario.<\/strong><\/p>\n<p>Esta categor\u00eda de\u00a0<strong>GlobalExam<\/strong>\u00a0te va a ser de gran ayuda, porque te presenta m\u00faltiples<strong>\u00a0fichas de vocabulario en ingl\u00e9s<\/strong>\u00a0que te ayudar\u00e1n a entrenarte. Cada una de ellas incluye una lista de las palabras con su traducci\u00f3n en espa\u00f1ol, expresiones y los diferentes usos de las palabras.<\/p>\n<p>Tenemos temas como la\u00a0<strong>ropa<\/strong>\u00a0y los\u00a0<strong>accesorios<\/strong>, los n\u00fameros cardinales, la diferencia entre\u00a0<strong>n\u00fameros cardinales y ordinales,<\/strong>\u00a0los\u00a0<strong>animales<\/strong>\u00a0del mar, la\u00a0<strong>sabana<\/strong>, la\u00a0<strong>granja<\/strong>\u00a0y el\u00a0<strong>bosque<\/strong>, entre\u00a0<strong>otros temas<\/strong>\u00a0de vocabulario.<\/p>\n<p>Como bien lo sabes, conocer un mont\u00f3n de palabras no es suficiente para el KET, entr\u00e9nate en las otras partes del examen con nuestra plataforma en l\u00ednea Global Exam.\u00a0<strong>Tenemos un modo de pr\u00e1ctica<\/strong>\u00a0que contiene actividades enfocadas en cada una de las partes del KET. Todos nuestros ejercicios tienen su correcci\u00f3n y explicaci\u00f3n.<\/p>\n","protected":false},"excerpt":{"rendered":"<p>El\u00a0A2 Key o KET\u00a0es un examen de Cambridge dirigido principalmente a las personas que est\u00e1n empezando sus estudios en ingl\u00e9s. Este tipo [&hellip;]<\/p>\n","protected":false},"author":24,"featured_media":0,"parent":37027,"menu_order":0,"comment_status":"closed","ping_status":"closed","template":"","meta":[],"acf":[],"yoast_head":"<!-- This site is optimized with the Yoast SEO plugin v17.2.1 - https:\/\/yoast.com\/wordpress\/plugins\/seo\/ -->\n<title>Vocabulario A2 Key<\/title>\n<meta name=\"robots\" content=\"index, follow, max-snippet:-1, max-image-preview:large, max-video-preview:-1\" \/>\n<link rel=\"canonical\" href=\"https:\/\/global-exam.com\/blog\/es\/examenes\/cambridge-english-a2-key-ket\/categoria-vocabulario-a2-key\/\" \/>\n<meta property=\"og:locale\" content=\"fr_FR\" \/>\n<meta property=\"og:type\" content=\"article\" \/>\n<meta property=\"og:title\" content=\"Vocabulario A2 Key\" \/>\n<meta property=\"og:description\" content=\"El\u00a0A2 Key o KET\u00a0es un examen de Cambridge dirigido principalmente a las personas que est\u00e1n empezando sus estudios en ingl\u00e9s. Este tipo [&hellip;]\" \/>\n<meta property=\"og:url\" content=\"https:\/\/global-exam.com\/blog\/es\/examenes\/cambridge-english-a2-key-ket\/categoria-vocabulario-a2-key\/\" \/>\n<meta property=\"og:site_name\" content=\"GlobalExam Blog\" \/>\n<meta property=\"article:publisher\" content=\"https:\/\/www.facebook.com\/Global.Exam\" \/>\n<meta property=\"article:modified_time\" content=\"2022-06-27T14:45:15+00:00\" \/>\n<meta name=\"twitter:card\" content=\"summary_large_image\" \/>\n<meta name=\"twitter:site\" content=\"@Global_Exam\" \/>\n<meta name=\"twitter:label1\" content=\"Dur\u00e9e de lecture estim\u00e9e\" \/>\n\t<meta name=\"twitter:data1\" content=\"2 minutes\" \/>\n<script type=\"application\/ld+json\" class=\"yoast-schema-graph\">{\"@context\":\"https:\/\/schema.org\",\"@graph\":[{\"@type\":\"WebSite\",\"@id\":\"https:\/\/global-exam.com\/blog\/#website\",\"url\":\"https:\/\/global-exam.com\/blog\/\",\"name\":\"GlobalExam Blog\",\"description\":\"Le blog du sp\\u00e9cialiste de la certification linguistique\",\"potentialAction\":[{\"@type\":\"SearchAction\",\"target\":{\"@type\":\"EntryPoint\",\"urlTemplate\":\"https:\/\/global-exam.com\/blog\/?s={search_term_string}\"},\"query-input\":\"required name=search_term_string\"}],\"inLanguage\":\"fr-FR\"},{\"@type\":\"WebPage\",\"@id\":\"https:\/\/global-exam.com\/blog\/es\/examenes\/cambridge-english-a2-key-ket\/categoria-vocabulario-a2-key\/#webpage\",\"url\":\"https:\/\/global-exam.com\/blog\/es\/examenes\/cambridge-english-a2-key-ket\/categoria-vocabulario-a2-key\/\",\"name\":\"Vocabulario A2 Key\",\"isPartOf\":{\"@id\":\"https:\/\/global-exam.com\/blog\/#website\"},\"datePublished\":\"2021-12-13T14:26:45+00:00\",\"dateModified\":\"2022-06-27T14:45:15+00:00\",\"breadcrumb\":{\"@id\":\"https:\/\/global-exam.com\/blog\/es\/examenes\/cambridge-english-a2-key-ket\/categoria-vocabulario-a2-key\/#breadcrumb\"},\"inLanguage\":\"fr-FR\",\"potentialAction\":[{\"@type\":\"ReadAction\",\"target\":[\"https:\/\/global-exam.com\/blog\/es\/examenes\/cambridge-english-a2-key-ket\/categoria-vocabulario-a2-key\/\"]}]},{\"@type\":\"BreadcrumbList\",\"@id\":\"https:\/\/global-exam.com\/blog\/es\/examenes\/cambridge-english-a2-key-ket\/categoria-vocabulario-a2-key\/#breadcrumb\",\"itemListElement\":[{\"@type\":\"ListItem\",\"position\":1,\"name\":\"Ex\\u00e1menes de idioma\",\"item\":\"https:\/\/global-exam.com\/blog\/es\/examenes\/\"},{\"@type\":\"ListItem\",\"position\":2,\"name\":\"Cambridge English A2 Key (KET)\",\"item\":\"https:\/\/global-exam.com\/blog\/es\/examenes\/cambridge-english-a2-key-ket\/\"},{\"@type\":\"ListItem\",\"position\":3,\"name\":\"Vocabulario A2 Key\"}]}]}<\/script>\n<!-- \/ Yoast SEO plugin. -->","yoast_head_json":{"title":"Vocabulario A2 Key","robots":{"index":"index","follow":"follow","max-snippet":"max-snippet:-1","max-image-preview":"max-image-preview:large","max-video-preview":"max-video-preview:-1"},"canonical":"https:\/\/global-exam.com\/blog\/es\/examenes\/cambridge-english-a2-key-ket\/categoria-vocabulario-a2-key\/","og_locale":"fr_FR","og_type":"article","og_title":"Vocabulario A2 Key","og_description":"El\u00a0A2 Key o KET\u00a0es un examen de Cambridge dirigido principalmente a las personas que est\u00e1n empezando sus estudios en ingl\u00e9s. Este tipo [&hellip;]","og_url":"https:\/\/global-exam.com\/blog\/es\/examenes\/cambridge-english-a2-key-ket\/categoria-vocabulario-a2-key\/","og_site_name":"GlobalExam Blog","article_publisher":"https:\/\/www.facebook.com\/Global.Exam","article_modified_time":"2022-06-27T14:45:15+00:00","twitter_card":"summary_large_image","twitter_site":"@Global_Exam","twitter_misc":{"Dur\u00e9e de lecture estim\u00e9e":"2 minutes"},"schema":{"@context":"https:\/\/schema.org","@graph":[{"@type":"WebSite","@id":"https:\/\/global-exam.com\/blog\/#website","url":"https:\/\/global-exam.com\/blog\/","name":"GlobalExam Blog","description":"Le blog du sp\u00e9cialiste de la certification linguistique","potentialAction":[{"@type":"SearchAction","target":{"@type":"EntryPoint","urlTemplate":"https:\/\/global-exam.com\/blog\/?s={search_term_string}"},"query-input":"required name=search_term_string"}],"inLanguage":"fr-FR"},{"@type":"WebPage","@id":"https:\/\/global-exam.com\/blog\/es\/examenes\/cambridge-english-a2-key-ket\/categoria-vocabulario-a2-key\/#webpage","url":"https:\/\/global-exam.com\/blog\/es\/examenes\/cambridge-english-a2-key-ket\/categoria-vocabulario-a2-key\/","name":"Vocabulario A2 Key","isPartOf":{"@id":"https:\/\/global-exam.com\/blog\/#website"},"datePublished":"2021-12-13T14:26:45+00:00","dateModified":"2022-06-27T14:45:15+00:00","breadcrumb":{"@id":"https:\/\/global-exam.com\/blog\/es\/examenes\/cambridge-english-a2-key-ket\/categoria-vocabulario-a2-key\/#breadcrumb"},"inLanguage":"fr-FR","potentialAction":[{"@type":"ReadAction","target":["https:\/\/global-exam.com\/blog\/es\/examenes\/cambridge-english-a2-key-ket\/categoria-vocabulario-a2-key\/"]}]},{"@type":"BreadcrumbList","@id":"https:\/\/global-exam.com\/blog\/es\/examenes\/cambridge-english-a2-key-ket\/categoria-vocabulario-a2-key\/#breadcrumb","itemListElement":[{"@type":"ListItem","position":1,"name":"Ex\u00e1menes de idioma","item":"https:\/\/global-exam.com\/blog\/es\/examenes\/"},{"@type":"ListItem","position":2,"name":"Cambridge English A2 Key (KET)","item":"https:\/\/global-exam.com\/blog\/es\/examenes\/cambridge-english-a2-key-ket\/"},{"@type":"ListItem","position":3,"name":"Vocabulario A2 Key"}]}]}},"lang":"es","translations":{"es":70362},"pll_sync_post":[],"_links":{"self":[{"href":"https:\/\/global-exam.com\/blog\/wp-json\/wp\/v2\/pages\/70362"}],"collection":[{"href":"https:\/\/global-exam.com\/blog\/wp-json\/wp\/v2\/pages"}],"about":[{"href":"https:\/\/global-exam.com\/blog\/wp-json\/wp\/v2\/types\/page"}],"author":[{"embeddable":true,"href":"https:\/\/global-exam.com\/blog\/wp-json\/wp\/v2\/users\/24"}],"replies":[{"embeddable":true,"href":"https:\/\/global-exam.com\/blog\/wp-json\/wp\/v2\/comments?post=70362"}],"version-history":[{"count":3,"href":"https:\/\/global-exam.com\/blog\/wp-json\/wp\/v2\/pages\/70362\/revisions"}],"predecessor-version":[{"id":76646,"href":"https:\/\/global-exam.com\/blog\/wp-json\/wp\/v2\/pages\/70362\/revisions\/76646"}],"up":[{"embeddable":true,"href":"https:\/\/global-exam.com\/blog\/wp-json\/wp\/v2\/pages\/37027"}],"wp:attachment":[{"href":"https:\/\/global-exam.com\/blog\/wp-json\/wp\/v2\/media?parent=70362"}],"curies":[{"name":"wp","href":"https:\/\/api.w.org\/{rel}","templated":true}]}}