{"id":70366,"date":"2021-12-13T15:29:18","date_gmt":"2021-12-13T14:29:18","guid":{"rendered":"https:\/\/global-exam.com\/blog\/?page_id=70366"},"modified":"2022-06-27T16:45:14","modified_gmt":"2022-06-27T14:45:14","slug":"categoria-gramatica-ket","status":"publish","type":"page","link":"https:\/\/global-exam.com\/blog\/es\/examenes\/cambridge-english-a2-key-ket\/categoria-gramatica-ket\/","title":{"rendered":"Gram\u00e1tica KET"},"content":{"rendered":"<p>El examen<strong>\u00a0A2 Key de Cambridge<\/strong>\u00a0es un examen para principiantes y consta de 3 pruebas:\u00a0<strong>comprensi\u00f3n de lectura y expresi\u00f3n escrita, comprensi\u00f3n auditiva y expresi\u00f3n oral.<\/strong>\u00a0El presentar esta prueba demuestra que posees las destrezas ling\u00fc\u00edsticas necesarias para entender un ingl\u00e9s escrito sencillo y para comunicarte en situaciones cotidianas. Adem\u00e1s es una certificaci\u00f3n de ingl\u00e9s reconocida mundialmente.<\/p>\n<p>Presentar el A2 Key solo puede traer cosas positivas a tu vida profesional y acad\u00e9mica, demostrando as\u00ed que eres alguien competitivo. Pero para presentar el A2 Key y obtener la certificaci\u00f3n debes<strong>\u00a0entrenarte con antelaci\u00f3n y conocer su estructura<\/strong>.<\/p>\n<p>Para poder resolver cada una de las partes del examen es vital tener buenos\u00a0<strong>conocimientos en gram\u00e1tica<\/strong>. Debes ser capaz de formular frases bien estructuradas en ingl\u00e9s tanto en la parte escrita como en la expresi\u00f3n oral. \u00bfPero c\u00f3mo saber que temas de gram\u00e1tica revisar?<\/p>\n<p>No te preocupes en esta categor\u00eda de\u00a0<strong>GlobalExam\u00a0<\/strong>tenemos todo lo que necesitas conocer sobre la<strong>\u00a0gram\u00e1tica inglesa.<\/strong>\u00a0Vas a encontrar fichas en las que te resumimos los principales\u00a0<strong>temas gramaticales<\/strong>\u00a0(presente simple, presente perfecto, presente continuo, futuro, condicional, etc.), igualmente, te explicamos sus principales usos, te presentamos ejemplos y al final, puedes poner en pr\u00e1ctica lo que le\u00edste con los ejercicios de pr\u00e1ctica.<\/p>\n<p>Si bien es cierto que la\u00a0<strong>gram\u00e1tica es fundamental<\/strong>, tambi\u00e9n es necesario que conozcas las\u00a0<strong>otras partes de la prueba,<\/strong>\u00a0es decir, c\u00f3mo se estructuran, los tipos de preguntas, la duraci\u00f3n y los temas recurrentes. En GlobalExam te ayudamos a prepararte para el\u00a0<strong>KET<\/strong>\u00a0de Cambridge. Somos una plataforma en l\u00ednea dedicada 100% a la preparaci\u00f3n de ex\u00e1menes.<\/p>\n<p>Tenemos<strong>\u00a0diversos m\u00f3dulos enfocados en la prueba KET.<\/strong>\u00a0El modo de pr\u00e1ctica que contiene actividades sobre un \u00e1rea espec\u00edfica del examen. El modo de examen en el que presentar\u00e1s<strong>\u00a0simulacros cronometrados<\/strong>\u00a0en tiempo real. \u00a0<strong>Estad\u00edsticas<\/strong>\u00a0<strong>y correcciones\u00a0<\/strong>que te permitir\u00e1n comprobar tu evoluci\u00f3n y ver en qu\u00e9 cosas est\u00e1s fallando, as\u00ed como muchos m\u00e1s m\u00f3dulos.<\/p>\n","protected":false},"excerpt":{"rendered":"<p>El examen\u00a0A2 Key de Cambridge\u00a0es un examen para principiantes y consta de 3 pruebas:\u00a0comprensi\u00f3n de lectura y expresi\u00f3n escrita, comprensi\u00f3n auditiva y [&hellip;]<\/p>\n","protected":false},"author":24,"featured_media":0,"parent":37027,"menu_order":0,"comment_status":"closed","ping_status":"closed","template":"","meta":[],"acf":[],"yoast_head":"<!-- This site is optimized with the Yoast SEO plugin v17.2.1 - https:\/\/yoast.com\/wordpress\/plugins\/seo\/ -->\n<title>Gram\u00e1tica KET<\/title>\n<meta name=\"robots\" content=\"index, follow, max-snippet:-1, max-image-preview:large, max-video-preview:-1\" \/>\n<link rel=\"canonical\" href=\"https:\/\/global-exam.com\/blog\/es\/examenes\/cambridge-english-a2-key-ket\/categoria-gramatica-ket\/\" \/>\n<meta property=\"og:locale\" content=\"fr_FR\" \/>\n<meta property=\"og:type\" content=\"article\" \/>\n<meta property=\"og:title\" content=\"Gram\u00e1tica KET\" \/>\n<meta property=\"og:description\" content=\"El examen\u00a0A2 Key de Cambridge\u00a0es un examen para principiantes y consta de 3 pruebas:\u00a0comprensi\u00f3n de lectura y expresi\u00f3n escrita, comprensi\u00f3n auditiva y [&hellip;]\" \/>\n<meta property=\"og:url\" content=\"https:\/\/global-exam.com\/blog\/es\/examenes\/cambridge-english-a2-key-ket\/categoria-gramatica-ket\/\" \/>\n<meta property=\"og:site_name\" content=\"GlobalExam Blog\" \/>\n<meta property=\"article:publisher\" content=\"https:\/\/www.facebook.com\/Global.Exam\" \/>\n<meta property=\"article:modified_time\" content=\"2022-06-27T14:45:14+00:00\" \/>\n<meta name=\"twitter:card\" content=\"summary_large_image\" \/>\n<meta name=\"twitter:site\" content=\"@Global_Exam\" \/>\n<meta name=\"twitter:label1\" content=\"Dur\u00e9e de lecture estim\u00e9e\" \/>\n\t<meta name=\"twitter:data1\" content=\"2 minutes\" \/>\n<script type=\"application\/ld+json\" class=\"yoast-schema-graph\">{\"@context\":\"https:\/\/schema.org\",\"@graph\":[{\"@type\":\"WebSite\",\"@id\":\"https:\/\/global-exam.com\/blog\/#website\",\"url\":\"https:\/\/global-exam.com\/blog\/\",\"name\":\"GlobalExam Blog\",\"description\":\"Le blog du sp\\u00e9cialiste de la certification linguistique\",\"potentialAction\":[{\"@type\":\"SearchAction\",\"target\":{\"@type\":\"EntryPoint\",\"urlTemplate\":\"https:\/\/global-exam.com\/blog\/?s={search_term_string}\"},\"query-input\":\"required name=search_term_string\"}],\"inLanguage\":\"fr-FR\"},{\"@type\":\"WebPage\",\"@id\":\"https:\/\/global-exam.com\/blog\/es\/examenes\/cambridge-english-a2-key-ket\/categoria-gramatica-ket\/#webpage\",\"url\":\"https:\/\/global-exam.com\/blog\/es\/examenes\/cambridge-english-a2-key-ket\/categoria-gramatica-ket\/\",\"name\":\"Gram\\u00e1tica KET\",\"isPartOf\":{\"@id\":\"https:\/\/global-exam.com\/blog\/#website\"},\"datePublished\":\"2021-12-13T14:29:18+00:00\",\"dateModified\":\"2022-06-27T14:45:14+00:00\",\"breadcrumb\":{\"@id\":\"https:\/\/global-exam.com\/blog\/es\/examenes\/cambridge-english-a2-key-ket\/categoria-gramatica-ket\/#breadcrumb\"},\"inLanguage\":\"fr-FR\",\"potentialAction\":[{\"@type\":\"ReadAction\",\"target\":[\"https:\/\/global-exam.com\/blog\/es\/examenes\/cambridge-english-a2-key-ket\/categoria-gramatica-ket\/\"]}]},{\"@type\":\"BreadcrumbList\",\"@id\":\"https:\/\/global-exam.com\/blog\/es\/examenes\/cambridge-english-a2-key-ket\/categoria-gramatica-ket\/#breadcrumb\",\"itemListElement\":[{\"@type\":\"ListItem\",\"position\":1,\"name\":\"Ex\\u00e1menes de idioma\",\"item\":\"https:\/\/global-exam.com\/blog\/es\/examenes\/\"},{\"@type\":\"ListItem\",\"position\":2,\"name\":\"Cambridge English A2 Key (KET)\",\"item\":\"https:\/\/global-exam.com\/blog\/es\/examenes\/cambridge-english-a2-key-ket\/\"},{\"@type\":\"ListItem\",\"position\":3,\"name\":\"Gram\\u00e1tica KET\"}]}]}<\/script>\n<!-- \/ Yoast SEO plugin. -->","yoast_head_json":{"title":"Gram\u00e1tica KET","robots":{"index":"index","follow":"follow","max-snippet":"max-snippet:-1","max-image-preview":"max-image-preview:large","max-video-preview":"max-video-preview:-1"},"canonical":"https:\/\/global-exam.com\/blog\/es\/examenes\/cambridge-english-a2-key-ket\/categoria-gramatica-ket\/","og_locale":"fr_FR","og_type":"article","og_title":"Gram\u00e1tica KET","og_description":"El examen\u00a0A2 Key de Cambridge\u00a0es un examen para principiantes y consta de 3 pruebas:\u00a0comprensi\u00f3n de lectura y expresi\u00f3n escrita, comprensi\u00f3n auditiva y [&hellip;]","og_url":"https:\/\/global-exam.com\/blog\/es\/examenes\/cambridge-english-a2-key-ket\/categoria-gramatica-ket\/","og_site_name":"GlobalExam Blog","article_publisher":"https:\/\/www.facebook.com\/Global.Exam","article_modified_time":"2022-06-27T14:45:14+00:00","twitter_card":"summary_large_image","twitter_site":"@Global_Exam","twitter_misc":{"Dur\u00e9e de lecture estim\u00e9e":"2 minutes"},"schema":{"@context":"https:\/\/schema.org","@graph":[{"@type":"WebSite","@id":"https:\/\/global-exam.com\/blog\/#website","url":"https:\/\/global-exam.com\/blog\/","name":"GlobalExam Blog","description":"Le blog du sp\u00e9cialiste de la certification linguistique","potentialAction":[{"@type":"SearchAction","target":{"@type":"EntryPoint","urlTemplate":"https:\/\/global-exam.com\/blog\/?s={search_term_string}"},"query-input":"required name=search_term_string"}],"inLanguage":"fr-FR"},{"@type":"WebPage","@id":"https:\/\/global-exam.com\/blog\/es\/examenes\/cambridge-english-a2-key-ket\/categoria-gramatica-ket\/#webpage","url":"https:\/\/global-exam.com\/blog\/es\/examenes\/cambridge-english-a2-key-ket\/categoria-gramatica-ket\/","name":"Gram\u00e1tica KET","isPartOf":{"@id":"https:\/\/global-exam.com\/blog\/#website"},"datePublished":"2021-12-13T14:29:18+00:00","dateModified":"2022-06-27T14:45:14+00:00","breadcrumb":{"@id":"https:\/\/global-exam.com\/blog\/es\/examenes\/cambridge-english-a2-key-ket\/categoria-gramatica-ket\/#breadcrumb"},"inLanguage":"fr-FR","potentialAction":[{"@type":"ReadAction","target":["https:\/\/global-exam.com\/blog\/es\/examenes\/cambridge-english-a2-key-ket\/categoria-gramatica-ket\/"]}]},{"@type":"BreadcrumbList","@id":"https:\/\/global-exam.com\/blog\/es\/examenes\/cambridge-english-a2-key-ket\/categoria-gramatica-ket\/#breadcrumb","itemListElement":[{"@type":"ListItem","position":1,"name":"Ex\u00e1menes de idioma","item":"https:\/\/global-exam.com\/blog\/es\/examenes\/"},{"@type":"ListItem","position":2,"name":"Cambridge English A2 Key (KET)","item":"https:\/\/global-exam.com\/blog\/es\/examenes\/cambridge-english-a2-key-ket\/"},{"@type":"ListItem","position":3,"name":"Gram\u00e1tica KET"}]}]}},"lang":"es","translations":{"es":70366},"pll_sync_post":[],"_links":{"self":[{"href":"https:\/\/global-exam.com\/blog\/wp-json\/wp\/v2\/pages\/70366"}],"collection":[{"href":"https:\/\/global-exam.com\/blog\/wp-json\/wp\/v2\/pages"}],"about":[{"href":"https:\/\/global-exam.com\/blog\/wp-json\/wp\/v2\/types\/page"}],"author":[{"embeddable":true,"href":"https:\/\/global-exam.com\/blog\/wp-json\/wp\/v2\/users\/24"}],"replies":[{"embeddable":true,"href":"https:\/\/global-exam.com\/blog\/wp-json\/wp\/v2\/comments?post=70366"}],"version-history":[{"count":3,"href":"https:\/\/global-exam.com\/blog\/wp-json\/wp\/v2\/pages\/70366\/revisions"}],"predecessor-version":[{"id":76645,"href":"https:\/\/global-exam.com\/blog\/wp-json\/wp\/v2\/pages\/70366\/revisions\/76645"}],"up":[{"embeddable":true,"href":"https:\/\/global-exam.com\/blog\/wp-json\/wp\/v2\/pages\/37027"}],"wp:attachment":[{"href":"https:\/\/global-exam.com\/blog\/wp-json\/wp\/v2\/media?parent=70366"}],"curies":[{"name":"wp","href":"https:\/\/api.w.org\/{rel}","templated":true}]}}