{"id":70372,"date":"2021-12-13T15:33:48","date_gmt":"2021-12-13T14:33:48","guid":{"rendered":"https:\/\/global-exam.com\/blog\/?page_id=70372"},"modified":"2022-06-27T16:45:14","modified_gmt":"2022-06-27T14:45:14","slug":"categoria-introduccion-al-pet","status":"publish","type":"page","link":"https:\/\/global-exam.com\/blog\/es\/examenes\/cambridge-english-b1-preliminary-pet\/categoria-introduccion-al-pet\/","title":{"rendered":"Introducci\u00f3n al PET"},"content":{"rendered":"<p><strong>Presentar el PET<\/strong>\u00a0representa un gran paso en nuestra vida acad\u00e9mica. Pero muchas veces no sabemos a qu\u00e9 nos estamos enfrentando al tomar esta prueba Cambridge. Para evitar esta clase de sorpresas, en esta categor\u00eda encontrar\u00e1s todo lo que necesitas saber sobre\u00a0<strong>el B1 Preliminary de Cambridge<\/strong>, tambi\u00e9n conocido como PET.<\/p>\n<p>La titulaci\u00f3n B1 Preliminary demuestra que dominas los\u00a0<strong>aspectos generales del ingl\u00e9s<\/strong>\u00a0para escribir cartas y correos electr\u00f3nicos sobre temas habituales. Asimismo, posees\u00a0<strong>las destrezas ling\u00fc\u00edsticas<\/strong>\u00a0necesarias para comunicarte en un contexto cotidiano. Esta titulaci\u00f3n no tiene fecha de caducidad y tiene una duraci\u00f3n aproximada de 2 horas y 20 minutos.<\/p>\n<p>Igualmente, si quieres obtener toda<strong>\u00a0informaci\u00f3n sobre el PET<\/strong>, esta categor\u00eda te ser\u00e1 de gran ayuda. Aprender\u00e1s sobre la estructura del examen, importante para\u00a0<strong>lograr un buen puntaje<\/strong>. Tambi\u00e9n, conocer\u00e1s la puntuaci\u00f3n requerida para obtener esta certificaci\u00f3n y los centros de ex\u00e1menes donde podr\u00e1s presentarlo, as\u00ed como su precio.<\/p>\n<p>No esperes m\u00e1s y dale clic a nuestros diferentes art\u00edculos\u00a0<strong>GlobalExam<\/strong>. Somos una plataforma en l\u00ednea especializada en la preparaci\u00f3n de certificaciones de idiomas. Todas nuestras actividades est\u00e1n enfocadas en el PET. Vas a encontrar ejercicios de pr\u00e1ctica corregidos, hojas de estudios y revisiones, pruebas de evaluaci\u00f3n, planes de estudio y estad\u00edsticas.<\/p>\n","protected":false},"excerpt":{"rendered":"<p>Presentar el PET\u00a0representa un gran paso en nuestra vida acad\u00e9mica. Pero muchas veces no sabemos a qu\u00e9 nos estamos enfrentando al tomar [&hellip;]<\/p>\n","protected":false},"author":24,"featured_media":0,"parent":36996,"menu_order":0,"comment_status":"closed","ping_status":"closed","template":"","meta":[],"acf":[],"yoast_head":"<!-- This site is optimized with the Yoast SEO plugin v17.2.1 - https:\/\/yoast.com\/wordpress\/plugins\/seo\/ -->\n<title>Introducci\u00f3n al PET<\/title>\n<meta name=\"robots\" content=\"index, follow, max-snippet:-1, max-image-preview:large, max-video-preview:-1\" \/>\n<link rel=\"canonical\" href=\"https:\/\/global-exam.com\/blog\/es\/examenes\/cambridge-english-b1-preliminary-pet\/categoria-introduccion-al-pet\/\" \/>\n<meta property=\"og:locale\" content=\"fr_FR\" \/>\n<meta property=\"og:type\" content=\"article\" \/>\n<meta property=\"og:title\" content=\"Introducci\u00f3n al PET\" \/>\n<meta property=\"og:description\" content=\"Presentar el PET\u00a0representa un gran paso en nuestra vida acad\u00e9mica. Pero muchas veces no sabemos a qu\u00e9 nos estamos enfrentando al tomar [&hellip;]\" \/>\n<meta property=\"og:url\" content=\"https:\/\/global-exam.com\/blog\/es\/examenes\/cambridge-english-b1-preliminary-pet\/categoria-introduccion-al-pet\/\" \/>\n<meta property=\"og:site_name\" content=\"GlobalExam Blog\" \/>\n<meta property=\"article:publisher\" content=\"https:\/\/www.facebook.com\/Global.Exam\" \/>\n<meta property=\"article:modified_time\" content=\"2022-06-27T14:45:14+00:00\" \/>\n<meta name=\"twitter:card\" content=\"summary_large_image\" \/>\n<meta name=\"twitter:site\" content=\"@Global_Exam\" \/>\n<meta name=\"twitter:label1\" content=\"Dur\u00e9e de lecture estim\u00e9e\" \/>\n\t<meta name=\"twitter:data1\" content=\"1 minute\" \/>\n<script type=\"application\/ld+json\" class=\"yoast-schema-graph\">{\"@context\":\"https:\/\/schema.org\",\"@graph\":[{\"@type\":\"WebSite\",\"@id\":\"https:\/\/global-exam.com\/blog\/#website\",\"url\":\"https:\/\/global-exam.com\/blog\/\",\"name\":\"GlobalExam Blog\",\"description\":\"Le blog du sp\\u00e9cialiste de la certification linguistique\",\"potentialAction\":[{\"@type\":\"SearchAction\",\"target\":{\"@type\":\"EntryPoint\",\"urlTemplate\":\"https:\/\/global-exam.com\/blog\/?s={search_term_string}\"},\"query-input\":\"required name=search_term_string\"}],\"inLanguage\":\"fr-FR\"},{\"@type\":\"WebPage\",\"@id\":\"https:\/\/global-exam.com\/blog\/es\/examenes\/cambridge-english-b1-preliminary-pet\/categoria-introduccion-al-pet\/#webpage\",\"url\":\"https:\/\/global-exam.com\/blog\/es\/examenes\/cambridge-english-b1-preliminary-pet\/categoria-introduccion-al-pet\/\",\"name\":\"Introducci\\u00f3n al PET\",\"isPartOf\":{\"@id\":\"https:\/\/global-exam.com\/blog\/#website\"},\"datePublished\":\"2021-12-13T14:33:48+00:00\",\"dateModified\":\"2022-06-27T14:45:14+00:00\",\"breadcrumb\":{\"@id\":\"https:\/\/global-exam.com\/blog\/es\/examenes\/cambridge-english-b1-preliminary-pet\/categoria-introduccion-al-pet\/#breadcrumb\"},\"inLanguage\":\"fr-FR\",\"potentialAction\":[{\"@type\":\"ReadAction\",\"target\":[\"https:\/\/global-exam.com\/blog\/es\/examenes\/cambridge-english-b1-preliminary-pet\/categoria-introduccion-al-pet\/\"]}]},{\"@type\":\"BreadcrumbList\",\"@id\":\"https:\/\/global-exam.com\/blog\/es\/examenes\/cambridge-english-b1-preliminary-pet\/categoria-introduccion-al-pet\/#breadcrumb\",\"itemListElement\":[{\"@type\":\"ListItem\",\"position\":1,\"name\":\"Ex\\u00e1menes de idioma\",\"item\":\"https:\/\/global-exam.com\/blog\/es\/examenes\/\"},{\"@type\":\"ListItem\",\"position\":2,\"name\":\"Cambridge English B1 Preliminary (PET)\",\"item\":\"https:\/\/global-exam.com\/blog\/es\/examenes\/cambridge-english-b1-preliminary-pet\/\"},{\"@type\":\"ListItem\",\"position\":3,\"name\":\"Introducci\\u00f3n al PET\"}]}]}<\/script>\n<!-- \/ Yoast SEO plugin. -->","yoast_head_json":{"title":"Introducci\u00f3n al PET","robots":{"index":"index","follow":"follow","max-snippet":"max-snippet:-1","max-image-preview":"max-image-preview:large","max-video-preview":"max-video-preview:-1"},"canonical":"https:\/\/global-exam.com\/blog\/es\/examenes\/cambridge-english-b1-preliminary-pet\/categoria-introduccion-al-pet\/","og_locale":"fr_FR","og_type":"article","og_title":"Introducci\u00f3n al PET","og_description":"Presentar el PET\u00a0representa un gran paso en nuestra vida acad\u00e9mica. Pero muchas veces no sabemos a qu\u00e9 nos estamos enfrentando al tomar [&hellip;]","og_url":"https:\/\/global-exam.com\/blog\/es\/examenes\/cambridge-english-b1-preliminary-pet\/categoria-introduccion-al-pet\/","og_site_name":"GlobalExam Blog","article_publisher":"https:\/\/www.facebook.com\/Global.Exam","article_modified_time":"2022-06-27T14:45:14+00:00","twitter_card":"summary_large_image","twitter_site":"@Global_Exam","twitter_misc":{"Dur\u00e9e de lecture estim\u00e9e":"1 minute"},"schema":{"@context":"https:\/\/schema.org","@graph":[{"@type":"WebSite","@id":"https:\/\/global-exam.com\/blog\/#website","url":"https:\/\/global-exam.com\/blog\/","name":"GlobalExam Blog","description":"Le blog du sp\u00e9cialiste de la certification linguistique","potentialAction":[{"@type":"SearchAction","target":{"@type":"EntryPoint","urlTemplate":"https:\/\/global-exam.com\/blog\/?s={search_term_string}"},"query-input":"required name=search_term_string"}],"inLanguage":"fr-FR"},{"@type":"WebPage","@id":"https:\/\/global-exam.com\/blog\/es\/examenes\/cambridge-english-b1-preliminary-pet\/categoria-introduccion-al-pet\/#webpage","url":"https:\/\/global-exam.com\/blog\/es\/examenes\/cambridge-english-b1-preliminary-pet\/categoria-introduccion-al-pet\/","name":"Introducci\u00f3n al PET","isPartOf":{"@id":"https:\/\/global-exam.com\/blog\/#website"},"datePublished":"2021-12-13T14:33:48+00:00","dateModified":"2022-06-27T14:45:14+00:00","breadcrumb":{"@id":"https:\/\/global-exam.com\/blog\/es\/examenes\/cambridge-english-b1-preliminary-pet\/categoria-introduccion-al-pet\/#breadcrumb"},"inLanguage":"fr-FR","potentialAction":[{"@type":"ReadAction","target":["https:\/\/global-exam.com\/blog\/es\/examenes\/cambridge-english-b1-preliminary-pet\/categoria-introduccion-al-pet\/"]}]},{"@type":"BreadcrumbList","@id":"https:\/\/global-exam.com\/blog\/es\/examenes\/cambridge-english-b1-preliminary-pet\/categoria-introduccion-al-pet\/#breadcrumb","itemListElement":[{"@type":"ListItem","position":1,"name":"Ex\u00e1menes de idioma","item":"https:\/\/global-exam.com\/blog\/es\/examenes\/"},{"@type":"ListItem","position":2,"name":"Cambridge English B1 Preliminary (PET)","item":"https:\/\/global-exam.com\/blog\/es\/examenes\/cambridge-english-b1-preliminary-pet\/"},{"@type":"ListItem","position":3,"name":"Introducci\u00f3n al PET"}]}]}},"lang":"es","translations":{"es":70372},"pll_sync_post":[],"_links":{"self":[{"href":"https:\/\/global-exam.com\/blog\/wp-json\/wp\/v2\/pages\/70372"}],"collection":[{"href":"https:\/\/global-exam.com\/blog\/wp-json\/wp\/v2\/pages"}],"about":[{"href":"https:\/\/global-exam.com\/blog\/wp-json\/wp\/v2\/types\/page"}],"author":[{"embeddable":true,"href":"https:\/\/global-exam.com\/blog\/wp-json\/wp\/v2\/users\/24"}],"replies":[{"embeddable":true,"href":"https:\/\/global-exam.com\/blog\/wp-json\/wp\/v2\/comments?post=70372"}],"version-history":[{"count":3,"href":"https:\/\/global-exam.com\/blog\/wp-json\/wp\/v2\/pages\/70372\/revisions"}],"predecessor-version":[{"id":76644,"href":"https:\/\/global-exam.com\/blog\/wp-json\/wp\/v2\/pages\/70372\/revisions\/76644"}],"up":[{"embeddable":true,"href":"https:\/\/global-exam.com\/blog\/wp-json\/wp\/v2\/pages\/36996"}],"wp:attachment":[{"href":"https:\/\/global-exam.com\/blog\/wp-json\/wp\/v2\/media?parent=70372"}],"curies":[{"name":"wp","href":"https:\/\/api.w.org\/{rel}","templated":true}]}}