{"id":70376,"date":"2021-12-13T15:38:14","date_gmt":"2021-12-13T14:38:14","guid":{"rendered":"https:\/\/global-exam.com\/blog\/?page_id=70376"},"modified":"2022-06-27T16:45:13","modified_gmt":"2022-06-27T14:45:13","slug":"categoria-instrucciones-del-pet","status":"publish","type":"page","link":"https:\/\/global-exam.com\/blog\/es\/examenes\/cambridge-english-b1-preliminary-pet\/categoria-instrucciones-del-pet\/","title":{"rendered":"Instrucciones del PET"},"content":{"rendered":"<p>En la categor\u00eda instrucciones descubrir\u00e1s todos los aspectos generales que necesitas saber antes de\u00a0<strong>presentar el PET<\/strong>. El Preliminary English Test (PET) o B1 Preliminary es un examen de ingl\u00e9s organizado por la Universidad de Cambridge y reconocido por m\u00e1s de 25.000 universidades, empresas y gobiernos del mundo.<\/p>\n<p><strong>El PET eval\u00faa un nivel intermedio de ingl\u00e9s<\/strong>\u00a0y tiene en cuenta los est\u00e1ndares internacionales del MCER, encargado de definir las destrezas ling\u00fc\u00edsticas de los estudiantes. Este examen existe en\u00a0<strong>versi\u00f3n ordenador o papel<\/strong>\u00a0y eval\u00faa la comprensi\u00f3n de lectura, la expresi\u00f3n escrita, la comprensi\u00f3n auditiva y la expresi\u00f3n oral.<\/p>\n<p>Con los art\u00edculos de esta categor\u00eda aprender\u00e1s en profundidad el formato y contenido de\u00a0<strong>cada secci\u00f3n del PET<\/strong>, la duraci\u00f3n de cada secci\u00f3n y conocer\u00e1s algunos consejos de preparaci\u00f3n para el gran d\u00eda.<\/p>\n<p>Con la ayuda de\u00a0<strong>GlobalExam podr\u00e1s prepararte para presentar este examen de Cambridge<\/strong>. Gracias a nuestros m\u00faltiples ejercicios enfocados en cada una de las secciones del PET podr\u00e1s entender el funcionamiento de esta prueba. Adem\u00e1s de practicar para el PET, tambi\u00e9n reforzar\u00e1s tu nivel de ingl\u00e9s B1 con nuestras hojas de revisi\u00f3n de gram\u00e1tica y vocabulario. Encontrar\u00e1s fichas sobre el uso de los adjetivos, comparativos y superlativos, el uso de so and such, entre otros temas.<\/p>\n","protected":false},"excerpt":{"rendered":"<p>En la categor\u00eda instrucciones descubrir\u00e1s todos los aspectos generales que necesitas saber antes de\u00a0presentar el PET. El Preliminary English Test (PET) o [&hellip;]<\/p>\n","protected":false},"author":24,"featured_media":0,"parent":36996,"menu_order":0,"comment_status":"closed","ping_status":"closed","template":"","meta":[],"acf":[],"yoast_head":"<!-- This site is optimized with the Yoast SEO plugin v17.2.1 - https:\/\/yoast.com\/wordpress\/plugins\/seo\/ -->\n<title>Instrucciones del PET<\/title>\n<meta name=\"robots\" content=\"index, follow, max-snippet:-1, max-image-preview:large, max-video-preview:-1\" \/>\n<link rel=\"canonical\" href=\"https:\/\/global-exam.com\/blog\/es\/examenes\/cambridge-english-b1-preliminary-pet\/categoria-instrucciones-del-pet\/\" \/>\n<meta property=\"og:locale\" content=\"fr_FR\" \/>\n<meta property=\"og:type\" content=\"article\" \/>\n<meta property=\"og:title\" content=\"Instrucciones del PET\" \/>\n<meta property=\"og:description\" content=\"En la categor\u00eda instrucciones descubrir\u00e1s todos los aspectos generales que necesitas saber antes de\u00a0presentar el PET. El Preliminary English Test (PET) o [&hellip;]\" \/>\n<meta property=\"og:url\" content=\"https:\/\/global-exam.com\/blog\/es\/examenes\/cambridge-english-b1-preliminary-pet\/categoria-instrucciones-del-pet\/\" \/>\n<meta property=\"og:site_name\" content=\"GlobalExam Blog\" \/>\n<meta property=\"article:publisher\" content=\"https:\/\/www.facebook.com\/Global.Exam\" \/>\n<meta property=\"article:modified_time\" content=\"2022-06-27T14:45:13+00:00\" \/>\n<meta name=\"twitter:card\" content=\"summary_large_image\" \/>\n<meta name=\"twitter:site\" content=\"@Global_Exam\" \/>\n<meta name=\"twitter:label1\" content=\"Dur\u00e9e de lecture estim\u00e9e\" \/>\n\t<meta name=\"twitter:data1\" content=\"1 minute\" \/>\n<script type=\"application\/ld+json\" class=\"yoast-schema-graph\">{\"@context\":\"https:\/\/schema.org\",\"@graph\":[{\"@type\":\"WebSite\",\"@id\":\"https:\/\/global-exam.com\/blog\/#website\",\"url\":\"https:\/\/global-exam.com\/blog\/\",\"name\":\"GlobalExam Blog\",\"description\":\"Le blog du sp\\u00e9cialiste de la certification linguistique\",\"potentialAction\":[{\"@type\":\"SearchAction\",\"target\":{\"@type\":\"EntryPoint\",\"urlTemplate\":\"https:\/\/global-exam.com\/blog\/?s={search_term_string}\"},\"query-input\":\"required name=search_term_string\"}],\"inLanguage\":\"fr-FR\"},{\"@type\":\"WebPage\",\"@id\":\"https:\/\/global-exam.com\/blog\/es\/examenes\/cambridge-english-b1-preliminary-pet\/categoria-instrucciones-del-pet\/#webpage\",\"url\":\"https:\/\/global-exam.com\/blog\/es\/examenes\/cambridge-english-b1-preliminary-pet\/categoria-instrucciones-del-pet\/\",\"name\":\"Instrucciones del PET\",\"isPartOf\":{\"@id\":\"https:\/\/global-exam.com\/blog\/#website\"},\"datePublished\":\"2021-12-13T14:38:14+00:00\",\"dateModified\":\"2022-06-27T14:45:13+00:00\",\"breadcrumb\":{\"@id\":\"https:\/\/global-exam.com\/blog\/es\/examenes\/cambridge-english-b1-preliminary-pet\/categoria-instrucciones-del-pet\/#breadcrumb\"},\"inLanguage\":\"fr-FR\",\"potentialAction\":[{\"@type\":\"ReadAction\",\"target\":[\"https:\/\/global-exam.com\/blog\/es\/examenes\/cambridge-english-b1-preliminary-pet\/categoria-instrucciones-del-pet\/\"]}]},{\"@type\":\"BreadcrumbList\",\"@id\":\"https:\/\/global-exam.com\/blog\/es\/examenes\/cambridge-english-b1-preliminary-pet\/categoria-instrucciones-del-pet\/#breadcrumb\",\"itemListElement\":[{\"@type\":\"ListItem\",\"position\":1,\"name\":\"Ex\\u00e1menes de idioma\",\"item\":\"https:\/\/global-exam.com\/blog\/es\/examenes\/\"},{\"@type\":\"ListItem\",\"position\":2,\"name\":\"Cambridge English B1 Preliminary (PET)\",\"item\":\"https:\/\/global-exam.com\/blog\/es\/examenes\/cambridge-english-b1-preliminary-pet\/\"},{\"@type\":\"ListItem\",\"position\":3,\"name\":\"Instrucciones del PET\"}]}]}<\/script>\n<!-- \/ Yoast SEO plugin. -->","yoast_head_json":{"title":"Instrucciones del PET","robots":{"index":"index","follow":"follow","max-snippet":"max-snippet:-1","max-image-preview":"max-image-preview:large","max-video-preview":"max-video-preview:-1"},"canonical":"https:\/\/global-exam.com\/blog\/es\/examenes\/cambridge-english-b1-preliminary-pet\/categoria-instrucciones-del-pet\/","og_locale":"fr_FR","og_type":"article","og_title":"Instrucciones del PET","og_description":"En la categor\u00eda instrucciones descubrir\u00e1s todos los aspectos generales que necesitas saber antes de\u00a0presentar el PET. El Preliminary English Test (PET) o [&hellip;]","og_url":"https:\/\/global-exam.com\/blog\/es\/examenes\/cambridge-english-b1-preliminary-pet\/categoria-instrucciones-del-pet\/","og_site_name":"GlobalExam Blog","article_publisher":"https:\/\/www.facebook.com\/Global.Exam","article_modified_time":"2022-06-27T14:45:13+00:00","twitter_card":"summary_large_image","twitter_site":"@Global_Exam","twitter_misc":{"Dur\u00e9e de lecture estim\u00e9e":"1 minute"},"schema":{"@context":"https:\/\/schema.org","@graph":[{"@type":"WebSite","@id":"https:\/\/global-exam.com\/blog\/#website","url":"https:\/\/global-exam.com\/blog\/","name":"GlobalExam Blog","description":"Le blog du sp\u00e9cialiste de la certification linguistique","potentialAction":[{"@type":"SearchAction","target":{"@type":"EntryPoint","urlTemplate":"https:\/\/global-exam.com\/blog\/?s={search_term_string}"},"query-input":"required name=search_term_string"}],"inLanguage":"fr-FR"},{"@type":"WebPage","@id":"https:\/\/global-exam.com\/blog\/es\/examenes\/cambridge-english-b1-preliminary-pet\/categoria-instrucciones-del-pet\/#webpage","url":"https:\/\/global-exam.com\/blog\/es\/examenes\/cambridge-english-b1-preliminary-pet\/categoria-instrucciones-del-pet\/","name":"Instrucciones del PET","isPartOf":{"@id":"https:\/\/global-exam.com\/blog\/#website"},"datePublished":"2021-12-13T14:38:14+00:00","dateModified":"2022-06-27T14:45:13+00:00","breadcrumb":{"@id":"https:\/\/global-exam.com\/blog\/es\/examenes\/cambridge-english-b1-preliminary-pet\/categoria-instrucciones-del-pet\/#breadcrumb"},"inLanguage":"fr-FR","potentialAction":[{"@type":"ReadAction","target":["https:\/\/global-exam.com\/blog\/es\/examenes\/cambridge-english-b1-preliminary-pet\/categoria-instrucciones-del-pet\/"]}]},{"@type":"BreadcrumbList","@id":"https:\/\/global-exam.com\/blog\/es\/examenes\/cambridge-english-b1-preliminary-pet\/categoria-instrucciones-del-pet\/#breadcrumb","itemListElement":[{"@type":"ListItem","position":1,"name":"Ex\u00e1menes de idioma","item":"https:\/\/global-exam.com\/blog\/es\/examenes\/"},{"@type":"ListItem","position":2,"name":"Cambridge English B1 Preliminary (PET)","item":"https:\/\/global-exam.com\/blog\/es\/examenes\/cambridge-english-b1-preliminary-pet\/"},{"@type":"ListItem","position":3,"name":"Instrucciones del PET"}]}]}},"lang":"es","translations":{"es":70376},"pll_sync_post":[],"_links":{"self":[{"href":"https:\/\/global-exam.com\/blog\/wp-json\/wp\/v2\/pages\/70376"}],"collection":[{"href":"https:\/\/global-exam.com\/blog\/wp-json\/wp\/v2\/pages"}],"about":[{"href":"https:\/\/global-exam.com\/blog\/wp-json\/wp\/v2\/types\/page"}],"author":[{"embeddable":true,"href":"https:\/\/global-exam.com\/blog\/wp-json\/wp\/v2\/users\/24"}],"replies":[{"embeddable":true,"href":"https:\/\/global-exam.com\/blog\/wp-json\/wp\/v2\/comments?post=70376"}],"version-history":[{"count":3,"href":"https:\/\/global-exam.com\/blog\/wp-json\/wp\/v2\/pages\/70376\/revisions"}],"predecessor-version":[{"id":76643,"href":"https:\/\/global-exam.com\/blog\/wp-json\/wp\/v2\/pages\/70376\/revisions\/76643"}],"up":[{"embeddable":true,"href":"https:\/\/global-exam.com\/blog\/wp-json\/wp\/v2\/pages\/36996"}],"wp:attachment":[{"href":"https:\/\/global-exam.com\/blog\/wp-json\/wp\/v2\/media?parent=70376"}],"curies":[{"name":"wp","href":"https:\/\/api.w.org\/{rel}","templated":true}]}}