{"id":70383,"date":"2021-12-13T15:42:27","date_gmt":"2021-12-13T14:42:27","guid":{"rendered":"https:\/\/global-exam.com\/blog\/?page_id=70383"},"modified":"2022-06-27T16:45:13","modified_gmt":"2022-06-27T14:45:13","slug":"categoria-material-de-practica-para-el-pet","status":"publish","type":"page","link":"https:\/\/global-exam.com\/blog\/es\/examenes\/cambridge-english-b1-preliminary-pet\/categoria-material-de-practica-para-el-pet\/","title":{"rendered":"Material de pr\u00e1ctica para el PET"},"content":{"rendered":"<p>En GlobalExam estamos para ayudarte y pensando en ello, hemos creado esta categor\u00eda dedicada a\u00a0<strong>los diferentes recursos existentes para practicar para el PET o B1 Preliminary<\/strong>. Los ex\u00e1menes Cambridge son pruebas estandarizadas y tienen una estructura determinada, que no cambiar\u00e1 de la noche a la ma\u00f1ana. Con base en ello,\u00a0<strong>el material de pr\u00e1ctica<\/strong>\u00a0que uses en tu proceso de preparaci\u00f3n es importante. Debes trabajar con libros, p\u00e1ginas web, plataformas y m\u00e1s recursos, que est\u00e9n enfocados en\u00a0<strong>la preparaci\u00f3n del PET<\/strong>.<\/p>\n<p>Esta certificaci\u00f3n\u00a0<strong>se divide en cuatro secciones<\/strong>: comprensi\u00f3n de lectura, expresi\u00f3n escrita, comprensi\u00f3n oral y expresi\u00f3n oral. Cada una de ellas equivale al 25% de la nota final y tiene una duraci\u00f3n determinada. Para lograr la certificaci\u00f3n B1 de Cambridge debes obtener\u00a0<strong>como m\u00ednimo 140 puntos<\/strong>.<\/p>\n<p>Para lograr esa puntuaci\u00f3n debes trabajar\u00a0<strong>las destrezas ling\u00fc\u00edsticas del PET<\/strong>\u00a0y prepararse seria y espec\u00edficamente para el examen. Con esta categor\u00eda podr\u00e1s practicar con los mejores libros, p\u00e1ginas web, aplicaciones m\u00f3viles y plataformas virtuales.<\/p>\n<p>Adem\u00e1s, puedes complementar tu proceso de pr\u00e1ctica con\u00a0<strong>nuestra plataforma GlobalExam<\/strong>. Tendr\u00e1s la oportunidad de conocer en detalle los contenidos del PET, gracias a nuestro modo pr\u00e1ctica que contiene ejercicios corregidos, adaptados totalmente a tus necesidades. Te aconsejamos que antes de comenzar a practicar, eval\u00faes tu nivel ingl\u00e9s con nuestra prueba de evaluaci\u00f3n.<\/p>\n","protected":false},"excerpt":{"rendered":"<p>En GlobalExam estamos para ayudarte y pensando en ello, hemos creado esta categor\u00eda dedicada a\u00a0los diferentes recursos existentes para practicar para el [&hellip;]<\/p>\n","protected":false},"author":24,"featured_media":0,"parent":36996,"menu_order":0,"comment_status":"closed","ping_status":"closed","template":"","meta":[],"acf":[],"yoast_head":"<!-- This site is optimized with the Yoast SEO plugin v17.2.1 - https:\/\/yoast.com\/wordpress\/plugins\/seo\/ -->\n<title>Material de pr\u00e1ctica para el PET<\/title>\n<meta name=\"robots\" content=\"index, follow, max-snippet:-1, max-image-preview:large, max-video-preview:-1\" \/>\n<link rel=\"canonical\" href=\"https:\/\/global-exam.com\/blog\/es\/examenes\/cambridge-english-b1-preliminary-pet\/categoria-material-de-practica-para-el-pet\/\" \/>\n<meta property=\"og:locale\" content=\"fr_FR\" \/>\n<meta property=\"og:type\" content=\"article\" \/>\n<meta property=\"og:title\" content=\"Material de pr\u00e1ctica para el PET\" \/>\n<meta property=\"og:description\" content=\"En GlobalExam estamos para ayudarte y pensando en ello, hemos creado esta categor\u00eda dedicada a\u00a0los diferentes recursos existentes para practicar para el [&hellip;]\" \/>\n<meta property=\"og:url\" content=\"https:\/\/global-exam.com\/blog\/es\/examenes\/cambridge-english-b1-preliminary-pet\/categoria-material-de-practica-para-el-pet\/\" \/>\n<meta property=\"og:site_name\" content=\"GlobalExam Blog\" \/>\n<meta property=\"article:publisher\" content=\"https:\/\/www.facebook.com\/Global.Exam\" \/>\n<meta property=\"article:modified_time\" content=\"2022-06-27T14:45:13+00:00\" \/>\n<meta name=\"twitter:card\" content=\"summary_large_image\" \/>\n<meta name=\"twitter:site\" content=\"@Global_Exam\" \/>\n<meta name=\"twitter:label1\" content=\"Dur\u00e9e de lecture estim\u00e9e\" \/>\n\t<meta name=\"twitter:data1\" content=\"1 minute\" \/>\n<script type=\"application\/ld+json\" class=\"yoast-schema-graph\">{\"@context\":\"https:\/\/schema.org\",\"@graph\":[{\"@type\":\"WebSite\",\"@id\":\"https:\/\/global-exam.com\/blog\/#website\",\"url\":\"https:\/\/global-exam.com\/blog\/\",\"name\":\"GlobalExam Blog\",\"description\":\"Le blog du sp\\u00e9cialiste de la certification linguistique\",\"potentialAction\":[{\"@type\":\"SearchAction\",\"target\":{\"@type\":\"EntryPoint\",\"urlTemplate\":\"https:\/\/global-exam.com\/blog\/?s={search_term_string}\"},\"query-input\":\"required name=search_term_string\"}],\"inLanguage\":\"fr-FR\"},{\"@type\":\"WebPage\",\"@id\":\"https:\/\/global-exam.com\/blog\/es\/examenes\/cambridge-english-b1-preliminary-pet\/categoria-material-de-practica-para-el-pet\/#webpage\",\"url\":\"https:\/\/global-exam.com\/blog\/es\/examenes\/cambridge-english-b1-preliminary-pet\/categoria-material-de-practica-para-el-pet\/\",\"name\":\"Material de pr\\u00e1ctica para el PET\",\"isPartOf\":{\"@id\":\"https:\/\/global-exam.com\/blog\/#website\"},\"datePublished\":\"2021-12-13T14:42:27+00:00\",\"dateModified\":\"2022-06-27T14:45:13+00:00\",\"breadcrumb\":{\"@id\":\"https:\/\/global-exam.com\/blog\/es\/examenes\/cambridge-english-b1-preliminary-pet\/categoria-material-de-practica-para-el-pet\/#breadcrumb\"},\"inLanguage\":\"fr-FR\",\"potentialAction\":[{\"@type\":\"ReadAction\",\"target\":[\"https:\/\/global-exam.com\/blog\/es\/examenes\/cambridge-english-b1-preliminary-pet\/categoria-material-de-practica-para-el-pet\/\"]}]},{\"@type\":\"BreadcrumbList\",\"@id\":\"https:\/\/global-exam.com\/blog\/es\/examenes\/cambridge-english-b1-preliminary-pet\/categoria-material-de-practica-para-el-pet\/#breadcrumb\",\"itemListElement\":[{\"@type\":\"ListItem\",\"position\":1,\"name\":\"Ex\\u00e1menes de idioma\",\"item\":\"https:\/\/global-exam.com\/blog\/es\/examenes\/\"},{\"@type\":\"ListItem\",\"position\":2,\"name\":\"Cambridge English B1 Preliminary (PET)\",\"item\":\"https:\/\/global-exam.com\/blog\/es\/examenes\/cambridge-english-b1-preliminary-pet\/\"},{\"@type\":\"ListItem\",\"position\":3,\"name\":\"Material de pr\\u00e1ctica para el PET\"}]}]}<\/script>\n<!-- \/ Yoast SEO plugin. -->","yoast_head_json":{"title":"Material de pr\u00e1ctica para el PET","robots":{"index":"index","follow":"follow","max-snippet":"max-snippet:-1","max-image-preview":"max-image-preview:large","max-video-preview":"max-video-preview:-1"},"canonical":"https:\/\/global-exam.com\/blog\/es\/examenes\/cambridge-english-b1-preliminary-pet\/categoria-material-de-practica-para-el-pet\/","og_locale":"fr_FR","og_type":"article","og_title":"Material de pr\u00e1ctica para el PET","og_description":"En GlobalExam estamos para ayudarte y pensando en ello, hemos creado esta categor\u00eda dedicada a\u00a0los diferentes recursos existentes para practicar para el [&hellip;]","og_url":"https:\/\/global-exam.com\/blog\/es\/examenes\/cambridge-english-b1-preliminary-pet\/categoria-material-de-practica-para-el-pet\/","og_site_name":"GlobalExam Blog","article_publisher":"https:\/\/www.facebook.com\/Global.Exam","article_modified_time":"2022-06-27T14:45:13+00:00","twitter_card":"summary_large_image","twitter_site":"@Global_Exam","twitter_misc":{"Dur\u00e9e de lecture estim\u00e9e":"1 minute"},"schema":{"@context":"https:\/\/schema.org","@graph":[{"@type":"WebSite","@id":"https:\/\/global-exam.com\/blog\/#website","url":"https:\/\/global-exam.com\/blog\/","name":"GlobalExam Blog","description":"Le blog du sp\u00e9cialiste de la certification linguistique","potentialAction":[{"@type":"SearchAction","target":{"@type":"EntryPoint","urlTemplate":"https:\/\/global-exam.com\/blog\/?s={search_term_string}"},"query-input":"required name=search_term_string"}],"inLanguage":"fr-FR"},{"@type":"WebPage","@id":"https:\/\/global-exam.com\/blog\/es\/examenes\/cambridge-english-b1-preliminary-pet\/categoria-material-de-practica-para-el-pet\/#webpage","url":"https:\/\/global-exam.com\/blog\/es\/examenes\/cambridge-english-b1-preliminary-pet\/categoria-material-de-practica-para-el-pet\/","name":"Material de pr\u00e1ctica para el PET","isPartOf":{"@id":"https:\/\/global-exam.com\/blog\/#website"},"datePublished":"2021-12-13T14:42:27+00:00","dateModified":"2022-06-27T14:45:13+00:00","breadcrumb":{"@id":"https:\/\/global-exam.com\/blog\/es\/examenes\/cambridge-english-b1-preliminary-pet\/categoria-material-de-practica-para-el-pet\/#breadcrumb"},"inLanguage":"fr-FR","potentialAction":[{"@type":"ReadAction","target":["https:\/\/global-exam.com\/blog\/es\/examenes\/cambridge-english-b1-preliminary-pet\/categoria-material-de-practica-para-el-pet\/"]}]},{"@type":"BreadcrumbList","@id":"https:\/\/global-exam.com\/blog\/es\/examenes\/cambridge-english-b1-preliminary-pet\/categoria-material-de-practica-para-el-pet\/#breadcrumb","itemListElement":[{"@type":"ListItem","position":1,"name":"Ex\u00e1menes de idioma","item":"https:\/\/global-exam.com\/blog\/es\/examenes\/"},{"@type":"ListItem","position":2,"name":"Cambridge English B1 Preliminary (PET)","item":"https:\/\/global-exam.com\/blog\/es\/examenes\/cambridge-english-b1-preliminary-pet\/"},{"@type":"ListItem","position":3,"name":"Material de pr\u00e1ctica para el PET"}]}]}},"lang":"es","translations":{"es":70383},"pll_sync_post":[],"_links":{"self":[{"href":"https:\/\/global-exam.com\/blog\/wp-json\/wp\/v2\/pages\/70383"}],"collection":[{"href":"https:\/\/global-exam.com\/blog\/wp-json\/wp\/v2\/pages"}],"about":[{"href":"https:\/\/global-exam.com\/blog\/wp-json\/wp\/v2\/types\/page"}],"author":[{"embeddable":true,"href":"https:\/\/global-exam.com\/blog\/wp-json\/wp\/v2\/users\/24"}],"replies":[{"embeddable":true,"href":"https:\/\/global-exam.com\/blog\/wp-json\/wp\/v2\/comments?post=70383"}],"version-history":[{"count":3,"href":"https:\/\/global-exam.com\/blog\/wp-json\/wp\/v2\/pages\/70383\/revisions"}],"predecessor-version":[{"id":76642,"href":"https:\/\/global-exam.com\/blog\/wp-json\/wp\/v2\/pages\/70383\/revisions\/76642"}],"up":[{"embeddable":true,"href":"https:\/\/global-exam.com\/blog\/wp-json\/wp\/v2\/pages\/36996"}],"wp:attachment":[{"href":"https:\/\/global-exam.com\/blog\/wp-json\/wp\/v2\/media?parent=70383"}],"curies":[{"name":"wp","href":"https:\/\/api.w.org\/{rel}","templated":true}]}}