{"id":70388,"date":"2021-12-13T15:55:42","date_gmt":"2021-12-13T14:55:42","guid":{"rendered":"https:\/\/global-exam.com\/blog\/?page_id=70388"},"modified":"2022-06-27T16:45:12","modified_gmt":"2022-06-27T14:45:12","slug":"categoria-obten-un-buena-puntuacion-en-el-pet","status":"publish","type":"page","link":"https:\/\/global-exam.com\/blog\/es\/examenes\/cambridge-english-b1-preliminary-pet\/categoria-obten-un-buena-puntuacion-en-el-pet\/","title":{"rendered":"Obt\u00e9n un buena puntuaci\u00f3n en el PET"},"content":{"rendered":"<p>En esta categor\u00eda encontrar\u00e1s art\u00edculos que te proporcionar\u00e1n toda la informaci\u00f3n sobre\u00a0<strong>el sistema de puntuaci\u00f3n utilizado por Cambridge<\/strong>. Es una instituci\u00f3n que ha creado su propio sistema de evaluaci\u00f3n para que este en coherencia con\u00a0<strong>los niveles del MCER<\/strong>. Esto hace que los ex\u00e1menes Cambridge sean f\u00e1cil de entender para cualquier persona.<\/p>\n<p>El PET es una titulaci\u00f3n que\u00a0<strong>eval\u00faa el nivel B1 de ingl\u00e9s<\/strong>. Con este examen, demuestras que dominas los aspectos fundamentales en ingl\u00e9s y que puedes leer textos y art\u00edculos sencillos. Tambi\u00e9n, eres capaz de tomar notas de las reuniones. El PET eval\u00faa las cuatro destrezas ling\u00fc\u00edsticas y tiene\u00a0<strong>una duraci\u00f3n de 2 horas y 20 minutos<\/strong>.<\/p>\n<p>De manera detallada, la categor\u00eda obt\u00e9n un buen puntaje, te permitir\u00e1 conocer todas las sutilezas de este examen Cambridge, tales como la relaci\u00f3n de la Cambridge English Scale y el MCER, las diferentes versiones de esta prueba, los niveles de los ex\u00e1menes Cambridge y sobre todo, c\u00f3mo prepararte para el PET.<\/p>\n<p>Con GlobalExam podr\u00e1s dar el primer paso en\u00a0<strong>tu proceso de preparaci\u00f3n para el PET<\/strong>. Al presentar nuestro practice test gratuito comprobar\u00e1s tu nivel actual de ingl\u00e9s, para as\u00ed empezar a trabajar tus puntos d\u00e9biles con nuestros ejercicios de pr\u00e1ctica corregidos y luego, podr\u00e1s ponerte de nuevo a prueba con\u00a0<strong>los simulacros del PET.<\/strong>\u00a0Todo dentro de un contexto real.<\/p>\n","protected":false},"excerpt":{"rendered":"<p>En esta categor\u00eda encontrar\u00e1s art\u00edculos que te proporcionar\u00e1n toda la informaci\u00f3n sobre\u00a0el sistema de puntuaci\u00f3n utilizado por Cambridge. Es una instituci\u00f3n que [&hellip;]<\/p>\n","protected":false},"author":24,"featured_media":0,"parent":36996,"menu_order":0,"comment_status":"closed","ping_status":"closed","template":"","meta":[],"acf":[],"yoast_head":"<!-- This site is optimized with the Yoast SEO plugin v17.2.1 - https:\/\/yoast.com\/wordpress\/plugins\/seo\/ -->\n<title>Obt\u00e9n un buena puntuaci\u00f3n en el PET<\/title>\n<meta name=\"robots\" content=\"index, follow, max-snippet:-1, max-image-preview:large, max-video-preview:-1\" \/>\n<link rel=\"canonical\" href=\"https:\/\/global-exam.com\/blog\/es\/examenes\/cambridge-english-b1-preliminary-pet\/categoria-obten-un-buena-puntuacion-en-el-pet\/\" \/>\n<meta property=\"og:locale\" content=\"fr_FR\" \/>\n<meta property=\"og:type\" content=\"article\" \/>\n<meta property=\"og:title\" content=\"Obt\u00e9n un buena puntuaci\u00f3n en el PET\" \/>\n<meta property=\"og:description\" content=\"En esta categor\u00eda encontrar\u00e1s art\u00edculos que te proporcionar\u00e1n toda la informaci\u00f3n sobre\u00a0el sistema de puntuaci\u00f3n utilizado por Cambridge. Es una instituci\u00f3n que [&hellip;]\" \/>\n<meta property=\"og:url\" content=\"https:\/\/global-exam.com\/blog\/es\/examenes\/cambridge-english-b1-preliminary-pet\/categoria-obten-un-buena-puntuacion-en-el-pet\/\" \/>\n<meta property=\"og:site_name\" content=\"GlobalExam Blog\" \/>\n<meta property=\"article:publisher\" content=\"https:\/\/www.facebook.com\/Global.Exam\" \/>\n<meta property=\"article:modified_time\" content=\"2022-06-27T14:45:12+00:00\" \/>\n<meta name=\"twitter:card\" content=\"summary_large_image\" \/>\n<meta name=\"twitter:site\" content=\"@Global_Exam\" \/>\n<meta name=\"twitter:label1\" content=\"Dur\u00e9e de lecture estim\u00e9e\" \/>\n\t<meta name=\"twitter:data1\" content=\"1 minute\" \/>\n<script type=\"application\/ld+json\" class=\"yoast-schema-graph\">{\"@context\":\"https:\/\/schema.org\",\"@graph\":[{\"@type\":\"WebSite\",\"@id\":\"https:\/\/global-exam.com\/blog\/#website\",\"url\":\"https:\/\/global-exam.com\/blog\/\",\"name\":\"GlobalExam Blog\",\"description\":\"Le blog du sp\\u00e9cialiste de la certification linguistique\",\"potentialAction\":[{\"@type\":\"SearchAction\",\"target\":{\"@type\":\"EntryPoint\",\"urlTemplate\":\"https:\/\/global-exam.com\/blog\/?s={search_term_string}\"},\"query-input\":\"required name=search_term_string\"}],\"inLanguage\":\"fr-FR\"},{\"@type\":\"WebPage\",\"@id\":\"https:\/\/global-exam.com\/blog\/es\/examenes\/cambridge-english-b1-preliminary-pet\/categoria-obten-un-buena-puntuacion-en-el-pet\/#webpage\",\"url\":\"https:\/\/global-exam.com\/blog\/es\/examenes\/cambridge-english-b1-preliminary-pet\/categoria-obten-un-buena-puntuacion-en-el-pet\/\",\"name\":\"Obt\\u00e9n un buena puntuaci\\u00f3n en el PET\",\"isPartOf\":{\"@id\":\"https:\/\/global-exam.com\/blog\/#website\"},\"datePublished\":\"2021-12-13T14:55:42+00:00\",\"dateModified\":\"2022-06-27T14:45:12+00:00\",\"breadcrumb\":{\"@id\":\"https:\/\/global-exam.com\/blog\/es\/examenes\/cambridge-english-b1-preliminary-pet\/categoria-obten-un-buena-puntuacion-en-el-pet\/#breadcrumb\"},\"inLanguage\":\"fr-FR\",\"potentialAction\":[{\"@type\":\"ReadAction\",\"target\":[\"https:\/\/global-exam.com\/blog\/es\/examenes\/cambridge-english-b1-preliminary-pet\/categoria-obten-un-buena-puntuacion-en-el-pet\/\"]}]},{\"@type\":\"BreadcrumbList\",\"@id\":\"https:\/\/global-exam.com\/blog\/es\/examenes\/cambridge-english-b1-preliminary-pet\/categoria-obten-un-buena-puntuacion-en-el-pet\/#breadcrumb\",\"itemListElement\":[{\"@type\":\"ListItem\",\"position\":1,\"name\":\"Ex\\u00e1menes de idioma\",\"item\":\"https:\/\/global-exam.com\/blog\/es\/examenes\/\"},{\"@type\":\"ListItem\",\"position\":2,\"name\":\"Cambridge English B1 Preliminary (PET)\",\"item\":\"https:\/\/global-exam.com\/blog\/es\/examenes\/cambridge-english-b1-preliminary-pet\/\"},{\"@type\":\"ListItem\",\"position\":3,\"name\":\"Obt\\u00e9n un buena puntuaci\\u00f3n en el PET\"}]}]}<\/script>\n<!-- \/ Yoast SEO plugin. -->","yoast_head_json":{"title":"Obt\u00e9n un buena puntuaci\u00f3n en el PET","robots":{"index":"index","follow":"follow","max-snippet":"max-snippet:-1","max-image-preview":"max-image-preview:large","max-video-preview":"max-video-preview:-1"},"canonical":"https:\/\/global-exam.com\/blog\/es\/examenes\/cambridge-english-b1-preliminary-pet\/categoria-obten-un-buena-puntuacion-en-el-pet\/","og_locale":"fr_FR","og_type":"article","og_title":"Obt\u00e9n un buena puntuaci\u00f3n en el PET","og_description":"En esta categor\u00eda encontrar\u00e1s art\u00edculos que te proporcionar\u00e1n toda la informaci\u00f3n sobre\u00a0el sistema de puntuaci\u00f3n utilizado por Cambridge. Es una instituci\u00f3n que [&hellip;]","og_url":"https:\/\/global-exam.com\/blog\/es\/examenes\/cambridge-english-b1-preliminary-pet\/categoria-obten-un-buena-puntuacion-en-el-pet\/","og_site_name":"GlobalExam Blog","article_publisher":"https:\/\/www.facebook.com\/Global.Exam","article_modified_time":"2022-06-27T14:45:12+00:00","twitter_card":"summary_large_image","twitter_site":"@Global_Exam","twitter_misc":{"Dur\u00e9e de lecture estim\u00e9e":"1 minute"},"schema":{"@context":"https:\/\/schema.org","@graph":[{"@type":"WebSite","@id":"https:\/\/global-exam.com\/blog\/#website","url":"https:\/\/global-exam.com\/blog\/","name":"GlobalExam Blog","description":"Le blog du sp\u00e9cialiste de la certification linguistique","potentialAction":[{"@type":"SearchAction","target":{"@type":"EntryPoint","urlTemplate":"https:\/\/global-exam.com\/blog\/?s={search_term_string}"},"query-input":"required name=search_term_string"}],"inLanguage":"fr-FR"},{"@type":"WebPage","@id":"https:\/\/global-exam.com\/blog\/es\/examenes\/cambridge-english-b1-preliminary-pet\/categoria-obten-un-buena-puntuacion-en-el-pet\/#webpage","url":"https:\/\/global-exam.com\/blog\/es\/examenes\/cambridge-english-b1-preliminary-pet\/categoria-obten-un-buena-puntuacion-en-el-pet\/","name":"Obt\u00e9n un buena puntuaci\u00f3n en el PET","isPartOf":{"@id":"https:\/\/global-exam.com\/blog\/#website"},"datePublished":"2021-12-13T14:55:42+00:00","dateModified":"2022-06-27T14:45:12+00:00","breadcrumb":{"@id":"https:\/\/global-exam.com\/blog\/es\/examenes\/cambridge-english-b1-preliminary-pet\/categoria-obten-un-buena-puntuacion-en-el-pet\/#breadcrumb"},"inLanguage":"fr-FR","potentialAction":[{"@type":"ReadAction","target":["https:\/\/global-exam.com\/blog\/es\/examenes\/cambridge-english-b1-preliminary-pet\/categoria-obten-un-buena-puntuacion-en-el-pet\/"]}]},{"@type":"BreadcrumbList","@id":"https:\/\/global-exam.com\/blog\/es\/examenes\/cambridge-english-b1-preliminary-pet\/categoria-obten-un-buena-puntuacion-en-el-pet\/#breadcrumb","itemListElement":[{"@type":"ListItem","position":1,"name":"Ex\u00e1menes de idioma","item":"https:\/\/global-exam.com\/blog\/es\/examenes\/"},{"@type":"ListItem","position":2,"name":"Cambridge English B1 Preliminary (PET)","item":"https:\/\/global-exam.com\/blog\/es\/examenes\/cambridge-english-b1-preliminary-pet\/"},{"@type":"ListItem","position":3,"name":"Obt\u00e9n un buena puntuaci\u00f3n en el PET"}]}]}},"lang":"es","translations":{"es":70388},"pll_sync_post":[],"_links":{"self":[{"href":"https:\/\/global-exam.com\/blog\/wp-json\/wp\/v2\/pages\/70388"}],"collection":[{"href":"https:\/\/global-exam.com\/blog\/wp-json\/wp\/v2\/pages"}],"about":[{"href":"https:\/\/global-exam.com\/blog\/wp-json\/wp\/v2\/types\/page"}],"author":[{"embeddable":true,"href":"https:\/\/global-exam.com\/blog\/wp-json\/wp\/v2\/users\/24"}],"replies":[{"embeddable":true,"href":"https:\/\/global-exam.com\/blog\/wp-json\/wp\/v2\/comments?post=70388"}],"version-history":[{"count":3,"href":"https:\/\/global-exam.com\/blog\/wp-json\/wp\/v2\/pages\/70388\/revisions"}],"predecessor-version":[{"id":76641,"href":"https:\/\/global-exam.com\/blog\/wp-json\/wp\/v2\/pages\/70388\/revisions\/76641"}],"up":[{"embeddable":true,"href":"https:\/\/global-exam.com\/blog\/wp-json\/wp\/v2\/pages\/36996"}],"wp:attachment":[{"href":"https:\/\/global-exam.com\/blog\/wp-json\/wp\/v2\/media?parent=70388"}],"curies":[{"name":"wp","href":"https:\/\/api.w.org\/{rel}","templated":true}]}}