{"id":70392,"date":"2021-12-13T16:05:08","date_gmt":"2021-12-13T15:05:08","guid":{"rendered":"https:\/\/global-exam.com\/blog\/?page_id=70392"},"modified":"2022-06-27T16:45:12","modified_gmt":"2022-06-27T14:45:12","slug":"categoria-vocabulario-b1-preliminary","status":"publish","type":"page","link":"https:\/\/global-exam.com\/blog\/es\/examenes\/cambridge-english-b1-preliminary-pet\/categoria-vocabulario-b1-preliminary\/","title":{"rendered":"Vocabulario B1 Preliminary"},"content":{"rendered":"<p>El\u00a0<strong>PET o B1 Preliminary<\/strong>\u00a0es un examen de Cambridge que eval\u00faa un nivel intermedio. Presentar esta prueba es un reflejo de tu inter\u00e9s por crecer a nivel profesional y acad\u00e9mico. Adem\u00e1s, est\u00e1s un paso m\u00e1s cerca de lograr un nivel avanzado y de obtener una certificaci\u00f3n de ingl\u00e9s\u00a0<strong>reconocida mundialmente<\/strong>.<\/p>\n<p>Esta prueba de Cambridge existe en\u00a0<strong>versi\u00f3n papel u ordenador<\/strong>\u00a0y consta de cuatro grandes secciones que eval\u00faan la\u00a0<strong>comprensi\u00f3n lectora, la expresi\u00f3n escrita, la comprensi\u00f3n auditiva y la expresi\u00f3n oral.<\/strong>\u00a0Para poder cumplir con los criterios de evaluaci\u00f3n debes tener un buen nivel de ingl\u00e9s, por lo que elementos como el vocabulario te van ayudar.<\/p>\n<p>El\u00a0<strong>vocabulario<\/strong>\u00a0es\u00a0<strong>importante<\/strong>\u00a0para el<strong>\u00a0desarrollo del lenguaje<\/strong>\u00a0y en este caso, de tus capacidades en ingl\u00e9s. Sin importar la parte de la prueba, siempre necesitar\u00e1s conocer diferentes palabras en ingl\u00e9s y sobre m\u00faltiples temas. Esto permitir\u00e1\u00a0<strong>comprender la idea principal de anuncios, peri\u00f3dicos y revistas<\/strong>\u00a0y te ayuda a\u00a0<strong>expresarte<\/strong>\u00a0<strong>por<\/strong>\u00a0<strong>escrito<\/strong>, siendo as\u00ed m\u00e1s eficaz a la hora de resolver la prueba, dado que conoces las palabras.<\/p>\n<p>Entonces si deseas trabajar el\u00a0<strong>vocabulario<\/strong>, esta\u00a0<strong>categor\u00eda<\/strong>\u00a0<strong>de<\/strong>\u00a0<strong>GlobalExam<\/strong>\u00a0te podr\u00e1 sacar de apuros. Vas a encontrar diversas fichas de vocabulario en ingl\u00e9s sobre temas esenciales para la prueba. En estas\u00a0<strong>fichas de vocabulario te explicamos el uso de las palabras<\/strong>, te damos su traducci\u00f3n en espa\u00f1ol para que sea m\u00e1s f\u00e1cil memorizar, te presentamos ejemplos y expresiones con estas palabras. Hay temas como los animales, la familia, los d\u00edas, los nombres de los pa\u00edses, etc.<\/p>\n<p>Asimismo, puedes completar tu preparaci\u00f3n para la prueba con nuestra plataforma en l\u00ednea\u00a0<strong>GlobalExam<\/strong>. Tenemos\u00a0<strong>cientos de ejercicios<\/strong>\u00a0de preparaci\u00f3n, fichas de vocabulario suplementarias a las que encontrar\u00e1s en el blog,\u00a0<strong>fichas de gram\u00e1tica y simulacros del examen PET<\/strong>. De esta forma tendr\u00e1s las herramientas necesarias para pasar el examen.<\/p>\n","protected":false},"excerpt":{"rendered":"<p>El\u00a0PET o B1 Preliminary\u00a0es un examen de Cambridge que eval\u00faa un nivel intermedio. Presentar esta prueba es un reflejo de tu inter\u00e9s [&hellip;]<\/p>\n","protected":false},"author":24,"featured_media":0,"parent":36996,"menu_order":0,"comment_status":"closed","ping_status":"closed","template":"","meta":[],"acf":[],"yoast_head":"<!-- This site is optimized with the Yoast SEO plugin v17.2.1 - https:\/\/yoast.com\/wordpress\/plugins\/seo\/ -->\n<title>Vocabulario B1 Preliminary<\/title>\n<meta name=\"robots\" content=\"index, follow, max-snippet:-1, max-image-preview:large, max-video-preview:-1\" \/>\n<link rel=\"canonical\" href=\"https:\/\/global-exam.com\/blog\/es\/examenes\/cambridge-english-b1-preliminary-pet\/categoria-vocabulario-b1-preliminary\/\" \/>\n<meta property=\"og:locale\" content=\"fr_FR\" \/>\n<meta property=\"og:type\" content=\"article\" \/>\n<meta property=\"og:title\" content=\"Vocabulario B1 Preliminary\" \/>\n<meta property=\"og:description\" content=\"El\u00a0PET o B1 Preliminary\u00a0es un examen de Cambridge que eval\u00faa un nivel intermedio. Presentar esta prueba es un reflejo de tu inter\u00e9s [&hellip;]\" \/>\n<meta property=\"og:url\" content=\"https:\/\/global-exam.com\/blog\/es\/examenes\/cambridge-english-b1-preliminary-pet\/categoria-vocabulario-b1-preliminary\/\" \/>\n<meta property=\"og:site_name\" content=\"GlobalExam Blog\" \/>\n<meta property=\"article:publisher\" content=\"https:\/\/www.facebook.com\/Global.Exam\" \/>\n<meta property=\"article:modified_time\" content=\"2022-06-27T14:45:12+00:00\" \/>\n<meta name=\"twitter:card\" content=\"summary_large_image\" \/>\n<meta name=\"twitter:site\" content=\"@Global_Exam\" \/>\n<meta name=\"twitter:label1\" content=\"Dur\u00e9e de lecture estim\u00e9e\" \/>\n\t<meta name=\"twitter:data1\" content=\"2 minutes\" \/>\n<script type=\"application\/ld+json\" class=\"yoast-schema-graph\">{\"@context\":\"https:\/\/schema.org\",\"@graph\":[{\"@type\":\"WebSite\",\"@id\":\"https:\/\/global-exam.com\/blog\/#website\",\"url\":\"https:\/\/global-exam.com\/blog\/\",\"name\":\"GlobalExam Blog\",\"description\":\"Le blog du sp\\u00e9cialiste de la certification linguistique\",\"potentialAction\":[{\"@type\":\"SearchAction\",\"target\":{\"@type\":\"EntryPoint\",\"urlTemplate\":\"https:\/\/global-exam.com\/blog\/?s={search_term_string}\"},\"query-input\":\"required name=search_term_string\"}],\"inLanguage\":\"fr-FR\"},{\"@type\":\"WebPage\",\"@id\":\"https:\/\/global-exam.com\/blog\/es\/examenes\/cambridge-english-b1-preliminary-pet\/categoria-vocabulario-b1-preliminary\/#webpage\",\"url\":\"https:\/\/global-exam.com\/blog\/es\/examenes\/cambridge-english-b1-preliminary-pet\/categoria-vocabulario-b1-preliminary\/\",\"name\":\"Vocabulario B1 Preliminary\",\"isPartOf\":{\"@id\":\"https:\/\/global-exam.com\/blog\/#website\"},\"datePublished\":\"2021-12-13T15:05:08+00:00\",\"dateModified\":\"2022-06-27T14:45:12+00:00\",\"breadcrumb\":{\"@id\":\"https:\/\/global-exam.com\/blog\/es\/examenes\/cambridge-english-b1-preliminary-pet\/categoria-vocabulario-b1-preliminary\/#breadcrumb\"},\"inLanguage\":\"fr-FR\",\"potentialAction\":[{\"@type\":\"ReadAction\",\"target\":[\"https:\/\/global-exam.com\/blog\/es\/examenes\/cambridge-english-b1-preliminary-pet\/categoria-vocabulario-b1-preliminary\/\"]}]},{\"@type\":\"BreadcrumbList\",\"@id\":\"https:\/\/global-exam.com\/blog\/es\/examenes\/cambridge-english-b1-preliminary-pet\/categoria-vocabulario-b1-preliminary\/#breadcrumb\",\"itemListElement\":[{\"@type\":\"ListItem\",\"position\":1,\"name\":\"Ex\\u00e1menes de idioma\",\"item\":\"https:\/\/global-exam.com\/blog\/es\/examenes\/\"},{\"@type\":\"ListItem\",\"position\":2,\"name\":\"Cambridge English B1 Preliminary (PET)\",\"item\":\"https:\/\/global-exam.com\/blog\/es\/examenes\/cambridge-english-b1-preliminary-pet\/\"},{\"@type\":\"ListItem\",\"position\":3,\"name\":\"Vocabulario B1 Preliminary\"}]}]}<\/script>\n<!-- \/ Yoast SEO plugin. -->","yoast_head_json":{"title":"Vocabulario B1 Preliminary","robots":{"index":"index","follow":"follow","max-snippet":"max-snippet:-1","max-image-preview":"max-image-preview:large","max-video-preview":"max-video-preview:-1"},"canonical":"https:\/\/global-exam.com\/blog\/es\/examenes\/cambridge-english-b1-preliminary-pet\/categoria-vocabulario-b1-preliminary\/","og_locale":"fr_FR","og_type":"article","og_title":"Vocabulario B1 Preliminary","og_description":"El\u00a0PET o B1 Preliminary\u00a0es un examen de Cambridge que eval\u00faa un nivel intermedio. Presentar esta prueba es un reflejo de tu inter\u00e9s [&hellip;]","og_url":"https:\/\/global-exam.com\/blog\/es\/examenes\/cambridge-english-b1-preliminary-pet\/categoria-vocabulario-b1-preliminary\/","og_site_name":"GlobalExam Blog","article_publisher":"https:\/\/www.facebook.com\/Global.Exam","article_modified_time":"2022-06-27T14:45:12+00:00","twitter_card":"summary_large_image","twitter_site":"@Global_Exam","twitter_misc":{"Dur\u00e9e de lecture estim\u00e9e":"2 minutes"},"schema":{"@context":"https:\/\/schema.org","@graph":[{"@type":"WebSite","@id":"https:\/\/global-exam.com\/blog\/#website","url":"https:\/\/global-exam.com\/blog\/","name":"GlobalExam Blog","description":"Le blog du sp\u00e9cialiste de la certification linguistique","potentialAction":[{"@type":"SearchAction","target":{"@type":"EntryPoint","urlTemplate":"https:\/\/global-exam.com\/blog\/?s={search_term_string}"},"query-input":"required name=search_term_string"}],"inLanguage":"fr-FR"},{"@type":"WebPage","@id":"https:\/\/global-exam.com\/blog\/es\/examenes\/cambridge-english-b1-preliminary-pet\/categoria-vocabulario-b1-preliminary\/#webpage","url":"https:\/\/global-exam.com\/blog\/es\/examenes\/cambridge-english-b1-preliminary-pet\/categoria-vocabulario-b1-preliminary\/","name":"Vocabulario B1 Preliminary","isPartOf":{"@id":"https:\/\/global-exam.com\/blog\/#website"},"datePublished":"2021-12-13T15:05:08+00:00","dateModified":"2022-06-27T14:45:12+00:00","breadcrumb":{"@id":"https:\/\/global-exam.com\/blog\/es\/examenes\/cambridge-english-b1-preliminary-pet\/categoria-vocabulario-b1-preliminary\/#breadcrumb"},"inLanguage":"fr-FR","potentialAction":[{"@type":"ReadAction","target":["https:\/\/global-exam.com\/blog\/es\/examenes\/cambridge-english-b1-preliminary-pet\/categoria-vocabulario-b1-preliminary\/"]}]},{"@type":"BreadcrumbList","@id":"https:\/\/global-exam.com\/blog\/es\/examenes\/cambridge-english-b1-preliminary-pet\/categoria-vocabulario-b1-preliminary\/#breadcrumb","itemListElement":[{"@type":"ListItem","position":1,"name":"Ex\u00e1menes de idioma","item":"https:\/\/global-exam.com\/blog\/es\/examenes\/"},{"@type":"ListItem","position":2,"name":"Cambridge English B1 Preliminary (PET)","item":"https:\/\/global-exam.com\/blog\/es\/examenes\/cambridge-english-b1-preliminary-pet\/"},{"@type":"ListItem","position":3,"name":"Vocabulario B1 Preliminary"}]}]}},"lang":"es","translations":{"es":70392},"pll_sync_post":[],"_links":{"self":[{"href":"https:\/\/global-exam.com\/blog\/wp-json\/wp\/v2\/pages\/70392"}],"collection":[{"href":"https:\/\/global-exam.com\/blog\/wp-json\/wp\/v2\/pages"}],"about":[{"href":"https:\/\/global-exam.com\/blog\/wp-json\/wp\/v2\/types\/page"}],"author":[{"embeddable":true,"href":"https:\/\/global-exam.com\/blog\/wp-json\/wp\/v2\/users\/24"}],"replies":[{"embeddable":true,"href":"https:\/\/global-exam.com\/blog\/wp-json\/wp\/v2\/comments?post=70392"}],"version-history":[{"count":3,"href":"https:\/\/global-exam.com\/blog\/wp-json\/wp\/v2\/pages\/70392\/revisions"}],"predecessor-version":[{"id":76640,"href":"https:\/\/global-exam.com\/blog\/wp-json\/wp\/v2\/pages\/70392\/revisions\/76640"}],"up":[{"embeddable":true,"href":"https:\/\/global-exam.com\/blog\/wp-json\/wp\/v2\/pages\/36996"}],"wp:attachment":[{"href":"https:\/\/global-exam.com\/blog\/wp-json\/wp\/v2\/media?parent=70392"}],"curies":[{"name":"wp","href":"https:\/\/api.w.org\/{rel}","templated":true}]}}